{"id":4278,"date":"2022-07-28T19:09:28","date_gmt":"2022-07-28T19:09:28","guid":{"rendered":"https:\/\/ffyh.unc.edu.ar\/historia\/?page_id=4278"},"modified":"2022-08-03T22:25:33","modified_gmt":"2022-08-03T22:25:33","slug":"paz","status":"publish","type":"page","link":"https:\/\/ffyh.unc.edu.ar\/historia\/nuestrxs-docentes\/paz\/","title":{"rendered":"Magali Paz"},"content":{"rendered":"<table style=\"border-collapse: collapse;width: 100%\">\n<tbody>\n<tr>\n<td colspan=\"2\">\n<p style=\"text-align: justify\"><img data-recalc-dims=\"1\" loading=\"lazy\" decoding=\"async\" data-attachment-id=\"4671\" data-permalink=\"https:\/\/ffyh.unc.edu.ar\/historia\/nuestrxs-docentes\/paz\/paz_foto\/\" data-orig-file=\"https:\/\/i0.wp.com\/ffyh.unc.edu.ar\/historia\/wp-content\/uploads\/sites\/37\/2022\/07\/Paz_foto.png?fit=357%2C357&amp;ssl=1\" data-orig-size=\"357,357\" data-comments-opened=\"0\" data-image-meta=\"{&quot;aperture&quot;:&quot;0&quot;,&quot;credit&quot;:&quot;&quot;,&quot;camera&quot;:&quot;&quot;,&quot;caption&quot;:&quot;&quot;,&quot;created_timestamp&quot;:&quot;0&quot;,&quot;copyright&quot;:&quot;&quot;,&quot;focal_length&quot;:&quot;0&quot;,&quot;iso&quot;:&quot;0&quot;,&quot;shutter_speed&quot;:&quot;0&quot;,&quot;title&quot;:&quot;&quot;,&quot;orientation&quot;:&quot;0&quot;}\" data-image-title=\"Paz_foto\" data-image-description=\"\" data-image-caption=\"\" data-medium-file=\"https:\/\/i0.wp.com\/ffyh.unc.edu.ar\/historia\/wp-content\/uploads\/sites\/37\/2022\/07\/Paz_foto.png?fit=300%2C300&amp;ssl=1\" data-large-file=\"https:\/\/i0.wp.com\/ffyh.unc.edu.ar\/historia\/wp-content\/uploads\/sites\/37\/2022\/07\/Paz_foto.png?fit=357%2C357&amp;ssl=1\" class=\"alignleft size-thumbnail wp-image-4671\" src=\"https:\/\/i0.wp.com\/ffyh.unc.edu.ar\/historia\/wp-content\/uploads\/sites\/37\/2022\/07\/Paz_foto.png?resize=150%2C150\" alt=\"\" width=\"150\" height=\"150\" srcset=\"https:\/\/i0.wp.com\/ffyh.unc.edu.ar\/historia\/wp-content\/uploads\/sites\/37\/2022\/07\/Paz_foto.png?resize=150%2C150&amp;ssl=1 150w, https:\/\/i0.wp.com\/ffyh.unc.edu.ar\/historia\/wp-content\/uploads\/sites\/37\/2022\/07\/Paz_foto.png?resize=300%2C300&amp;ssl=1 300w, https:\/\/i0.wp.com\/ffyh.unc.edu.ar\/historia\/wp-content\/uploads\/sites\/37\/2022\/07\/Paz_foto.png?w=357&amp;ssl=1 357w\" sizes=\"(max-width: 150px) 100vw, 150px\" \/>Profesora Asistente interina.\u00a0 Doctora de la Universidad de Buenos Aires, orientaci\u00f3n en Antropolog\u00eda y Profesora en Historia de la Universidad Nacional de C\u00f3rdoba. Obtuvo el \u201cPremio Universidad a los mejores promedios de la carrera de grado\u201d, promoci\u00f3n 2008 (UNC) y el \u201cPremio al graduado\/a de mejor promedio en Historia\u201d (Academia Nacional de la Historia). Fue becaria doctoral y postdoctoral del Consejo Nacional de Investigaciones Cient\u00edficas y T\u00e9cnicas (CONICET 2015- 2021). Cuenta con una trayectoria de 10 a\u00f1os de docencia en nivel medio y superior. Al presente, tambi\u00e9n se desempe\u00f1a como profesora de posgrado en diversos cursos de doctorado y maestr\u00eda en el \u00e1rea de Antropolog\u00eda de la UBA.<\/p>\n<p style=\"text-align: justify\">Se dedic\u00f3 al estudio de las relaciones entre teor\u00eda y pr\u00e1ctica, filosof\u00eda pol\u00edtica y praxis social en la cultura Argentina durante los a\u00f1os \u201860, abordando los debates historiogr\u00e1ficos para comprender cr\u00edticamente las luchas revolucionarias ligadas a los llamados procesos de liberaci\u00f3n nacional. Asimismo, se dedica a la problematizaci\u00f3n sobre las particularidades del capitalismo agrario; el lugar de las unidades dom\u00e9sticas en el contexto de expansi\u00f3n de las fronteras agro-ganaderas, la tendencia a la desaparici\u00f3n o permanencia de estas unidades, la problem\u00e1tica estructural del debate vinculado a la renta de la tierra, entre otras.<\/p>\n<p style=\"text-align: justify\">Resultado de estos estudios son \u201cLa clase obrera cordobesa entre dos Cordobazos (1969-1971)\u201d; \u201cJuan Jos\u00e9 Hern\u00e1ndez Arregui y Rodolfo Mondolfo: una relaci\u00f3n parad\u00f3jica. El sabattinismo, la filosof\u00eda cl\u00e1sica y la \u00e9tica humanista\u201d; \u201c\u00bfIzquierda Peronista o Izquierda Nacional? An\u00e1lisis historiogr\u00e1fico y de m\u00e9todo sobre una tradici\u00f3n te\u00f3rica-pol\u00edtica de los a\u00f1os \u201960 -\u201870\u201d; \u201cCambios en el Mundo Rural: Estrategias Defensivas y Resistencias Locales\u201d; \u201cSobre la multilinearidad de la econom\u00eda campesina: repertorio de actividades y tensiones\u201d; \u201cRadiograf\u00eda de la ilusi\u00f3n: Reactivaci\u00f3n productiva del algod\u00f3n y mercado de trabajo en una econom\u00eda extra-pampeana de Argentina\u201d; \u201cDin\u00e1micas territoriales en el departamento Cruz del Eje: escenarios de la ruralidad fragmentada\u201d, en coautor\u00eda con Vanesa Crissi Aloranti; \u201cLa posici\u00f3n de las mujeres en programas de intervenci\u00f3n estatal: territorios feminizados (M\u00e9xico y Argentina)\u201d, junto a Gabriela Bard Wigdor; y Jeli Camacho Becerra.<\/p>\n<p style=\"text-align: justify\">Actualmente, se desempe\u00f1a como coordinadora del novel programa de investigaci\u00f3n: \u201cEstudios hist\u00f3rico-antropol\u00f3gicos sobre din\u00e1micas territoriales en C\u00f3rdoba\u201d, CIECS-CONICET\/UNC.<\/p>\n<\/td>\n<\/tr>\n<tr>\n<td style=\"width: 0.491159%\" colspan=\"2\">Contacto: <a href=\"mailto:magali.paz@unc.edu.ar\">magali.paz@unc.edu.ar<\/a><\/p>\n<p>CONICET: <a href=\"https:\/\/ri.conicet.gov.ar\/author\/37617%20\/\">https:\/\/ri.conicet.gov.ar\/author\/37617 \/<\/a><br \/>\nORCID: <a href=\"https:\/\/orcid.org\/0000-0002-6989-6410\">https:\/\/orcid.org\/0000-0002-6989-6410<\/a><\/td>\n<\/tr>\n<\/tbody>\n<\/table>\n","protected":false},"excerpt":{"rendered":"<p>Profesora Asistente interina.\u00a0 Doctora de la Universidad de Buenos Aires, orientaci\u00f3n en Antropolog\u00eda y Profesora en Historia de la Universidad Nacional de C\u00f3rdoba. Obtuvo el \u201cPremio Universidad a los mejores promedios de la carrera de grado\u201d, promoci\u00f3n 2008 (UNC) y el \u201cPremio al graduado\/a de mejor promedio en Historia\u201d (Academia Nacional de la Historia). Fue&#8230; <\/p>\n<div class=\"link-more\"><a href=\"https:\/\/ffyh.unc.edu.ar\/historia\/nuestrxs-docentes\/paz\/\">Lea m\u00e1s<\/a><\/div>\n","protected":false},"author":34,"featured_media":0,"parent":4089,"menu_order":0,"comment_status":"closed","ping_status":"closed","template":"","meta":{"_acf_changed":false,"saved_in_kubio":false,"_monsterinsights_skip_tracking":false,"_monsterinsights_sitenote_active":false,"_monsterinsights_sitenote_note":"","_monsterinsights_sitenote_category":0,"footnotes":""},"class_list":["post-4278","page","type-page","status-publish","hentry"],"acf":[],"kubio_ai_page_context":{"short_desc":"","purpose":"general"},"jetpack_sharing_enabled":true,"_links":{"self":[{"href":"https:\/\/ffyh.unc.edu.ar\/historia\/wp-json\/wp\/v2\/pages\/4278","targetHints":{"allow":["GET"]}}],"collection":[{"href":"https:\/\/ffyh.unc.edu.ar\/historia\/wp-json\/wp\/v2\/pages"}],"about":[{"href":"https:\/\/ffyh.unc.edu.ar\/historia\/wp-json\/wp\/v2\/types\/page"}],"author":[{"embeddable":true,"href":"https:\/\/ffyh.unc.edu.ar\/historia\/wp-json\/wp\/v2\/users\/34"}],"replies":[{"embeddable":true,"href":"https:\/\/ffyh.unc.edu.ar\/historia\/wp-json\/wp\/v2\/comments?post=4278"}],"version-history":[{"count":6,"href":"https:\/\/ffyh.unc.edu.ar\/historia\/wp-json\/wp\/v2\/pages\/4278\/revisions"}],"predecessor-version":[{"id":4845,"href":"https:\/\/ffyh.unc.edu.ar\/historia\/wp-json\/wp\/v2\/pages\/4278\/revisions\/4845"}],"up":[{"embeddable":true,"href":"https:\/\/ffyh.unc.edu.ar\/historia\/wp-json\/wp\/v2\/pages\/4089"}],"wp:attachment":[{"href":"https:\/\/ffyh.unc.edu.ar\/historia\/wp-json\/wp\/v2\/media?parent=4278"}],"curies":[{"name":"wp","href":"https:\/\/api.w.org\/{rel}","templated":true}]}}