{"id":4299,"date":"2022-07-28T19:16:51","date_gmt":"2022-07-28T19:16:51","guid":{"rendered":"https:\/\/ffyh.unc.edu.ar\/historia\/?page_id=4299"},"modified":"2022-08-31T12:42:52","modified_gmt":"2022-08-31T12:42:52","slug":"cosacov","status":"publish","type":"page","link":"https:\/\/ffyh.unc.edu.ar\/historia\/nuestrxs-docentes\/cosacov\/","title":{"rendered":"Natalia Cosacov"},"content":{"rendered":"<table style=\"border-collapse: collapse;width: 100%\">\n<tbody>\n<tr>\n<td colspan=\"2\">\n<p style=\"text-align: justify\"><img data-recalc-dims=\"1\" loading=\"lazy\" decoding=\"async\" data-attachment-id=\"4942\" data-permalink=\"https:\/\/ffyh.unc.edu.ar\/historia\/nuestrxs-docentes\/cosacov\/cosacov_foto\/\" data-orig-file=\"https:\/\/i0.wp.com\/ffyh.unc.edu.ar\/historia\/wp-content\/uploads\/sites\/37\/2022\/08\/cosacov_foto.jpg?fit=351%2C439&amp;ssl=1\" data-orig-size=\"351,439\" data-comments-opened=\"0\" data-image-meta=\"{&quot;aperture&quot;:&quot;0&quot;,&quot;credit&quot;:&quot;&quot;,&quot;camera&quot;:&quot;&quot;,&quot;caption&quot;:&quot;&quot;,&quot;created_timestamp&quot;:&quot;1661938168&quot;,&quot;copyright&quot;:&quot;&quot;,&quot;focal_length&quot;:&quot;0&quot;,&quot;iso&quot;:&quot;0&quot;,&quot;shutter_speed&quot;:&quot;0&quot;,&quot;title&quot;:&quot;&quot;,&quot;orientation&quot;:&quot;1&quot;}\" data-image-title=\"cosacov_foto\" data-image-description=\"\" data-image-caption=\"\" data-medium-file=\"https:\/\/i0.wp.com\/ffyh.unc.edu.ar\/historia\/wp-content\/uploads\/sites\/37\/2022\/08\/cosacov_foto.jpg?fit=240%2C300&amp;ssl=1\" data-large-file=\"https:\/\/i0.wp.com\/ffyh.unc.edu.ar\/historia\/wp-content\/uploads\/sites\/37\/2022\/08\/cosacov_foto.jpg?fit=351%2C439&amp;ssl=1\" class=\"alignleft size-thumbnail wp-image-4942\" src=\"https:\/\/i0.wp.com\/ffyh.unc.edu.ar\/historia\/wp-content\/uploads\/sites\/37\/2022\/08\/cosacov_foto.jpg?resize=150%2C150\" alt=\"\" width=\"150\" height=\"150\" srcset=\"https:\/\/i0.wp.com\/ffyh.unc.edu.ar\/historia\/wp-content\/uploads\/sites\/37\/2022\/08\/cosacov_foto.jpg?resize=150%2C150&amp;ssl=1 150w, https:\/\/i0.wp.com\/ffyh.unc.edu.ar\/historia\/wp-content\/uploads\/sites\/37\/2022\/08\/cosacov_foto.jpg?zoom=2&amp;resize=150%2C150 300w\" sizes=\"(max-width: 150px) 100vw, 150px\" \/>Profesora Adjunta concursada. Licenciada en Sociolog\u00eda por la Universidad de Buenos Aires y Doctora en Ciencias Sociales por la misma instituci\u00f3n. Es investigadora del Consejo Nacional de Investigaciones Cient\u00edficas y T\u00e9cnicas (CONICET) en el Instituto de Humanidades (IDH) de la Universidad Nacional de C\u00f3rdoba (Argentina).<\/p>\n<p style=\"text-align: justify\">Ha dictado cursos de posgrado sobre metodolog\u00eda de la investigaci\u00f3n cualitativa y sobre sociolog\u00eda urbana, vida urbana y ciencias sociales, en distintas unidades acad\u00e9micas (CEA-UNC, UPC, FAUDI-UNC, FSOC-UBA, FLACSO, UNSAM). Desde el 2007 al 2018 form\u00f3 parte de \u00c1rea de Estudios Urbanos del Instituto Gino Germani de la Facultad de Ciencias Sociales de la Universidad de Buenos Aires, desempe\u00f1\u00e1ndose como Coordinadora del \u00e1rea entre 2016-2018. Integra y dirige proyectos de investigaci\u00f3n sobre procesos de renovaci\u00f3n urbana y desigualdades sociales y sobre formas de habitar de las clases medias y populares, cuyos resultados han sido publicados en diversos art\u00edculos y cap\u00edtulos de libros. Actualmente, se desempe\u00f1a como Miembro del Comit\u00e9 de \u00c9tica de la Facultad de Filosof\u00eda y Humanidades de la UNC. Est\u00e1 involucrada en proyectos de investigaci\u00f3n, entre los cuales destaca:<\/p>\n<p style=\"text-align: justify\"><strong>2020-2022 <\/strong><strong>Investigadora Responsable del Nodo C\u00f3rdoba en el Proyecto PISAC-COVID- 19<\/strong>&#8211; 00021 \u201cLa implementaci\u00f3n de pol\u00edticas p\u00fablicas para dar respuesta a la crisis desatada por la pandemia COVID-19: Una mirada desde las relaciones intergubernamentales y las redes de pol\u00edticas\u201d. Directora: Dra. Mercedes Di Virgilio (IIGG, UBA-CONICET)<\/p>\n<p style=\"text-align: justify\"><strong>2019-2022 Directora del Proyecto GRFT<\/strong> \u201cEntramados p\u00fablicos-privados y transformaciones urbanas en el \u00e1rea central de C\u00f3rdoba, Argentina. El caso del \u201cDistrito Abasto\u201d. RES.77-GRFT2019-Ministerio de Ciencia y T\u00e9cnica de la Provincia de C\u00f3rdoba.<\/p>\n<p style=\"text-align: justify\"><strong>2018- 2022<\/strong>. <strong>Investigadora co-responsable del Proyecto PIP N\u00ba 11220170100077CO<\/strong> \u00abPr\u00e1cticas de movilidad espacial de familias de sectores populares y medios en el \u00c1rea Metropolitana de Buenos Aires\u201d.RES-2018-1857-APN-DIR#CONICET.Directora: Dra. Mercedes Di Virgilio.<\/p>\n<p style=\"text-align: justify\"><strong>2019-2021<\/strong>&#8211; <strong>Investigadora del Proyecto SECYT Consolidar<\/strong>: DESIGUALDAD SOCIAL EN C\u00d3RDOBA: ESTRATEGIAS FAMILIARES Y DIN\u00c1MICA DE LAS CLASES (2011-2020). Directora: Dra. Alicia B. Guti\u00e9rrez &#8211; Co-director: Dr. H\u00e9ctor O. Mansilla. Res. 411\/18<\/p>\n<\/td>\n<\/tr>\n<tr>\n<td style=\"width: 0.491159%\" colspan=\"2\">Contacto: <a href=\"mailto:natalia.cosacov@unc.edu.ar\">natalia.cosacov@unc.edu.ar<\/a><\/p>\n<p>ACADEMIA.EDU: <a href=\"https:\/\/cordoba.academia.edu\/NataliaCosacov\">https:\/\/cordoba.academia.edu\/NataliaCosacov<\/a><br \/>\nCONICET: <a href=\"https:\/\/www.conicet.gov.ar\/new_scp\/detalle.php?keywords=&amp;id=46083&amp;datos_academicos=yes\">https:\/\/www.conicet.gov.ar\/new_scp\/detalle.php?keywords=&amp;id=46083&amp;datos_academicos=yes<\/a><\/td>\n<\/tr>\n<\/tbody>\n<\/table>\n","protected":false},"excerpt":{"rendered":"<p>Profesora Adjunta concursada. Licenciada en Sociolog\u00eda por la Universidad de Buenos Aires y Doctora en Ciencias Sociales por la misma instituci\u00f3n. Es investigadora del Consejo Nacional de Investigaciones Cient\u00edficas y T\u00e9cnicas (CONICET) en el Instituto de Humanidades (IDH) de la Universidad Nacional de C\u00f3rdoba (Argentina). Ha dictado cursos de posgrado sobre metodolog\u00eda de la investigaci\u00f3n&#8230; <\/p>\n<div class=\"link-more\"><a href=\"https:\/\/ffyh.unc.edu.ar\/historia\/nuestrxs-docentes\/cosacov\/\">Lea m\u00e1s<\/a><\/div>\n","protected":false},"author":34,"featured_media":0,"parent":4089,"menu_order":0,"comment_status":"closed","ping_status":"closed","template":"","meta":{"_acf_changed":false,"saved_in_kubio":false,"_monsterinsights_skip_tracking":false,"_monsterinsights_sitenote_active":false,"_monsterinsights_sitenote_note":"","_monsterinsights_sitenote_category":0,"footnotes":""},"class_list":["post-4299","page","type-page","status-publish","hentry"],"acf":[],"kubio_ai_page_context":{"short_desc":"","purpose":"general"},"jetpack_sharing_enabled":true,"_links":{"self":[{"href":"https:\/\/ffyh.unc.edu.ar\/historia\/wp-json\/wp\/v2\/pages\/4299","targetHints":{"allow":["GET"]}}],"collection":[{"href":"https:\/\/ffyh.unc.edu.ar\/historia\/wp-json\/wp\/v2\/pages"}],"about":[{"href":"https:\/\/ffyh.unc.edu.ar\/historia\/wp-json\/wp\/v2\/types\/page"}],"author":[{"embeddable":true,"href":"https:\/\/ffyh.unc.edu.ar\/historia\/wp-json\/wp\/v2\/users\/34"}],"replies":[{"embeddable":true,"href":"https:\/\/ffyh.unc.edu.ar\/historia\/wp-json\/wp\/v2\/comments?post=4299"}],"version-history":[{"count":8,"href":"https:\/\/ffyh.unc.edu.ar\/historia\/wp-json\/wp\/v2\/pages\/4299\/revisions"}],"predecessor-version":[{"id":4946,"href":"https:\/\/ffyh.unc.edu.ar\/historia\/wp-json\/wp\/v2\/pages\/4299\/revisions\/4946"}],"up":[{"embeddable":true,"href":"https:\/\/ffyh.unc.edu.ar\/historia\/wp-json\/wp\/v2\/pages\/4089"}],"wp:attachment":[{"href":"https:\/\/ffyh.unc.edu.ar\/historia\/wp-json\/wp\/v2\/media?parent=4299"}],"curies":[{"name":"wp","href":"https:\/\/api.w.org\/{rel}","templated":true}]}}