{"id":4310,"date":"2022-07-28T19:23:51","date_gmt":"2022-07-28T19:23:51","guid":{"rendered":"https:\/\/ffyh.unc.edu.ar\/historia\/?page_id=4310"},"modified":"2022-08-03T22:29:41","modified_gmt":"2022-08-03T22:29:41","slug":"moreyra","status":"publish","type":"page","link":"https:\/\/ffyh.unc.edu.ar\/historia\/nuestrxs-docentes\/moreyra\/","title":{"rendered":"Cecilia Moreyra"},"content":{"rendered":"<table style=\"border-collapse: collapse;width: 100%\">\n<tbody>\n<tr>\n<td style=\"width: 100%\" colspan=\"2\">\n<p style=\"text-align: justify\"><img data-recalc-dims=\"1\" loading=\"lazy\" decoding=\"async\" data-attachment-id=\"4847\" data-permalink=\"https:\/\/ffyh.unc.edu.ar\/historia\/nuestrxs-docentes\/moreyra\/moreyra_foto\/\" data-orig-file=\"https:\/\/i0.wp.com\/ffyh.unc.edu.ar\/historia\/wp-content\/uploads\/sites\/37\/2022\/08\/Moreyra_foto.png?fit=365%2C365&amp;ssl=1\" data-orig-size=\"365,365\" data-comments-opened=\"0\" data-image-meta=\"{&quot;aperture&quot;:&quot;0&quot;,&quot;credit&quot;:&quot;&quot;,&quot;camera&quot;:&quot;&quot;,&quot;caption&quot;:&quot;&quot;,&quot;created_timestamp&quot;:&quot;0&quot;,&quot;copyright&quot;:&quot;&quot;,&quot;focal_length&quot;:&quot;0&quot;,&quot;iso&quot;:&quot;0&quot;,&quot;shutter_speed&quot;:&quot;0&quot;,&quot;title&quot;:&quot;&quot;,&quot;orientation&quot;:&quot;0&quot;}\" data-image-title=\"Moreyra_foto\" data-image-description=\"\" data-image-caption=\"\" data-medium-file=\"https:\/\/i0.wp.com\/ffyh.unc.edu.ar\/historia\/wp-content\/uploads\/sites\/37\/2022\/08\/Moreyra_foto.png?fit=300%2C300&amp;ssl=1\" data-large-file=\"https:\/\/i0.wp.com\/ffyh.unc.edu.ar\/historia\/wp-content\/uploads\/sites\/37\/2022\/08\/Moreyra_foto.png?fit=365%2C365&amp;ssl=1\" class=\"alignleft size-thumbnail wp-image-4847\" src=\"https:\/\/i0.wp.com\/ffyh.unc.edu.ar\/historia\/wp-content\/uploads\/sites\/37\/2022\/08\/Moreyra_foto.png?resize=150%2C150\" alt=\"\" width=\"150\" height=\"150\" srcset=\"https:\/\/i0.wp.com\/ffyh.unc.edu.ar\/historia\/wp-content\/uploads\/sites\/37\/2022\/08\/Moreyra_foto.png?resize=150%2C150&amp;ssl=1 150w, https:\/\/i0.wp.com\/ffyh.unc.edu.ar\/historia\/wp-content\/uploads\/sites\/37\/2022\/08\/Moreyra_foto.png?resize=300%2C300&amp;ssl=1 300w, https:\/\/i0.wp.com\/ffyh.unc.edu.ar\/historia\/wp-content\/uploads\/sites\/37\/2022\/08\/Moreyra_foto.png?w=365&amp;ssl=1 365w\" sizes=\"(max-width: 150px) 100vw, 150px\" \/>Profesora Asistente interina en \u00abHistoria de la Cultura\u00bb. Es Profesora, Licenciada y Doctora en Historia por la Universidad Nacional de C\u00f3rdoba. Investigadora Adjunta del CONICET, sus l\u00edneas de investigaci\u00f3n se vinculan a la historia de la cultura material; historia de la vida cotidiana; historia del habitar: la casa y el espacio urbano en C\u00f3rdoba, siglos XVIII y XIX.<\/p>\n<p style=\"text-align: justify\">Es autora de numerosas publicaciones y art\u00edculos acad\u00e9micos, entre los cuales se destacan\u00a0\u201cCasa de patios y espacio dom\u00e9stico. Cambios y continuidades entre los siglos XVIII y XIX, C\u00f3rdoba (Argentina)\u201d; Introducci\u00f3n al Dossier \u201cHistoria de la cultura material. Objetos, agencias, procesos\u201d; \u201cCuerpos vestidos. Indumentaria femenina en C\u00f3rdoba (Argentina) siglo XIX\u201d, \u201cLa alcoba, el lecho, lo cotidiano. Cultura material de un espacio dom\u00e9stico. C\u00f3rdoba (Argentina), siglos XVIII y XIX\u201d, \u201cEn busca del confort cotidiano. El mobiliario dom\u00e9stico en C\u00f3rdoba (Argentina), siglo XIX\u201d,\u00a0<strong>\u201c<\/strong>Cocinar y comer en la C\u00f3rdoba (Argentina) del siglo XIX. Una lectura de la cultura material dom\u00e9stica\u201d;\u00a0\u201cCultura material e higiene cotidiana en la C\u00f3rdoba del Ochocientos\u201d.<\/p>\n<p style=\"text-align: justify\">Actualmente forma parte del proyecto Secyt-Consolidar 2018-2022 \u201cHabitar la casa, el barrio y la ciudad. Experiencias residenciales, memorias y procesos urbanos heterog\u00e9neos en un barrio en transformaci\u00f3n. El caso de Barrio G\u00fcemes (C\u00f3rdoba)\u201d.<\/p>\n<\/td>\n<\/tr>\n<tr>\n<td style=\"width: 100%\" colspan=\"2\">Contacto: <a href=\"mailto:cecilia.moreyra@unc.edu.ar\">cecilia.moreyra@unc.edu.ar<\/a><\/p>\n<p>Research Gate: <a href=\"https:\/\/www.researchgate.net\/profile\/Cecilia-Moreyra\" target=\"_blank\" rel=\"noopener\">https:\/\/www.researchgate.net\/profile\/Cecilia-Moreyra<\/a><br \/>\nAcademia.edu: <a href=\"https:\/\/deerlab.academia.edu\/CeciliaMoreyra\" target=\"_blank\" rel=\"noopener\">https:\/\/deerlab.academia.edu\/CeciliaMoreyra<\/a><br \/>\nORCID: <a href=\"https:\/\/orcid.org\/0000-0003-4612-7851\" target=\"_blank\" rel=\"noopener\">https:\/\/orcid.org\/0000-0003-4612-7851<\/a><\/p>\n<p>&nbsp;<\/p>\n<p>&nbsp;<\/p>\n<p>&nbsp;<\/td>\n<\/tr>\n<\/tbody>\n<\/table>\n","protected":false},"excerpt":{"rendered":"<p>Profesora Asistente interina en \u00abHistoria de la Cultura\u00bb. Es Profesora, Licenciada y Doctora en Historia por la Universidad Nacional de C\u00f3rdoba. Investigadora Adjunta del CONICET, sus l\u00edneas de investigaci\u00f3n se vinculan a la historia de la cultura material; historia de la vida cotidiana; historia del habitar: la casa y el espacio urbano en C\u00f3rdoba, siglos&#8230; <\/p>\n<div class=\"link-more\"><a href=\"https:\/\/ffyh.unc.edu.ar\/historia\/nuestrxs-docentes\/moreyra\/\">Lea m\u00e1s<\/a><\/div>\n","protected":false},"author":34,"featured_media":0,"parent":4089,"menu_order":0,"comment_status":"closed","ping_status":"closed","template":"","meta":{"_acf_changed":false,"saved_in_kubio":false,"_monsterinsights_skip_tracking":false,"_monsterinsights_sitenote_active":false,"_monsterinsights_sitenote_note":"","_monsterinsights_sitenote_category":0,"footnotes":""},"class_list":["post-4310","page","type-page","status-publish","hentry"],"acf":[],"kubio_ai_page_context":{"short_desc":"","purpose":"general"},"jetpack_sharing_enabled":true,"_links":{"self":[{"href":"https:\/\/ffyh.unc.edu.ar\/historia\/wp-json\/wp\/v2\/pages\/4310","targetHints":{"allow":["GET"]}}],"collection":[{"href":"https:\/\/ffyh.unc.edu.ar\/historia\/wp-json\/wp\/v2\/pages"}],"about":[{"href":"https:\/\/ffyh.unc.edu.ar\/historia\/wp-json\/wp\/v2\/types\/page"}],"author":[{"embeddable":true,"href":"https:\/\/ffyh.unc.edu.ar\/historia\/wp-json\/wp\/v2\/users\/34"}],"replies":[{"embeddable":true,"href":"https:\/\/ffyh.unc.edu.ar\/historia\/wp-json\/wp\/v2\/comments?post=4310"}],"version-history":[{"count":5,"href":"https:\/\/ffyh.unc.edu.ar\/historia\/wp-json\/wp\/v2\/pages\/4310\/revisions"}],"predecessor-version":[{"id":4849,"href":"https:\/\/ffyh.unc.edu.ar\/historia\/wp-json\/wp\/v2\/pages\/4310\/revisions\/4849"}],"up":[{"embeddable":true,"href":"https:\/\/ffyh.unc.edu.ar\/historia\/wp-json\/wp\/v2\/pages\/4089"}],"wp:attachment":[{"href":"https:\/\/ffyh.unc.edu.ar\/historia\/wp-json\/wp\/v2\/media?parent=4310"}],"curies":[{"name":"wp","href":"https:\/\/api.w.org\/{rel}","templated":true}]}}