{"id":4316,"date":"2022-07-28T19:25:01","date_gmt":"2022-07-28T19:25:01","guid":{"rendered":"https:\/\/ffyh.unc.edu.ar\/historia\/?page_id=4316"},"modified":"2023-10-19T18:39:54","modified_gmt":"2023-10-19T18:39:54","slug":"duarte","status":"publish","type":"page","link":"https:\/\/ffyh.unc.edu.ar\/historia\/nuestrxs-docentes\/duarte\/","title":{"rendered":"Patricia Noem\u00ed Duarte"},"content":{"rendered":"<table style=\"border-collapse: collapse;width: 100%\">\n<tbody>\n<tr>\n<td colspan=\"2\">\n<p style=\"text-align: justify\">Profesora Asistente concursada en Paleograf\u00eda y Diplom\u00e1tica. Mag\u00edster en \u00c9tica Social y Desarrollo Humano por la Universidad Jesuita Alberto Hurtado (Santiago de Chile). Especialista en Estudios de Asia Oriental (Centro de Estudios Avanzados, UNC). Licenciada en Historia (UNC). Es Profesora en Teolog\u00eda y Pastoral (Instituto Cat\u00f3lico Superior) y doctoranda con el proyecto de tesis titulado: \u201cHangeul como s\u00edmbolo de libertad, independencia e identidad nacional. Difusi\u00f3n y consolidaci\u00f3n del alfabeto coreano, 1784-1945\u201d (FFyH-UNC). Categor\u00eda V del Programa de Incentivos para Docentes Investigadores. Se desempe\u00f1a como co-Directora del proyecto de investigaci\u00f3n titulado \u201cCon voz propia: las disposiciones de \u00faltima voluntad de mujeres en C\u00f3rdoba colonial durante los S. XVII-S. XVIII\u201d, Proyecto categor\u00eda FORMAR 2020-2021 (SeCyT-UNC).<\/p>\n<p style=\"text-align: justify\">Es autora de \u201cEscritura no-creativa para el an\u00e1lisis de fuentes documentales. Instrucciones para la transcripci\u00f3n\u201d (2022); co-autora de \u201cPaleograf\u00eda y Diplom\u00e1tica. Orientaciones para la adquisici\u00f3n de saberes espec\u00edficos\u201d (2018); co-compiladora del libro <i>Herramientas para la consulta de fuentes documentales<\/i>. Paleograf\u00eda y Diplom\u00e1tica. Cuaderno de C\u00e1tedra (2018); autora de <i>Hangeul, narrativa y educaci\u00f3n: entre la dominaci\u00f3n y la resistencia <\/i>(2012), entre otros. Ha sido beneficiada con las becas Fellowship for Field Research (The Korea Foundation), Beca de Iniciaci\u00f3n a la Investigaci\u00f3n (SeCyT, FFyH-UNC), y Beca Fundaci\u00f3n Adveniat-Instituto Latinoamericano de Estudios Sociales (ILADES, Universidad Jesuita Alberto Hurtado).<\/p>\n<p style=\"text-align: justify\">Ha participado en eventos locales, nacionales e internacionales, y ha publicado art\u00edculos relacionados con la historia econ\u00f3mica, social y cultural de Corea.<\/p>\n<\/td>\n<\/tr>\n<tr>\n<td style=\"width: 0.491159%\" colspan=\"2\">Contacto:<a href=\"mailto:pduarte@unc.edu.ar\"> pduarte@unc.edu.ar<\/a><\/td>\n<\/tr>\n<\/tbody>\n<\/table>\n","protected":false},"excerpt":{"rendered":"<p>Profesora Asistente concursada en Paleograf\u00eda y Diplom\u00e1tica. Mag\u00edster en \u00c9tica Social y Desarrollo Humano por la Universidad Jesuita Alberto Hurtado (Santiago de Chile). Especialista en Estudios de Asia Oriental (Centro de Estudios Avanzados, UNC). Licenciada en Historia (UNC). Es Profesora en Teolog\u00eda y Pastoral (Instituto Cat\u00f3lico Superior) y doctoranda con el proyecto de tesis titulado:&#8230; <\/p>\n<div class=\"link-more\"><a href=\"https:\/\/ffyh.unc.edu.ar\/historia\/nuestrxs-docentes\/duarte\/\">Lea m\u00e1s<\/a><\/div>\n","protected":false},"author":34,"featured_media":0,"parent":4089,"menu_order":0,"comment_status":"closed","ping_status":"closed","template":"","meta":{"_acf_changed":false,"saved_in_kubio":false,"_monsterinsights_skip_tracking":false,"_monsterinsights_sitenote_active":false,"_monsterinsights_sitenote_note":"","_monsterinsights_sitenote_category":0,"footnotes":""},"class_list":["post-4316","page","type-page","status-publish","hentry"],"acf":[],"kubio_ai_page_context":{"short_desc":"","purpose":"general"},"jetpack_sharing_enabled":true,"_links":{"self":[{"href":"https:\/\/ffyh.unc.edu.ar\/historia\/wp-json\/wp\/v2\/pages\/4316","targetHints":{"allow":["GET"]}}],"collection":[{"href":"https:\/\/ffyh.unc.edu.ar\/historia\/wp-json\/wp\/v2\/pages"}],"about":[{"href":"https:\/\/ffyh.unc.edu.ar\/historia\/wp-json\/wp\/v2\/types\/page"}],"author":[{"embeddable":true,"href":"https:\/\/ffyh.unc.edu.ar\/historia\/wp-json\/wp\/v2\/users\/34"}],"replies":[{"embeddable":true,"href":"https:\/\/ffyh.unc.edu.ar\/historia\/wp-json\/wp\/v2\/comments?post=4316"}],"version-history":[{"count":7,"href":"https:\/\/ffyh.unc.edu.ar\/historia\/wp-json\/wp\/v2\/pages\/4316\/revisions"}],"predecessor-version":[{"id":5655,"href":"https:\/\/ffyh.unc.edu.ar\/historia\/wp-json\/wp\/v2\/pages\/4316\/revisions\/5655"}],"up":[{"embeddable":true,"href":"https:\/\/ffyh.unc.edu.ar\/historia\/wp-json\/wp\/v2\/pages\/4089"}],"wp:attachment":[{"href":"https:\/\/ffyh.unc.edu.ar\/historia\/wp-json\/wp\/v2\/media?parent=4316"}],"curies":[{"name":"wp","href":"https:\/\/api.w.org\/{rel}","templated":true}]}}