{"id":4881,"date":"2022-08-08T21:56:24","date_gmt":"2022-08-08T21:56:24","guid":{"rendered":"https:\/\/ffyh.unc.edu.ar\/historia\/?page_id=4881"},"modified":"2026-02-05T21:57:03","modified_gmt":"2026-02-05T21:57:03","slug":"leandro-inchauspe","status":"publish","type":"page","link":"https:\/\/ffyh.unc.edu.ar\/historia\/nuestrxs-docentes\/leandro-inchauspe\/","title":{"rendered":"Leandro Inchauspe"},"content":{"rendered":"<table style=\"border-collapse: collapse;width: 100%\">\n<tbody>\n<tr>\n<td colspan=\"2\">\n<p style=\"text-align: justify\"><img data-recalc-dims=\"1\" loading=\"lazy\" decoding=\"async\" data-attachment-id=\"4887\" data-permalink=\"https:\/\/ffyh.unc.edu.ar\/historia\/nuestrxs-docentes\/leandro-inchauspe\/inchauspe_foto\/\" data-orig-file=\"https:\/\/i0.wp.com\/ffyh.unc.edu.ar\/historia\/wp-content\/uploads\/sites\/37\/2022\/08\/Inchauspe_foto.jpg?fit=371%2C371&amp;ssl=1\" data-orig-size=\"371,371\" data-comments-opened=\"0\" data-image-meta=\"{&quot;aperture&quot;:&quot;0&quot;,&quot;credit&quot;:&quot;&quot;,&quot;camera&quot;:&quot;&quot;,&quot;caption&quot;:&quot;&quot;,&quot;created_timestamp&quot;:&quot;1659983688&quot;,&quot;copyright&quot;:&quot;&quot;,&quot;focal_length&quot;:&quot;0&quot;,&quot;iso&quot;:&quot;0&quot;,&quot;shutter_speed&quot;:&quot;0&quot;,&quot;title&quot;:&quot;&quot;,&quot;orientation&quot;:&quot;1&quot;}\" data-image-title=\"Inchauspe_foto\" data-image-description=\"\" data-image-caption=\"\" data-medium-file=\"https:\/\/i0.wp.com\/ffyh.unc.edu.ar\/historia\/wp-content\/uploads\/sites\/37\/2022\/08\/Inchauspe_foto.jpg?fit=300%2C300&amp;ssl=1\" data-large-file=\"https:\/\/i0.wp.com\/ffyh.unc.edu.ar\/historia\/wp-content\/uploads\/sites\/37\/2022\/08\/Inchauspe_foto.jpg?fit=371%2C371&amp;ssl=1\" class=\"alignleft size-thumbnail wp-image-4887\" src=\"https:\/\/i0.wp.com\/ffyh.unc.edu.ar\/historia\/wp-content\/uploads\/sites\/37\/2022\/08\/Inchauspe_foto.jpg?resize=150%2C150\" alt=\"\" width=\"150\" height=\"150\" srcset=\"https:\/\/i0.wp.com\/ffyh.unc.edu.ar\/historia\/wp-content\/uploads\/sites\/37\/2022\/08\/Inchauspe_foto.jpg?resize=150%2C150&amp;ssl=1 150w, https:\/\/i0.wp.com\/ffyh.unc.edu.ar\/historia\/wp-content\/uploads\/sites\/37\/2022\/08\/Inchauspe_foto.jpg?resize=300%2C300&amp;ssl=1 300w, https:\/\/i0.wp.com\/ffyh.unc.edu.ar\/historia\/wp-content\/uploads\/sites\/37\/2022\/08\/Inchauspe_foto.jpg?w=371&amp;ssl=1 371w\" sizes=\"(max-width: 150px) 100vw, 150px\" \/>Profesor Adjunto por concurso, a cargo del dictado del Curso de Nivelaci\u00f3n. Adem\u00e1s, se desempe\u00f1a como Profesor Adjunto en la Facultad de Ciencias Sociales (UNC). Es Profesor en Historia e investigador del Centro de Investigaciones de la Facultad \u201cMar\u00eda Saleme de Burnich\u00f3n\u201d, Co-Director del Proyecto de Investigaci\u00f3n \u201cHistoria Reciente de los Derechos Humanos entresiglos. Indagaciones e intervenciones en y desde C\u00f3rdoba\u201d que aborda las relaciones entre militancias, dictaduras y derechos humanos en la historia reciente de C\u00f3rdoba en la mediana duraci\u00f3n.<\/p>\n<p style=\"text-align: justify\">Ha trabajado distintas l\u00edneas de investigaci\u00f3n: la violencia pol\u00edtica revolucionaria en C\u00f3rdoba en los a\u00f1os de activaci\u00f3n y radicalizaci\u00f3n pol\u00edtica de las d\u00e9cadas de 1960 y 1970 (en particular, la experiencia del PRT-ERP) y las pol\u00edticas de ingreso a la Universidad y la Facultad, entre la \u00faltima dictadura y las primeras d\u00e9cadas del actual siglo. Sobre estas tem\u00e1ticas, ha publicado cap\u00edtulos de libros, art\u00edculos en revistas especializadas y actas de eventos acad\u00e9micos. Actualmente, se encuentra desarrollando un trabajo de investigaci\u00f3n e intervenci\u00f3n en torno a f\u00fatbol y dictadura, particularmente el Mundial \u201878 para acercarse a las actitudes sociales en ese contexto.<\/p>\n<p style=\"text-align: justify\">Ha ocupado diversas responsabilidades de gesti\u00f3n, electivas y designadas, como estudiante, egresado y docente, en la UNC, la Facultad de Filosof\u00eda y Humanidades y la Escuela de Historia. Ha participado de numerosas actividades de formaci\u00f3n docente, de difusi\u00f3n del conocimiento y en instancias de di\u00e1logo de saberes acad\u00e9micos y sociales (con espacios para la memoria, sindicatos, organizaciones sociales, colectivos de hinchas y socies de clubes de C\u00f3rdoba).<\/p>\n<\/td>\n<\/tr>\n<tr>\n<td style=\"width: 0.491159%\" colspan=\"2\">Contacto: <span style=\"text-decoration: underline\"><a href=\"mailto:leandro.inchauspe@unc.edu.ar\">leandro.inchauspe@unc.edu.ar<\/a><\/span><\/p>\n<p>Repositorios: <a href=\"https:\/\/ffyh.academia.edu\/LeandroInchauspe\" target=\"_blank\" rel=\"noopener\"><span style=\"text-decoration: underline\">https:\/\/ffyh.academia.edu\/LeandroInchauspe<\/span><\/a><\/p>\n<p><a href=\"https:\/\/ffyh.unc.edu.ar\/publicaciones\/compilador\/leandro-inchauspe\/\"><span style=\"text-decoration: underline\">https:\/\/ffyh.unc.edu.ar\/publicaciones\/compilador\/leandro-inchauspe\/<\/span><\/a><\/p>\n<p><span style=\"text-decoration: underline\"><a href=\"https:\/\/scholar.google.com\/scholar?start=0&amp;q=Leandro+Inchauspe&amp;hl=es&amp;as_sdt=0,5\">https:\/\/scholar.google.com\/scholar?start=0&amp;q=Leandro+Inchauspe&amp;hl=es&amp;as_sdt=0,5<\/a><\/span><\/td>\n<\/tr>\n<\/tbody>\n<\/table>\n","protected":false},"excerpt":{"rendered":"<p>Profesor Adjunto por concurso, a cargo del dictado del Curso de Nivelaci\u00f3n. Adem\u00e1s, se desempe\u00f1a como Profesor Adjunto en la Facultad de Ciencias Sociales (UNC). Es Profesor en Historia e investigador del Centro de Investigaciones de la Facultad \u201cMar\u00eda Saleme de Burnich\u00f3n\u201d, Co-Director del Proyecto de Investigaci\u00f3n \u201cHistoria Reciente de los Derechos Humanos entresiglos. Indagaciones&#8230; <\/p>\n<div class=\"link-more\"><a href=\"https:\/\/ffyh.unc.edu.ar\/historia\/nuestrxs-docentes\/leandro-inchauspe\/\">Lea m\u00e1s<\/a><\/div>\n","protected":false},"author":34,"featured_media":0,"parent":4089,"menu_order":0,"comment_status":"closed","ping_status":"closed","template":"","meta":{"_acf_changed":false,"saved_in_kubio":false,"_monsterinsights_skip_tracking":false,"_monsterinsights_sitenote_active":false,"_monsterinsights_sitenote_note":"","_monsterinsights_sitenote_category":0,"footnotes":""},"class_list":["post-4881","page","type-page","status-publish","hentry"],"acf":[],"kubio_ai_page_context":{"short_desc":"","purpose":"general"},"jetpack_sharing_enabled":true,"_links":{"self":[{"href":"https:\/\/ffyh.unc.edu.ar\/historia\/wp-json\/wp\/v2\/pages\/4881","targetHints":{"allow":["GET"]}}],"collection":[{"href":"https:\/\/ffyh.unc.edu.ar\/historia\/wp-json\/wp\/v2\/pages"}],"about":[{"href":"https:\/\/ffyh.unc.edu.ar\/historia\/wp-json\/wp\/v2\/types\/page"}],"author":[{"embeddable":true,"href":"https:\/\/ffyh.unc.edu.ar\/historia\/wp-json\/wp\/v2\/users\/34"}],"replies":[{"embeddable":true,"href":"https:\/\/ffyh.unc.edu.ar\/historia\/wp-json\/wp\/v2\/comments?post=4881"}],"version-history":[{"count":6,"href":"https:\/\/ffyh.unc.edu.ar\/historia\/wp-json\/wp\/v2\/pages\/4881\/revisions"}],"predecessor-version":[{"id":6809,"href":"https:\/\/ffyh.unc.edu.ar\/historia\/wp-json\/wp\/v2\/pages\/4881\/revisions\/6809"}],"up":[{"embeddable":true,"href":"https:\/\/ffyh.unc.edu.ar\/historia\/wp-json\/wp\/v2\/pages\/4089"}],"wp:attachment":[{"href":"https:\/\/ffyh.unc.edu.ar\/historia\/wp-json\/wp\/v2\/media?parent=4881"}],"curies":[{"name":"wp","href":"https:\/\/api.w.org\/{rel}","templated":true}]}}