{"id":4909,"date":"2022-08-24T00:12:42","date_gmt":"2022-08-24T00:12:42","guid":{"rendered":"https:\/\/ffyh.unc.edu.ar\/historia\/?page_id=4909"},"modified":"2023-12-15T12:41:20","modified_gmt":"2023-12-15T12:41:20","slug":"historias-de-verano-otono-2022","status":"publish","type":"page","link":"https:\/\/ffyh.unc.edu.ar\/historia\/extension-historia\/historias-de-verano-otono-2022\/","title":{"rendered":"Historias de Verano \/ Oto\u00f1o 2022"},"content":{"rendered":"<p><img data-recalc-dims=\"1\" fetchpriority=\"high\" decoding=\"async\" data-attachment-id=\"3499\" data-permalink=\"https:\/\/ffyh.unc.edu.ar\/historia\/extension-historia\/banner-verano\/\" data-orig-file=\"https:\/\/i0.wp.com\/ffyh.unc.edu.ar\/historia\/wp-content\/uploads\/sites\/37\/2022\/02\/Banner-Verano.jpeg?fit=1280%2C244&amp;ssl=1\" data-orig-size=\"1280,244\" data-comments-opened=\"0\" data-image-meta=\"{&quot;aperture&quot;:&quot;0&quot;,&quot;credit&quot;:&quot;&quot;,&quot;camera&quot;:&quot;&quot;,&quot;caption&quot;:&quot;&quot;,&quot;created_timestamp&quot;:&quot;0&quot;,&quot;copyright&quot;:&quot;&quot;,&quot;focal_length&quot;:&quot;0&quot;,&quot;iso&quot;:&quot;0&quot;,&quot;shutter_speed&quot;:&quot;0&quot;,&quot;title&quot;:&quot;&quot;,&quot;orientation&quot;:&quot;0&quot;}\" data-image-title=\"Banner Verano\" data-image-description=\"\" data-image-caption=\"\" data-medium-file=\"https:\/\/i0.wp.com\/ffyh.unc.edu.ar\/historia\/wp-content\/uploads\/sites\/37\/2022\/02\/Banner-Verano.jpeg?fit=300%2C57&amp;ssl=1\" data-large-file=\"https:\/\/i0.wp.com\/ffyh.unc.edu.ar\/historia\/wp-content\/uploads\/sites\/37\/2022\/02\/Banner-Verano.jpeg?fit=1000%2C190&amp;ssl=1\" class=\"wp-image-3499 size-medium_large aligncenter\" src=\"https:\/\/i0.wp.com\/ffyh.unc.edu.ar\/historia\/wp-content\/uploads\/sites\/37\/2022\/02\/Banner-Verano.jpeg?resize=768%2C146\" alt=\"\" width=\"768\" height=\"146\" srcset=\"https:\/\/i0.wp.com\/ffyh.unc.edu.ar\/historia\/wp-content\/uploads\/sites\/37\/2022\/02\/Banner-Verano.jpeg?resize=768%2C146&amp;ssl=1 768w, https:\/\/i0.wp.com\/ffyh.unc.edu.ar\/historia\/wp-content\/uploads\/sites\/37\/2022\/02\/Banner-Verano.jpeg?resize=300%2C57&amp;ssl=1 300w, https:\/\/i0.wp.com\/ffyh.unc.edu.ar\/historia\/wp-content\/uploads\/sites\/37\/2022\/02\/Banner-Verano.jpeg?resize=1024%2C195&amp;ssl=1 1024w, https:\/\/i0.wp.com\/ffyh.unc.edu.ar\/historia\/wp-content\/uploads\/sites\/37\/2022\/02\/Banner-Verano.jpeg?resize=600%2C114&amp;ssl=1 600w, https:\/\/i0.wp.com\/ffyh.unc.edu.ar\/historia\/wp-content\/uploads\/sites\/37\/2022\/02\/Banner-Verano.jpeg?w=1280&amp;ssl=1 1280w\" sizes=\"(max-width: 768px) 100vw, 768px\" \/><img data-recalc-dims=\"1\" decoding=\"async\" data-attachment-id=\"3498\" data-permalink=\"https:\/\/ffyh.unc.edu.ar\/historia\/extension-historia\/banner-otono\/\" data-orig-file=\"https:\/\/i0.wp.com\/ffyh.unc.edu.ar\/historia\/wp-content\/uploads\/sites\/37\/2022\/02\/Banner-otono.jpeg?fit=1280%2C244&amp;ssl=1\" data-orig-size=\"1280,244\" data-comments-opened=\"0\" data-image-meta=\"{&quot;aperture&quot;:&quot;0&quot;,&quot;credit&quot;:&quot;&quot;,&quot;camera&quot;:&quot;&quot;,&quot;caption&quot;:&quot;&quot;,&quot;created_timestamp&quot;:&quot;0&quot;,&quot;copyright&quot;:&quot;&quot;,&quot;focal_length&quot;:&quot;0&quot;,&quot;iso&quot;:&quot;0&quot;,&quot;shutter_speed&quot;:&quot;0&quot;,&quot;title&quot;:&quot;&quot;,&quot;orientation&quot;:&quot;0&quot;}\" data-image-title=\"Banner oto\u00f1o\" data-image-description=\"\" data-image-caption=\"\" data-medium-file=\"https:\/\/i0.wp.com\/ffyh.unc.edu.ar\/historia\/wp-content\/uploads\/sites\/37\/2022\/02\/Banner-otono.jpeg?fit=300%2C57&amp;ssl=1\" data-large-file=\"https:\/\/i0.wp.com\/ffyh.unc.edu.ar\/historia\/wp-content\/uploads\/sites\/37\/2022\/02\/Banner-otono.jpeg?fit=1000%2C190&amp;ssl=1\" class=\"wp-image-3498 size-medium_large aligncenter\" src=\"https:\/\/i0.wp.com\/ffyh.unc.edu.ar\/historia\/wp-content\/uploads\/sites\/37\/2022\/02\/Banner-otono.jpeg?resize=768%2C146\" alt=\"\" width=\"768\" height=\"146\" srcset=\"https:\/\/i0.wp.com\/ffyh.unc.edu.ar\/historia\/wp-content\/uploads\/sites\/37\/2022\/02\/Banner-otono.jpeg?resize=768%2C146&amp;ssl=1 768w, https:\/\/i0.wp.com\/ffyh.unc.edu.ar\/historia\/wp-content\/uploads\/sites\/37\/2022\/02\/Banner-otono.jpeg?resize=300%2C57&amp;ssl=1 300w, https:\/\/i0.wp.com\/ffyh.unc.edu.ar\/historia\/wp-content\/uploads\/sites\/37\/2022\/02\/Banner-otono.jpeg?resize=1024%2C195&amp;ssl=1 1024w, https:\/\/i0.wp.com\/ffyh.unc.edu.ar\/historia\/wp-content\/uploads\/sites\/37\/2022\/02\/Banner-otono.jpeg?resize=600%2C114&amp;ssl=1 600w, https:\/\/i0.wp.com\/ffyh.unc.edu.ar\/historia\/wp-content\/uploads\/sites\/37\/2022\/02\/Banner-otono.jpeg?w=1280&amp;ssl=1 1280w\" sizes=\"(max-width: 768px) 100vw, 768px\" \/><\/p>\n<p style=\"text-align: center\"><span style=\"font-size: 24pt;color: #800000\"><b><i>Historias de Verano. Historias de Oto\u00f1o<\/i><\/b><\/span><\/p>\n<p style=\"text-align: center\"><b>Cursos de Historia para Adultos Mayores<br \/>\n<\/b><\/p>\n<hr \/>\n<p style=\"text-align: justify\">La Escuela de Historia y la Secretar\u00eda de Extensi\u00f3n de la Facultad de Filosof\u00eda y Humanidades propone cursos de extensi\u00f3n sobre temas hist\u00f3ricos para adultos mayores, con el objeto de fomentar el di\u00e1logo de saberes y la divulgaci\u00f3n social del conocimiento hist\u00f3rico. Son cursos abiertos, p\u00fablicos y gratuitos, con cupo de 60 asistentes cada uno, desarrollados a trav\u00e9s de encuentros virtuales semanales de 2 hs, entre el 21\/02 y el 25\/03 (<em>Historias de Verano<\/em>) y entre el 28\/03 y el 29\/04 (<em>Historias de Oto\u00f1o<\/em>). La diversidad de tem\u00e1ticas, abordadas por equipos de docentes, egresados y estudiantes de nuestra Escuela, buscan generar un di\u00e1logo amplio y diverso en torno a la historia.<\/p>\n<p style=\"text-align: center\"><span style=\"color: #ff0000\"><strong>Las inscripciones para los cursos de Verano\/Oto\u00f1o 2022 <span style=\"text-decoration: underline\">ya han finalizado<\/span>. Agradecemos a todos\/as por su inter\u00e9s.<\/strong><\/span><\/p>\n<hr \/>\n<p style=\"text-align: justify\"><strong>Grilla de cursos 2022<\/strong><\/p>\n<p style=\"text-align: center\"><img data-recalc-dims=\"1\" decoding=\"async\" data-attachment-id=\"3499\" data-permalink=\"https:\/\/ffyh.unc.edu.ar\/historia\/extension-historia\/banner-verano\/\" data-orig-file=\"https:\/\/i0.wp.com\/ffyh.unc.edu.ar\/historia\/wp-content\/uploads\/sites\/37\/2022\/02\/Banner-Verano.jpeg?fit=1280%2C244&amp;ssl=1\" data-orig-size=\"1280,244\" data-comments-opened=\"0\" data-image-meta=\"{&quot;aperture&quot;:&quot;0&quot;,&quot;credit&quot;:&quot;&quot;,&quot;camera&quot;:&quot;&quot;,&quot;caption&quot;:&quot;&quot;,&quot;created_timestamp&quot;:&quot;0&quot;,&quot;copyright&quot;:&quot;&quot;,&quot;focal_length&quot;:&quot;0&quot;,&quot;iso&quot;:&quot;0&quot;,&quot;shutter_speed&quot;:&quot;0&quot;,&quot;title&quot;:&quot;&quot;,&quot;orientation&quot;:&quot;0&quot;}\" data-image-title=\"Banner Verano\" data-image-description=\"\" data-image-caption=\"\" data-medium-file=\"https:\/\/i0.wp.com\/ffyh.unc.edu.ar\/historia\/wp-content\/uploads\/sites\/37\/2022\/02\/Banner-Verano.jpeg?fit=300%2C57&amp;ssl=1\" data-large-file=\"https:\/\/i0.wp.com\/ffyh.unc.edu.ar\/historia\/wp-content\/uploads\/sites\/37\/2022\/02\/Banner-Verano.jpeg?fit=1000%2C190&amp;ssl=1\" class=\"wp-image-3499 size-large aligncenter\" src=\"https:\/\/i0.wp.com\/ffyh.unc.edu.ar\/historia\/wp-content\/uploads\/sites\/37\/2022\/02\/Banner-Verano.jpeg?resize=1000%2C190\" alt=\"\" width=\"1000\" height=\"190\" srcset=\"https:\/\/i0.wp.com\/ffyh.unc.edu.ar\/historia\/wp-content\/uploads\/sites\/37\/2022\/02\/Banner-Verano.jpeg?resize=1024%2C195&amp;ssl=1 1024w, https:\/\/i0.wp.com\/ffyh.unc.edu.ar\/historia\/wp-content\/uploads\/sites\/37\/2022\/02\/Banner-Verano.jpeg?resize=300%2C57&amp;ssl=1 300w, https:\/\/i0.wp.com\/ffyh.unc.edu.ar\/historia\/wp-content\/uploads\/sites\/37\/2022\/02\/Banner-Verano.jpeg?resize=768%2C146&amp;ssl=1 768w, https:\/\/i0.wp.com\/ffyh.unc.edu.ar\/historia\/wp-content\/uploads\/sites\/37\/2022\/02\/Banner-Verano.jpeg?resize=600%2C114&amp;ssl=1 600w, https:\/\/i0.wp.com\/ffyh.unc.edu.ar\/historia\/wp-content\/uploads\/sites\/37\/2022\/02\/Banner-Verano.jpeg?w=1280&amp;ssl=1 1280w\" sizes=\"(max-width: 1000px) 100vw, 1000px\" \/><br \/>\n<strong>Objetos que cuentan historias. Arqueolog\u00eda de los pueblos originarios de C\u00f3rdoba <\/strong>(Lunes de 16 a 18 hs)<br \/>\n<a href=\"https:\/\/drive.google.com\/file\/d\/1S3zdPrHnk8S9D9sNOOZ5EJxfRtA3LTNx\/view?usp=sharing\" target=\"_blank\" rel=\"noopener\">Programa del curso<\/a><\/p>\n<p style=\"text-align: center\"><strong>\u00bfC\u00f3mo s\u00e9 si soy racista? Contribuciones hist\u00f3rico-antropol\u00f3gicas para una problem\u00e1tica actual <\/strong>(Lunes de 18 a 20 hs)<br \/>\n<a href=\"https:\/\/drive.google.com\/file\/d\/1xCMrCYmG0NWgjl7dXg8v7XeY2no8ueKK\/view?usp=sharing\" target=\"_blank\" rel=\"noopener\">Programa del curso<\/a><\/p>\n<p style=\"text-align: center\"><strong>De brujas, aquelarres y hogueras en la Edad Moderna. Mitos y realidades <\/strong>(Martes de 16 a 18 hs)<br \/>\n<a href=\"https:\/\/drive.google.com\/file\/d\/1yUWBcKwRzZiy4AkqFh2yB4MDsYr1iS7J\/view?usp=sharing\" target=\"_blank\" rel=\"noopener\">Programa del curso<\/a><\/p>\n<p style=\"text-align: center\"><strong>\u201cTantas historias, tantas preguntas\u2026\u201d Relatos sobre el (des)orden en el antiguo Egipto y la Mesopotamia <\/strong>(Mi\u00e9rcoles de 14.30 a 16.30 hs)<br \/>\n<a href=\"https:\/\/drive.google.com\/file\/d\/10EG7A0ytrKhM0OBUaebErU8qwzm899nh\/view?usp=sharing\" target=\"_blank\" rel=\"noopener\">Programa del curso<\/a><\/p>\n<p style=\"text-align: center\"><strong>C\u00f3rdoba en acci\u00f3n: la Reforma Universitaria, el Cordobazo y la Crisis del 2001 <\/strong>(Mi\u00e9rcoles de 16.30 a 18.30 hs)<br \/>\n<a href=\"https:\/\/drive.google.com\/file\/d\/1iCb-4kTKfFx9QesuK-YXRHQTCJf2Y66D\/view?usp=sharing\" target=\"_blank\" rel=\"noopener\">Programa del curso<\/a><\/p>\n<p style=\"text-align: center\"><strong>El arte a trav\u00e9s del cine: una inmersi\u00f3n en el Renacimiento y el Barroco a partir de las im\u00e1genes <\/strong>(Mi\u00e9rcoles de 18.30 a 20.30 hs)<br \/>\n<a href=\"https:\/\/drive.google.com\/file\/d\/1PFy-GWMroi6VXTagDcZhXg73zjuzc2BS\/view?usp=sharing\" target=\"_blank\" rel=\"noopener\">Programa del curso<\/a><\/p>\n<p style=\"text-align: center\"><strong>A la sombra del Vesubio: Pompeya y el mundo romano <\/strong>(Jueves de 10 a 12 hs)<br \/>\n<a href=\"https:\/\/drive.google.com\/file\/d\/1G0ob07dpZ54X4uLjTIsxKxYqtvn7jxwy\/view?usp=sharing\" target=\"_blank\" rel=\"noopener\">Programa del curso<\/a><\/p>\n<p style=\"text-align: center\"><strong>Historiadores en nuestra ciudad: marcas y huellas de la memoria <\/strong>(Jueves de 17 a 19 hs)<br \/>\n<a href=\"https:\/\/drive.google.com\/file\/d\/1v__HRMA6C0c-xF_aZYmAF1vMzHFobWz8\/view?usp=sharing\" target=\"_blank\" rel=\"noopener\">Programa del curso<\/a><\/p>\n<p style=\"text-align: center\"><strong>El ABC de la investigaci\u00f3n hist\u00f3rica: herramientas para empezar o continuar construyendo el pasado <\/strong>(Viernes de 15 a 17 hs)<br \/>\n<a href=\"https:\/\/drive.google.com\/file\/d\/1l2-iielGP3puLYOwkPlbFyVLl6axTR-R\/view?usp=sharing\" target=\"_blank\" rel=\"noopener\">Programa del curso<\/a><\/p>\n<p style=\"text-align: center\"><strong>La ciudad y sus habitantes. Vida cotidiana en C\u00f3rdoba en las primeras d\u00e9cadas del siglo XX (1900-1930) <\/strong>(Viernes de 17 a 19 hs)<br \/>\n<a href=\"https:\/\/drive.google.com\/file\/d\/1htZDz56u2yab8aF7kxTr_Xwi-Ogag7sm\/view?usp=sharing\" target=\"_blank\" rel=\"noopener\">Programa del curso<\/a><\/p>\n<p>&nbsp;<\/p>\n<p><img data-recalc-dims=\"1\" loading=\"lazy\" decoding=\"async\" data-attachment-id=\"3498\" data-permalink=\"https:\/\/ffyh.unc.edu.ar\/historia\/extension-historia\/banner-otono\/\" data-orig-file=\"https:\/\/i0.wp.com\/ffyh.unc.edu.ar\/historia\/wp-content\/uploads\/sites\/37\/2022\/02\/Banner-otono.jpeg?fit=1280%2C244&amp;ssl=1\" data-orig-size=\"1280,244\" data-comments-opened=\"0\" data-image-meta=\"{&quot;aperture&quot;:&quot;0&quot;,&quot;credit&quot;:&quot;&quot;,&quot;camera&quot;:&quot;&quot;,&quot;caption&quot;:&quot;&quot;,&quot;created_timestamp&quot;:&quot;0&quot;,&quot;copyright&quot;:&quot;&quot;,&quot;focal_length&quot;:&quot;0&quot;,&quot;iso&quot;:&quot;0&quot;,&quot;shutter_speed&quot;:&quot;0&quot;,&quot;title&quot;:&quot;&quot;,&quot;orientation&quot;:&quot;0&quot;}\" data-image-title=\"Banner oto\u00f1o\" data-image-description=\"\" data-image-caption=\"\" data-medium-file=\"https:\/\/i0.wp.com\/ffyh.unc.edu.ar\/historia\/wp-content\/uploads\/sites\/37\/2022\/02\/Banner-otono.jpeg?fit=300%2C57&amp;ssl=1\" data-large-file=\"https:\/\/i0.wp.com\/ffyh.unc.edu.ar\/historia\/wp-content\/uploads\/sites\/37\/2022\/02\/Banner-otono.jpeg?fit=1000%2C190&amp;ssl=1\" class=\"wp-image-3498 size-large aligncenter\" src=\"https:\/\/i0.wp.com\/ffyh.unc.edu.ar\/historia\/wp-content\/uploads\/sites\/37\/2022\/02\/Banner-otono.jpeg?resize=1000%2C190\" alt=\"\" width=\"1000\" height=\"190\" srcset=\"https:\/\/i0.wp.com\/ffyh.unc.edu.ar\/historia\/wp-content\/uploads\/sites\/37\/2022\/02\/Banner-otono.jpeg?resize=1024%2C195&amp;ssl=1 1024w, https:\/\/i0.wp.com\/ffyh.unc.edu.ar\/historia\/wp-content\/uploads\/sites\/37\/2022\/02\/Banner-otono.jpeg?resize=300%2C57&amp;ssl=1 300w, https:\/\/i0.wp.com\/ffyh.unc.edu.ar\/historia\/wp-content\/uploads\/sites\/37\/2022\/02\/Banner-otono.jpeg?resize=768%2C146&amp;ssl=1 768w, https:\/\/i0.wp.com\/ffyh.unc.edu.ar\/historia\/wp-content\/uploads\/sites\/37\/2022\/02\/Banner-otono.jpeg?resize=600%2C114&amp;ssl=1 600w, https:\/\/i0.wp.com\/ffyh.unc.edu.ar\/historia\/wp-content\/uploads\/sites\/37\/2022\/02\/Banner-otono.jpeg?w=1280&amp;ssl=1 1280w\" sizes=\"(max-width: 1000px) 100vw, 1000px\" \/><\/p>\n<p style=\"text-align: center\"><span style=\"font-size: 14pt\"><strong>Una expedici\u00f3n a la C\u00f3rdoba colonial a trav\u00e9s de sus documentos <\/strong>(Lunes de 16 a 18 hs)<br \/>\n<\/span><a href=\"https:\/\/drive.google.com\/file\/d\/1OSSPMDkuhFNLICmYuCiAVSg8u-AEW-Od\/view?usp=sharing\" target=\"_blank\" rel=\"noopener\">Programa del curso<\/a><\/p>\n<p style=\"text-align: center\"><span style=\"font-size: 14pt\"><strong>Revisitando nuestro pa\u00eds: La historia argentina en clave territorial (Martes de 18 a 20 hs)<br \/>\n<\/strong><\/span><a href=\"https:\/\/drive.google.com\/file\/d\/1e4bdkM4b2D4sJxNvSbnLi2_8eLf58Z3i\/view?usp=sharing\" target=\"_blank\" rel=\"noopener\">Programa del curso<\/a><\/p>\n<p style=\"text-align: center\"><span style=\"font-size: 14pt\"><strong>\u00a1Se arm\u00f3 el <i>embroio <\/i>entre Marx y Bakunin! Las organizaciones marxistas y anarquistas en la C\u00f3rdoba de los setenta <\/strong>(Mi\u00e9rcoles de 14 a 16 hs)<br \/>\n<\/span><a href=\"https:\/\/drive.google.com\/file\/d\/1uQnJ-xCPh49eAk33KbKJnsGnn-NjDUgh\/view?usp=sharing\" target=\"_blank\" rel=\"noopener\">Programa del curso<\/a><\/p>\n<p style=\"text-align: center\"><span style=\"font-size: 14pt\"><strong>Universidades y movimiento estudiantil en a\u00f1os sesenta y setenta en Argentina y Am\u00e9rica Latina <\/strong>(Mi\u00e9rcoles de 18 a 20 hs)<br \/>\n<\/span><a href=\"https:\/\/drive.google.com\/file\/d\/1_REVC_dEe9bee82ApUgwudYYAQWSrWT_\/view?usp=sharing\" target=\"_blank\" rel=\"noopener\">Programa del curso<\/a><\/p>\n<p style=\"text-align: center\"><span style=\"font-size: 14pt\"><strong>Entre utop\u00edas y realidades. Econom\u00eda, pol\u00edtica y justicia en Am\u00e9rica Latina <\/strong>(Jueves, 18 a 20 hs)<br \/>\n<\/span><a href=\"https:\/\/drive.google.com\/file\/d\/1dqhaODbYYCJ03WB6FyVhFqZ_LfNMCjGZ\/view?usp=sharing\" target=\"_blank\" rel=\"noopener\">Programa del curso<\/a><\/p>\n<p style=\"text-align: center\"><span style=\"font-size: 14pt\"><strong>Viajando por el Camino del Inca (Qhapaq \u00d1an) y conociendo su historia <\/strong>(Viernes de 16 a 18 hs)<br \/>\n<\/span><a href=\"https:\/\/drive.google.com\/file\/d\/1rvQ_f2R4xZ4HLJEVwLOE0IYhcnHLvI3b\/view?usp=sharing\" target=\"_blank\" rel=\"noopener\">Programa del curso<\/a><\/p>\n<p>&nbsp;<\/p>\n<p style=\"text-align: center\"><span style=\"font-size: 24pt\"><strong><a id=\"Form_inscripcion\"><\/a><span style=\"color: #ff0000\">Inscripciones finalizadas.<\/span><\/strong><\/span><\/p>\n<p style=\"text-align: center\"><span style=\"font-size: 24pt\"><strong><span style=\"color: #ff0000\">Gracias a todos\/as por su inter\u00e9s<\/span><br \/>\n<\/strong><\/span><\/p>\n<p>&nbsp;<\/p>\n<p><em>M\u00e1s informaci\u00f3n:<\/em><br \/>\nSecretar\u00eda T\u00e9cnica de la Escuela de Historia, FFyH, UNC<br \/>\n<a href=\"mailto:historia@ffyh.unc.edu.ar\" target=\"_blank\" rel=\"noopener\">historia@ffyh.unc.edu.ar<\/a><\/p>\n<p><em>\u00bfTe interesa conocer m\u00e1s acerca de la Escuela de Historia?<\/em><br \/>\nVisit\u00e1 nuestro <a href=\"https:\/\/ffyh.unc.edu.ar\/historia\/\" target=\"_blank\" rel=\"noopener\">sitio institucional ffyh.unc.edu.ar\/historia<\/a> y nuestra memoria fotogr\u00e1fica, <a href=\"https:\/\/ffyh.unc.edu.ar\/historia\/pixeles\/\" target=\"_blank\" rel=\"noopener\"><strong><em>Historia en pixeles<\/em><\/strong><\/a>.<\/p>\n<p><em>Canales de difusi\u00f3n:<\/em><br \/>\n<strong>Facebook<\/strong>: <a href=\"https:\/\/www.facebook.com\/historiaunc\/\" target=\"_blank\" rel=\"noreferrer noopener\">\/historiaunc<\/a><br \/>\n<strong>Instagram<\/strong>: <a href=\"https:\/\/www.instagram.com\/historiaunc\/\" target=\"_blank\" rel=\"noreferrer noopener\">\/historiaunc<\/a><br \/>\n<strong>Youtube<\/strong>: <a href=\"http:\/\/youtube.com\/historiaunc\" target=\"_blank\" rel=\"noreferrer noopener\" data-type=\"URL\" data-id=\"http:\/\/youtube.com\/historiaunc\">\/historiaunc<\/a><\/p>\n","protected":false},"excerpt":{"rendered":"<p>Historias de Verano. Historias de Oto\u00f1o Cursos de Historia para Adultos Mayores La Escuela de Historia y la Secretar\u00eda de Extensi\u00f3n de la Facultad de Filosof\u00eda y Humanidades propone cursos de extensi\u00f3n sobre temas hist\u00f3ricos para adultos mayores, con el objeto de fomentar el di\u00e1logo de saberes y la divulgaci\u00f3n social del conocimiento hist\u00f3rico. Son&#8230; <\/p>\n<div class=\"link-more\"><a href=\"https:\/\/ffyh.unc.edu.ar\/historia\/extension-historia\/historias-de-verano-otono-2022\/\">Lea m\u00e1s<\/a><\/div>\n","protected":false},"author":34,"featured_media":0,"parent":3485,"menu_order":1,"comment_status":"closed","ping_status":"closed","template":"","meta":{"_acf_changed":false,"_monsterinsights_skip_tracking":false,"_monsterinsights_sitenote_active":false,"_monsterinsights_sitenote_note":"","_monsterinsights_sitenote_category":0,"footnotes":""},"class_list":["post-4909","page","type-page","status-publish","hentry"],"acf":[],"jetpack_sharing_enabled":true,"_links":{"self":[{"href":"https:\/\/ffyh.unc.edu.ar\/historia\/wp-json\/wp\/v2\/pages\/4909","targetHints":{"allow":["GET"]}}],"collection":[{"href":"https:\/\/ffyh.unc.edu.ar\/historia\/wp-json\/wp\/v2\/pages"}],"about":[{"href":"https:\/\/ffyh.unc.edu.ar\/historia\/wp-json\/wp\/v2\/types\/page"}],"author":[{"embeddable":true,"href":"https:\/\/ffyh.unc.edu.ar\/historia\/wp-json\/wp\/v2\/users\/34"}],"replies":[{"embeddable":true,"href":"https:\/\/ffyh.unc.edu.ar\/historia\/wp-json\/wp\/v2\/comments?post=4909"}],"version-history":[{"count":3,"href":"https:\/\/ffyh.unc.edu.ar\/historia\/wp-json\/wp\/v2\/pages\/4909\/revisions"}],"predecessor-version":[{"id":5252,"href":"https:\/\/ffyh.unc.edu.ar\/historia\/wp-json\/wp\/v2\/pages\/4909\/revisions\/5252"}],"up":[{"embeddable":true,"href":"https:\/\/ffyh.unc.edu.ar\/historia\/wp-json\/wp\/v2\/pages\/3485"}],"wp:attachment":[{"href":"https:\/\/ffyh.unc.edu.ar\/historia\/wp-json\/wp\/v2\/media?parent=4909"}],"curies":[{"name":"wp","href":"https:\/\/api.w.org\/{rel}","templated":true}]}}