{"id":5045,"date":"2022-11-14T15:18:06","date_gmt":"2022-11-14T15:18:06","guid":{"rendered":"https:\/\/ffyh.unc.edu.ar\/historia\/?page_id=5045"},"modified":"2024-05-21T15:34:29","modified_gmt":"2024-05-21T15:34:29","slug":"marquez","status":"publish","type":"page","link":"https:\/\/ffyh.unc.edu.ar\/historia\/nuestrxs-docentes\/marquez\/","title":{"rendered":"Mar\u00eda Victoria M\u00e1rquez"},"content":{"rendered":"<table>\n<tbody>\n<tr>\n<td colspan=\"2\">\n<p style=\"text-align: justify\"><img data-recalc-dims=\"1\" decoding=\"async\" data-attachment-id=\"5047\" data-permalink=\"https:\/\/ffyh.unc.edu.ar\/historia\/nuestrxs-docentes\/marquez\/marquez\/\" data-orig-file=\"https:\/\/i0.wp.com\/ffyh.unc.edu.ar\/historia\/wp-content\/uploads\/sites\/37\/2022\/11\/marquez.jpg?fit=466%2C535&amp;ssl=1\" data-orig-size=\"466,535\" data-comments-opened=\"0\" data-image-meta=\"{&quot;aperture&quot;:&quot;0&quot;,&quot;credit&quot;:&quot;&quot;,&quot;camera&quot;:&quot;&quot;,&quot;caption&quot;:&quot;&quot;,&quot;created_timestamp&quot;:&quot;0&quot;,&quot;copyright&quot;:&quot;&quot;,&quot;focal_length&quot;:&quot;0&quot;,&quot;iso&quot;:&quot;0&quot;,&quot;shutter_speed&quot;:&quot;0&quot;,&quot;title&quot;:&quot;&quot;,&quot;orientation&quot;:&quot;0&quot;}\" data-image-title=\"marquez\" data-image-description=\"\" data-image-caption=\"\" data-medium-file=\"https:\/\/i0.wp.com\/ffyh.unc.edu.ar\/historia\/wp-content\/uploads\/sites\/37\/2022\/11\/marquez.jpg?fit=261%2C300&amp;ssl=1\" data-large-file=\"https:\/\/i0.wp.com\/ffyh.unc.edu.ar\/historia\/wp-content\/uploads\/sites\/37\/2022\/11\/marquez.jpg?fit=466%2C535&amp;ssl=1\" class=\"alignleft size-thumbnail wp-image-5047\" src=\"https:\/\/i0.wp.com\/ffyh.unc.edu.ar\/historia\/wp-content\/uploads\/sites\/37\/2022\/11\/marquez.jpg?resize=150%2C150\" alt=\"\" width=\"150\" height=\"150\" srcset=\"https:\/\/i0.wp.com\/ffyh.unc.edu.ar\/historia\/wp-content\/uploads\/sites\/37\/2022\/11\/marquez.jpg?resize=150%2C150&amp;ssl=1 150w, https:\/\/i0.wp.com\/ffyh.unc.edu.ar\/historia\/wp-content\/uploads\/sites\/37\/2022\/11\/marquez.jpg?zoom=2&amp;resize=150%2C150 300w, https:\/\/i0.wp.com\/ffyh.unc.edu.ar\/historia\/wp-content\/uploads\/sites\/37\/2022\/11\/marquez.jpg?zoom=3&amp;resize=150%2C150 450w\" sizes=\"(max-width: 150px) 100vw, 150px\" \/>Mar\u00eda Victoria Marquez. Profesora Asistente dedicaci\u00f3n semi, concursada, en Historia Moderna.<\/p>\n<p style=\"text-align: justify\">Es Licenciada en Historia por la Universidad Nacional de C\u00f3rdoba (2007). Cuenta con un Master en Historia (2013) y un PhD en Estudios Culturales Latinoamericanos (2018) por Ohio State University. Se especializa en las culturas mercantiles del mundo transatl\u00e1ntico en los siglos XVII y XVIII.<\/p>\n<p style=\"text-align: justify\">Actualmente, su proyecto postdoctoral se enfoca en el estudio de los imaginarios y representaciones del comercio y las relaciones de mercado que emergen de la amplia tratad\u00edstica circulante en bibliotecas hispanas del per\u00edodo moderno.<\/p>\n<p style=\"text-align: justify\">En 2016 public\u00f3 el libro Los Mendiolaza. Relaciones mercantiles y poder pol\u00edtico en C\u00f3rdoba y Per\u00fa en el siglo XVIII donde reconstruye las redes comerciales y v\u00ednculos pol\u00edticos de la familia Mendiolaza que un\u00edan la Gobernaci\u00f3n del Tucum\u00e1n con Lima y Huancavelica. Tambi\u00e9n es autora de art\u00edculos y cap\u00edtulos de libros sobre comerciantes e imaginarios mercantiles del siglo XVIII incluyendo el Journal of Iberian and Latin American Studies, Nouvelles Nouvelles, Andes, entre otras revistas acad\u00e9micas.<\/p>\n<p style=\"text-align: justify\">Ha recibido financiamiento para estudio e investigaci\u00f3n como la beca Fulbright (2011-2013) para realizaci\u00f3n de Maestr\u00eda en Historia, la beca Alice E. Adams para investigaci\u00f3n en la colecci\u00f3n documental de la John Carter Brown Library (2017), y la beca postdoctoral de CONICET (2020-2023) para su actual proyecto de investigaci\u00f3n.<\/p>\n<p style=\"text-align: justify\">Es editora acad\u00e9mica de la revista Cuadernos de Historia. Serie Econom\u00eda y Sociedad del \u00c1rea de Historia del CIFFyH y tambi\u00e9n ha publicado traducciones de art\u00edculos acad\u00e9micos.<\/p>\n<\/td>\n<\/tr>\n<tr>\n<td>Contacto: <i>victoria.marquez.960@unc.edu.ar<\/i><\/td>\n<td><\/td>\n<\/tr>\n<\/tbody>\n<\/table>\n","protected":false},"excerpt":{"rendered":"<p>Mar\u00eda Victoria Marquez. Profesora Asistente dedicaci\u00f3n semi, concursada, en Historia Moderna. Es Licenciada en Historia por la Universidad Nacional de C\u00f3rdoba (2007). Cuenta con un Master en Historia (2013) y un PhD en Estudios Culturales Latinoamericanos (2018) por Ohio State University. Se especializa en las culturas mercantiles del mundo transatl\u00e1ntico en los siglos XVII y&#8230; <\/p>\n<div class=\"link-more\"><a href=\"https:\/\/ffyh.unc.edu.ar\/historia\/nuestrxs-docentes\/marquez\/\">Lea m\u00e1s<\/a><\/div>\n","protected":false},"author":34,"featured_media":0,"parent":4089,"menu_order":0,"comment_status":"closed","ping_status":"closed","template":"","meta":{"_acf_changed":false,"saved_in_kubio":false,"_monsterinsights_skip_tracking":false,"_monsterinsights_sitenote_active":false,"_monsterinsights_sitenote_note":"","_monsterinsights_sitenote_category":0,"footnotes":""},"class_list":["post-5045","page","type-page","status-publish","hentry"],"acf":[],"kubio_ai_page_context":{"short_desc":"","purpose":"general"},"jetpack_sharing_enabled":true,"_links":{"self":[{"href":"https:\/\/ffyh.unc.edu.ar\/historia\/wp-json\/wp\/v2\/pages\/5045","targetHints":{"allow":["GET"]}}],"collection":[{"href":"https:\/\/ffyh.unc.edu.ar\/historia\/wp-json\/wp\/v2\/pages"}],"about":[{"href":"https:\/\/ffyh.unc.edu.ar\/historia\/wp-json\/wp\/v2\/types\/page"}],"author":[{"embeddable":true,"href":"https:\/\/ffyh.unc.edu.ar\/historia\/wp-json\/wp\/v2\/users\/34"}],"replies":[{"embeddable":true,"href":"https:\/\/ffyh.unc.edu.ar\/historia\/wp-json\/wp\/v2\/comments?post=5045"}],"version-history":[{"count":8,"href":"https:\/\/ffyh.unc.edu.ar\/historia\/wp-json\/wp\/v2\/pages\/5045\/revisions"}],"predecessor-version":[{"id":5925,"href":"https:\/\/ffyh.unc.edu.ar\/historia\/wp-json\/wp\/v2\/pages\/5045\/revisions\/5925"}],"up":[{"embeddable":true,"href":"https:\/\/ffyh.unc.edu.ar\/historia\/wp-json\/wp\/v2\/pages\/4089"}],"wp:attachment":[{"href":"https:\/\/ffyh.unc.edu.ar\/historia\/wp-json\/wp\/v2\/media?parent=5045"}],"curies":[{"name":"wp","href":"https:\/\/api.w.org\/{rel}","templated":true}]}}