{"id":5558,"date":"2023-08-23T22:26:01","date_gmt":"2023-08-23T22:26:01","guid":{"rendered":"https:\/\/ffyh.unc.edu.ar\/historia\/?page_id=5558"},"modified":"2023-12-15T12:44:03","modified_gmt":"2023-12-15T12:44:03","slug":"historias-de-verano-otono-2023","status":"publish","type":"page","link":"https:\/\/ffyh.unc.edu.ar\/historia\/extension-historia\/historias-de-verano-otono-2023\/","title":{"rendered":"Historias de Verano \/ Oto\u00f1o 2023"},"content":{"rendered":"<p><img data-recalc-dims=\"1\" fetchpriority=\"high\" decoding=\"async\" data-attachment-id=\"5251\" data-permalink=\"https:\/\/ffyh.unc.edu.ar\/historia\/extension-historia\/banner-otono-2023\/\" data-orig-file=\"https:\/\/i0.wp.com\/ffyh.unc.edu.ar\/historia\/wp-content\/uploads\/sites\/37\/2023\/03\/Banner-otono-2023.jpg?fit=1280%2C244&amp;ssl=1\" data-orig-size=\"1280,244\" data-comments-opened=\"0\" data-image-meta=\"{&quot;aperture&quot;:&quot;0&quot;,&quot;credit&quot;:&quot;&quot;,&quot;camera&quot;:&quot;&quot;,&quot;caption&quot;:&quot;&quot;,&quot;created_timestamp&quot;:&quot;0&quot;,&quot;copyright&quot;:&quot;&quot;,&quot;focal_length&quot;:&quot;0&quot;,&quot;iso&quot;:&quot;0&quot;,&quot;shutter_speed&quot;:&quot;0&quot;,&quot;title&quot;:&quot;&quot;,&quot;orientation&quot;:&quot;1&quot;}\" data-image-title=\"Banner-otono 2023\" data-image-description=\"\" data-image-caption=\"\" data-medium-file=\"https:\/\/i0.wp.com\/ffyh.unc.edu.ar\/historia\/wp-content\/uploads\/sites\/37\/2023\/03\/Banner-otono-2023.jpg?fit=300%2C57&amp;ssl=1\" data-large-file=\"https:\/\/i0.wp.com\/ffyh.unc.edu.ar\/historia\/wp-content\/uploads\/sites\/37\/2023\/03\/Banner-otono-2023.jpg?fit=1000%2C190&amp;ssl=1\" class=\"aligncenter wp-image-5251 size-large\" src=\"https:\/\/i0.wp.com\/ffyh.unc.edu.ar\/historia\/wp-content\/uploads\/sites\/37\/2023\/03\/Banner-otono-2023.jpg?resize=1000%2C190\" alt=\"\" width=\"1000\" height=\"190\" srcset=\"https:\/\/i0.wp.com\/ffyh.unc.edu.ar\/historia\/wp-content\/uploads\/sites\/37\/2023\/03\/Banner-otono-2023.jpg?resize=1024%2C195&amp;ssl=1 1024w, https:\/\/i0.wp.com\/ffyh.unc.edu.ar\/historia\/wp-content\/uploads\/sites\/37\/2023\/03\/Banner-otono-2023.jpg?resize=300%2C57&amp;ssl=1 300w, https:\/\/i0.wp.com\/ffyh.unc.edu.ar\/historia\/wp-content\/uploads\/sites\/37\/2023\/03\/Banner-otono-2023.jpg?resize=768%2C146&amp;ssl=1 768w, https:\/\/i0.wp.com\/ffyh.unc.edu.ar\/historia\/wp-content\/uploads\/sites\/37\/2023\/03\/Banner-otono-2023.jpg?resize=600%2C114&amp;ssl=1 600w, https:\/\/i0.wp.com\/ffyh.unc.edu.ar\/historia\/wp-content\/uploads\/sites\/37\/2023\/03\/Banner-otono-2023.jpg?w=1280&amp;ssl=1 1280w\" sizes=\"(max-width: 1000px) 100vw, 1000px\" \/><\/p>\n<p style=\"text-align: center\"><span style=\"font-size: 24pt;color: #800000\"><b><i>Historias de Oto\u00f1o (2023)<br \/>\n<\/i><\/b><\/span><\/p>\n<p style=\"text-align: center\"><b>Cursos de Historia para Adultos Mayores<br \/>\n<\/b><\/p>\n<hr \/>\n<p style=\"text-align: justify\">La Escuela de Historia y la Secretar\u00eda de Extensi\u00f3n de la Facultad de Filosof\u00eda y Humanidades proponen cursos de extensi\u00f3n sobre temas hist\u00f3ricos para adultos mayores, con el objeto de fomentar el di\u00e1logo de saberes y la divulgaci\u00f3n social del conocimiento hist\u00f3rico. Son cursos abiertos, p\u00fablicos y gratuitos, con cupo de 60 asistentes cada uno, desarrollados a trav\u00e9s de encuentros virtuales semanales de 2 hs (por plataforma <strong>Google Meet<\/strong>), entre abril y junio\u00a0 (<em>Historias de Oto\u00f1o<\/em>). La diversidad de tem\u00e1ticas, abordadas por equipos de docentes, egresados\/as y estudiantes de nuestra Escuela, busca generar un di\u00e1logo amplio y diverso en torno a la historia.<\/p>\n<p style=\"text-align: center\"><span style=\"color: #ff6600\"><strong>Las inscripciones para los cursos de Oto\u00f1o 2023<br \/>\n<\/strong><strong>se realizan mediante formulario al final de la grilla de cursos ofrecidos<\/strong><\/span><span style=\"color: #ff0000\"><strong><br \/>\n<\/strong><\/span><\/p>\n<hr \/>\n<p style=\"text-align: justify\"><strong>Grilla de cursos 2023<\/strong><\/p>\n<p style=\"text-align: center\"><img data-recalc-dims=\"1\" fetchpriority=\"high\" decoding=\"async\" data-attachment-id=\"5251\" data-permalink=\"https:\/\/ffyh.unc.edu.ar\/historia\/extension-historia\/banner-otono-2023\/\" data-orig-file=\"https:\/\/i0.wp.com\/ffyh.unc.edu.ar\/historia\/wp-content\/uploads\/sites\/37\/2023\/03\/Banner-otono-2023.jpg?fit=1280%2C244&amp;ssl=1\" data-orig-size=\"1280,244\" data-comments-opened=\"0\" data-image-meta=\"{&quot;aperture&quot;:&quot;0&quot;,&quot;credit&quot;:&quot;&quot;,&quot;camera&quot;:&quot;&quot;,&quot;caption&quot;:&quot;&quot;,&quot;created_timestamp&quot;:&quot;0&quot;,&quot;copyright&quot;:&quot;&quot;,&quot;focal_length&quot;:&quot;0&quot;,&quot;iso&quot;:&quot;0&quot;,&quot;shutter_speed&quot;:&quot;0&quot;,&quot;title&quot;:&quot;&quot;,&quot;orientation&quot;:&quot;1&quot;}\" data-image-title=\"Banner-otono 2023\" data-image-description=\"\" data-image-caption=\"\" data-medium-file=\"https:\/\/i0.wp.com\/ffyh.unc.edu.ar\/historia\/wp-content\/uploads\/sites\/37\/2023\/03\/Banner-otono-2023.jpg?fit=300%2C57&amp;ssl=1\" data-large-file=\"https:\/\/i0.wp.com\/ffyh.unc.edu.ar\/historia\/wp-content\/uploads\/sites\/37\/2023\/03\/Banner-otono-2023.jpg?fit=1000%2C190&amp;ssl=1\" class=\"aligncenter wp-image-5251 size-large\" src=\"https:\/\/i0.wp.com\/ffyh.unc.edu.ar\/historia\/wp-content\/uploads\/sites\/37\/2023\/03\/Banner-otono-2023.jpg?resize=1000%2C190\" alt=\"\" width=\"1000\" height=\"190\" srcset=\"https:\/\/i0.wp.com\/ffyh.unc.edu.ar\/historia\/wp-content\/uploads\/sites\/37\/2023\/03\/Banner-otono-2023.jpg?resize=1024%2C195&amp;ssl=1 1024w, https:\/\/i0.wp.com\/ffyh.unc.edu.ar\/historia\/wp-content\/uploads\/sites\/37\/2023\/03\/Banner-otono-2023.jpg?resize=300%2C57&amp;ssl=1 300w, https:\/\/i0.wp.com\/ffyh.unc.edu.ar\/historia\/wp-content\/uploads\/sites\/37\/2023\/03\/Banner-otono-2023.jpg?resize=768%2C146&amp;ssl=1 768w, https:\/\/i0.wp.com\/ffyh.unc.edu.ar\/historia\/wp-content\/uploads\/sites\/37\/2023\/03\/Banner-otono-2023.jpg?resize=600%2C114&amp;ssl=1 600w, https:\/\/i0.wp.com\/ffyh.unc.edu.ar\/historia\/wp-content\/uploads\/sites\/37\/2023\/03\/Banner-otono-2023.jpg?w=1280&amp;ssl=1 1280w\" sizes=\"(max-width: 1000px) 100vw, 1000px\" \/><\/p>\n<p><strong>ABRIL<\/strong><\/p>\n<p style=\"text-align: center\"><em><strong>Una expedici\u00f3n a\u00a0 la C\u00f3rdoba colonial a trav\u00e9s de sus documentos <\/strong><\/em>(Lunes 17 a 19 hs)<br \/>\n10, 17 y 24 de abril, 8 de mayo.<br \/>\n<a href=\"https:\/\/drive.google.com\/file\/d\/1r1OUlCXTswatZm0_8e8QG6I1v5HIfrGv\/view?usp=sharing\" target=\"_blank\" rel=\"noopener\">Programa del curso<\/a> (reedici\u00f3n del curso ya dictado en Oto\u00f1o 2022)<br \/>\n<strong><span style=\"color: #ff0000\">&#8211; Inscripciones cerradas para este curso &#8211;<\/span><\/strong><\/p>\n<hr \/>\n<p style=\"text-align: center\"><em><strong>La ciudad y sus habitantes. Vida cotidiana en C\u00f3rdoba en las primeras d\u00e9cadas del siglo XX (1900-1930) <\/strong><\/em>(Martes 10 a 12 hs )<br \/>\n11, 18 y 25 de abril, 2 de mayo.<br \/>\n<a href=\"https:\/\/drive.google.com\/file\/d\/1KIK9z3XUjDl2xbsX2Yu8nTwn5lVQS3hx\/view?usp=share_link\" target=\"_blank\" rel=\"noopener\">Programa del curso<\/a> (reedici\u00f3n del curso ya dictado en Verano 2022)<br \/>\n<span style=\"color: #ff0000\"><strong>&#8211; Inscripciones cerradas para este curso &#8211;<\/strong><\/span><\/p>\n<hr \/>\n<p style=\"text-align: center\"><strong><em>Lo cotidiano, lo familiar y la escritura como memoria del pasado<\/em>\u00a0<\/strong>(Mi\u00e9rcoles 19 a 21 hs)<br \/>\n12, 19 y 26 de abril, 3 de mayo.<br \/>\n<a href=\"https:\/\/drive.google.com\/file\/d\/1JEUDV9-SY-90ZkTxMHdu5vKO8bVq-1Xk\/view?usp=share_link\" target=\"_blank\" rel=\"noopener\">Programa del curso<\/a><br \/>\n<span style=\"color: #ff0000\"><strong>&#8211; Inscripciones cerradas para este curso &#8211;<\/strong><\/span><\/p>\n<hr \/>\n<p style=\"text-align: center\"><em><strong>Plata, especias y otros productos ex\u00f3ticos. Im\u00e1genes de la globalizaci\u00f3n temprana en la Edad Moderna<\/strong><\/em> (Mi\u00e9rcoles 18.30 a 20.30 hs)<br \/>\n12, 19 y 26 de abril, 3 de mayo.<br \/>\n<a href=\"https:\/\/drive.google.com\/file\/d\/1pNT_W_b8851IwacvzcL_GlI3Ll95uFu0\/view?usp=share_link\" target=\"_blank\" rel=\"noopener\">Programa del curso<\/a><br \/>\n<span style=\"color: #ff0000\"><strong>&#8211; Inscripciones cerradas para este curso &#8211;<\/strong><\/span><\/p>\n<hr \/>\n<p style=\"text-align: center\"><strong><em>Cruzadas y transformaciones sociales en la Baja Edad Media: la medicina y el rol de las mujeres<\/em>\u00a0<\/strong>(Mi\u00e9rcoles 16 a 18 hs)<br \/>\n19 y 26 de abril; 3 y 10 de mayo.<br \/>\n<a href=\"https:\/\/drive.google.com\/file\/d\/1DAhrGsG_3jEE04f2c6BToWqEVVy5jMzs\/view?usp=share_link\" target=\"_blank\" rel=\"noopener\">Programa del curso<\/a><br \/>\n<span style=\"color: #ff0000\"><strong>&#8211; Inscripciones cerradas para este curso &#8211;<\/strong><\/span><\/p>\n<p style=\"text-align: center\"><em><strong>Elementos para entender la historia electoral argentina <\/strong><\/em>(Jueves de 19 a 21 hs)<br \/>\n13, 20 y 27 de abril; 4 de mayo<br \/>\n<a href=\"https:\/\/drive.google.com\/file\/d\/1Ja9YO3vlaeIWFUyl0JXc-8Kye5DAIrkO\/view?usp=share_link\" target=\"_blank\" rel=\"noopener\">Programa del curso<\/a><br \/>\n<span style=\"color: #ff0000\"><strong>&#8211; Inscripciones cerradas para este curso &#8211;<\/strong><\/span><\/p>\n<hr \/>\n<p style=\"text-align: center\"><strong><em>El dinero no es todo&#8230; \u00a1pero c\u00f3mo ayuda!: Materialismo hist\u00f3rico y activismos sociales<\/em>\u00a0<\/strong>(Jueves 16 a 18 hs)<br \/>\n13, 20 y 27 de abril; 4 de mayo.<br \/>\n<a href=\"https:\/\/drive.google.com\/file\/d\/1HVssI03pL-J5tLkilYs5R5NUlnY4HaZu\/view?usp=share_link\" target=\"_blank\" rel=\"noopener\">Programa del curso<\/a><br \/>\n<span style=\"color: #ff0000\"><strong>&#8211; Inscripciones cerradas para este curso &#8211;<\/strong><\/span><\/p>\n<hr \/>\n<p style=\"text-align: center\"><span style=\"color: #808080\"><em><strong>Historia de China: cultura y sociedad durante el per\u00edodo imperial <\/strong><\/em>(Viernes 16 a 18 <span style=\"color: #ff0000\">-salvo viernes 19\/5, 14 a 16 hs-<\/span>)<br \/>\n28 de abril; 5, 12 y 19 de mayo<\/span><br \/>\n<a href=\"https:\/\/drive.google.com\/file\/d\/1H4-S6s5Dltw22ZWOmJhqe7IB4JUJwvZ4\/view?usp=share_link\" target=\"_blank\" rel=\"noopener\"><span style=\"color: #808080\">Programa del curso<\/span><\/a><br \/>\n<span style=\"color: #ff0000\"><strong>&#8211; Inscripciones cerradas para este curso &#8211;<\/strong><\/span><\/p>\n<hr \/>\n<p style=\"text-align: center\"><span style=\"color: #ff0000\"><span style=\"color: #808080\"><strong><em>El mundo romano antiguo desde la mirada de sus protagonistas<\/em>\u00a0<\/strong>(Viernes 10 a 12 hs)<\/span><br \/>\n<span style=\"color: #808080\">28 de abril; 5, 12 y 19 de mayo.<\/span><\/span><br \/>\n<span style=\"color: #808080\"><a href=\"https:\/\/drive.google.com\/file\/d\/1K2E6VaqDmV2AQeKapfjVaviUqJ8UBmGr\/view?usp=share_link\" target=\"_blank\" rel=\"noopener\">Programa del curso<\/a><br \/>\n<span style=\"color: #ff0000\"><strong>&#8211; Inscripciones cerradas para este curso &#8211;<\/strong><\/span><br \/>\n<\/span><\/p>\n<hr \/>\n<p><strong>MAYO<\/strong><\/p>\n<p style=\"text-align: center\"><em><strong>Las historias de la Historia. Construcci\u00f3n del relato sobre el antiguo Egipto a partir de las cr\u00f3nicas de viajes <\/strong><\/em>(<del>Martes<\/del> <strong><span style=\"color: #ff0000\">Jueves<\/span> <\/strong>16 a 18 hs)<br \/>\n<del>23 y 30 de mayo; 6 y 13 de junio.<br \/>\n<\/del><strong><span style=\"color: #ff0000\">8, 15, 22 y 29 de junio<\/span><\/strong><del><br \/>\n<\/del><a href=\"https:\/\/drive.google.com\/file\/d\/1vWvZzlt1dzvh_MM_CnWl-sGue8dFAvMD\/view?usp=share_link\" target=\"_blank\" rel=\"noopener\">Programa del curso<\/a><br \/>\n<span style=\"color: #ff0000\"><strong>&#8211; Inscripciones cerradas para este curso &#8211;<\/strong><\/span><\/p>\n<hr \/>\n<p style=\"text-align: center\"><em><strong>\u00a1Vamos al campo! Un recorrido por la pampa argentina entre el pasado y el presente <\/strong><\/em>(Mi\u00e9rcoles 18.30 a 20.30 hs)<br \/>\n24 y 31 de mayo; 7 y 14 de junio.<br \/>\n<a href=\"https:\/\/drive.google.com\/file\/d\/1Ggo4DGspTkFUv-7ncsFw7Fjckhw7VL8-\/view?usp=share_link\" target=\"_blank\" rel=\"noopener\">Programa del curso<\/a> (reedici\u00f3n del curso ya dictado en Primavera 2022)<br \/>\n<span style=\"color: #ff0000\"><strong>&#8211; Inscripciones cerradas para este curso &#8211;<\/strong><\/span><\/p>\n<hr \/>\n<p>&nbsp;<\/p>\n<div class=\"su-button-center\"><a href=\"https:\/\/forms.gle\/AN5HHWweerz4qHrM6\" class=\"su-button su-button-style-soft\" style=\"color:#454545;background-color:#ed8523;border-color:#be6b1c;border-radius:34px\" target=\"_blank\" rel=\"noopener noreferrer\"><span style=\"color:#454545;padding:6px 18px;font-size:14px;line-height:21px;border-color:#f3aa65;border-radius:34px;text-shadow:none\"><i class=\"sui sui-pencil\" style=\"font-size:14px;color:#454545\"><\/i> Click aqu\u00ed para rellenar el formulario de inscripci\u00f3n a Cursos Historias de\u00a0 Oto\u00f1o 2023<\/span><\/a><\/div>\n<p>&nbsp;<\/p>\n<hr \/>\n<p>&nbsp;<\/p>\n<p><span style=\"font-size: 12pt\"><em><strong><span style=\"color: #333399\">\u00bfQuer\u00e9s saber m\u00e1s de los cursos que se dictaron anteriormente?<\/span><\/strong><br \/>\n<\/em><a href=\"https:\/\/ffyh.unc.edu.ar\/historia\/extension-historia\/historias-de-verano-otono-2022\/\" target=\"_blank\" rel=\"noopener\">Link a p\u00e1gina de Cursos Historias de Verano \/ Oto\u00f1o 2022<\/a><\/span><br \/>\n<span style=\"font-size: 12pt\"><a href=\"https:\/\/ffyh.unc.edu.ar\/historia\/extension-historia\/historias-de-invierno-primavera-2022\/\" target=\"_blank\" rel=\"noopener\">Link a p\u00e1gina de Cursos Historias de Invierno \/ Primavera 2022<\/a><\/span><\/p>\n<p><span style=\"font-size: 12pt\"><em><strong><span style=\"color: #333399\">M\u00e1s informaci\u00f3n:<\/span><\/strong><br \/>\n<\/em>Equipo coordinador de los cursos Historias de Verano \/ Oto\u00f1o 2023<\/span><br \/>\n<span style=\"font-size: 12pt\"><a href=\"mailto:conhistoria@ffyh.unc.edu.ar\">conhistoria@ffyh.unc.edu.ar<\/a><\/span><\/p>\n<p><span style=\"font-size: 12pt\">Secretar\u00eda T\u00e9cnica de la Escuela de Historia, FFyH, UNC<\/span><br \/>\n<span style=\"font-size: 12pt\"><a href=\"mailto:historia@ffyh.unc.edu.ar\" target=\"_blank\" rel=\"noopener\">historia@ffyh.unc.edu.ar<\/a><\/span><\/p>\n<p><strong><span style=\"font-size: 12pt;color: #333399\"><em>\u00bfTe interesa conocer m\u00e1s acerca de la Escuela de Historia?<\/em><\/span><\/strong><br \/>\n<span style=\"font-size: 12pt\">Visit\u00e1 nuestro <a href=\"https:\/\/ffyh.unc.edu.ar\/historia\/\" target=\"_blank\" rel=\"noopener\">sitio institucional ffyh.unc.edu.ar\/historia<\/a> y nuestra memoria fotogr\u00e1fica, <a href=\"https:\/\/ffyh.unc.edu.ar\/historia\/pixeles\/\" target=\"_blank\" rel=\"noopener\"><strong><em>Historia en pixeles<\/em><\/strong><\/a>.<\/span><\/p>\n<p>&nbsp;<\/p>\n<p><strong><span style=\"font-size: 12pt;color: #333399\"><em>Nuestros canales oficiales de difusi\u00f3n:<\/em><\/span><\/strong><br \/>\n<span style=\"font-size: 12pt\"><strong>Facebook<\/strong>: <a href=\"https:\/\/www.facebook.com\/historiaunc\/\" target=\"_blank\" rel=\"noreferrer noopener\">\/historiaunc<\/a><\/span><br \/>\n<span style=\"font-size: 12pt\"><strong>Instagram<\/strong>: <a href=\"https:\/\/www.instagram.com\/historiaunc\/\" target=\"_blank\" rel=\"noreferrer noopener\">\/historiaunc<\/a><\/span><br \/>\n<span style=\"font-size: 12pt\"><strong>Youtube<\/strong>: <\/span><a href=\"http:\/\/youtube.com\/historiaunc\" target=\"_blank\" rel=\"noreferrer noopener\" data-type=\"URL\" data-id=\"http:\/\/youtube.com\/historiaunc\"><span style=\"font-size: 12pt\">\/historiaunc<\/span><\/a><\/p>\n","protected":false},"excerpt":{"rendered":"<p>Historias de Oto\u00f1o (2023) Cursos de Historia para Adultos Mayores La Escuela de Historia y la Secretar\u00eda de Extensi\u00f3n de la Facultad de Filosof\u00eda y Humanidades proponen cursos de extensi\u00f3n sobre temas hist\u00f3ricos para adultos mayores, con el objeto de fomentar el di\u00e1logo de saberes y la divulgaci\u00f3n social del conocimiento hist\u00f3rico. Son cursos abiertos,&#8230; <\/p>\n<div class=\"link-more\"><a href=\"https:\/\/ffyh.unc.edu.ar\/historia\/extension-historia\/historias-de-verano-otono-2023\/\">Lea m\u00e1s<\/a><\/div>\n","protected":false},"author":34,"featured_media":0,"parent":3485,"menu_order":3,"comment_status":"closed","ping_status":"closed","template":"","meta":{"_acf_changed":false,"_monsterinsights_skip_tracking":false,"_monsterinsights_sitenote_active":false,"_monsterinsights_sitenote_note":"","_monsterinsights_sitenote_category":0,"footnotes":""},"class_list":["post-5558","page","type-page","status-publish","hentry"],"acf":[],"jetpack_sharing_enabled":true,"_links":{"self":[{"href":"https:\/\/ffyh.unc.edu.ar\/historia\/wp-json\/wp\/v2\/pages\/5558","targetHints":{"allow":["GET"]}}],"collection":[{"href":"https:\/\/ffyh.unc.edu.ar\/historia\/wp-json\/wp\/v2\/pages"}],"about":[{"href":"https:\/\/ffyh.unc.edu.ar\/historia\/wp-json\/wp\/v2\/types\/page"}],"author":[{"embeddable":true,"href":"https:\/\/ffyh.unc.edu.ar\/historia\/wp-json\/wp\/v2\/users\/34"}],"replies":[{"embeddable":true,"href":"https:\/\/ffyh.unc.edu.ar\/historia\/wp-json\/wp\/v2\/comments?post=5558"}],"version-history":[{"count":1,"href":"https:\/\/ffyh.unc.edu.ar\/historia\/wp-json\/wp\/v2\/pages\/5558\/revisions"}],"predecessor-version":[{"id":5559,"href":"https:\/\/ffyh.unc.edu.ar\/historia\/wp-json\/wp\/v2\/pages\/5558\/revisions\/5559"}],"up":[{"embeddable":true,"href":"https:\/\/ffyh.unc.edu.ar\/historia\/wp-json\/wp\/v2\/pages\/3485"}],"wp:attachment":[{"href":"https:\/\/ffyh.unc.edu.ar\/historia\/wp-json\/wp\/v2\/media?parent=5558"}],"curies":[{"name":"wp","href":"https:\/\/api.w.org\/{rel}","templated":true}]}}