{"id":5577,"date":"2023-09-05T19:59:55","date_gmt":"2023-09-05T19:59:55","guid":{"rendered":"https:\/\/ffyh.unc.edu.ar\/historia\/?page_id=5577"},"modified":"2023-12-15T13:02:57","modified_gmt":"2023-12-15T13:02:57","slug":"historia-publica","status":"publish","type":"page","link":"https:\/\/ffyh.unc.edu.ar\/historia\/historia-publica\/","title":{"rendered":"Historia P\u00fablica"},"content":{"rendered":"<h2 class=\"hP\" data-thread-perm-id=\"thread-f:1770605260906175712\" data-legacy-thread-id=\"1892741a8dc01ce0\"><strong><span style=\"font-size: 12pt;font-family: helvetica, arial, sans-serif\">Ciclo 40 D, Argentina en democracia &#8211; Canal 10 (julio 2023)<\/span><\/strong><\/h2>\n<div class=\"pG\" role=\"switch\" data-tooltip-contained=\"true\" data-tooltip-align=\"b,l\" data-tooltip-delay=\"1500\" aria-label=\"Importante seg\u00fan el criterio de Google.\" data-is-important=\"true\">\n<div dir=\"auto\"><strong><span style=\"font-family: helvetica, arial, sans-serif;font-size: 12pt\">* Marta Philp y C\u00e9sar Tcach &#8211;\u00a0 Las elecciones del &#8217;83 (3 Bloques)<br \/>\n<div class=\"su-youtube su-u-responsive-media-yes\"><iframe loading=\"lazy\" width=\"300\" height=\"200\" src=\"https:\/\/www.youtube.com\/embed\/9bNSG5uj9TY?\" frameborder=\"0\" allowfullscreen allow=\"autoplay; encrypted-media; picture-in-picture\" title=\"\"><\/iframe><\/div>\n<\/span><\/strong><\/div>\n<p><strong><span style=\"font-size: 12pt;font-family: helvetica, arial, sans-serif\"><a href=\"https:\/\/youtu.be\/9bNSG5uj9TY\" target=\"_blank\" rel=\"noopener noreferrer\" data-saferedirecturl=\"https:\/\/www.google.com\/url?q=https:\/\/youtu.be\/9bNSG5uj9TY&amp;source=gmail&amp;ust=1694010986240000&amp;usg=AOvVaw0C8KizGF4WBhEu-lmDlEkz\"><div class=\"su-youtube su-u-responsive-media-yes\"><iframe loading=\"lazy\" width=\"300\" height=\"200\" src=\"https:\/\/www.youtube.com\/embed\/OCj28AqVsL8?\" frameborder=\"0\" allowfullscreen allow=\"autoplay; encrypted-media; picture-in-picture\" title=\"\"><\/iframe><\/div><\/a><\/span><\/strong><br \/>\n<strong><span style=\"font-family: helvetica, arial, sans-serif;font-size: 12pt\"><div class=\"su-youtube su-u-responsive-media-yes\"><iframe loading=\"lazy\" width=\"300\" height=\"200\" src=\"https:\/\/www.youtube.com\/embed\/ull0kah_XAA?\" frameborder=\"0\" allowfullscreen allow=\"autoplay; encrypted-media; picture-in-picture\" title=\"\"><\/iframe><\/div><\/span><\/strong><\/p>\n<div dir=\"auto\">\n<div dir=\"auto\"><strong><span style=\"font-family: helvetica, arial, sans-serif;font-size: 12pt\">* Laura Ortiz y C\u00e9sar Tcach &#8211; La ca\u00edda del gobierno de Alfons\u00edn (4 bloques)<br \/>\n<\/span><\/strong><\/div>\n<\/div>\n<div class=\"yj6qo\"><strong><span style=\"font-family: helvetica, arial, sans-serif;font-size: 12pt\"><div class=\"su-youtube su-u-responsive-media-yes\"><iframe loading=\"lazy\" width=\"300\" height=\"200\" src=\"https:\/\/www.youtube.com\/embed\/p18f0nhsUvY?\" frameborder=\"0\" allowfullscreen allow=\"autoplay; encrypted-media; picture-in-picture\" title=\"\"><\/iframe><\/div><\/span><\/strong><\/div>\n<div class=\"adL\" data-smartmail=\"gmail_signature\"><strong><span style=\"font-family: helvetica, arial, sans-serif;font-size: 12pt\"><div class=\"su-youtube su-u-responsive-media-yes\"><iframe loading=\"lazy\" width=\"300\" height=\"200\" src=\"https:\/\/www.youtube.com\/embed\/b2JdHHLyEN0?\" frameborder=\"0\" allowfullscreen allow=\"autoplay; encrypted-media; picture-in-picture\" title=\"\"><\/iframe><\/div><\/span><\/strong><br \/>\n<strong><span style=\"font-family: helvetica, arial, sans-serif;font-size: 12pt\"><div class=\"su-youtube su-u-responsive-media-yes\"><iframe loading=\"lazy\" width=\"300\" height=\"200\" src=\"https:\/\/www.youtube.com\/embed\/BD8dO2rs6Oc?\" frameborder=\"0\" allowfullscreen allow=\"autoplay; encrypted-media; picture-in-picture\" title=\"\"><\/iframe><\/div><\/span><\/strong><br \/>\n<strong><span style=\"font-family: helvetica, arial, sans-serif;font-size: 12pt\"><div class=\"su-youtube su-u-responsive-media-yes\"><iframe loading=\"lazy\" width=\"300\" height=\"200\" src=\"https:\/\/www.youtube.com\/embed\/mazUVKHvoNo?\" frameborder=\"0\" allowfullscreen allow=\"autoplay; encrypted-media; picture-in-picture\" title=\"\"><\/iframe><\/div><\/span><\/strong><\/p>\n<div id=\"title\" class=\"style-scope ytd-watch-metadata\">\n<h4 class=\"style-scope ytd-watch-metadata\"><strong><span style=\"font-size: 12pt;font-family: helvetica, arial, sans-serif\"><br \/>\n* Silvana Yomaha<br \/>\nProyecto Amenmose<br \/>\n<\/span><\/strong><span style=\"font-size: 12pt;font-family: helvetica, arial, sans-serif\"><div class=\"su-youtube su-u-responsive-media-yes\"><iframe loading=\"lazy\" width=\"200\" height=\"200\" src=\"https:\/\/www.youtube.com\/embed\/3LZT9YBl-RU?\" frameborder=\"0\" allowfullscreen allow=\"autoplay; encrypted-media; picture-in-picture\" title=\"\"><\/iframe><\/div><\/span><span style=\"font-size: 12pt;font-family: helvetica, arial, sans-serif\"><br \/>\n<\/span><span style=\"font-size: 12pt;font-family: helvetica, arial, sans-serif\"><div class=\"su-youtube su-u-responsive-media-yes\"><iframe loading=\"lazy\" width=\"200\" height=\"200\" src=\"https:\/\/www.youtube.com\/embed\/PXg794PZOuo?\" frameborder=\"0\" allowfullscreen allow=\"autoplay; encrypted-media; picture-in-picture\" title=\"\"><\/iframe><\/div>\n<div class=\"su-youtube su-u-responsive-media-yes\"><iframe loading=\"lazy\" width=\"200\" height=\"200\" src=\"https:\/\/www.youtube.com\/embed\/Cg0gbb88-_Y?\" frameborder=\"0\" allowfullscreen allow=\"autoplay; encrypted-media; picture-in-picture\" title=\"\"><\/iframe><\/div>\n<\/span><\/h4>\n<p>La fundaci\u00f3n de C\u00f3rdoba, a 450 a\u00f1os, Canal 10 (julio 2023)<\/p>\n<p><strong><span style=\"font-family: helvetica, arial, sans-serif;font-size: 12pt\">* Isabel Castro Ola\u00f1eta<\/span><\/strong><br \/>\n<strong><span style=\"font-family: helvetica, arial, sans-serif;font-size: 12pt\"><div class=\"su-youtube su-u-responsive-media-yes\"><iframe loading=\"lazy\" width=\"300\" height=\"200\" src=\"https:\/\/www.youtube.com\/embed\/TsayN98GD4o?\" frameborder=\"0\" allowfullscreen allow=\"autoplay; encrypted-media; picture-in-picture\" title=\"\"><\/iframe><\/div><\/span><\/strong><\/p>\n<\/div>\n<div id=\"top-row\" class=\"style-scope ytd-watch-metadata\">\n<div id=\"owner\" class=\"item style-scope ytd-watch-metadata\">\n<h4 class=\"style-scope ytd-watch-metadata\"><strong><span style=\"font-family: helvetica, arial, sans-serif;font-size: 12pt\">La Voz del Interior, podcast: La C\u00f3rdoba desconocida<\/span><\/strong><\/h4>\n<p><strong><span style=\"font-family: helvetica, arial, sans-serif;font-size: 12pt\">* Adri\u00e1n Carbonetti: Dos epidemias con varios puntos en com\u00fan<br \/>\n<\/span><\/strong><strong><span style=\"font-size: 12pt;font-family: helvetica, arial, sans-serif\"><div class=\"su-youtube su-u-responsive-media-yes\"><iframe loading=\"lazy\" width=\"300\" height=\"200\" src=\"https:\/\/www.youtube.com\/embed\/cn1XNIdPfhA?\" frameborder=\"0\" allowfullscreen allow=\"autoplay; encrypted-media; picture-in-picture\" title=\"\"><\/iframe><\/div>\n<\/span><\/strong><\/p>\n<p><strong><span style=\"font-family: helvetica, arial, sans-serif;font-size: 12pt\">* Cecilia Moreyra: La C\u00f3rdoba desconocida, Cap 3: Vida cotidiana en la C\u00f3rdoba del siglo XIX y el espacio dom\u00e9stico<br \/>\n<div class=\"su-youtube su-u-responsive-media-yes\"><iframe loading=\"lazy\" width=\"300\" height=\"200\" src=\"https:\/\/www.youtube.com\/embed\/Q5a5Uey7eSo?\" frameborder=\"0\" allowfullscreen allow=\"autoplay; encrypted-media; picture-in-picture\" title=\"\"><\/iframe><\/div><\/span><\/strong><\/p>\n<\/div>\n<\/div>\n<\/div>\n<\/div>\n","protected":false},"excerpt":{"rendered":"<p>Ciclo 40 D, Argentina en democracia &#8211; Canal 10 (julio 2023) * Marta Philp y C\u00e9sar Tcach &#8211;\u00a0 Las elecciones del &#8217;83 (3 Bloques) * Laura Ortiz y C\u00e9sar Tcach &#8211; La ca\u00edda del gobierno de Alfons\u00edn (4 bloques) * Silvana Yomaha Proyecto Amenmose La fundaci\u00f3n de C\u00f3rdoba, a 450 a\u00f1os, Canal 10 (julio 2023)&#8230; <\/p>\n<div class=\"link-more\"><a href=\"https:\/\/ffyh.unc.edu.ar\/historia\/historia-publica\/\">Lea m\u00e1s<\/a><\/div>\n","protected":false},"author":34,"featured_media":0,"parent":0,"menu_order":70,"comment_status":"closed","ping_status":"closed","template":"","meta":{"_acf_changed":false,"saved_in_kubio":false,"_monsterinsights_skip_tracking":false,"_monsterinsights_sitenote_active":false,"_monsterinsights_sitenote_note":"","_monsterinsights_sitenote_category":0,"footnotes":""},"class_list":["post-5577","page","type-page","status-publish","hentry"],"acf":[],"kubio_ai_page_context":{"short_desc":"","purpose":"general"},"jetpack_sharing_enabled":true,"_links":{"self":[{"href":"https:\/\/ffyh.unc.edu.ar\/historia\/wp-json\/wp\/v2\/pages\/5577","targetHints":{"allow":["GET"]}}],"collection":[{"href":"https:\/\/ffyh.unc.edu.ar\/historia\/wp-json\/wp\/v2\/pages"}],"about":[{"href":"https:\/\/ffyh.unc.edu.ar\/historia\/wp-json\/wp\/v2\/types\/page"}],"author":[{"embeddable":true,"href":"https:\/\/ffyh.unc.edu.ar\/historia\/wp-json\/wp\/v2\/users\/34"}],"replies":[{"embeddable":true,"href":"https:\/\/ffyh.unc.edu.ar\/historia\/wp-json\/wp\/v2\/comments?post=5577"}],"version-history":[{"count":16,"href":"https:\/\/ffyh.unc.edu.ar\/historia\/wp-json\/wp\/v2\/pages\/5577\/revisions"}],"predecessor-version":[{"id":5790,"href":"https:\/\/ffyh.unc.edu.ar\/historia\/wp-json\/wp\/v2\/pages\/5577\/revisions\/5790"}],"wp:attachment":[{"href":"https:\/\/ffyh.unc.edu.ar\/historia\/wp-json\/wp\/v2\/media?parent=5577"}],"curies":[{"name":"wp","href":"https:\/\/api.w.org\/{rel}","templated":true}]}}