{"id":5716,"date":"2023-11-30T20:34:59","date_gmt":"2023-11-30T20:34:59","guid":{"rendered":"https:\/\/ffyh.unc.edu.ar\/historia\/?page_id=5716"},"modified":"2023-12-15T12:40:46","modified_gmt":"2023-12-15T12:40:46","slug":"cursos-historias-de-invierno-primavera-2023","status":"publish","type":"page","link":"https:\/\/ffyh.unc.edu.ar\/historia\/extension-historia\/cursos-historias-de-invierno-primavera-2023\/","title":{"rendered":"Historias de Invierno \/ Primavera 2023"},"content":{"rendered":"<p><img data-recalc-dims=\"1\" fetchpriority=\"high\" decoding=\"async\" data-attachment-id=\"5568\" data-permalink=\"https:\/\/ffyh.unc.edu.ar\/historia\/extension-historia\/hras-de-inv-primav-2023\/\" data-orig-file=\"https:\/\/i0.wp.com\/ffyh.unc.edu.ar\/historia\/wp-content\/uploads\/sites\/37\/2023\/08\/Hras-de-Inv-Primav-2023.png?fit=1024%2C392&amp;ssl=1\" data-orig-size=\"1024,392\" data-comments-opened=\"0\" data-image-meta=\"{&quot;aperture&quot;:&quot;0&quot;,&quot;credit&quot;:&quot;&quot;,&quot;camera&quot;:&quot;&quot;,&quot;caption&quot;:&quot;&quot;,&quot;created_timestamp&quot;:&quot;0&quot;,&quot;copyright&quot;:&quot;&quot;,&quot;focal_length&quot;:&quot;0&quot;,&quot;iso&quot;:&quot;0&quot;,&quot;shutter_speed&quot;:&quot;0&quot;,&quot;title&quot;:&quot;&quot;,&quot;orientation&quot;:&quot;0&quot;}\" data-image-title=\"Hras de Inv-Primav 2023\" data-image-description=\"\" data-image-caption=\"\" data-medium-file=\"https:\/\/i0.wp.com\/ffyh.unc.edu.ar\/historia\/wp-content\/uploads\/sites\/37\/2023\/08\/Hras-de-Inv-Primav-2023.png?fit=300%2C115&amp;ssl=1\" data-large-file=\"https:\/\/i0.wp.com\/ffyh.unc.edu.ar\/historia\/wp-content\/uploads\/sites\/37\/2023\/08\/Hras-de-Inv-Primav-2023.png?fit=1000%2C383&amp;ssl=1\" class=\"aligncenter wp-image-5568 size-medium_large\" src=\"https:\/\/i0.wp.com\/ffyh.unc.edu.ar\/historia\/wp-content\/uploads\/sites\/37\/2023\/08\/Hras-de-Inv-Primav-2023.png?resize=768%2C294\" alt=\"\" width=\"768\" height=\"294\" srcset=\"https:\/\/i0.wp.com\/ffyh.unc.edu.ar\/historia\/wp-content\/uploads\/sites\/37\/2023\/08\/Hras-de-Inv-Primav-2023.png?resize=768%2C294&amp;ssl=1 768w, https:\/\/i0.wp.com\/ffyh.unc.edu.ar\/historia\/wp-content\/uploads\/sites\/37\/2023\/08\/Hras-de-Inv-Primav-2023.png?resize=300%2C115&amp;ssl=1 300w, https:\/\/i0.wp.com\/ffyh.unc.edu.ar\/historia\/wp-content\/uploads\/sites\/37\/2023\/08\/Hras-de-Inv-Primav-2023.png?resize=600%2C230&amp;ssl=1 600w, https:\/\/i0.wp.com\/ffyh.unc.edu.ar\/historia\/wp-content\/uploads\/sites\/37\/2023\/08\/Hras-de-Inv-Primav-2023.png?w=1024&amp;ssl=1 1024w\" sizes=\"(max-width: 768px) 100vw, 768px\" \/><\/p>\n<p><b><i>Historias de Invierno \/ Historias de Primavera 2023<br \/>\n<\/i><\/b><\/p>\n<p><b>Cursos de Historia para Adultos Mayores<br \/>\n<\/b><\/p>\n<hr \/>\n<p>La Escuela de Historia y la Secretar\u00eda de Extensi\u00f3n de la Facultad de Filosof\u00eda y Humanidades proponen cursos de extensi\u00f3n sobre temas hist\u00f3ricos para adultos mayores, con el objeto de fomentar el di\u00e1logo de saberes y la divulgaci\u00f3n social del conocimiento hist\u00f3rico. Son cursos abiertos, p\u00fablicos y gratuitos, desarrollados a trav\u00e9s de encuentros virtuales semanales de 2 hs (por plataforma <strong>Google Meet<\/strong>), entre agosto y noviembre (<em>Historias de Primavera<\/em>). La diversidad de tem\u00e1ticas, abordadas por equipos de docentes, egresados\/as y estudiantes de nuestra Escuela busca generar un di\u00e1logo amplio y diverso en torno a la historia.<\/p>\n<p><strong>Las inscripciones para los cursos de Invierno\/Primavera 2023<br \/>\n<\/strong><strong>se realizan mediante LINK a Formulario ubicado al final de esta p\u00e1gina<\/strong><strong><br \/>\n<\/strong><\/p>\n<hr \/>\n<p><strong>Grilla de cursos<br \/>\n<\/strong><\/p>\n<p><strong>SEPTIEMBRE<\/strong><\/p>\n<p><em><strong>\u00bfQu\u00e9 hay de verdad en la historia? <\/strong><\/em>(Martes de 16 a 18 hs)<br \/>\n12, 19 y 26 de septiembre; 3 de octubre.<br \/>\n<a href=\"https:\/\/drive.google.com\/file\/d\/16ENKWY1yEVwn9rlwem5u2-vERDdnkcMb\/view?usp=drive_link\" target=\"_blank\" rel=\"noopener\">Programa del curso<\/a><br \/>\n<strong>Inscripci\u00f3n finalizada<\/strong><\/p>\n<p><em><strong>\u00bfUna multitud sin rostro? Estudios de caso sobre racismo, etnicidad y xenofobia en el mundo del trabajo <\/strong><\/em>(Mi\u00e9rcoles 18 a 20 hs)<br \/>\n6, 13, 20 y 27 de septiembre<br \/>\n<a href=\"https:\/\/drive.google.com\/file\/d\/1QiwYJ9iMtflhPE-MzHru_bZjNRJobqu5\/view?usp=drive_link\" target=\"_blank\" rel=\"noopener\">Programa del curso<\/a><br \/>\n<strong>Inscripci\u00f3n finalizada<\/strong><\/p>\n<p><strong>\u00a0<\/strong><\/p>\n<p><strong>OCTUBRE<\/strong><\/p>\n<p><em><strong>Reforma neoliberal del Estado Argentino en los &#8217;90 y sus resistencias sindicales en C\u00f3rdoba <\/strong><\/em>(Mi\u00e9rcoles 18.30 a 20.30 hs)<br \/>\n4, 11, 18 y 25 de octubre<br \/>\n<a href=\"https:\/\/drive.google.com\/file\/d\/1JG01jvwBr-z3nphO3XbLTgpQ1niWWpAM\/view?usp=drive_link\" target=\"_blank\" rel=\"noopener\">Programa del curso<\/a><br \/>\n<strong>Inscripci\u00f3n finalizada<\/strong><\/p>\n<p><em><strong>Descifrando paredes: experimentar las im\u00e1genes e interpretaci\u00f3n de pr\u00e1cticas rituales en Egipto (ayer y hoy)<\/strong> <\/em>(Martes 16 a 18 hs)<br \/>\n10, 17, 24 y 31 de octubre<br \/>\n<a href=\"https:\/\/drive.google.com\/file\/d\/1I1vgWq1on0YUA-NG5jPc_Klj6fstseby\/view?usp=drive_link\" target=\"_blank\" rel=\"noopener\">Programa del curso<\/a><br \/>\n<strong>Inscripci\u00f3n finalizada<\/strong><\/p>\n<p><em><strong>\u00bfC\u00f3mo que anarquistas en los setenta?&#8230;Notas sobre el movimiento libertario en la Historia reciente argentina <\/strong><\/em>(Mi\u00e9rcoles de 10 a 12 hs)<br \/>\n18 y 25 de octubre, 1 y 8 de noviembre<br \/>\n<a href=\"https:\/\/drive.google.com\/file\/d\/1YYrkw1_dQHxEhnjpiz7HM-VtA19jrtU7\/view?usp=drive_link\" target=\"_blank\" rel=\"noopener\">Programa del curso<\/a><br \/>\n<strong>Inscripci\u00f3n finalizada<\/strong><\/p>\n<p><em><strong>\u00bfQu\u00e9 historias escribimos y contamos a 450 a\u00f1os de la fundaci\u00f3n de C\u00f3rdoba? <\/strong><\/em>(Jueves 18 a 20 hs)<br \/>\n19 y 26 de octubre, 2 y 9 de noviembre<br \/>\n<a href=\"https:\/\/drive.google.com\/file\/d\/1fCbS01AaG53Yl0ik3HOT0OTWgwFvND8Z\/view?usp=drive_link\" target=\"_blank\" rel=\"noopener\">Programa del curso<\/a><br \/>\n<strong>Inscripci\u00f3n finalizada<\/strong><\/p>\n<p><em><strong>Espiritualidad y Religiosidad en la Alta Edad Media: Papado, reliquias y movimientos de paz <\/strong><\/em>(Lunes de 16 a 18 hs)<br \/>\n23 y 30 de octubre, 6 y 13 de noviembre<br \/>\n<a href=\"https:\/\/drive.google.com\/file\/d\/1LeecBCO9lfOctAzL9AdgVHf5Xdm2RDye\/view?usp=drive_link\" target=\"_blank\" rel=\"noopener\">Programa del curso<\/a><br \/>\n<strong>Inscripci\u00f3n finalizada<\/strong><\/p>\n<p><strong><em>Entre papiros y pergaminos: bibliotecas y lectura en el mundo antiguo<\/em>\u00a0<\/strong>(viernes 16 a 18 hs)<br \/>\n27 de octubre; 3, 10 y 17 de noviembre<br \/>\n<a href=\"https:\/\/drive.google.com\/file\/d\/1mQ_4qON2zd8YzevKOUGR_7O6Mx74-jxy\/view?usp=drive_link\" target=\"_blank\" rel=\"noopener\">Programa del curso<\/a><br \/>\n<strong>Inscripci\u00f3n finalizada<\/strong><\/p>\n<p><strong><em>Atenas, de la aristocracia a la democracia (siglos VIII-V a.C.)<\/em>\u00a0<\/strong>(Martes 10 a 12 hs)<br \/>\n31 de octubre; 7, 14 y 21 de noviembre<br \/>\n<a href=\"https:\/\/drive.google.com\/file\/d\/1UK3SzIcWMjatJwyHHj60cg13HpUc8hTj\/view?usp=drive_link\" target=\"_blank\" rel=\"noopener\">Programa del curso<\/a><br \/>\n<strong>Inscripci\u00f3n finalizada<\/strong><\/p>\n<p><strong>\u00a0<\/strong><\/p>\n<p><strong>NOVIEMBRE<\/strong><\/p>\n<p><strong><em>Pero c\u00f3mo\u2026\u00bflos comechingones no vivieron en casas pozo? Presente y pasado de las investigaciones arqueol\u00f3gicas en C\u00f3rdoba<\/em> <\/strong>(jueves de 10 a 12 hs)<br \/>\n2, 9, 16 y 23 de noviembre<br \/>\n<a href=\"https:\/\/drive.google.com\/file\/d\/1aDQSA06UTLn3OlPRbO8Cc0Y327sUTfxs\/view?usp=drive_link\" target=\"_blank\" rel=\"noopener\">Programa del curso<\/a><br \/>\n<strong>Inscripci\u00f3n finalizada<\/strong><\/p>\n<p><em><strong>Lo cotidiano se vuelve m\u00e1gico&#8230; otras lecturas sobre la ciudad <\/strong><\/em>(martes de 18 a 20 hs)<br \/>\n7, 14, 21 y 28 de noviembre<br \/>\n<a href=\"https:\/\/drive.google.com\/file\/d\/1aDpOJPFijPIjSLlxHqVTDPQDHckDZXua\/view?usp=drive_link\" target=\"_blank\" rel=\"noopener\">Programa del curso<\/a><br \/>\n<strong>Inscripci\u00f3n finalizada<\/strong><\/p>\n","protected":false},"excerpt":{"rendered":"<p>Historias de Invierno \/ Historias de Primavera 2023 Cursos de Historia para Adultos Mayores La Escuela de Historia y la Secretar\u00eda de Extensi\u00f3n de la Facultad de Filosof\u00eda y Humanidades proponen cursos de extensi\u00f3n sobre temas hist\u00f3ricos para adultos mayores, con el objeto de fomentar el di\u00e1logo de saberes y la divulgaci\u00f3n social del conocimiento&#8230; <\/p>\n<div class=\"link-more\"><a href=\"https:\/\/ffyh.unc.edu.ar\/historia\/extension-historia\/cursos-historias-de-invierno-primavera-2023\/\">Lea m\u00e1s<\/a><\/div>\n","protected":false},"author":34,"featured_media":0,"parent":3485,"menu_order":4,"comment_status":"closed","ping_status":"closed","template":"","meta":{"_acf_changed":false,"_monsterinsights_skip_tracking":false,"_monsterinsights_sitenote_active":false,"_monsterinsights_sitenote_note":"","_monsterinsights_sitenote_category":0,"footnotes":""},"class_list":["post-5716","page","type-page","status-publish","hentry"],"acf":[],"jetpack_sharing_enabled":true,"_links":{"self":[{"href":"https:\/\/ffyh.unc.edu.ar\/historia\/wp-json\/wp\/v2\/pages\/5716","targetHints":{"allow":["GET"]}}],"collection":[{"href":"https:\/\/ffyh.unc.edu.ar\/historia\/wp-json\/wp\/v2\/pages"}],"about":[{"href":"https:\/\/ffyh.unc.edu.ar\/historia\/wp-json\/wp\/v2\/types\/page"}],"author":[{"embeddable":true,"href":"https:\/\/ffyh.unc.edu.ar\/historia\/wp-json\/wp\/v2\/users\/34"}],"replies":[{"embeddable":true,"href":"https:\/\/ffyh.unc.edu.ar\/historia\/wp-json\/wp\/v2\/comments?post=5716"}],"version-history":[{"count":2,"href":"https:\/\/ffyh.unc.edu.ar\/historia\/wp-json\/wp\/v2\/pages\/5716\/revisions"}],"predecessor-version":[{"id":5787,"href":"https:\/\/ffyh.unc.edu.ar\/historia\/wp-json\/wp\/v2\/pages\/5716\/revisions\/5787"}],"up":[{"embeddable":true,"href":"https:\/\/ffyh.unc.edu.ar\/historia\/wp-json\/wp\/v2\/pages\/3485"}],"wp:attachment":[{"href":"https:\/\/ffyh.unc.edu.ar\/historia\/wp-json\/wp\/v2\/media?parent=5716"}],"curies":[{"name":"wp","href":"https:\/\/api.w.org\/{rel}","templated":true}]}}