{"id":60,"date":"2020-06-20T14:51:40","date_gmt":"2020-06-20T14:51:40","guid":{"rendered":"https:\/\/ffyh.unc.edu.ar\/historia\/?page_id=60"},"modified":"2026-02-03T16:03:10","modified_gmt":"2026-02-03T16:03:10","slug":"principal","status":"publish","type":"page","link":"https:\/\/ffyh.unc.edu.ar\/historia\/","title":{"rendered":"\u00a1Bienvenides!"},"content":{"rendered":"<h2><img data-recalc-dims=\"1\" fetchpriority=\"high\" decoding=\"async\" data-attachment-id=\"6790\" data-permalink=\"https:\/\/ffyh.unc.edu.ar\/historia\/principal\/web\/\" data-orig-file=\"https:\/\/i0.wp.com\/ffyh.unc.edu.ar\/historia\/wp-content\/uploads\/sites\/37\/2026\/02\/Banner-EH-2026.jpg?fit=1080%2C200&amp;ssl=1\" data-orig-size=\"1080,200\" data-comments-opened=\"0\" data-image-meta=\"{&quot;aperture&quot;:&quot;0&quot;,&quot;credit&quot;:&quot;&quot;,&quot;camera&quot;:&quot;&quot;,&quot;caption&quot;:&quot;Web&quot;,&quot;created_timestamp&quot;:&quot;1770118657&quot;,&quot;copyright&quot;:&quot;&quot;,&quot;focal_length&quot;:&quot;0&quot;,&quot;iso&quot;:&quot;0&quot;,&quot;shutter_speed&quot;:&quot;0&quot;,&quot;title&quot;:&quot;Web&quot;,&quot;orientation&quot;:&quot;0&quot;}\" data-image-title=\"\" data-image-description=\"\" data-image-caption=\"\" data-medium-file=\"https:\/\/i0.wp.com\/ffyh.unc.edu.ar\/historia\/wp-content\/uploads\/sites\/37\/2026\/02\/Banner-EH-2026.jpg?fit=300%2C56&amp;ssl=1\" data-large-file=\"https:\/\/i0.wp.com\/ffyh.unc.edu.ar\/historia\/wp-content\/uploads\/sites\/37\/2026\/02\/Banner-EH-2026.jpg?fit=1000%2C186&amp;ssl=1\" class=\"alignleft size-dyad-featured-image-horz wp-image-6790\" src=\"https:\/\/i0.wp.com\/ffyh.unc.edu.ar\/historia\/wp-content\/uploads\/sites\/37\/2026\/02\/Banner-EH-2026.jpg?resize=960%2C200\" alt=\"\" width=\"960\" height=\"200\" \/><\/h2>\n<h2><strong><em><span style=\"font-size: 18pt\">\u00bfPara qu\u00e9 la Historia?<\/span><\/em><\/strong><\/h2>\n<p style=\"text-align: justify\">Desde la historia relato escrita en el mundo griego existieron diferentes formas de construir la historia, fundadas en diversos supuestos acerca de la naturaleza humana, las acciones de los hombres, la concepci\u00f3n del tiempo, de la cultura o el funcionamiento de las sociedades.<\/p>\n<p style=\"text-align: justify\">Si bien la historia como actividad de reconstrucci\u00f3n del pasado tuvo un espacio importante desde la cultura griega, el siglo XIX constituye un momento privilegiado para su desarrollo como disciplina. En ese contexto de surgimiento de nuevos saberes sociales y bajo el predominio del modelo de las ciencias naturales, la Historia busc\u00f3 un espacio propio y logr\u00f3 estatuto cient\u00edfico: es la \u00e9poca de construcci\u00f3n de las grandes historias nacionales.<\/p>\n<p style=\"text-align: justify\">Durante el siglo XX, ampli\u00f3 sus fronteras y objetos de estudio y se vincul\u00f3 con otras ciencias que estudian la realidad social presente y pasada, en sus dimensiones econ\u00f3mica, pol\u00edtica, ideol\u00f3gica, social, cultural. De este modo, distintos cientistas sociales (ge\u00f3grafes, historiadores, soci\u00f3logues, economistes, antrop\u00f3logues) construyeron conocimiento interdisciplinario con m\u00faltiples miradas y saberes sobre un mismo objeto de estudio, a partir de la formulaci\u00f3n de problemas y preguntas a acontecimientos y procesos hist\u00f3ricos del pasado, lejano y reciente, momentos clave para comprender el presente. Como plantea el historiador catal\u00e1n Josep Fontana (1992), es importante aprender a pensar el pasado en t\u00e9rminos de encrucijada, en la que fueron posibles diversas opciones, evitando admitir sin discusi\u00f3n que la f\u00f3rmula que se impuso haya sido la \u00fanica o la mejor.<\/p>\n<p style=\"text-align: justify\">\u00bfPara qu\u00e9 la historia, entonces? \u00bfCu\u00e1l es su rol y su funci\u00f3n social? La Historia es un oficio milenario, una pr\u00e1ctica que se realiza desde un determinado lugar y que consiste en recuperar el tiempo pasado para comprenderlo y explicarlo con herramientas propias de este oficio. Les historiadores reconstruimos procesos hist\u00f3ricos y construimos historias que son clave para la conformaci\u00f3n de identidades y procesos de legitimaci\u00f3n pol\u00edtica, en los que participan actores que llevan a cabo sus operaciones de memoria, interpretan el pasado desde el presente que los interpela.<\/p>\n<p style=\"text-align: justify\">De este modo, les historiadores contribuyen a la creaci\u00f3n de una dimensi\u00f3n temporal dentro de la sociedad que implica esclarecer y explicar el presente a trav\u00e9s del conocimiento y comprensi\u00f3n del pasado, posibilitando la construcci\u00f3n de un futuro mejor. Es su funci\u00f3n tambi\u00e9n ayudar a la socieddad a comprender la realidad social e hist\u00f3rica; favorecer el reconocimiento de las propias ra\u00edces para colaborar en la construcci\u00f3n de identidades y conciencia hist\u00f3rica y transmitir conocimientos culturales, c\u00edvicos y sociales.<\/p>\n<p style=\"text-align: justify\">Como expresa el historiador mexicano Enrique Florescano (2013), \u201cel estudio de la historia, a la vez que ilumina los mecanismos que impulsaron el desarrollo de los pueblos, informa sobre las ideas que esos pueblos se hicieron de su desenvolvimiento hist\u00f3rico, y permite registrar la variedad de artefactos que imaginaron para almacenar, retener y difundir la memoria del pasado. Las sociedades tienen muchos pasados, tantos como construyeron o imaginaron los grupos que coexistieron en ellas\u201d.<\/p>\n<p style=\"text-align: justify\">En s\u00edntesis, \u201cLa Historia es anal\u00edtica y reflexiva, resultado de una operaci\u00f3n intelectual, intenta sacar a la luz las estructuras subyacentes de los acontecimientos, las relaciones sociales en las que est\u00e1n implicados los hombres y las motivaciones de sus actos. La verdad \u2013resultado de la investigaci\u00f3n- no tiene un car\u00e1cter normativo; es provisional, jam\u00e1s definitiva\u201d (Traverso, 2007).<\/p>\n<p style=\"text-align: right\"><span style=\"font-size: 12pt\"><strong><em>(Texto elaborado a partir de un escrito de la Prof. Marta Philp)<\/em><\/strong><\/span><\/p>\n<hr \/>\n<h2><em><span style=\"font-size: 18pt\"><strong>La Escuela hoy<\/strong><\/span><\/em><\/h2>\n<figure id=\"attachment_160\" aria-describedby=\"caption-attachment-160\" style=\"width: 300px\" class=\"wp-caption alignright\"><a href=\"https:\/\/i0.wp.com\/ffyh.unc.edu.ar\/historia\/wp-content\/uploads\/sites\/37\/2020\/06\/IMG_1894-2.jpg\"><img data-recalc-dims=\"1\" decoding=\"async\" data-attachment-id=\"160\" data-permalink=\"https:\/\/ffyh.unc.edu.ar\/historia\/img_1894-2\/\" data-orig-file=\"https:\/\/i0.wp.com\/ffyh.unc.edu.ar\/historia\/wp-content\/uploads\/sites\/37\/2020\/06\/IMG_1894-2.jpg?fit=2457%2C1580&amp;ssl=1\" data-orig-size=\"2457,1580\" data-comments-opened=\"1\" data-image-meta=\"{&quot;aperture&quot;:&quot;2.8&quot;,&quot;credit&quot;:&quot;&quot;,&quot;camera&quot;:&quot;Canon PowerShot G16&quot;,&quot;caption&quot;:&quot;&quot;,&quot;created_timestamp&quot;:&quot;1562338460&quot;,&quot;copyright&quot;:&quot;&quot;,&quot;focal_length&quot;:&quot;6.1&quot;,&quot;iso&quot;:&quot;160&quot;,&quot;shutter_speed&quot;:&quot;0.0008&quot;,&quot;title&quot;:&quot;&quot;,&quot;orientation&quot;:&quot;1&quot;}\" data-image-title=\"Comunidad EH 2019\" data-image-description=\"&lt;p&gt;D\u00eda de Les Historiadores, julio de 2019.&lt;\/p&gt;\n\" data-image-caption=\"\" data-medium-file=\"https:\/\/i0.wp.com\/ffyh.unc.edu.ar\/historia\/wp-content\/uploads\/sites\/37\/2020\/06\/IMG_1894-2.jpg?fit=300%2C193&amp;ssl=1\" data-large-file=\"https:\/\/i0.wp.com\/ffyh.unc.edu.ar\/historia\/wp-content\/uploads\/sites\/37\/2020\/06\/IMG_1894-2.jpg?fit=1000%2C643&amp;ssl=1\" class=\"wp-image-160 size-medium\" src=\"https:\/\/i0.wp.com\/ffyh.unc.edu.ar\/historia\/wp-content\/uploads\/sites\/37\/2020\/06\/IMG_1894-2.jpg?resize=300%2C193\" alt=\"\" width=\"300\" height=\"193\" srcset=\"https:\/\/i0.wp.com\/ffyh.unc.edu.ar\/historia\/wp-content\/uploads\/sites\/37\/2020\/06\/IMG_1894-2.jpg?resize=300%2C193&amp;ssl=1 300w, https:\/\/i0.wp.com\/ffyh.unc.edu.ar\/historia\/wp-content\/uploads\/sites\/37\/2020\/06\/IMG_1894-2.jpg?resize=1024%2C658&amp;ssl=1 1024w, https:\/\/i0.wp.com\/ffyh.unc.edu.ar\/historia\/wp-content\/uploads\/sites\/37\/2020\/06\/IMG_1894-2.jpg?resize=768%2C494&amp;ssl=1 768w, https:\/\/i0.wp.com\/ffyh.unc.edu.ar\/historia\/wp-content\/uploads\/sites\/37\/2020\/06\/IMG_1894-2.jpg?resize=1536%2C988&amp;ssl=1 1536w, https:\/\/i0.wp.com\/ffyh.unc.edu.ar\/historia\/wp-content\/uploads\/sites\/37\/2020\/06\/IMG_1894-2.jpg?resize=2048%2C1317&amp;ssl=1 2048w, https:\/\/i0.wp.com\/ffyh.unc.edu.ar\/historia\/wp-content\/uploads\/sites\/37\/2020\/06\/IMG_1894-2.jpg?resize=467%2C300&amp;ssl=1 467w\" sizes=\"(max-width: 300px) 100vw, 300px\" \/><\/a><figcaption id=\"caption-attachment-160\" class=\"wp-caption-text\"><em>D\u00eda de Les Historiadores, julio de 2019.<\/em><\/figcaption><\/figure>\n<p style=\"text-align: justify\">Historia recibe m\u00e1s de 400 alumnes ingresantes por a\u00f1o y es una de las Escuelas m\u00e1s numerosas en n\u00famero de estudiantes y profesores de la Facultad. Cuenta con una planta docente de m\u00e1s de 80 profesionales y un numeroso conjunto de egresades con actuaci\u00f3n en \u00e1mbitos educativos de varios niveles, en investigaci\u00f3n, en gesti\u00f3n de institucionales y en divulgaci\u00f3n p\u00fablica del conocimiento hist\u00f3rico, entre otras posibilidades laborales y profesionales que se ofrecen a quien egresa de algunas de las carreras que se dictan en la Escuela de Historia.<\/p>\n<hr \/>\n<h2><em><span style=\"font-size: 18pt\"><strong>Un poco de historia<\/strong><\/span><\/em><\/h2>\n<figure id=\"attachment_88\" aria-describedby=\"caption-attachment-88\" style=\"width: 250px\" class=\"wp-caption aligncenter\"><a href=\"https:\/\/i0.wp.com\/ffyh.unc.edu.ar\/historia\/wp-content\/uploads\/sites\/37\/2020\/06\/1er-a%C3%B1o-historia-museo-la-plata-e1592680465459.jpg\"><img data-recalc-dims=\"1\" decoding=\"async\" data-attachment-id=\"88\" data-permalink=\"https:\/\/ffyh.unc.edu.ar\/historia\/principal\/1er-ano-historia-museo-la-plata\/\" data-orig-file=\"https:\/\/i0.wp.com\/ffyh.unc.edu.ar\/historia\/wp-content\/uploads\/sites\/37\/2020\/06\/1er-a%C3%B1o-historia-museo-la-plata-e1592680465459.jpg?fit=948%2C777&amp;ssl=1\" data-orig-size=\"948,777\" data-comments-opened=\"1\" data-image-meta=\"{&quot;aperture&quot;:&quot;0&quot;,&quot;credit&quot;:&quot;&quot;,&quot;camera&quot;:&quot;&quot;,&quot;caption&quot;:&quot;&quot;,&quot;created_timestamp&quot;:&quot;0&quot;,&quot;copyright&quot;:&quot;&quot;,&quot;focal_length&quot;:&quot;0&quot;,&quot;iso&quot;:&quot;0&quot;,&quot;shutter_speed&quot;:&quot;0&quot;,&quot;title&quot;:&quot;&quot;,&quot;orientation&quot;:&quot;1&quot;}\" data-image-title=\"1er a\u00f1o historia museo la plata\" data-image-description=\"&lt;p&gt;1er a\u00f1o de la carrera de Historia, visitando el Museo de La Plata (1964)&lt;\/p&gt;\n\" data-image-caption=\"\" data-medium-file=\"https:\/\/i0.wp.com\/ffyh.unc.edu.ar\/historia\/wp-content\/uploads\/sites\/37\/2020\/06\/1er-a%C3%B1o-historia-museo-la-plata-e1592680465459.jpg?fit=300%2C246&amp;ssl=1\" data-large-file=\"https:\/\/i0.wp.com\/ffyh.unc.edu.ar\/historia\/wp-content\/uploads\/sites\/37\/2020\/06\/1er-a%C3%B1o-historia-museo-la-plata-e1592680465459.jpg?fit=948%2C777&amp;ssl=1\" class=\"wp-image-88\" src=\"https:\/\/i0.wp.com\/ffyh.unc.edu.ar\/historia\/wp-content\/uploads\/sites\/37\/2020\/06\/1er-a%C3%B1o-historia-museo-la-plata-e1592680465459-300x246.jpg?resize=250%2C205\" alt=\"\" width=\"250\" height=\"205\" srcset=\"https:\/\/i0.wp.com\/ffyh.unc.edu.ar\/historia\/wp-content\/uploads\/sites\/37\/2020\/06\/1er-a%C3%B1o-historia-museo-la-plata-e1592680465459.jpg?resize=300%2C246&amp;ssl=1 300w, https:\/\/i0.wp.com\/ffyh.unc.edu.ar\/historia\/wp-content\/uploads\/sites\/37\/2020\/06\/1er-a%C3%B1o-historia-museo-la-plata-e1592680465459.jpg?resize=768%2C629&amp;ssl=1 768w, https:\/\/i0.wp.com\/ffyh.unc.edu.ar\/historia\/wp-content\/uploads\/sites\/37\/2020\/06\/1er-a%C3%B1o-historia-museo-la-plata-e1592680465459.jpg?resize=366%2C300&amp;ssl=1 366w, https:\/\/i0.wp.com\/ffyh.unc.edu.ar\/historia\/wp-content\/uploads\/sites\/37\/2020\/06\/1er-a%C3%B1o-historia-museo-la-plata-e1592680465459.jpg?w=948&amp;ssl=1 948w\" sizes=\"(max-width: 250px) 100vw, 250px\" \/><\/a><figcaption id=\"caption-attachment-88\" class=\"wp-caption-text\"><em>Visita Estudiantes de Historia al Museo de La Plata, 1964<\/em> (foto gentileza de Ana In\u00e9s Punta)<\/figcaption><\/figure>\n<p style=\"text-align: justify\">La existencia de la Escuela de Historia se encuentra vinculada a los or\u00edgenes de otra instituci\u00f3n de relevancia para C\u00f3rdoba: el <em>Instituto de Estudios Americanistas<\/em>. Esa instituci\u00f3n fue el motor impulsor para la formaci\u00f3n de les primeres historiadores profesionales y docentes en la ense\u00f1anza de la Historia.<\/p>\n<p style=\"text-align: justify\">El 23 de julio de 1936 el rector Sofanor Novillo Corval\u00e1n orden\u00f3 la creaci\u00f3n del <em>Instituto de Estudios Americanistas<\/em> (IEA) \u201ccon el objeto de promover e intensificar las investigaciones de car\u00e1cter hist\u00f3rico\u201d. Dicho Instituto tendr\u00eda como material de estudio e investigaci\u00f3n los libros, documentos y manuscritos que pertenecieron al Dr. Pablo Cabrera y los dem\u00e1s que se adquirieran por compra, donaci\u00f3n o canje. Las primeras autoridades del IEA fueron el Dr. Enrique Mart\u00ednez Paz (Director), Ra\u00fal A. Orgaz y Dr. Carlos R. Melo (miembros), el Dr. J. Francisco V. Silva (Secretario), Luis Roberto Altamira (Encargado de Publicaciones) y Jos\u00e9 R. Pe\u00f1a (ayudante principal). Al igual que Monse\u00f1or Pablo Cabrera, fueron historiadores autodidactas provenientes de otras carreras universitarias que emprendieron la tarea de iniciar la institucionalizaci\u00f3n de los estudios hist\u00f3ricos, donde ellos mismos se profesionalizaron.<\/p>\n<p>En 1946, el Interventor en la Universidad Nacional de C\u00f3rdoba Felipe S. P\u00e9rez resolvi\u00f3 transformar el Instituto de Humanidades (creado en 1940) en la Facultad de Filosof\u00eda y Humanidades, la que a su vez estar\u00eda constituida por tres secciones: Filosof\u00eda, Humanidades e Historia.<br \/>\nEn el a\u00f1o 1957, junto a la creaci\u00f3n del Departamento de Historia, se produjo el traslado de esa instituci\u00f3n a la Ciudad Universitaria como su nueva sede, ocurriendo por esos a\u00f1os tambi\u00e9n el egreseo de sus primeres once lincenciades.<\/p>\n<p style=\"text-align: justify\">En la ordenanza de creaci\u00f3n del IEA est\u00e1n las ideas motoras que van a articularlo con otros espacios acad\u00e9micos. Sobre la base del IEA surgir\u00e1 m\u00e1s adelante el Departamento de Historia (1957), la actual Escuela de Historia (1968) y el <em>Centro de Investigaciones de la Facultad de Filosof\u00eda y Humanidades<\/em> (CIFFyH) que, en 1987, pas\u00f3 a nuclear las actividades del desaparecido I<em>nstituto de Estudios Americanistas<\/em> y otros como el <em>Instituto de Antropolog\u00eda<\/em>, transform\u00e1ndolos en \u00e1reas de investigaci\u00f3n dentro del Centro.<\/p>\n<p style=\"text-align: right\"><span style=\"font-size: 12pt\"><strong><em>(S\u00edntesis a partir de un texto del Prof. Francisco Bauer)<\/em><\/strong><\/span><\/p>\n<h2><em>Pasado, presente, futuro<\/em><\/h2>\n<p>La Escuela de Historia es un \u00e1mbito acad\u00e9mico din\u00e1mico, diverso, comprometido con los principios democr\u00e1ticos y la reflexi\u00f3n permanente sobre las problem\u00e1ticas de nuestro tiempo para fomentar una sociedad m\u00e1s justa y equitativa. Los valores irrenunciables de la instituci\u00f3n son los de la defensa de la educaci\u00f3n p\u00fablica, inclusiva, gratuita, laica y de calidad, los derechos humanos y la democracia. M\u00e1s all\u00e1 de las especificidades, los posicionamientos te\u00f3ricos y pol\u00edticos, los modos de leer e interpretar el pasado, lo que une a les integrantes de la Escuela es su com\u00fan inter\u00e9s por el conocimiento de los procesos del pasado y el an\u00e1lisis de su papel en nuestro presente. La Escuela de Historia se ha consolidado con el tiempo como una comunidad.<\/p>\n<p style=\"text-align: center\"><div id=\"metaslider-id-74\" style=\"max-width: 900px;\" class=\"ml-slider-3-106-0 metaslider metaslider-flex metaslider-74 ml-slider has-dots-nav ms-theme-default\" role=\"region\" aria-label=\"Diapos Pag Principal\" data-height=\"500\" data-width=\"900\">\n    <div id=\"metaslider_container_74\">\n        <div id=\"metaslider_74\" class=\"flexslider\">\n            <ul class='slides'>\n                <li style=\"display: block; width: 100%;\" class=\"slide-125 ms-image \" aria-roledescription=\"slide\" data-date=\"2020-06-20 20:29:23\" data-filename=\"1er-a\u00f1o-historia-museo-la-plata-e1592680465459-900x500.jpg\" data-slide-type=\"image\"><img data-recalc-dims=\"1\" loading=\"lazy\" decoding=\"async\" src=\"https:\/\/i0.wp.com\/ffyh.unc.edu.ar\/historia\/wp-content\/uploads\/sites\/37\/2020\/06\/1er-a%C3%B1o-historia-museo-la-plata-e1592680465459-900x500.jpg?resize=900%2C500&#038;ssl=1\" height=\"500\" width=\"900\" alt=\"\" class=\"slider-74 slide-125 msDefaultImage\" title=\"1er a\u00f1o historia museo la plata\" \/><div class=\"caption-wrap\"><div class=\"caption\">1er a\u00f1o de la carrera de Historia, visitando el Museo de La Plata (1964)<\/div><\/div><\/li>\n                <li style=\"display: none; width: 100%;\" class=\"slide-119 ms-image \" aria-roledescription=\"slide\" data-date=\"2020-06-20 20:29:22\" data-filename=\"IMG-20180827-WA0026-900x500.jpg\" data-slide-type=\"image\"><img data-recalc-dims=\"1\" loading=\"lazy\" decoding=\"async\" src=\"https:\/\/i0.wp.com\/ffyh.unc.edu.ar\/historia\/wp-content\/uploads\/sites\/37\/2020\/06\/IMG-20180827-WA0026-900x500.jpg?resize=900%2C500&#038;ssl=1\" height=\"500\" width=\"900\" alt=\"\" class=\"slider-74 slide-119 msDefaultImage\" title=\"Asamblea EH 2018\" \/><div class=\"caption-wrap\"><div class=\"caption\">Asamblea por Educaci\u00f3n Superior (2018)<\/div><\/div><\/li>\n                <li style=\"display: none; width: 100%;\" class=\"slide-121 ms-image \" aria-roledescription=\"slide\" data-date=\"2020-06-20 20:29:23\" data-filename=\"2016-D\u00eda-del-Historiadxr-e1592684678938-900x500.jpg\" data-slide-type=\"image\"><img data-recalc-dims=\"1\" loading=\"lazy\" decoding=\"async\" src=\"https:\/\/i0.wp.com\/ffyh.unc.edu.ar\/historia\/wp-content\/uploads\/sites\/37\/2020\/06\/2016-D%C3%ADa-del-Historiadxr-e1592684678938-900x500.jpg?resize=900%2C500&#038;ssl=1\" height=\"500\" width=\"900\" alt=\"\" class=\"slider-74 slide-121 msDefaultImage\" title=\"2016 D\u00eda del Historiadxr EH\" \/><div class=\"caption-wrap\"><div class=\"caption\">D\u00eda de les Historiadores 2016<\/div><\/div><\/li>\n                <li style=\"display: none; width: 100%;\" class=\"slide-118 ms-image \" aria-roledescription=\"slide\" data-date=\"2020-06-20 20:29:22\" data-filename=\"47686024_10217483745188620_7181329586863472640_n-e1592684538731-900x500.jpg\" data-slide-type=\"image\"><img data-recalc-dims=\"1\" loading=\"lazy\" decoding=\"async\" src=\"https:\/\/i0.wp.com\/ffyh.unc.edu.ar\/historia\/wp-content\/uploads\/sites\/37\/2020\/06\/47686024_10217483745188620_7181329586863472640_n-e1592684538731-900x500.jpg?resize=900%2C500&#038;ssl=1\" height=\"500\" width=\"900\" alt=\"\" class=\"slider-74 slide-118 msDefaultImage\" title=\"Presentacion Libro Itinerarios EH 2018\" \/><div class=\"caption-wrap\"><div class=\"caption\">Presentaci\u00f3n del libro \"Itinerarios por la Historia de C\u00f3rdoba\" (Diciembre de 2018)<\/div><\/div><\/li>\n                <li style=\"display: none; width: 100%;\" class=\"slide-117 ms-image \" aria-roledescription=\"slide\" data-date=\"2020-06-20 20:29:22\" data-filename=\"WhatsApp-Image-2018-12-18-at-18.21.321-900x500.jpeg\" data-slide-type=\"image\"><img data-recalc-dims=\"1\" loading=\"lazy\" decoding=\"async\" src=\"https:\/\/i0.wp.com\/ffyh.unc.edu.ar\/historia\/wp-content\/uploads\/sites\/37\/2020\/06\/WhatsApp-Image-2018-12-18-at-18.21.321-900x500.jpeg?resize=900%2C500&#038;ssl=1\" height=\"500\" width=\"900\" alt=\"\" class=\"slider-74 slide-117 msDefaultImage\" title=\"Brindis Fin de A\u00f1o EH 2018\" \/><div class=\"caption-wrap\"><div class=\"caption\">Brindis de Fin de A\u00f1o, Escuela de Historia, Pab. Espa\u00f1a, diciembre de 2018.<\/div><\/div><\/li>\n                <li style=\"display: none; width: 100%;\" class=\"slide-120 ms-image \" aria-roledescription=\"slide\" data-date=\"2020-06-20 20:29:23\" data-filename=\"DSC_0558-scaled-e1592684607832-900x500.jpg\" data-slide-type=\"image\"><img data-recalc-dims=\"1\" loading=\"lazy\" decoding=\"async\" src=\"https:\/\/i0.wp.com\/ffyh.unc.edu.ar\/historia\/wp-content\/uploads\/sites\/37\/2020\/06\/DSC_0558-scaled-e1592684607832-900x500.jpg?resize=900%2C500&#038;ssl=1\" height=\"500\" width=\"900\" alt=\"\" class=\"slider-74 slide-120 msDefaultImage\" title=\"Conferencia Rufer EH 2019\" \/><div class=\"caption-wrap\"><div class=\"caption\">Conferencia en Aula Magna (Pab. Espa\u00f1a) a cargo del Dr. Mario Rufer (2019)<\/div><\/div><\/li>\n                <li style=\"display: none; width: 100%;\" class=\"slide-123 ms-image \" aria-roledescription=\"slide\" data-date=\"2020-06-20 20:29:23\" data-filename=\"D\u00eda-del-Historiadxr-2016-scaled-e1592684854688-900x500.jpg\" data-slide-type=\"image\"><img data-recalc-dims=\"1\" loading=\"lazy\" decoding=\"async\" src=\"https:\/\/i0.wp.com\/ffyh.unc.edu.ar\/historia\/wp-content\/uploads\/sites\/37\/2020\/06\/D%C3%ADa-del-Historiadxr-2016-scaled-e1592684854688-900x500.jpg?resize=900%2C500&#038;ssl=1\" height=\"500\" width=\"900\" alt=\"\" class=\"slider-74 slide-123 msDefaultImage\" title=\"D\u00eda del Historiadxr 2016 EH\" \/><div class=\"caption-wrap\"><div class=\"caption\">D\u00eda de les Historiadores 2016<\/div><\/div><\/li>\n                <li style=\"display: none; width: 100%;\" class=\"slide-124 ms-image \" aria-roledescription=\"slide\" data-date=\"2020-06-20 20:29:23\" data-filename=\"IMG_1894-2-900x500.jpg\" data-slide-type=\"image\"><img data-recalc-dims=\"1\" loading=\"lazy\" decoding=\"async\" src=\"https:\/\/i0.wp.com\/ffyh.unc.edu.ar\/historia\/wp-content\/uploads\/sites\/37\/2020\/06\/IMG_1894-2-900x500.jpg?resize=900%2C500&#038;ssl=1\" height=\"500\" width=\"900\" alt=\"\" class=\"slider-74 slide-124 msDefaultImage\" title=\"Comunidad EH 2019\" \/><div class=\"caption-wrap\"><div class=\"caption\">D\u00eda de Les Historiadores, julio de 2019.<\/div><\/div><\/li>\n            <\/ul>\n        <\/div>\n        \n    <\/div>\n<\/div>\n<p>&nbsp;<\/p>\n","protected":false},"excerpt":{"rendered":"<p>\u00bfPara qu\u00e9 la Historia? Desde la historia relato escrita en el mundo griego existieron diferentes formas de construir la historia, fundadas en diversos supuestos acerca de la naturaleza humana, las acciones de los hombres, la concepci\u00f3n del tiempo, de la cultura o el funcionamiento de las sociedades. Si bien la historia como actividad de reconstrucci\u00f3n&#8230; <\/p>\n<div class=\"link-more\"><a href=\"https:\/\/ffyh.unc.edu.ar\/historia\/\">Lea m\u00e1s<\/a><\/div>\n","protected":false},"author":34,"featured_media":0,"parent":0,"menu_order":1,"comment_status":"closed","ping_status":"closed","template":"","meta":{"_acf_changed":false,"saved_in_kubio":false,"_monsterinsights_skip_tracking":false,"_monsterinsights_sitenote_active":false,"_monsterinsights_sitenote_note":"","_monsterinsights_sitenote_category":0,"footnotes":""},"class_list":["post-60","page","type-page","status-publish","hentry"],"acf":[],"kubio_ai_page_context":{"short_desc":"","purpose":"general"},"jetpack_sharing_enabled":true,"_links":{"self":[{"href":"https:\/\/ffyh.unc.edu.ar\/historia\/wp-json\/wp\/v2\/pages\/60","targetHints":{"allow":["GET"]}}],"collection":[{"href":"https:\/\/ffyh.unc.edu.ar\/historia\/wp-json\/wp\/v2\/pages"}],"about":[{"href":"https:\/\/ffyh.unc.edu.ar\/historia\/wp-json\/wp\/v2\/types\/page"}],"author":[{"embeddable":true,"href":"https:\/\/ffyh.unc.edu.ar\/historia\/wp-json\/wp\/v2\/users\/34"}],"replies":[{"embeddable":true,"href":"https:\/\/ffyh.unc.edu.ar\/historia\/wp-json\/wp\/v2\/comments?post=60"}],"version-history":[{"count":40,"href":"https:\/\/ffyh.unc.edu.ar\/historia\/wp-json\/wp\/v2\/pages\/60\/revisions"}],"predecessor-version":[{"id":6791,"href":"https:\/\/ffyh.unc.edu.ar\/historia\/wp-json\/wp\/v2\/pages\/60\/revisions\/6791"}],"wp:attachment":[{"href":"https:\/\/ffyh.unc.edu.ar\/historia\/wp-json\/wp\/v2\/media?parent=60"}],"curies":[{"name":"wp","href":"https:\/\/api.w.org\/{rel}","templated":true}]}}