{"id":6120,"date":"2024-07-05T19:56:48","date_gmt":"2024-07-05T19:56:48","guid":{"rendered":"https:\/\/ffyh.unc.edu.ar\/historia\/?page_id=6120"},"modified":"2025-08-27T16:49:33","modified_gmt":"2025-08-27T16:49:33","slug":"historias-de-verano-otono-2024","status":"publish","type":"page","link":"https:\/\/ffyh.unc.edu.ar\/historia\/extension-historia\/historias-de-verano-otono-2024\/","title":{"rendered":"Historias de Verano \/ Oto\u00f1o 2024"},"content":{"rendered":"<p><img data-recalc-dims=\"1\" fetchpriority=\"high\" decoding=\"async\" data-attachment-id=\"5775\" data-permalink=\"https:\/\/ffyh.unc.edu.ar\/historia\/extension-historia\/historias-verano-otono\/\" data-orig-file=\"https:\/\/i0.wp.com\/ffyh.unc.edu.ar\/historia\/wp-content\/uploads\/sites\/37\/2023\/12\/Historias-verano-otono.jpg?fit=1250%2C488&amp;ssl=1\" data-orig-size=\"1250,488\" data-comments-opened=\"0\" data-image-meta=\"{&quot;aperture&quot;:&quot;0&quot;,&quot;credit&quot;:&quot;&quot;,&quot;camera&quot;:&quot;&quot;,&quot;caption&quot;:&quot;&quot;,&quot;created_timestamp&quot;:&quot;0&quot;,&quot;copyright&quot;:&quot;&quot;,&quot;focal_length&quot;:&quot;0&quot;,&quot;iso&quot;:&quot;0&quot;,&quot;shutter_speed&quot;:&quot;0&quot;,&quot;title&quot;:&quot;&quot;,&quot;orientation&quot;:&quot;0&quot;}\" data-image-title=\"Historias verano oto\u00f1o\" data-image-description=\"\" data-image-caption=\"\" data-medium-file=\"https:\/\/i0.wp.com\/ffyh.unc.edu.ar\/historia\/wp-content\/uploads\/sites\/37\/2023\/12\/Historias-verano-otono.jpg?fit=300%2C117&amp;ssl=1\" data-large-file=\"https:\/\/i0.wp.com\/ffyh.unc.edu.ar\/historia\/wp-content\/uploads\/sites\/37\/2023\/12\/Historias-verano-otono.jpg?fit=1000%2C391&amp;ssl=1\" class=\"aligncenter wp-image-5775 size-large\" src=\"https:\/\/i0.wp.com\/ffyh.unc.edu.ar\/historia\/wp-content\/uploads\/sites\/37\/2023\/12\/Historias-verano-otono.jpg?resize=1000%2C391\" alt=\"\" width=\"1000\" height=\"391\" srcset=\"https:\/\/i0.wp.com\/ffyh.unc.edu.ar\/historia\/wp-content\/uploads\/sites\/37\/2023\/12\/Historias-verano-otono.jpg?resize=1024%2C400&amp;ssl=1 1024w, https:\/\/i0.wp.com\/ffyh.unc.edu.ar\/historia\/wp-content\/uploads\/sites\/37\/2023\/12\/Historias-verano-otono.jpg?resize=300%2C117&amp;ssl=1 300w, https:\/\/i0.wp.com\/ffyh.unc.edu.ar\/historia\/wp-content\/uploads\/sites\/37\/2023\/12\/Historias-verano-otono.jpg?resize=768%2C300&amp;ssl=1 768w, https:\/\/i0.wp.com\/ffyh.unc.edu.ar\/historia\/wp-content\/uploads\/sites\/37\/2023\/12\/Historias-verano-otono.jpg?resize=600%2C234&amp;ssl=1 600w, https:\/\/i0.wp.com\/ffyh.unc.edu.ar\/historia\/wp-content\/uploads\/sites\/37\/2023\/12\/Historias-verano-otono.jpg?w=1250&amp;ssl=1 1250w\" sizes=\"(max-width: 1000px) 100vw, 1000px\" \/><\/p>\n<p style=\"text-align: center\"><span style=\"font-size: 24pt;color: #800000\"><b><i>Historias de Verano \/ Historias de Oto\u00f1o 2024<br \/>\n<\/i><\/b><\/span><\/p>\n<p style=\"text-align: center\"><b>Cursos de Historia para Adultos Mayores<br \/>\n<\/b><\/p>\n<hr \/>\n<p style=\"text-align: justify\">La Escuela de Historia y la Secretar\u00eda de Extensi\u00f3n de la Facultad de Filosof\u00eda y Humanidades proponen cursos de extensi\u00f3n sobre temas hist\u00f3ricos para adultos mayores, con el objeto de fomentar el di\u00e1logo de saberes y la divulgaci\u00f3n social del conocimiento hist\u00f3rico. Son cursos abiertos, p\u00fablicos y gratuitos, desarrollados a trav\u00e9s de encuentros virtuales semanales de 2 hs (por plataforma <strong>Google Meet<\/strong>), entre marzo y junio (<em>Historias de Verano y Oto\u00f1o<\/em>). La diversidad de tem\u00e1ticas, abordadas por equipos de docentes, egresados\/as y estudiantes de nuestra Escuela busca generar un di\u00e1logo amplio y diverso en torno a la historia.<\/p>\n<p style=\"text-align: center\"><span style=\"color: #ff6600\"><strong>Las inscripciones para los cursos de Verano\/Oto\u00f1o 2024<br \/>\n<\/strong><strong>se realizan mediante LINK a Formulario ubicado al final de esta p\u00e1gina<\/strong><\/span><span style=\"color: #ff0000\"><strong><br \/>\n<\/strong><\/span><\/p>\n<p style=\"text-align: center\"><span style=\"font-size: 18pt\"><strong>Grilla de cursos<\/strong><\/span><\/p>\n<hr \/>\n<section id=\"h.7c373a575dfe138b_0\" class=\"yaqOZd WxWicb\">\n<div class=\"IFuOkc\" style=\"text-align: center\">\n<p class=\"zfr3Q CDt4Ke \" dir=\"ltr\" style=\"text-align: center\"><span class=\"C9DxTc \"><strong>MARZO<\/strong><br \/>\n<\/span><span class=\"C9DxTc \"><em>El Materialismo hist\u00f3rico, mucho m\u00e1s que una herramienta de an\u00e1lisis<br \/>\n<strong>Mi\u00e9rcoles de 16 a 18 hs<br \/>\nMi\u00e9rcoles 06, 13, 20, 27 de marzo<br \/>\n<\/strong><\/em><\/span><span style=\"text-decoration: underline\"><span style=\"color: #3366ff;text-decoration: underline\"><a class=\"XqQF9c\" style=\"color: #3366ff;text-decoration: underline\" href=\"https:\/\/drive.google.com\/file\/d\/1loJvUJWUF_-rNazEKHJ3lNSbhkbSyS74\/view?usp=sharing\" target=\"_blank\" rel=\"noopener\"><span class=\"C9DxTc \">Programa<\/span><\/a><br \/>\n<\/span><\/span><span class=\"C9DxTc \">INSCRIPCIONES CERRADAS<\/span><\/p>\n<hr \/>\n<section id=\"h.7c373a575dfe138b_0\" class=\"yaqOZd WxWicb\">\n<div class=\"IFuOkc\" style=\"text-align: center\">\n<p class=\"zfr3Q CDt4Ke \" dir=\"ltr\"><strong><span class=\"C9DxTc \">ABRIL<br \/>\n<\/span><\/strong><em><span class=\"C9DxTc \">Mujeres cordobesas en la primera mitad del siglo XX. Trabajo, asociacionismo y vida cotidiana<br \/>\n<\/span><\/em><span class=\"C9DxTc \"><strong>Martes de 11-13 hs<\/strong><br \/>\n<\/span><span class=\"C9DxTc \">9, 16, 23, 30 de abril<br \/>\n<\/span><span style=\"text-decoration: underline\"><span style=\"color: #3366ff;text-decoration: underline\"><a class=\"XqQF9c\" style=\"color: #3366ff;text-decoration: underline\" href=\"https:\/\/drive.google.com\/file\/d\/1NpeMlUF0tpweNQWIojptFKcrGNjGaqJX\/view?usp=sharing\" target=\"_blank\" rel=\"noopener\"><span class=\"C9DxTc \">Programa<\/span><\/a><br \/>\n<\/span><\/span><span class=\"C9DxTc \">INSCRIPCIONES CERRADAS<\/span><\/p>\n<p class=\"zfr3Q CDt4Ke \" dir=\"ltr\"><em><span class=\"C9DxTc \">La Nueva Izquierda Libertaria en \u2018La Docta\u2019 post-Cordobazo, pr\u00e1cticas y discursos del movimiento anarquista en nuestra Historia reciente<br \/>\n<\/span><\/em><span class=\"C9DxTc \"><strong>Mi\u00e9rcoles de 17-19 hs<\/strong><br \/>\n<\/span><span class=\"C9DxTc \">03,10,17 y 24 de abril<br \/>\n<\/span><span style=\"text-decoration: underline\"><span style=\"color: #3366ff;text-decoration: underline\"><a class=\"XqQF9c\" style=\"color: #3366ff;text-decoration: underline\" href=\"https:\/\/drive.google.com\/file\/d\/1IBEM4jBtMa5XnAbA4jV_xdQYzIEV6llq\/view?usp=sharing\" target=\"_blank\" rel=\"noopener\"><span class=\"C9DxTc \">Programa<\/span><\/a><br \/>\n<\/span><\/span><span class=\"C9DxTc \">INSCRIPCIONES CERRADAS<\/span><\/p>\n<p><em><span class=\"C9DxTc \">Historia del miedo en Occidente. Cuentos, brujas y ciudades<br \/>\n<\/span><\/em><strong><span class=\"C9DxTc \">Martes de 18 a 20 hs<br \/>\n<\/span><\/strong><span class=\"C9DxTc \">9, 16, 23 y 30 de abril.<br \/>\n<\/span><span style=\"text-decoration: underline\"><span style=\"color: #3366ff;text-decoration: underline\"><a class=\"XqQF9c\" style=\"color: #3366ff;text-decoration: underline\" href=\"https:\/\/drive.google.com\/file\/d\/10MjXBaKSsLsuMtlOzmdWcxNfqEmtLD6I\/view?usp=sharing\" target=\"_blank\" rel=\"noopener\"><span class=\"C9DxTc \">Programa<\/span><\/a><br \/>\n<\/span><\/span><span class=\"C9DxTc \">INSCRIPCIONES CERRADAS<\/span><\/p>\n<p class=\"zfr3Q CDt4Ke \" dir=\"ltr\"><em><span class=\"C9DxTc \">Las revoluciones latinoamericanas en la segunda mitad del siglo XX: las experiencias de Cuba, Chile y Nicaragua<br \/>\n<\/span><\/em><span class=\"C9DxTc \"><strong>Lunes de 16-18 hs<\/strong><br \/>\n<\/span><span class=\"C9DxTc \">08 de abril; 29 de abril; 20 de mayo; 03 de junio<br \/>\n<\/span><span style=\"text-decoration: underline;color: #3366ff\"><span style=\"text-decoration: underline\"><a class=\"XqQF9c\" style=\"text-decoration: underline;color: #3366ff\" href=\"https:\/\/drive.google.com\/file\/d\/1iSuDQfGJIizmyj83vG1cF-cAqiP2C7B9\/view?usp=sharing\" target=\"_blank\" rel=\"noopener\"><span class=\"C9DxTc \">Programa<\/span><\/a><br \/>\n<\/span><\/span><span class=\"C9DxTc \">INSCRIPCIONES CERRADAS<\/span><\/p>\n<p class=\"zfr3Q CDt4Ke \" dir=\"ltr\"><em><span class=\"C9DxTc \">Los \u201cpueblos de indios\u201d de C\u00f3rdoba. Historia, presente y futuro<br \/>\n<\/span><\/em><span class=\"C9DxTc \"><strong>Lunes de 18-20 hs<\/strong><br \/>\n<\/span><span class=\"C9DxTc \">22 y 29 de abril; 06 y 13 de mayo<br \/>\n<\/span><span style=\"text-decoration: underline;color: #3366ff\"><span style=\"text-decoration: underline\"><a class=\"XqQF9c\" style=\"color: #3366ff;text-decoration: underline\" href=\"https:\/\/drive.google.com\/file\/d\/1bL88Uz1lDcrdn6LGoTRwhlxi0OmLEIWX\/view?usp=sharing\" target=\"_blank\" rel=\"noopener\"><span class=\"C9DxTc \">Programa<\/span><\/a><br \/>\n<\/span><\/span><span class=\"C9DxTc \">INSCRIPCIONES CERRADAS<\/span><\/p>\n<p class=\"zfr3Q CDt4Ke \" dir=\"ltr\"><em><span class=\"C9DxTc \">Un antes y un despu\u00e9s: momentos clave de la Edad Moderna que marcaron la Historia<br \/>\n<\/span><\/em><span class=\"C9DxTc \"><strong>Mi\u00e9rcoles de 19 a 21 hs<\/strong><br \/>\n<\/span><span class=\"C9DxTc \">03, 10, 17 y 24 de abril<br \/>\n<\/span><span style=\"text-decoration: underline;color: #3366ff\"><span style=\"text-decoration: underline\"><a class=\"XqQF9c\" style=\"color: #3366ff;text-decoration: underline\" href=\"https:\/\/drive.google.com\/file\/d\/1XBUWbVuGkm-32CKl2stXxGm9JxHUFrQq\/view?usp=sharing\" target=\"_blank\" rel=\"noopener\"><span class=\"C9DxTc \">Programa<\/span><\/a><br \/>\n<\/span><\/span><span class=\"C9DxTc \">INSCRIPCIONES CERRADAS<\/span><\/p>\n<hr \/>\n<section id=\"h.7c373a575dfe138b_0\" class=\"yaqOZd WxWicb\">\n<div class=\"IFuOkc\" style=\"text-align: center\">\n<p class=\"zfr3Q CDt4Ke \" dir=\"ltr\"><strong><span class=\"C9DxTc \">MAYO<\/span><\/strong><\/p>\n<\/div>\n<div class=\"IFuOkc\" style=\"text-align: center\">\n<p><em><span class=\"C9DxTc \">\u00a1Vamos al campo! Un recorrido por la pampa argentina entre el pasado y el presente<br \/>\n<\/span><\/em><span class=\"C9DxTc \"><strong>Mi\u00e9rcoles 18.30 a 20.30 hs<\/strong><br \/>\n<\/span><span class=\"C9DxTc \">29 de mayo, 05, 12 y 19 de junio<br \/>\n<\/span><span style=\"text-decoration: underline;color: #3366ff\"><span style=\"text-decoration: underline\"><a class=\"XqQF9c\" style=\"color: #3366ff;text-decoration: underline\" href=\"https:\/\/drive.google.com\/file\/d\/1DKBakQ-WHs5w2S4DLhiETOCb6qzeTxRy\/view?usp=sharing\" target=\"_blank\" rel=\"noopener\"><span class=\"C9DxTc \">Programa<\/span><\/a><br \/>\n<\/span><\/span><span class=\"C9DxTc \">INSCRIPCIONES CERRADAS<\/span><\/p>\n<p><em><span class=\"C9DxTc \">Faraones, pir\u00e1mides y momias en el s\u00e9ptimo arte: el imaginario colectivo sobre el Antiguo Egipto a partir del cine p\u00e9plum y de aventura<br \/>\n<\/span><\/em><span class=\"C9DxTc \"><strong>Martes de 16 a 18 hs<\/strong><br \/>\n<\/span><span class=\"C9DxTc \">07, 14, 21 y 28 de mayo<br \/>\n<\/span><span style=\"text-decoration: underline;color: #3366ff\"><span style=\"text-decoration: underline\"><a class=\"XqQF9c\" style=\"color: #3366ff;text-decoration: underline\" href=\"https:\/\/drive.google.com\/file\/d\/1CG7KARqlXb9MDMzJVzcRcGYdQjDdNliB\/view?usp=sharing\" target=\"_blank\" rel=\"noopener\"><span class=\"C9DxTc \">Programa<\/span><\/a><br \/>\n<\/span><\/span><span class=\"C9DxTc \">INSCRIPCIONES CERRADAS<\/span><\/p>\n<p class=\"zfr3Q CDt4Ke \" dir=\"ltr\"><span class=\"C9DxTc \"><em>Historia social del deporte argentino en el siglo XX<br \/>\n<\/em><\/span><span class=\"C9DxTc \"><strong>Martes de 11-13 hs<\/strong><br \/>\n<\/span><span class=\"C9DxTc \">07, 14, 21 y 28 de mayo<br \/>\n<\/span><span style=\"text-decoration: underline;color: #3366ff\"><span style=\"text-decoration: underline\"><a class=\"XqQF9c\" style=\"color: #3366ff;text-decoration: underline\" href=\"https:\/\/drive.google.com\/file\/d\/13dP7SM4YiPi2SmiZYdUZaCVy38eiqsQw\/view?usp=sharing\" target=\"_blank\" rel=\"noopener\"><span class=\"C9DxTc \">Programa<\/span><\/a><br \/>\n<\/span><\/span><span class=\"C9DxTc \">INSCRIPCIONES CERRADAS<\/span><\/p>\n<\/div>\n<\/section>\n<section id=\"h.5b84dbc0a41eea7f_95\" class=\"yaqOZd\">\n<div class=\"mYVXT\">\n<div class=\"LS81yb VICjCf j5pSsc db35Fc\">\n<div class=\"hJDwNd-AhqUyc-uQSCkd Ft7HRd-AhqUyc-uQSCkd purZT-AhqUyc-II5mzb ZcASvf-AhqUyc-II5mzb pSzOP-AhqUyc-qWD73c Ktthjf-AhqUyc-qWD73c JNdkSc SQVYQc\">\n<div class=\"JNdkSc-SmKAyb LkDMRd\">\n<div class=\"\">\n<div class=\"oKdM2c ZZyype Kzv0Me\">\n<div id=\"h.5b84dbc0a41eea7f_92\" class=\"hJDwNd-AhqUyc-uQSCkd Ft7HRd-AhqUyc-uQSCkd jXK9ad D2fZ2 zu5uec OjCsFc dmUFtb wHaque g5GTcb\">\n<div class=\"jXK9ad-SmKAyb\">\n<div class=\"tyJCtd mGzaTb Depvyb baZpAe\" style=\"text-align: center\">\n<hr \/>\n<section id=\"h.7c373a575dfe138b_0\" class=\"yaqOZd WxWicb\">\n<div class=\"IFuOkc\" style=\"text-align: center\">\n<p class=\"zfr3Q CDt4Ke \" dir=\"ltr\"><strong><span class=\"C9DxTc \">JUNIO<\/span><\/strong><\/p>\n<p><em><span class=\"C9DxTc \">Espiritualidad y Religiosidad en la Plena y Baja Edad Media: Revoluci\u00f3n Papal, querella de las investiduras, institucionalizaci\u00f3n de los sacramentos y de la vida monacal<br \/>\n<\/span><\/em><span class=\"C9DxTc \"><strong>Martes de 18-20 hs<\/strong><br \/>\n<\/span><span class=\"C9DxTc \">04, 11, 18 y 25 de junio<br \/>\n<\/span><span style=\"text-decoration: underline;color: #3366ff\"><span style=\"text-decoration: underline\"><a class=\"XqQF9c\" style=\"color: #3366ff;text-decoration: underline\" href=\"https:\/\/drive.google.com\/file\/d\/1n3TD0L4V7Lj-zqc6hQyrmd2C1PxP9XnF\/view?usp=sharing\" target=\"_blank\" rel=\"noopener\"><span class=\"C9DxTc \">Programa<\/span><\/a><br \/>\n<\/span><\/span><span class=\"C9DxTc \">INSCRIPCIONES CERRADAS<\/span><\/p>\n<p><em><span class=\"C9DxTc \">Las historia de la historia. Relatos acerca del orden y el desorden del mundo en Antiguo Egipto y Mesopotamia<br \/>\n<\/span><\/em><span class=\"C9DxTc \"><strong>Martes de 10 a 12 hs<\/strong><br \/>\n<\/span><span class=\"C9DxTc \">04, 11, 18 y 25 de junio<br \/>\n<\/span><span style=\"text-decoration: underline;color: #3366ff\"><span style=\"text-decoration: underline\"><a class=\"XqQF9c\" style=\"color: #3366ff;text-decoration: underline\" href=\"https:\/\/drive.google.com\/file\/d\/1t6VdF3X55wCYSDvSmiJga3E5Gk30RoaZ\/view?usp=sharing\" target=\"_blank\" rel=\"noopener\"><span class=\"C9DxTc \">Programa<\/span><\/a><br \/>\n<\/span><\/span><span class=\"C9DxTc \">INSCRIPCIONES CERRADAS<\/span><\/p>\n<p>&nbsp;<\/p>\n<\/div>\n<\/section>\n<\/div>\n<\/div>\n<\/div>\n<\/div>\n<\/div>\n<\/div>\n<\/div>\n<\/div>\n<\/div>\n<\/section>\n<p style=\"text-align: center\"><strong><span style=\"color: #ff0000\">&#8211;&gt; <a href=\"https:\/\/docs.google.com\/forms\/d\/e\/1FAIpQLSdl6U3v6J8LKfwNiIwbhxGj1O5Bg4H0amiSWIwFofoHkCTZBg\/viewform\" target=\"_blank\" rel=\"noopener\">LINK<\/a> a Formulario de inscripci\u00f3n a Cursos de Verano\/Oto\u00f1o 2024&lt;&#8212;<\/span><\/strong><\/p>\n<p><em>\u00bfQuer\u00e9s saber m\u00e1s de los cursos que se dictaron anteriormente?<br \/>\n<\/em><a href=\"https:\/\/ffyh.unc.edu.ar\/historia\/extension-historia\/historias-de-verano-otono-2022\/\" target=\"_blank\" rel=\"noopener\">Link a p\u00e1gina de Cursos Historias de Verano \/ Oto\u00f1o 2022<\/a><br \/>\n<a href=\"https:\/\/ffyh.unc.edu.ar\/historia\/extension-historia\/historias-de-invierno-primavera-2022\/\" target=\"_blank\" rel=\"noopener\">Link a p\u00e1gina de Cursos Historias de Invierno \/ Primavera 2022<\/a><br \/>\n<a href=\"https:\/\/ffyh.unc.edu.ar\/historia\/extension-historia\/historias-de-verano-otono-2023\/\" target=\"_blank\" rel=\"noopener\">Link a p\u00e1gina de Cursos Historias de Verano \/ Oto\u00f1o 2023<\/a><br \/>\n<a href=\"https:\/\/ffyh.unc.edu.ar\/historia\/cursos-historias-de-invierno-primavera-2023\/\">Link a p\u00e1gina de Cursos Historias de Invierno \/ Primavera 2023<\/a><\/p>\n<p><em>M\u00e1s informaci\u00f3n:<br \/>\n<\/em>Equipo coordinador de los cursos Historias de Verano &#8211; Oto\u00f1o<br \/>\n<a href=\"mailto:conhistoria@ffyh.unc.edu.ar\">conhistoria@ffyh.unc.edu.ar<\/a><\/p>\n<p>Secretar\u00eda T\u00e9cnica de la Escuela de Historia, FFyH, UNC<br \/>\n<a href=\"mailto:historia@ffyh.unc.edu.ar\" target=\"_blank\" rel=\"noopener\">historia@ffyh.unc.edu.ar<\/a><\/p>\n<p><em>\u00bfTe interesa conocer m\u00e1s acerca de la Escuela de Historia?<\/em><br \/>\nVisit\u00e1 nuestro <a href=\"https:\/\/ffyh.unc.edu.ar\/historia\/\" target=\"_blank\" rel=\"noopener\">sitio institucional ffyh.unc.edu.ar\/historia<\/a> y nuestra memoria fotogr\u00e1fica, <a href=\"https:\/\/ffyh.unc.edu.ar\/historia\/pixeles\/\" target=\"_blank\" rel=\"noopener\"><strong><em>Historia en pixeles<\/em><\/strong><\/a>.<\/p>\n<p><em>Canales de difusi\u00f3n:<\/em><br \/>\n<strong>Facebook<\/strong>: <a href=\"https:\/\/www.facebook.com\/historiaunc\/\" target=\"_blank\" rel=\"noreferrer noopener\">\/historiaunc<\/a><br \/>\n<strong>Instagram<\/strong>: <a href=\"https:\/\/www.instagram.com\/historiaunc\/\" target=\"_blank\" rel=\"noreferrer noopener\">\/historiaunc<\/a><br \/>\n<strong>Youtube<\/strong>: <a href=\"http:\/\/youtube.com\/historiaunc\" target=\"_blank\" rel=\"noreferrer noopener\" data-type=\"URL\" data-id=\"http:\/\/youtube.com\/historiaunc\">\/historiaunc<\/a><\/p>\n<\/div>\n<\/section>\n<\/div>\n<\/section>\n","protected":false},"excerpt":{"rendered":"<p>Historias de Verano \/ Historias de Oto\u00f1o 2024 Cursos de Historia para Adultos Mayores La Escuela de Historia y la Secretar\u00eda de Extensi\u00f3n de la Facultad de Filosof\u00eda y Humanidades proponen cursos de extensi\u00f3n sobre temas hist\u00f3ricos para adultos mayores, con el objeto de fomentar el di\u00e1logo de saberes y la divulgaci\u00f3n social del conocimiento&#8230; <\/p>\n<div class=\"link-more\"><a href=\"https:\/\/ffyh.unc.edu.ar\/historia\/extension-historia\/historias-de-verano-otono-2024\/\">Lea m\u00e1s<\/a><\/div>\n","protected":false},"author":34,"featured_media":0,"parent":3485,"menu_order":5,"comment_status":"closed","ping_status":"closed","template":"","meta":{"_acf_changed":false,"_monsterinsights_skip_tracking":false,"_monsterinsights_sitenote_active":false,"_monsterinsights_sitenote_note":"","_monsterinsights_sitenote_category":0,"footnotes":""},"class_list":["post-6120","page","type-page","status-publish","hentry"],"acf":[],"jetpack_sharing_enabled":true,"_links":{"self":[{"href":"https:\/\/ffyh.unc.edu.ar\/historia\/wp-json\/wp\/v2\/pages\/6120","targetHints":{"allow":["GET"]}}],"collection":[{"href":"https:\/\/ffyh.unc.edu.ar\/historia\/wp-json\/wp\/v2\/pages"}],"about":[{"href":"https:\/\/ffyh.unc.edu.ar\/historia\/wp-json\/wp\/v2\/types\/page"}],"author":[{"embeddable":true,"href":"https:\/\/ffyh.unc.edu.ar\/historia\/wp-json\/wp\/v2\/users\/34"}],"replies":[{"embeddable":true,"href":"https:\/\/ffyh.unc.edu.ar\/historia\/wp-json\/wp\/v2\/comments?post=6120"}],"version-history":[{"count":3,"href":"https:\/\/ffyh.unc.edu.ar\/historia\/wp-json\/wp\/v2\/pages\/6120\/revisions"}],"predecessor-version":[{"id":6122,"href":"https:\/\/ffyh.unc.edu.ar\/historia\/wp-json\/wp\/v2\/pages\/6120\/revisions\/6122"}],"up":[{"embeddable":true,"href":"https:\/\/ffyh.unc.edu.ar\/historia\/wp-json\/wp\/v2\/pages\/3485"}],"wp:attachment":[{"href":"https:\/\/ffyh.unc.edu.ar\/historia\/wp-json\/wp\/v2\/media?parent=6120"}],"curies":[{"name":"wp","href":"https:\/\/api.w.org\/{rel}","templated":true}]}}