{"id":6230,"date":"2024-09-19T14:18:34","date_gmt":"2024-09-19T14:18:34","guid":{"rendered":"https:\/\/ffyh.unc.edu.ar\/historia\/?page_id=6230"},"modified":"2024-09-19T14:21:57","modified_gmt":"2024-09-19T14:21:57","slug":"agostina-gentili","status":"publish","type":"page","link":"https:\/\/ffyh.unc.edu.ar\/historia\/nuestrxs-docentes\/agostina-gentili\/","title":{"rendered":"Agostina Gentili"},"content":{"rendered":"<table>\n<tbody>\n<tr>\n<td>\n<p style=\"text-align: justify\" data-wp-editing=\"1\"><img data-recalc-dims=\"1\" loading=\"lazy\" decoding=\"async\" data-attachment-id=\"6231\" data-permalink=\"https:\/\/ffyh.unc.edu.ar\/historia\/nuestrxs-docentes\/agostina-gentili\/foto-gentili\/\" data-orig-file=\"https:\/\/i0.wp.com\/ffyh.unc.edu.ar\/historia\/wp-content\/uploads\/sites\/37\/2024\/09\/Foto-Gentili.jpeg?fit=640%2C640&amp;ssl=1\" data-orig-size=\"640,640\" data-comments-opened=\"0\" data-image-meta=\"{&quot;aperture&quot;:&quot;0&quot;,&quot;credit&quot;:&quot;&quot;,&quot;camera&quot;:&quot;&quot;,&quot;caption&quot;:&quot;&quot;,&quot;created_timestamp&quot;:&quot;0&quot;,&quot;copyright&quot;:&quot;&quot;,&quot;focal_length&quot;:&quot;0&quot;,&quot;iso&quot;:&quot;0&quot;,&quot;shutter_speed&quot;:&quot;0&quot;,&quot;title&quot;:&quot;&quot;,&quot;orientation&quot;:&quot;0&quot;}\" data-image-title=\"Foto Gentili\" data-image-description=\"\" data-image-caption=\"\" data-medium-file=\"https:\/\/i0.wp.com\/ffyh.unc.edu.ar\/historia\/wp-content\/uploads\/sites\/37\/2024\/09\/Foto-Gentili.jpeg?fit=300%2C300&amp;ssl=1\" data-large-file=\"https:\/\/i0.wp.com\/ffyh.unc.edu.ar\/historia\/wp-content\/uploads\/sites\/37\/2024\/09\/Foto-Gentili.jpeg?fit=640%2C640&amp;ssl=1\" class=\"alignleft wp-image-6231 size-thumbnail\" src=\"https:\/\/i0.wp.com\/ffyh.unc.edu.ar\/historia\/wp-content\/uploads\/sites\/37\/2024\/09\/Foto-Gentili.jpeg?resize=150%2C150\" alt=\"\" width=\"150\" height=\"150\" srcset=\"https:\/\/i0.wp.com\/ffyh.unc.edu.ar\/historia\/wp-content\/uploads\/sites\/37\/2024\/09\/Foto-Gentili.jpeg?resize=150%2C150&amp;ssl=1 150w, https:\/\/i0.wp.com\/ffyh.unc.edu.ar\/historia\/wp-content\/uploads\/sites\/37\/2024\/09\/Foto-Gentili.jpeg?resize=300%2C300&amp;ssl=1 300w, https:\/\/i0.wp.com\/ffyh.unc.edu.ar\/historia\/wp-content\/uploads\/sites\/37\/2024\/09\/Foto-Gentili.jpeg?w=640&amp;ssl=1 640w\" sizes=\"(max-width: 150px) 100vw, 150px\" \/> Agostina Gentili, Licenciada y Doctora en Historia por la Universidad Nacional de C\u00f3rdoba, casa de estudios en la que se desempe\u00f1a como docente en las carreras de Cine, Comunicaci\u00f3n e Historia. Su especialidad es la historia social y cultural de la infancia y la familia en la Argentina contempor\u00e1nea, con especial atenci\u00f3n a las pr\u00e1cticas de adopci\u00f3n y circulaci\u00f3n infantil.<\/p>\n<p style=\"text-align: justify\">Entre sus publicaciones se encuentran \u201c\u00bfQui\u00e9nes pueden adoptar? Jerarqu\u00edas sociales en las valoraciones judiciales de C\u00f3rdoba en los a\u00f1os sesenta\u201d, en Isabella Cosse, <em>Familias e infancias en la historia contempor\u00e1nea. Jerarqu\u00edas de clase, g\u00e9nero y edad en Argentina<\/em>, Eduvim, C\u00f3rdoba, 2021; \u201cAdoption and Family Origins in Argentina in the Sixties\u201d (<em>Histoire de l\u2019adoption. I. Formes adoptives (xvi-xx si\u00e8cles), <\/em>dossier pr\u00e9par\u00e9 par F\u00e1bio Macedo, Jean-Fran\u00e7ois Mignot et Isabelle Robin, <em>Annales de D\u00e9mographie Historique<\/em>, Vol. 1, N\u00b0 141, Francia, 2021; y \u201cVeladuras. El servicio dom\u00e9stico en la narrativa judicial de los a\u00f1os sesenta en C\u00f3rdoba, Argentina\u201d, <em>Secuencia. Revista de Historia y Ciencias Sociales<\/em>, 2018. Tambi\u00e9n ha escrito junto a Teodoro Ciampagna el libro para adolescente <em>Agarr\u00e1 la pala. El verdadero trabajo del youtuber<\/em> (B de Bloc, Buenos Aires, 2020).<\/p>\n<p style=\"text-align: justify\">Integra el Equipo de Investigaci\u00f3n Hist\u00f3rica Familias e Infancias en la Argentina Contempor\u00e1nea, dirigido por Isabella Coss en el Instituto Interdisciplinario de Estudios de G\u00e9nero de la Facultad de Filosof\u00eda y Letras de la UBA, el Proyecto de Investigaci\u00f3n Plurianual de CONICET \u201cMaternidad e identidad: demandas de derechos, historias de vida y construcci\u00f3n de archivos sobre el robo de ni\u00f1as y ni\u00f1os en Argentina\u201d, dirigido por Soledad Gesteira (2023-2025).<\/p>\n<\/td>\n<\/tr>\n<tr>\n<td>Contacto: agustina.gentili@unc.edu.ar<\/p>\n<p>ACADEMIA.EDU: <a href=\"https:\/\/cordoba.academia.edu\/AgostinaGentili\" target=\"_blank\" rel=\"noopener\">https:\/\/cordoba.academia.edu\/AgostinaGentili<\/a><\/td>\n<\/tr>\n<\/tbody>\n<\/table>\n","protected":false},"excerpt":{"rendered":"<p>Agostina Gentili, Licenciada y Doctora en Historia por la Universidad Nacional de C\u00f3rdoba, casa de estudios en la que se desempe\u00f1a como docente en las carreras de Cine, Comunicaci\u00f3n e Historia. Su especialidad es la historia social y cultural de la infancia y la familia en la Argentina contempor\u00e1nea, con especial atenci\u00f3n a las pr\u00e1cticas&#8230; <\/p>\n<div class=\"link-more\"><a href=\"https:\/\/ffyh.unc.edu.ar\/historia\/nuestrxs-docentes\/agostina-gentili\/\">Lea m\u00e1s<\/a><\/div>\n","protected":false},"author":34,"featured_media":0,"parent":4089,"menu_order":0,"comment_status":"closed","ping_status":"closed","template":"","meta":{"_acf_changed":false,"saved_in_kubio":false,"_monsterinsights_skip_tracking":false,"_monsterinsights_sitenote_active":false,"_monsterinsights_sitenote_note":"","_monsterinsights_sitenote_category":0,"footnotes":""},"class_list":["post-6230","page","type-page","status-publish","hentry"],"acf":[],"kubio_ai_page_context":{"short_desc":"","purpose":"general"},"jetpack_sharing_enabled":true,"_links":{"self":[{"href":"https:\/\/ffyh.unc.edu.ar\/historia\/wp-json\/wp\/v2\/pages\/6230","targetHints":{"allow":["GET"]}}],"collection":[{"href":"https:\/\/ffyh.unc.edu.ar\/historia\/wp-json\/wp\/v2\/pages"}],"about":[{"href":"https:\/\/ffyh.unc.edu.ar\/historia\/wp-json\/wp\/v2\/types\/page"}],"author":[{"embeddable":true,"href":"https:\/\/ffyh.unc.edu.ar\/historia\/wp-json\/wp\/v2\/users\/34"}],"replies":[{"embeddable":true,"href":"https:\/\/ffyh.unc.edu.ar\/historia\/wp-json\/wp\/v2\/comments?post=6230"}],"version-history":[{"count":1,"href":"https:\/\/ffyh.unc.edu.ar\/historia\/wp-json\/wp\/v2\/pages\/6230\/revisions"}],"predecessor-version":[{"id":6232,"href":"https:\/\/ffyh.unc.edu.ar\/historia\/wp-json\/wp\/v2\/pages\/6230\/revisions\/6232"}],"up":[{"embeddable":true,"href":"https:\/\/ffyh.unc.edu.ar\/historia\/wp-json\/wp\/v2\/pages\/4089"}],"wp:attachment":[{"href":"https:\/\/ffyh.unc.edu.ar\/historia\/wp-json\/wp\/v2\/media?parent=6230"}],"curies":[{"name":"wp","href":"https:\/\/api.w.org\/{rel}","templated":true}]}}