{"id":6237,"date":"2024-09-24T13:25:52","date_gmt":"2024-09-24T13:25:52","guid":{"rendered":"https:\/\/ffyh.unc.edu.ar\/historia\/?page_id=6237"},"modified":"2024-09-24T13:31:10","modified_gmt":"2024-09-24T13:31:10","slug":"victoria-celeste-romero","status":"publish","type":"page","link":"https:\/\/ffyh.unc.edu.ar\/historia\/nuestrxs-docentes\/victoria-celeste-romero\/","title":{"rendered":"Victoria Celeste Romero"},"content":{"rendered":"<table>\n<tbody>\n<tr>\n<td colspan=\"2\">\n<p style=\"text-align: justify\"><img data-recalc-dims=\"1\" decoding=\"async\" data-attachment-id=\"6238\" data-permalink=\"https:\/\/ffyh.unc.edu.ar\/historia\/nuestrxs-docentes\/victoria-celeste-romero\/img_20230303_114551_903\/\" data-orig-file=\"https:\/\/i0.wp.com\/ffyh.unc.edu.ar\/historia\/wp-content\/uploads\/sites\/37\/2024\/09\/IMG_20230303_114551_903.jpg?fit=2448%2C3264&amp;ssl=1\" data-orig-size=\"2448,3264\" data-comments-opened=\"0\" data-image-meta=\"{&quot;aperture&quot;:&quot;2&quot;,&quot;credit&quot;:&quot;&quot;,&quot;camera&quot;:&quot;moto e40&quot;,&quot;caption&quot;:&quot;&quot;,&quot;created_timestamp&quot;:&quot;1677843951&quot;,&quot;copyright&quot;:&quot;&quot;,&quot;focal_length&quot;:&quot;2.799&quot;,&quot;iso&quot;:&quot;50&quot;,&quot;shutter_speed&quot;:&quot;0.00083300013328002&quot;,&quot;title&quot;:&quot;&quot;,&quot;orientation&quot;:&quot;0&quot;}\" data-image-title=\"Victoria Romero\" data-image-description=\"\" data-image-caption=\"\" data-medium-file=\"https:\/\/i0.wp.com\/ffyh.unc.edu.ar\/historia\/wp-content\/uploads\/sites\/37\/2024\/09\/IMG_20230303_114551_903.jpg?fit=225%2C300&amp;ssl=1\" data-large-file=\"https:\/\/i0.wp.com\/ffyh.unc.edu.ar\/historia\/wp-content\/uploads\/sites\/37\/2024\/09\/IMG_20230303_114551_903.jpg?fit=768%2C1024&amp;ssl=1\" class=\"alignleft wp-image-6238 size-thumbnail\" src=\"https:\/\/i0.wp.com\/ffyh.unc.edu.ar\/historia\/wp-content\/uploads\/sites\/37\/2024\/09\/IMG_20230303_114551_903.jpg?resize=150%2C150\" alt=\"\" width=\"150\" height=\"150\" srcset=\"https:\/\/i0.wp.com\/ffyh.unc.edu.ar\/historia\/wp-content\/uploads\/sites\/37\/2024\/09\/IMG_20230303_114551_903.jpg?resize=150%2C150&amp;ssl=1 150w, https:\/\/i0.wp.com\/ffyh.unc.edu.ar\/historia\/wp-content\/uploads\/sites\/37\/2024\/09\/IMG_20230303_114551_903.jpg?zoom=2&amp;resize=150%2C150 300w, https:\/\/i0.wp.com\/ffyh.unc.edu.ar\/historia\/wp-content\/uploads\/sites\/37\/2024\/09\/IMG_20230303_114551_903.jpg?zoom=3&amp;resize=150%2C150 450w\" sizes=\"(max-width: 150px) 100vw, 150px\" \/> Profesora Asistente interina en \u00abHistoria Antigua\u00bb. Es profesora en Historia egresada de la Facultad de Filosof\u00eda y Humanidades, Universidad Nacional de C\u00f3rdoba. Actualmente es doctoranda en Historia y becaria doctoral en el Instituto de Antropolog\u00eda de C\u00f3rdoba, Consejo Nacional de Investigaciones Cient\u00edficas y T\u00e9cnicas, Museo de Antropolog\u00eda en la misma casa de estudios. El tema de tesis se denomina \u201cLa resignificaci\u00f3n de un \u00edcono cultural: la mesa de ofrendas como expresi\u00f3n de la performance pol\u00edtica y ritual en Amarna\u201d. Sus estudios se centran en el an\u00e1lisis integral de los monumentos de culto de la ciudad de Akhetat\u00f3n, la actual Tell el-Amarna, Egipto.<\/p>\n<p style=\"text-align: justify\">Algunos de los art\u00edculos publicados son: \u201cLa categor\u00eda del arte en el antiguo Egipto: una reflexi\u00f3n desde el giro ontol\u00f3gico\u201d (Comechingonia, 2023); \u201cEl trabajo de campo y la construcci\u00f3n del archivo: haciendo Egiptolog\u00eda desde el Sur Global\u201d (en co-autor\u00eda con Silvana Yomaha, Anuario de la Escuela de Historia Virtual, 2022); \u201cLa imagen en clave de interpretaci\u00f3n de los rituales funerarios. Un estudio de iconograf\u00eda del antiguo Egipto\u201d (en co-autor\u00eda con Silvana Yomaha, Estudios de Teor\u00eda Literaria., 2022); \u201cIdeolog\u00eda \u00e9tnica durante el per\u00edodo amarniano: \u00bfl\u00edmite o contacto con la otredad?\u201d (en co-autor\u00eda con Ariel Oliva y H\u00e9ctor Gerv\u00e1n, Sociedades Precapitalistas, 2014).<\/p>\n<p style=\"text-align: justify\">Al presente, forma parte de dos proyectos de investigaci\u00f3n en curso: \u201cTradiciones antiguas y mundo moderno. Percepci\u00f3n y apropiaci\u00f3n de mitos, ritos y leyendas\u201d (SECyT \u2013 UNC) y \u201cConservaci\u00f3n y estudio de la tumba tebana de Amenmose, TT318 en Sheikh Abd el-Qurna, Luxor, Egipto\u201d (Instituto de Investigaciones en Humanidades y Ciencias Sociales UNLP-CONICET; Centro de Investigaciones Mar\u00eda Saleme de Burnichon, UNC).<\/p>\n<p style=\"text-align: justify\">Participa de diversas tareas de extensi\u00f3n universitaria y comunicaci\u00f3n p\u00fablica de la ciencia en el marco de los proyectos de extensi\u00f3n para Adultos Mayores (Escuela de Historia y la Secretar\u00eda de Extensi\u00f3n de la Faculta de Filosof\u00eda y Humanidades, Universidad Nacional de C\u00f3rdoba), y \u201cEl Proyecto Amenmose y la circulaci\u00f3n social de la historia: entre las narrativas sociales y el relato escolar sobre la historia del antiguo Egipto\u201d (Facultad de Humanidades y Ciencias de la Educaci\u00f3n, Universidad Nacional de La Plata).<\/p>\n<\/td>\n<\/tr>\n<tr>\n<td colspan=\"2\">Contacto: <a href=\"mailto:celeste.romero@mi.unc.edu.ar\" target=\"_blank\" rel=\"noopener\">celeste.romero@mi.unc.edu.ar<\/a><\/p>\n<p>ACADEMIA.EDU: <a href=\"https:\/\/cordoba.academia.edu\/VictoriaRomero\" target=\"_blank\" rel=\"noopener\">https:\/\/cordoba.academia.edu\/VictoriaRomero<\/a><br \/>\nORCID: <a href=\"https:\/\/orcid.org\/0000-0003-3045-6554\" target=\"_blank\" rel=\"noopener\">https:\/\/orcid.org\/0000-0003-3045-6554<\/a><\/td>\n<\/tr>\n<\/tbody>\n<\/table>\n","protected":false},"excerpt":{"rendered":"<p>Profesora Asistente interina en \u00abHistoria Antigua\u00bb. Es profesora en Historia egresada de la Facultad de Filosof\u00eda y Humanidades, Universidad Nacional de C\u00f3rdoba. Actualmente es doctoranda en Historia y becaria doctoral en el Instituto de Antropolog\u00eda de C\u00f3rdoba, Consejo Nacional de Investigaciones Cient\u00edficas y T\u00e9cnicas, Museo de Antropolog\u00eda en la misma casa de estudios. El tema&#8230; <\/p>\n<div class=\"link-more\"><a href=\"https:\/\/ffyh.unc.edu.ar\/historia\/nuestrxs-docentes\/victoria-celeste-romero\/\">Lea m\u00e1s<\/a><\/div>\n","protected":false},"author":34,"featured_media":0,"parent":4089,"menu_order":0,"comment_status":"closed","ping_status":"closed","template":"","meta":{"_acf_changed":false,"_monsterinsights_skip_tracking":false,"_monsterinsights_sitenote_active":false,"_monsterinsights_sitenote_note":"","_monsterinsights_sitenote_category":0,"footnotes":""},"class_list":["post-6237","page","type-page","status-publish","hentry"],"acf":[],"jetpack_sharing_enabled":true,"_links":{"self":[{"href":"https:\/\/ffyh.unc.edu.ar\/historia\/wp-json\/wp\/v2\/pages\/6237","targetHints":{"allow":["GET"]}}],"collection":[{"href":"https:\/\/ffyh.unc.edu.ar\/historia\/wp-json\/wp\/v2\/pages"}],"about":[{"href":"https:\/\/ffyh.unc.edu.ar\/historia\/wp-json\/wp\/v2\/types\/page"}],"author":[{"embeddable":true,"href":"https:\/\/ffyh.unc.edu.ar\/historia\/wp-json\/wp\/v2\/users\/34"}],"replies":[{"embeddable":true,"href":"https:\/\/ffyh.unc.edu.ar\/historia\/wp-json\/wp\/v2\/comments?post=6237"}],"version-history":[{"count":3,"href":"https:\/\/ffyh.unc.edu.ar\/historia\/wp-json\/wp\/v2\/pages\/6237\/revisions"}],"predecessor-version":[{"id":6242,"href":"https:\/\/ffyh.unc.edu.ar\/historia\/wp-json\/wp\/v2\/pages\/6237\/revisions\/6242"}],"up":[{"embeddable":true,"href":"https:\/\/ffyh.unc.edu.ar\/historia\/wp-json\/wp\/v2\/pages\/4089"}],"wp:attachment":[{"href":"https:\/\/ffyh.unc.edu.ar\/historia\/wp-json\/wp\/v2\/media?parent=6237"}],"curies":[{"name":"wp","href":"https:\/\/api.w.org\/{rel}","templated":true}]}}