{"id":6448,"date":"2025-02-07T18:36:42","date_gmt":"2025-02-07T18:36:42","guid":{"rendered":"https:\/\/ffyh.unc.edu.ar\/historia\/?page_id=6448"},"modified":"2025-02-07T18:36:42","modified_gmt":"2025-02-07T18:36:42","slug":"historias-de-invierno-primavera-2024","status":"publish","type":"page","link":"https:\/\/ffyh.unc.edu.ar\/historia\/extension-historia\/historias-de-invierno-primavera-2024\/","title":{"rendered":"Historias de Invierno \/ Primavera 2024"},"content":{"rendered":"<p><img data-recalc-dims=\"1\" fetchpriority=\"high\" decoding=\"async\" data-attachment-id=\"5568\" data-permalink=\"https:\/\/ffyh.unc.edu.ar\/historia\/extension-historia\/hras-de-inv-primav-2023\/\" data-orig-file=\"https:\/\/i0.wp.com\/ffyh.unc.edu.ar\/historia\/wp-content\/uploads\/sites\/37\/2023\/08\/Hras-de-Inv-Primav-2023.png?fit=1024%2C392&amp;ssl=1\" data-orig-size=\"1024,392\" data-comments-opened=\"0\" data-image-meta=\"{&quot;aperture&quot;:&quot;0&quot;,&quot;credit&quot;:&quot;&quot;,&quot;camera&quot;:&quot;&quot;,&quot;caption&quot;:&quot;&quot;,&quot;created_timestamp&quot;:&quot;0&quot;,&quot;copyright&quot;:&quot;&quot;,&quot;focal_length&quot;:&quot;0&quot;,&quot;iso&quot;:&quot;0&quot;,&quot;shutter_speed&quot;:&quot;0&quot;,&quot;title&quot;:&quot;&quot;,&quot;orientation&quot;:&quot;0&quot;}\" data-image-title=\"Hras de Inv-Primav 2023\" data-image-description=\"\" data-image-caption=\"\" data-medium-file=\"https:\/\/i0.wp.com\/ffyh.unc.edu.ar\/historia\/wp-content\/uploads\/sites\/37\/2023\/08\/Hras-de-Inv-Primav-2023.png?fit=300%2C115&amp;ssl=1\" data-large-file=\"https:\/\/i0.wp.com\/ffyh.unc.edu.ar\/historia\/wp-content\/uploads\/sites\/37\/2023\/08\/Hras-de-Inv-Primav-2023.png?fit=1000%2C383&amp;ssl=1\" class=\"alignnone wp-image-5568 size-full\" src=\"https:\/\/i0.wp.com\/ffyh.unc.edu.ar\/historia\/wp-content\/uploads\/sites\/37\/2023\/08\/Hras-de-Inv-Primav-2023.png?resize=1000%2C383\" alt=\"\" width=\"1000\" height=\"383\" srcset=\"https:\/\/i0.wp.com\/ffyh.unc.edu.ar\/historia\/wp-content\/uploads\/sites\/37\/2023\/08\/Hras-de-Inv-Primav-2023.png?w=1024&amp;ssl=1 1024w, https:\/\/i0.wp.com\/ffyh.unc.edu.ar\/historia\/wp-content\/uploads\/sites\/37\/2023\/08\/Hras-de-Inv-Primav-2023.png?resize=300%2C115&amp;ssl=1 300w, https:\/\/i0.wp.com\/ffyh.unc.edu.ar\/historia\/wp-content\/uploads\/sites\/37\/2023\/08\/Hras-de-Inv-Primav-2023.png?resize=768%2C294&amp;ssl=1 768w, https:\/\/i0.wp.com\/ffyh.unc.edu.ar\/historia\/wp-content\/uploads\/sites\/37\/2023\/08\/Hras-de-Inv-Primav-2023.png?resize=600%2C230&amp;ssl=1 600w\" sizes=\"(max-width: 1000px) 100vw, 1000px\" \/><\/p>\n<p style=\"text-align: center\"><span style=\"font-size: 24pt;color: #800000\"><b><i>Historias de Invierno \/ Historias de Primavera 2024<br \/>\n<\/i><\/b><\/span><\/p>\n<p style=\"text-align: center\"><b>Cursos de Historia para Adultos Mayores<br \/>\n<\/b><\/p>\n<hr \/>\n<p style=\"text-align: justify\">La Escuela de Historia y la Secretar\u00eda de Extensi\u00f3n de la Facultad de Filosof\u00eda y Humanidades proponen cursos de extensi\u00f3n sobre temas hist\u00f3ricos para adultos mayores, con el objeto de fomentar el di\u00e1logo de saberes y la divulgaci\u00f3n social del conocimiento hist\u00f3rico. Son cursos abiertos, p\u00fablicos y gratuitos, desarrollados a trav\u00e9s de encuentros virtuales semanales de 2 hs (por plataforma <strong>Google Meet<\/strong>), entre septiembre y noviembre (<em>Historias de Invierno y Primavera<\/em>). La diversidad de tem\u00e1ticas, abordadas por equipos de docentes, egresados\/as y estudiantes de nuestra Escuela busca generar un di\u00e1logo amplio y diverso en torno a la historia.<\/p>\n<p style=\"text-align: center\"><span style=\"color: #ff6600\"><strong>Las inscripciones para los cursos de Invierno \/ Primavera 2024<br \/>\n<\/strong><strong>se realizan mediante LINK a Formulario ubicado al final de esta p\u00e1gina<\/strong><\/span><span style=\"color: #ff0000\"><strong><br \/>\n<\/strong><\/span><\/p>\n<p style=\"text-align: center\"><span style=\"font-size: 18pt\"><strong>Grilla de cursos<\/strong><\/span><\/p>\n<p><img data-recalc-dims=\"1\" decoding=\"async\" data-attachment-id=\"4897\" data-permalink=\"https:\/\/ffyh.unc.edu.ar\/historia\/extension-historia\/whatsapp-image-2022-08-22-at-5-34-01-pm\/\" data-orig-file=\"https:\/\/i0.wp.com\/ffyh.unc.edu.ar\/historia\/wp-content\/uploads\/sites\/37\/2022\/08\/WhatsApp-Image-2022-08-22-at-5.34.01-PM.jpeg?fit=1280%2C245&amp;ssl=1\" data-orig-size=\"1280,245\" data-comments-opened=\"0\" data-image-meta=\"{&quot;aperture&quot;:&quot;0&quot;,&quot;credit&quot;:&quot;&quot;,&quot;camera&quot;:&quot;&quot;,&quot;caption&quot;:&quot;&quot;,&quot;created_timestamp&quot;:&quot;0&quot;,&quot;copyright&quot;:&quot;&quot;,&quot;focal_length&quot;:&quot;0&quot;,&quot;iso&quot;:&quot;0&quot;,&quot;shutter_speed&quot;:&quot;0&quot;,&quot;title&quot;:&quot;&quot;,&quot;orientation&quot;:&quot;0&quot;}\" data-image-title=\"WhatsApp Image 2022-08-22 at 5.34.01 PM\" data-image-description=\"\" data-image-caption=\"\" data-medium-file=\"https:\/\/i0.wp.com\/ffyh.unc.edu.ar\/historia\/wp-content\/uploads\/sites\/37\/2022\/08\/WhatsApp-Image-2022-08-22-at-5.34.01-PM.jpeg?fit=300%2C57&amp;ssl=1\" data-large-file=\"https:\/\/i0.wp.com\/ffyh.unc.edu.ar\/historia\/wp-content\/uploads\/sites\/37\/2022\/08\/WhatsApp-Image-2022-08-22-at-5.34.01-PM.jpeg?fit=1000%2C191&amp;ssl=1\" class=\"aligncenter wp-image-4897 size-large\" src=\"https:\/\/i0.wp.com\/ffyh.unc.edu.ar\/historia\/wp-content\/uploads\/sites\/37\/2022\/08\/WhatsApp-Image-2022-08-22-at-5.34.01-PM.jpeg?resize=1000%2C191\" alt=\"\" width=\"1000\" height=\"191\" srcset=\"https:\/\/i0.wp.com\/ffyh.unc.edu.ar\/historia\/wp-content\/uploads\/sites\/37\/2022\/08\/WhatsApp-Image-2022-08-22-at-5.34.01-PM.jpeg?resize=1024%2C196&amp;ssl=1 1024w, https:\/\/i0.wp.com\/ffyh.unc.edu.ar\/historia\/wp-content\/uploads\/sites\/37\/2022\/08\/WhatsApp-Image-2022-08-22-at-5.34.01-PM.jpeg?resize=300%2C57&amp;ssl=1 300w, https:\/\/i0.wp.com\/ffyh.unc.edu.ar\/historia\/wp-content\/uploads\/sites\/37\/2022\/08\/WhatsApp-Image-2022-08-22-at-5.34.01-PM.jpeg?resize=768%2C147&amp;ssl=1 768w, https:\/\/i0.wp.com\/ffyh.unc.edu.ar\/historia\/wp-content\/uploads\/sites\/37\/2022\/08\/WhatsApp-Image-2022-08-22-at-5.34.01-PM.jpeg?resize=600%2C115&amp;ssl=1 600w, https:\/\/i0.wp.com\/ffyh.unc.edu.ar\/historia\/wp-content\/uploads\/sites\/37\/2022\/08\/WhatsApp-Image-2022-08-22-at-5.34.01-PM.jpeg?w=1280&amp;ssl=1 1280w\" sizes=\"(max-width: 1000px) 100vw, 1000px\" \/><\/p>\n<hr \/>\n<section id=\"h.7c373a575dfe138b_0\" class=\"yaqOZd WxWicb\">\n<div class=\"IFuOkc\" style=\"text-align: center\">\n<p><strong>SEPTIEMBRE<\/strong><\/p>\n<p><em><strong>Historia e historiograf\u00eda del movimiento libertario en la C\u00f3rdoba de los setenta. Viejos planteos y nuevos interrogantes <\/strong><\/em>(Viernes de 14 a 16hs)<br \/>\n6, 13, 20 y 27 de septiembre<br \/>\n<a href=\"https:\/\/drive.google.com\/file\/d\/1Q4Os7KwruAgG058Rqmmqfoy48A_H4O3P\/view?usp=sharing\" target=\"_blank\" rel=\"noopener\">Programa del curso<\/a><br \/>\n<span style=\"color: #ff0000\"><strong>\u2013 Inscripciones cerradas para este curso \u2013<\/strong><\/span><\/p>\n<p><em><strong>Historia de China: la Rep\u00fablica Popular durante el gobierno de Xi Jinping (2013-actualidad) (<\/strong><\/em>Viernes de 16 a 18hs)<br \/>\n6, 13, 20 y 27 de septiembre<br \/>\n<a href=\"https:\/\/drive.google.com\/file\/d\/1VXEHNSWcezyK_G5EC5ytBWC2de6kMt05\/view?usp=sharing\" target=\"_blank\" rel=\"noopener\">Programa del curso<\/a><br \/>\n<span style=\"color: #ff0000\"><strong>\u2013 Inscripciones cerradas para este curso \u2013<\/strong><\/span><\/p>\n<p><strong><em>Mujeres en la Edad Media: De la Cotidianidad a los Espacios de Poder <\/em><\/strong>(Martes de 18 a 20hs)<br \/>\n24 de septiembre; 1, 8 y 15 de octubre<br \/>\n<a href=\"https:\/\/drive.google.com\/file\/d\/1U14OIYuaWCqt1d-6LMhgyRPegvM3i3vo\/view?usp=sharing\" target=\"_blank\" rel=\"noopener\">Programa del curso<\/a><br \/>\n<span style=\"color: #ff0000\"><strong>\u2013 Inscripciones cerradas para este curso \u2013<\/strong><\/span><\/p>\n<p>&nbsp;<\/p>\n<p><img data-recalc-dims=\"1\" decoding=\"async\" data-attachment-id=\"4917\" data-permalink=\"https:\/\/ffyh.unc.edu.ar\/historia\/extension-historia\/mesa-de-trabajo-29\/\" data-orig-file=\"https:\/\/i0.wp.com\/ffyh.unc.edu.ar\/historia\/wp-content\/uploads\/sites\/37\/2022\/08\/Mesa-de-trabajo-29-scaled.jpg?fit=2560%2C489&amp;ssl=1\" data-orig-size=\"2560,489\" data-comments-opened=\"0\" data-image-meta=\"{&quot;aperture&quot;:&quot;0&quot;,&quot;credit&quot;:&quot;&quot;,&quot;camera&quot;:&quot;&quot;,&quot;caption&quot;:&quot;&quot;,&quot;created_timestamp&quot;:&quot;0&quot;,&quot;copyright&quot;:&quot;&quot;,&quot;focal_length&quot;:&quot;0&quot;,&quot;iso&quot;:&quot;0&quot;,&quot;shutter_speed&quot;:&quot;0&quot;,&quot;title&quot;:&quot;&quot;,&quot;orientation&quot;:&quot;0&quot;}\" data-image-title=\"Mesa de trabajo 29\" data-image-description=\"\" data-image-caption=\"\" data-medium-file=\"https:\/\/i0.wp.com\/ffyh.unc.edu.ar\/historia\/wp-content\/uploads\/sites\/37\/2022\/08\/Mesa-de-trabajo-29-scaled.jpg?fit=300%2C57&amp;ssl=1\" data-large-file=\"https:\/\/i0.wp.com\/ffyh.unc.edu.ar\/historia\/wp-content\/uploads\/sites\/37\/2022\/08\/Mesa-de-trabajo-29-scaled.jpg?fit=1000%2C191&amp;ssl=1\" class=\"aligncenter wp-image-4917 size-large\" src=\"https:\/\/i0.wp.com\/ffyh.unc.edu.ar\/historia\/wp-content\/uploads\/sites\/37\/2022\/08\/Mesa-de-trabajo-29.jpg?resize=1000%2C191\" alt=\"\" width=\"1000\" height=\"191\" srcset=\"https:\/\/i0.wp.com\/ffyh.unc.edu.ar\/historia\/wp-content\/uploads\/sites\/37\/2022\/08\/Mesa-de-trabajo-29-scaled.jpg?resize=1024%2C196&amp;ssl=1 1024w, https:\/\/i0.wp.com\/ffyh.unc.edu.ar\/historia\/wp-content\/uploads\/sites\/37\/2022\/08\/Mesa-de-trabajo-29-scaled.jpg?resize=300%2C57&amp;ssl=1 300w, https:\/\/i0.wp.com\/ffyh.unc.edu.ar\/historia\/wp-content\/uploads\/sites\/37\/2022\/08\/Mesa-de-trabajo-29-scaled.jpg?resize=768%2C147&amp;ssl=1 768w, https:\/\/i0.wp.com\/ffyh.unc.edu.ar\/historia\/wp-content\/uploads\/sites\/37\/2022\/08\/Mesa-de-trabajo-29-scaled.jpg?resize=1536%2C294&amp;ssl=1 1536w, https:\/\/i0.wp.com\/ffyh.unc.edu.ar\/historia\/wp-content\/uploads\/sites\/37\/2022\/08\/Mesa-de-trabajo-29-scaled.jpg?resize=2048%2C392&amp;ssl=1 2048w, https:\/\/i0.wp.com\/ffyh.unc.edu.ar\/historia\/wp-content\/uploads\/sites\/37\/2022\/08\/Mesa-de-trabajo-29-scaled.jpg?resize=600%2C115&amp;ssl=1 600w\" sizes=\"(max-width: 1000px) 100vw, 1000px\" \/><\/p>\n<p><strong>OCTUBRE<\/strong><\/p>\n<p><em><strong>Sexo, cine y rock and roll (<\/strong><\/em>lunes de 17 a 19 h)<br \/>\n7, 14, 21 y 28 de octubre<br \/>\n<a href=\"https:\/\/drive.google.com\/file\/d\/1E5BIyPkeS5E9JiZm2m4_9uWbjiB0wCYb\/view?usp=sharing\" target=\"_blank\" rel=\"noopener\">Programa del curso<\/a><br \/>\n<span style=\"color: #ff0000\"><strong>\u2013 Inscripciones cerradas para este curso \u2013<\/strong><\/span><\/p>\n<\/div>\n<div><\/div>\n<div style=\"text-align: center\"><em><strong>El antiguo Egipto y su estudio desde Argentina. Trabajo de campo actual y construcci\u00f3n de archivos egiptol\u00f3gicos, m\u00e1s all\u00e1 de las pir\u00e1mides <\/strong><\/em>(Martes de 9 a 11 hs)<br \/>\n1, 8, 15 y 22 de octubre<br \/>\n<span style=\"color: #333333\"><a style=\"color: #333333\" href=\"https:\/\/drive.google.com\/file\/d\/1pR1ght3079F1De6vcT9Q-aPPbjGmhw8W\/view?usp=sharing\" target=\"_blank\" rel=\"noopener\"><span style=\"color: #808080\">Programa del curso <\/span><\/a><\/span><\/div>\n<\/section>\n<div style=\"text-align: center\"><span style=\"color: #ff0000\"><strong>\u2013 Inscripciones cerradas para este curso \u2013<\/strong><\/span><\/div>\n<div><\/div>\n<div><\/div>\n<div><\/div>\n<div><\/div>\n<div style=\"text-align: center\"><em><strong>Leyendo a los antiguos egipcios: introducci\u00f3n elemental a la interpretaci\u00f3n de la escritura jerogl\u00edfica<\/strong><\/em> (Jueves de 16 a 18hs)<br \/>\n3, 10, 17 y 24 de octubre<br \/>\n<a href=\"https:\/\/drive.google.com\/file\/d\/1Gye0jFHAueFyhfNhkn4KutwDTnSIOeum\/view?usp=sharing\" target=\"_blank\" rel=\"noopener\">Programa del curso<\/a><br \/>\n<span style=\"color: #ff0000\"><strong>\u2013 Inscripciones cerradas para este curso \u2013<\/strong><\/span><\/div>\n<div><\/div>\n<div><\/div>\n<section id=\"h.7c373a575dfe138b_0\" class=\"yaqOZd WxWicb\">\n<div><\/div>\n<div style=\"text-align: center\"><em><strong>Hasta el fin del mundo&#8230; y m\u00e1s all\u00e1. Viajeros y navegantes en la Edad Moderna <\/strong><\/em>(Mi\u00e9rcoles de 18 a 20hs)<\/div>\n<\/section>\n<section id=\"h.7c373a575dfe138b_0\" class=\"yaqOZd WxWicb\">\n<div style=\"text-align: center\">\n<p>23 y 30 de octubre; 6 y 13 de noviembre<br \/>\n<a href=\"https:\/\/drive.google.com\/file\/d\/1LJWGja1Y2hozNSqwOLq_Zu2qb-qhT1JF\/view?usp=sharing\" target=\"_blank\" rel=\"noopener\">Programa del curso<\/a><br \/>\n<span style=\"color: #ff0000\"><strong>\u2013 Inscripciones cerradas para este curso \u2013<\/strong><\/span><\/p>\n<p>&nbsp;<\/p>\n<p><em><strong>El mito de la Argentina \u201cpotencia\u201d y los usos pol\u00edticos de la historia<\/strong><\/em> (Jueves de 11 a 13 hs)<br \/>\n31 de octubre; 7, 14 y 21 de noviembre<br \/>\n<a href=\"https:\/\/drive.google.com\/file\/d\/1u7ky7mE_OzP_FV7oLFC0xaCDTKYWR8Ug\/view?usp=sharing\" target=\"_blank\" rel=\"noopener\">Programa del curso<\/a><br \/>\n<span style=\"color: #ff0000\"><strong>\u2013 Inscripciones cerradas para este curso \u2013<\/strong><\/span><\/p>\n<p>&nbsp;<\/p>\n<p><strong>NOVIEMBRE<\/strong><\/p>\n<\/div>\n<\/section>\n<section id=\"h.7c373a575dfe138b_0\" class=\"yaqOZd WxWicb\">\n<div style=\"text-align: center\">\n<p><strong><em>Pintoras, musas y mecenas. Mujeres en el arte durante el per\u00edodo moderno<\/em><\/strong> (Viernes de 18:30 a 20:30 hs)<br \/>\n1, 8, 15 y 22 de noviembre<br \/>\n<a href=\"https:\/\/drive.google.com\/file\/d\/1rhGovs5-yEvaiIiuYrb-jC6UU1t2KQH_\/view?usp=sharing\" target=\"_blank\" rel=\"noopener\">Programa del curso<\/a><br \/>\n<span style=\"color: #ff0000\"><strong>\u2013 Inscripciones cerradas para este curso \u2013<\/strong><\/span><\/p>\n<\/div>\n<div class=\"IFuOkc\" style=\"text-align: center\">\n<hr \/>\n<section id=\"h.7c373a575dfe138b_0\" class=\"yaqOZd WxWicb\">\n<div class=\"IFuOkc\" style=\"text-align: center\">\n<p>&nbsp;<\/p>\n<p style=\"text-align: center\"><strong><span style=\"color: #ff0000\">&#8211;&gt; <a href=\"https:\/\/docs.google.com\/forms\/d\/e\/1FAIpQLSc3vUqzuzV-Bsxoa-bRfhVKP4Duu7ZEHACRJt_oHGLp2kQFeA\/viewform\" target=\"_blank\" rel=\"noopener\">LINK a Formulario de inscripci\u00f3n a Cursos de Invierno \/ Primavera 2024<\/a>&lt;&#8212;<\/span><\/strong><\/p>\n<p>&nbsp;<\/p>\n<p><em>\u00bfQuer\u00e9s saber m\u00e1s de los cursos que se dictaron anteriormente?<br \/>\n<\/em><a href=\"https:\/\/ffyh.unc.edu.ar\/historia\/extension-historia\/historias-de-verano-otono-2022\/\" target=\"_blank\" rel=\"noopener\">Link a p\u00e1gina de Cursos Historias de Verano \/ Oto\u00f1o 2022<\/a><br \/>\n<a href=\"https:\/\/ffyh.unc.edu.ar\/historia\/extension-historia\/historias-de-invierno-primavera-2022\/\" target=\"_blank\" rel=\"noopener\">Link a p\u00e1gina de Cursos Historias de Invierno \/ Primavera 2022<\/a><br \/>\n<a href=\"https:\/\/ffyh.unc.edu.ar\/historia\/extension-historia\/historias-de-verano-otono-2023\/\" target=\"_blank\" rel=\"noopener\">Link a p\u00e1gina de Cursos Historias de Verano \/ Oto\u00f1o 2023<\/a><br \/>\n<a href=\"https:\/\/ffyh.unc.edu.ar\/historia\/cursos-historias-de-invierno-primavera-2023\/\" target=\"_blank\" rel=\"noopener\">Link a p\u00e1gina de Cursos Historias de Invierno \/ Primavera 2023<\/a><br \/>\n<a href=\"https:\/\/ffyh.unc.edu.ar\/historia\/extension-historia\/historias-de-verano-otono-2024\/\" target=\"_blank\" rel=\"noopener\">Link a p\u00e1gina de Cursos Historias de Verano \/ Oto\u00f1o 2024<\/a><\/p>\n<p><em>M\u00e1s informaci\u00f3n:<br \/>\n<\/em>Equipo coordinador de los cursos Historias de Verano &#8211; Oto\u00f1o<br \/>\n<a href=\"mailto:conhistoria@ffyh.unc.edu.ar\">conhistoria@ffyh.unc.edu.ar<\/a><\/p>\n<p>Secretar\u00eda T\u00e9cnica de la Escuela de Historia, FFyH, UNC<br \/>\n<a href=\"mailto:historia@ffyh.unc.edu.ar\" target=\"_blank\" rel=\"noopener\">historia@ffyh.unc.edu.ar<\/a><\/p>\n<p><em>\u00bfTe interesa conocer m\u00e1s acerca de la Escuela de Historia?<\/em><br \/>\nVisit\u00e1 nuestro <a href=\"https:\/\/ffyh.unc.edu.ar\/historia\/\" target=\"_blank\" rel=\"noopener\">sitio institucional ffyh.unc.edu.ar\/historia<\/a> y nuestra memoria fotogr\u00e1fica, <a href=\"https:\/\/ffyh.unc.edu.ar\/historia\/pixeles\/\" target=\"_blank\" rel=\"noopener\"><strong><em>Historia en pixeles<\/em><\/strong><\/a>.<\/p>\n<p><em>Canales de difusi\u00f3n:<\/em><br \/>\n<strong>Facebook<\/strong>: <a href=\"https:\/\/www.facebook.com\/historiaunc\/\" target=\"_blank\" rel=\"noreferrer noopener\">\/historiaunc<\/a><br \/>\n<strong>Instagram<\/strong>: <a href=\"https:\/\/www.instagram.com\/historiaunc\/\" target=\"_blank\" rel=\"noreferrer noopener\">\/historiaunc<\/a><br \/>\n<strong>Youtube<\/strong>: <a href=\"http:\/\/youtube.com\/historiaunc\" target=\"_blank\" rel=\"noreferrer noopener\" data-type=\"URL\" data-id=\"http:\/\/youtube.com\/historiaunc\">\/historiaunc<\/a><\/p>\n<\/div>\n<\/section>\n<\/div>\n<\/section>\n","protected":false},"excerpt":{"rendered":"<p>Historias de Invierno \/ Historias de Primavera 2024 Cursos de Historia para Adultos Mayores La Escuela de Historia y la Secretar\u00eda de Extensi\u00f3n de la Facultad de Filosof\u00eda y Humanidades proponen cursos de extensi\u00f3n sobre temas hist\u00f3ricos para adultos mayores, con el objeto de fomentar el di\u00e1logo de saberes y la divulgaci\u00f3n social del conocimiento&#8230; <\/p>\n<div class=\"link-more\"><a href=\"https:\/\/ffyh.unc.edu.ar\/historia\/extension-historia\/historias-de-invierno-primavera-2024\/\">Lea m\u00e1s<\/a><\/div>\n","protected":false},"author":34,"featured_media":0,"parent":3485,"menu_order":6,"comment_status":"closed","ping_status":"closed","template":"","meta":{"_acf_changed":false,"_monsterinsights_skip_tracking":false,"_monsterinsights_sitenote_active":false,"_monsterinsights_sitenote_note":"","_monsterinsights_sitenote_category":0,"footnotes":""},"class_list":["post-6448","page","type-page","status-publish","hentry"],"acf":[],"jetpack_sharing_enabled":true,"_links":{"self":[{"href":"https:\/\/ffyh.unc.edu.ar\/historia\/wp-json\/wp\/v2\/pages\/6448","targetHints":{"allow":["GET"]}}],"collection":[{"href":"https:\/\/ffyh.unc.edu.ar\/historia\/wp-json\/wp\/v2\/pages"}],"about":[{"href":"https:\/\/ffyh.unc.edu.ar\/historia\/wp-json\/wp\/v2\/types\/page"}],"author":[{"embeddable":true,"href":"https:\/\/ffyh.unc.edu.ar\/historia\/wp-json\/wp\/v2\/users\/34"}],"replies":[{"embeddable":true,"href":"https:\/\/ffyh.unc.edu.ar\/historia\/wp-json\/wp\/v2\/comments?post=6448"}],"version-history":[{"count":1,"href":"https:\/\/ffyh.unc.edu.ar\/historia\/wp-json\/wp\/v2\/pages\/6448\/revisions"}],"predecessor-version":[{"id":6449,"href":"https:\/\/ffyh.unc.edu.ar\/historia\/wp-json\/wp\/v2\/pages\/6448\/revisions\/6449"}],"up":[{"embeddable":true,"href":"https:\/\/ffyh.unc.edu.ar\/historia\/wp-json\/wp\/v2\/pages\/3485"}],"wp:attachment":[{"href":"https:\/\/ffyh.unc.edu.ar\/historia\/wp-json\/wp\/v2\/media?parent=6448"}],"curies":[{"name":"wp","href":"https:\/\/api.w.org\/{rel}","templated":true}]}}