{"id":6500,"date":"2025-04-24T16:03:50","date_gmt":"2025-04-24T16:03:50","guid":{"rendered":"https:\/\/ffyh.unc.edu.ar\/historia\/?page_id=6500"},"modified":"2025-05-01T03:29:31","modified_gmt":"2025-05-01T03:29:31","slug":"premio-jovenes-historiadores","status":"publish","type":"page","link":"https:\/\/ffyh.unc.edu.ar\/historia\/premio-jovenes-historiadores\/","title":{"rendered":"PREMIO \u201cJ\u00d3VENES HISTORIADORES\u201d"},"content":{"rendered":"<h4 style=\"text-align: center\"><span style=\"color: #000000;font-size: 14pt\"><strong>Escuela de Historia \/ Anuario de la Escuela de Historia <em>Virtual<\/em> <\/strong><\/span><\/h4>\n<h4 style=\"text-align: center\"><span style=\"color: #3366ff;font-size: 12pt\"><strong>BASES GENERALES Y CONVOCATORIA 2025<\/strong><\/span><\/h4>\n<p>La Escuela de Historia (FFyH, Universidad Nacional de C\u00f3rdoba) en conjunto con su revista institucional, el Anuario de la Escuela de Historia <em>Virtual<\/em>, convocan a la segunda edici\u00f3n del <span style=\"color: #3366ff\"><strong>Premio \u201cJ\u00f3venes Historiadores\u201d<\/strong><\/span>, que ser\u00e1 otorgado mediante un concurso abierto en el que pueden participar con un art\u00edculo de investigaci\u00f3n original, en cualquier tem\u00e1tica hist\u00f3rica, j\u00f3venes autores\/as de distintas universidades que se inscriban en cualquiera de las siguientes dos categor\u00edas establecidas para la convocatoria: 1) \u201cEstudiantes de grado avanzados\/as\u201d; 2) \u201cJ\u00f3venes graduados\/as\u201d. Los requisitos para postular a cada uno de los premios son los siguientes:<\/p>\n<ul>\n<li>En la categor\u00eda de <strong>\u201cEstudiantes de grado avanzados\/as\u201d,<\/strong> los\/as autores\/as que presenten art\u00edculos originales de investigaci\u00f3n deben ser en el momento en el que se postulen alumnos\/as de una carrera de grado en Historia, en cualquier instituci\u00f3n universitaria, p\u00fablica o privada, del pa\u00eds o del extranjero. En tal sentido, para poder presentarse no podr\u00e1n contar con el t\u00edtulo de grado al momento del cierre de la convocatoria. En el caso de ser graduado\/a de otra carrera de historia deber\u00e1 haber egresado en los \u00faltimos dos a\u00f1os.<\/li>\n<li>En la categor\u00eda de <strong>\u201cJ\u00f3venes graduados\/as\u201d<\/strong>, las\/los autores\/as deber\u00e1n poseer al momento de presentar sus art\u00edculos de investigaci\u00f3n originales un t\u00edtulo de grado en Historia, habiendo egresado de instituciones universitarias, p\u00fablicas o privadas, del pa\u00eds o del extranjero durante los \u00faltimos 2 a\u00f1os. Para poder presentarse no podr\u00e1n contar con ninguna titulaci\u00f3n de posgrado (Especializaci\u00f3n, Maestr\u00eda o Doctorado, o sus equivalentes en el extranjero, excluyendo las diplomaturas), al momento del cierre de la convocatoria.<\/li>\n<\/ul>\n<p>-Anualmente, la recepci\u00f3n de trabajos para los premios estar\u00e1 abierta desde el<span style=\"color: #ff6600\"> <strong>1 de julio hasta el 15 de agosto de 2025<\/strong>.<\/span><\/p>\n<p>-El trabajo presentado podr\u00e1 ser individual o escrito en conjunto hasta por dos autores\/as.<\/p>\n<p>-La tem\u00e1tica es libre dentro de la disciplina hist\u00f3rica, incluyendo la posibilidad de presentar trabajos de Historia argentina, americana, arqueolog\u00eda, antigua, medieval, moderna, contempor\u00e1nea e historiograf\u00eda. Los trabajos deber\u00e1n ser presentados en espa\u00f1ol.<\/p>\n<p>-Los trabajos deben observar estrictamente las mismas pautas editoriales previstas para la secci\u00f3n de \u201cArt\u00edculos\u201d del Anuario de la Escuela de Historia <em>Virtual<\/em>, que pueden consultarse a trav\u00e9s del siguiente v\u00ednculo hacia la p\u00e1gina web de la revista:<\/p>\n<p><a href=\"https:\/\/revistas.unc.edu.ar\/index.php\/anuariohistoria\/about\/submissions\" target=\"_blank\" rel=\"noopener\">https:\/\/revistas.unc.edu.ar\/index.php\/anuariohistoria\/about\/submissions<\/a><\/p>\n<p>-Para la Convocatoria 2025, los trabajos deben ser enviados por correo electr\u00f3nico, en su versi\u00f3n final, hasta el <strong>15 de agosto de 2025,<\/strong> a la siguiente direcci\u00f3n: <a href=\"mailto:anuario.historia@gmail.com\">anuario.historia@gmail.com<\/a><\/p>\n<p>-El art\u00edculo presentado deber\u00e1 ser acompa\u00f1ado en el correo electr\u00f3nico enviado por otros tres archivos distintos: 1) un cv resumido del\/la autor\/a (m\u00e1ximo 2 carillas); 2) el anal\u00edtico universitario actualizado donde conste que el concursante es alumno regular de una carrera de grado en Historia (en el caso de la categor\u00eda de \u201cEstudiantes de grado avanzados\/as\u201d) o una copia del anal\u00edtico final de la carrera o diploma de grado (en el caso de la categor\u00eda \u201cJ\u00f3venes graduados\/as\u201d) y, un tercer documento, que es un formulario correspondiente de inscripci\u00f3n al premio (Anexo 1). En el caso de quienes se presenten a la categor\u00eda de \u201cEstudiantes de grado avanzados\/as\u201d deber\u00e1n incluir, adem\u00e1s, una nota firmada por un profesor que avale la calidad del trabajo presentado al concurso.<\/p>\n<p>-La fecha l\u00edmite prevista es definitiva e impostergable, y no habr\u00e1 lugar a pedidos de excepci\u00f3n de ning\u00fan tipo.<\/p>\n<p>-La versi\u00f3n del art\u00edculo que se env\u00ede por correo electr\u00f3nico deber\u00e1 ser anonimizada completamente, de manera tal que no pueda identificarse el nombre del\/la autor\/a. Deber\u00e1 consignarse en el asunto del correo electr\u00f3nico el t\u00edtulo \u201cTrabajo para Premio Escuela de Historia \/ Anuario de la Escuela de Historia <em>Virtual<\/em>\u201d. Se confirmar\u00e1 por correo electr\u00f3nico la correcta recepci\u00f3n del trabajo y la documentaci\u00f3n adjunta.<\/p>\n<p>-Se otorgar\u00e1 un premio por cada una de las categor\u00edas, pudiendo emitirse tambi\u00e9n, en caso de que el jurado lo considere apropiado, hasta dos menciones especiales a los segundos y terceros puestos en cada una de las categor\u00edas.<\/p>\n<p>-El premio en cada una de las categor\u00edas consistir\u00e1 en un diploma emitido por la Escuela de Historia para el\/la autor\/a y la publicaci\u00f3n del art\u00edculo en la revista. En el caso de las menciones especiales, se emitir\u00e1 un diploma de menci\u00f3n especial al autor\/a. Eventualmente, el jurado podr\u00e1 tambi\u00e9n recomendar o no la publicaci\u00f3n de los trabajos de estos \u00faltimos en la revista, lo que deber\u00e1 ser aprobado en conjunto por el director de la revista y el equipo editorial. En todos los casos, los trabajos ganadores deber\u00e1n introducir las correcciones que pudieran ser planteadas por el jurado en sus dict\u00e1menes con vistas a la publicaci\u00f3n final en la revista.<\/p>\n<p>-El tribunal que discernir\u00e1 sobre el otorgamiento de los dos premios estar\u00e1 integrado por cuatro profesores, de reconocida trayectoria en investigaci\u00f3n y direcci\u00f3n de proyectos en Historia y que posean grado de doctor, y un representante del Anuario de la Escuela de Historia, adem\u00e1s de dos suplentes. Adem\u00e1s, los cinco miembros titulares deber\u00e1n pertenecer a \u00e1reas diferentes dentro de historia (argentina, americana, arqueolog\u00eda, antigua, medieval, moderna y contempor\u00e1nea) y, al menos dos de ellos, tendr\u00e1n pertenencia institucional como docentes en la Escuela de Historia y el resto deber\u00e1n ser docentes y\/o investigadores\/as en otra universidad argentina, nacional o privada o investigadores de CONICET. Los trabajos recibidos ser\u00e1n previamente le\u00eddos por el equipo editorial de la revista, que revisar\u00e1 que los trabajos cuenten con los criterios formales de un art\u00edculo de investigaci\u00f3n original.<\/p>\n<p>-En esta edici\u00f3n 2025 el Jurado estar\u00e1 integrado por los\/as Dres\/as. Velia Luparello (UNC), Alejandro Morin (UNC-UBA-CONICET), Sonia Tell (UNC-CONICET), Diego Paiaro (UNGS-UBA-CONICET) y Mart\u00edn Mangiantini (UBA-CONICET). Como suplentes, los\/as Dres\/as. Gabriel A. Carini (UNRC-CONICET) y Eugenia Gay (UNC).<\/p>\n<p>-Los trabajos ganadores de la Convocatoria 2025 en cada una de las dos categor\u00edas previstas, as\u00ed como las otras menciones que eventualmente el jurado considere apropiado conceder, ser\u00e1n debidamente anunciados a trav\u00e9s del blog institucional de la Escuela y el correo electr\u00f3nico de la misma.<\/p>\n<p>-Cualquier controversia que pudiera suscitarse con respecto a las presentes bases y a la convocatoria correspondiente ser\u00e1 resuelta por la Direcci\u00f3n de la Escuela de Historia y la del Anuario de la Escuela de Historia <em>Virtual<\/em>.<\/p>\n<p>&nbsp;<\/p>\n<p>Anexo I<\/p>\n<p><strong>Formulario de inscripci\u00f3n (a ser presentado en pdf, con firma del autor o autora escaneada).<\/strong><\/p>\n<table style=\"border-collapse: collapse;width: 100%\">\n<tbody>\n<tr>\n<td style=\"width: 100%\">\n<p style=\"text-align: right\">Lugar y fecha<\/p>\n<p>Estimados\/as,<\/p>\n<p>Por la presente, me dirijo a Ustedes a los efectos de hacerles llegar una copia del trabajo \u201c[T\u00cdTULO]\u201d para la convocatoria 2025 del Premio \u201cJ\u00f3venes Historiadores\u201d de la Escuela de Historia (FFyH, Universidad Nacional de C\u00f3rdoba) y el Anuario de la Escuela de Historia <em>Virtual <\/em>en la categor\u00eda \u201cEstudiantes de grado avanzados\/as \/ J\u00f3venes graduados\/as\u201d (BORRAR LO QUE NO CORRESPONDA).<\/p>\n<p>Por la presente, declaro que el trabajo aqu\u00ed presentado es original, in\u00e9dito y de mi exclusiva autor\u00eda individual. Asimismo, acepto las bases de la presente convocatoria, que he le\u00eddo y comprendido.<\/p>\n<p style=\"text-align: right\">[Insertar firma escaneada]\n<p style=\"text-align: right\">Nombre y apellido<\/p>\n<p style=\"text-align: right\">DNI<\/p>\n<p style=\"text-align: right\">Direcci\u00f3n de correo electr\u00f3nico<\/p>\n<\/td>\n<\/tr>\n<\/tbody>\n<\/table>\n<p>&nbsp;<\/p>\n","protected":false},"excerpt":{"rendered":"<p>Escuela de Historia \/ Anuario de la Escuela de Historia Virtual BASES GENERALES Y CONVOCATORIA 2025 La Escuela de Historia (FFyH, Universidad Nacional de C\u00f3rdoba) en conjunto con su revista institucional, el Anuario de la Escuela de Historia Virtual, convocan a la segunda edici\u00f3n del Premio \u201cJ\u00f3venes Historiadores\u201d, que ser\u00e1 otorgado mediante un concurso abierto&#8230; <\/p>\n<div class=\"link-more\"><a href=\"https:\/\/ffyh.unc.edu.ar\/historia\/premio-jovenes-historiadores\/\">Lea m\u00e1s<\/a><\/div>\n","protected":false},"author":34,"featured_media":0,"parent":0,"menu_order":0,"comment_status":"closed","ping_status":"closed","template":"","meta":{"_acf_changed":false,"_monsterinsights_skip_tracking":false,"_monsterinsights_sitenote_active":false,"_monsterinsights_sitenote_note":"","_monsterinsights_sitenote_category":0,"footnotes":""},"class_list":["post-6500","page","type-page","status-publish","hentry"],"acf":[],"jetpack_sharing_enabled":true,"_links":{"self":[{"href":"https:\/\/ffyh.unc.edu.ar\/historia\/wp-json\/wp\/v2\/pages\/6500","targetHints":{"allow":["GET"]}}],"collection":[{"href":"https:\/\/ffyh.unc.edu.ar\/historia\/wp-json\/wp\/v2\/pages"}],"about":[{"href":"https:\/\/ffyh.unc.edu.ar\/historia\/wp-json\/wp\/v2\/types\/page"}],"author":[{"embeddable":true,"href":"https:\/\/ffyh.unc.edu.ar\/historia\/wp-json\/wp\/v2\/users\/34"}],"replies":[{"embeddable":true,"href":"https:\/\/ffyh.unc.edu.ar\/historia\/wp-json\/wp\/v2\/comments?post=6500"}],"version-history":[{"count":15,"href":"https:\/\/ffyh.unc.edu.ar\/historia\/wp-json\/wp\/v2\/pages\/6500\/revisions"}],"predecessor-version":[{"id":6524,"href":"https:\/\/ffyh.unc.edu.ar\/historia\/wp-json\/wp\/v2\/pages\/6500\/revisions\/6524"}],"wp:attachment":[{"href":"https:\/\/ffyh.unc.edu.ar\/historia\/wp-json\/wp\/v2\/media?parent=6500"}],"curies":[{"name":"wp","href":"https:\/\/api.w.org\/{rel}","templated":true}]}}