{"id":6589,"date":"2025-06-17T15:18:40","date_gmt":"2025-06-17T15:18:40","guid":{"rendered":"https:\/\/ffyh.unc.edu.ar\/historia\/?page_id=6589"},"modified":"2025-06-17T15:19:18","modified_gmt":"2025-06-17T15:19:18","slug":"luciano-di-domenico","status":"publish","type":"page","link":"https:\/\/ffyh.unc.edu.ar\/historia\/nuestrxs-docentes\/luciano-di-domenico\/","title":{"rendered":"Luciano Di Dom\u00e9nico"},"content":{"rendered":"<table>\n<tbody>\n<tr>\n<td>\n<p style=\"text-align: justify\"><img data-recalc-dims=\"1\" decoding=\"async\" data-attachment-id=\"6590\" data-permalink=\"https:\/\/ffyh.unc.edu.ar\/historia\/foto-di-domenico-luciano\/\" data-orig-file=\"https:\/\/i0.wp.com\/ffyh.unc.edu.ar\/historia\/wp-content\/uploads\/sites\/37\/2025\/06\/Foto-Di-Domenico-Luciano.jpg?fit=1323%2C2048&amp;ssl=1\" data-orig-size=\"1323,2048\" data-comments-opened=\"0\" data-image-meta=\"{&quot;aperture&quot;:&quot;0&quot;,&quot;credit&quot;:&quot;&quot;,&quot;camera&quot;:&quot;&quot;,&quot;caption&quot;:&quot;&quot;,&quot;created_timestamp&quot;:&quot;0&quot;,&quot;copyright&quot;:&quot;&quot;,&quot;focal_length&quot;:&quot;0&quot;,&quot;iso&quot;:&quot;0&quot;,&quot;shutter_speed&quot;:&quot;0&quot;,&quot;title&quot;:&quot;&quot;,&quot;orientation&quot;:&quot;0&quot;}\" data-image-title=\"Foto &amp;#8211; Di Dom\u00e9nico, Luciano\" data-image-description=\"\" data-image-caption=\"\" data-medium-file=\"https:\/\/i0.wp.com\/ffyh.unc.edu.ar\/historia\/wp-content\/uploads\/sites\/37\/2025\/06\/Foto-Di-Domenico-Luciano.jpg?fit=194%2C300&amp;ssl=1\" data-large-file=\"https:\/\/i0.wp.com\/ffyh.unc.edu.ar\/historia\/wp-content\/uploads\/sites\/37\/2025\/06\/Foto-Di-Domenico-Luciano.jpg?fit=662%2C1024&amp;ssl=1\" class=\"alignleft wp-image-6590 size-thumbnail\" src=\"https:\/\/i0.wp.com\/ffyh.unc.edu.ar\/historia\/wp-content\/uploads\/sites\/37\/2025\/06\/Foto-Di-Domenico-Luciano.jpg?resize=150%2C150\" alt=\"\" width=\"150\" height=\"150\" srcset=\"https:\/\/i0.wp.com\/ffyh.unc.edu.ar\/historia\/wp-content\/uploads\/sites\/37\/2025\/06\/Foto-Di-Domenico-Luciano.jpg?resize=150%2C150&amp;ssl=1 150w, https:\/\/i0.wp.com\/ffyh.unc.edu.ar\/historia\/wp-content\/uploads\/sites\/37\/2025\/06\/Foto-Di-Domenico-Luciano.jpg?zoom=2&amp;resize=150%2C150 300w, https:\/\/i0.wp.com\/ffyh.unc.edu.ar\/historia\/wp-content\/uploads\/sites\/37\/2025\/06\/Foto-Di-Domenico-Luciano.jpg?zoom=3&amp;resize=150%2C150 450w\" sizes=\"(max-width: 150px) 100vw, 150px\" \/>Profesor Asistente interino de dedicaci\u00f3n simple en la C\u00e1tedra de Historia Contempor\u00e1nea de Asia y \u00c1frica. Es Licenciado en Historia por la Universidad Nacional de C\u00f3rdoba, Argentina, y Magister en Estudios de Asia Oriental por la Universidad de Salamanca, Espa\u00f1a. Actualmente es Doctorando en Historia en la UNC y becario doctoral del CONICET, radicado en el Centro de Investigaciones y Estudios sobre Cultura y Sociedad (CIECS, CONICET-UNC).<\/p>\n<p style=\"text-align: justify\">Se especializa en la historia de China, especializado en la dinast\u00eda Song (960-1279). Su tema de investigaci\u00f3n actual es: Los programas pol\u00edticos de las facciones burocr\u00e1ticas en el conflicto de las Nuevas Leyes (\u65b0\u6cd5) en el gobierno central chino (1069-1086).<\/p>\n<p style=\"text-align: justify\">Entre sus publicaciones m\u00e1s recientes, pueden mencionarse los art\u00edculos en coautor\u00eda: \u201cUna mirada de las \u00e9lites Song a las vestimentas de los b\u00e1rbaros: la descripci\u00f3n de los ropajes de los Liao en la anotaci\u00f3n 9 del Mengxi Bitan\u201d (<em>Humania del Sur<\/em>, 2023), y \u201cLa invenci\u00f3n de la imprenta de tipos m\u00f3viles en la obra de Shen Kuo (1031-1095)\u201d (<em>Sinolog\u00eda hisp\u00e1nica. China Studies Review<\/em>, 2021). Tambi\u00e9n se destacan los cap\u00edtulos de libros: \u201cLa Transici\u00f3n Tang-Song de siglos VIII-XIII\u201d (<em>Los estudios asi\u00e1ticos y africanos en 2022: actas del X congreso nacional de ALADAA &#8211; Argentina<\/em>, 2023), y \u201cLa Ruta de la Seda terrestre y mar\u00edtima en el Este Asi\u00e1tico durante los siglos X-XII\u201d (<em>Las relaciones exteriores de China: perspectivas hist\u00f3ricas<\/em>, 2019).<\/p>\n<p style=\"text-align: justify\">Es integrante del Programa China-CONICET y del Programa de Investigaci\u00f3n \u201cEstudios sobre China: econom\u00eda, pol\u00edtica e historia\u201d radicado en el CIECS. Adem\u00e1s, es investigador del Proyecto \u201cFuentes ideol\u00f3gicas y persistencias culturales en el lenguaje pol\u00edtico de las \u00e9lites gubernamentales chinas. Una aproximaci\u00f3n hist\u00f3rica para la comprensi\u00f3n de las regulaciones y comunicaci\u00f3n estatal\u201d, radicado en el Centro de Investigaciones de la Facultad de Filosof\u00eda y Humanidades \u201cMar\u00eda Saleme de Burnichon\u201d, UNC.<\/p>\n<\/td>\n<\/tr>\n<tr>\n<td>Contacto: didoluciano@gmail.com<\/p>\n<p>Orcid ID: 0000-0002-3963-4487<\/td>\n<\/tr>\n<\/tbody>\n<\/table>\n","protected":false},"excerpt":{"rendered":"<p>Profesor Asistente interino de dedicaci\u00f3n simple en la C\u00e1tedra de Historia Contempor\u00e1nea de Asia y \u00c1frica. Es Licenciado en Historia por la Universidad Nacional de C\u00f3rdoba, Argentina, y Magister en Estudios de Asia Oriental por la Universidad de Salamanca, Espa\u00f1a. Actualmente es Doctorando en Historia en la UNC y becario doctoral del CONICET, radicado en&#8230; <\/p>\n<div class=\"link-more\"><a href=\"https:\/\/ffyh.unc.edu.ar\/historia\/nuestrxs-docentes\/luciano-di-domenico\/\">Lea m\u00e1s<\/a><\/div>\n","protected":false},"author":34,"featured_media":0,"parent":4089,"menu_order":0,"comment_status":"closed","ping_status":"closed","template":"","meta":{"_acf_changed":false,"_monsterinsights_skip_tracking":false,"_monsterinsights_sitenote_active":false,"_monsterinsights_sitenote_note":"","_monsterinsights_sitenote_category":0,"footnotes":""},"class_list":["post-6589","page","type-page","status-publish","hentry"],"acf":[],"jetpack_sharing_enabled":true,"_links":{"self":[{"href":"https:\/\/ffyh.unc.edu.ar\/historia\/wp-json\/wp\/v2\/pages\/6589","targetHints":{"allow":["GET"]}}],"collection":[{"href":"https:\/\/ffyh.unc.edu.ar\/historia\/wp-json\/wp\/v2\/pages"}],"about":[{"href":"https:\/\/ffyh.unc.edu.ar\/historia\/wp-json\/wp\/v2\/types\/page"}],"author":[{"embeddable":true,"href":"https:\/\/ffyh.unc.edu.ar\/historia\/wp-json\/wp\/v2\/users\/34"}],"replies":[{"embeddable":true,"href":"https:\/\/ffyh.unc.edu.ar\/historia\/wp-json\/wp\/v2\/comments?post=6589"}],"version-history":[{"count":2,"href":"https:\/\/ffyh.unc.edu.ar\/historia\/wp-json\/wp\/v2\/pages\/6589\/revisions"}],"predecessor-version":[{"id":6592,"href":"https:\/\/ffyh.unc.edu.ar\/historia\/wp-json\/wp\/v2\/pages\/6589\/revisions\/6592"}],"up":[{"embeddable":true,"href":"https:\/\/ffyh.unc.edu.ar\/historia\/wp-json\/wp\/v2\/pages\/4089"}],"wp:attachment":[{"href":"https:\/\/ffyh.unc.edu.ar\/historia\/wp-json\/wp\/v2\/media?parent=6589"}],"curies":[{"name":"wp","href":"https:\/\/api.w.org\/{rel}","templated":true}]}}