{"id":6796,"date":"2026-02-05T21:33:27","date_gmt":"2026-02-05T21:33:27","guid":{"rendered":"https:\/\/ffyh.unc.edu.ar\/historia\/?page_id=6796"},"modified":"2026-02-05T22:10:18","modified_gmt":"2026-02-05T22:10:18","slug":"enrique-de-goycoechea","status":"publish","type":"page","link":"https:\/\/ffyh.unc.edu.ar\/historia\/nuestrxs-docentes\/enrique-de-goycoechea\/","title":{"rendered":"Enrique De Goycoechea"},"content":{"rendered":"<table style=\"border-collapse: collapse;width: 100%\">\n<tbody>\n<tr>\n<td colspan=\"2\">\n<p style=\"text-align: justify\"><img data-recalc-dims=\"1\" decoding=\"async\" data-attachment-id=\"6811\" data-permalink=\"https:\/\/ffyh.unc.edu.ar\/historia\/nuestrxs-docentes\/enrique-de-goycoechea\/degoycoechea\/\" data-orig-file=\"https:\/\/i0.wp.com\/ffyh.unc.edu.ar\/historia\/wp-content\/uploads\/sites\/37\/2026\/02\/degoycoechea-e1770329047145.jpg?fit=211%2C320&amp;ssl=1\" data-orig-size=\"211,320\" data-comments-opened=\"0\" data-image-meta=\"{&quot;aperture&quot;:&quot;0&quot;,&quot;credit&quot;:&quot;&quot;,&quot;camera&quot;:&quot;&quot;,&quot;caption&quot;:&quot;&quot;,&quot;created_timestamp&quot;:&quot;0&quot;,&quot;copyright&quot;:&quot;&quot;,&quot;focal_length&quot;:&quot;0&quot;,&quot;iso&quot;:&quot;0&quot;,&quot;shutter_speed&quot;:&quot;0&quot;,&quot;title&quot;:&quot;&quot;,&quot;orientation&quot;:&quot;0&quot;}\" data-image-title=\"degoycoechea\" data-image-description=\"\" data-image-caption=\"\" data-medium-file=\"https:\/\/i0.wp.com\/ffyh.unc.edu.ar\/historia\/wp-content\/uploads\/sites\/37\/2026\/02\/degoycoechea-e1770329047145.jpg?fit=198%2C300&amp;ssl=1\" data-large-file=\"https:\/\/i0.wp.com\/ffyh.unc.edu.ar\/historia\/wp-content\/uploads\/sites\/37\/2026\/02\/degoycoechea-e1770329047145.jpg?fit=211%2C320&amp;ssl=1\" class=\"alignleft wp-image-6811\" src=\"https:\/\/i0.wp.com\/ffyh.unc.edu.ar\/historia\/wp-content\/uploads\/sites\/37\/2026\/02\/degoycoechea-e1770329047145.jpg?resize=99%2C150\" alt=\"\" width=\"99\" height=\"150\" srcset=\"https:\/\/i0.wp.com\/ffyh.unc.edu.ar\/historia\/wp-content\/uploads\/sites\/37\/2026\/02\/degoycoechea-e1770329047145.jpg?w=211&amp;ssl=1 211w, https:\/\/i0.wp.com\/ffyh.unc.edu.ar\/historia\/wp-content\/uploads\/sites\/37\/2026\/02\/degoycoechea-e1770329047145.jpg?resize=198%2C300&amp;ssl=1 198w\" sizes=\"(max-width: 99px) 100vw, 99px\" \/>Licenciado y Doctor en Historia por la Facultad de Filosof\u00eda y Humanidades (UNC). Actualmente, Profesor Asistente del Curso de Nivelaci\u00f3n de la Escuela de Historia. Miembro investigador del Centro de Investigaciones de la Facultad \u201cMar\u00eda Saleme de Burnich\u00f3n\u201d e Investigador Asesor del proyecto: \u00abEl \u00aborden conservador\u00bb en discusi\u00f3n: nuevas hip\u00f3tesis sobre la pol\u00edtica argentina de fines del siglo XIX y comienzos del XX\u00bb, radicado en el Instituto de Historia Argentina y Americana \u201cDr. Emilio Ravignani\u201d (Universidad de Buenos Aires).<\/p>\n<p style=\"text-align: justify\">Se interesa por dos l\u00edneas de investigaci\u00f3n: la historia pol\u00edtica del orden conservador argentino y la historia intelectual latinoamericana de los siglos XIX y XX. Sobre estas tem\u00e1ticas, ha publicado diversos cap\u00edtulos de libros, art\u00edculos en revistas especializadas y ensayos.<\/p>\n<p style=\"text-align: justify\">Ha sido reconocido por la Academia Nacional de la Historia y con el Premio Universidad (menci\u00f3n de honor) por su trayectoria de grado. Ha ocupado cargos docentes en diferentes instituciones terciarias y universitarias, asimismo se ha desempe\u00f1ado como becario investigador del Centro de Investigaciones de la Facultad de Filosof\u00eda y Humanidades (UNC) y como becario doctoral de CONICET. Ha participado de numerosas actividades de formaci\u00f3n docente, de difusi\u00f3n del conocimiento, de extensi\u00f3n y en instancias nacionales e internacionales de di\u00e1logo e intercambio acad\u00e9mico de saberes.<\/p>\n<\/td>\n<\/tr>\n<tr>\n<td style=\"width: 25%\" colspan=\"2\">Contacto: <a href=\"mailto:enrique.de.goycoechea@unc.edu.ar\"><span style=\"text-decoration: underline\">enrique.de.goycoechea@unc.edu.ar<\/span><\/a><\/td>\n<\/tr>\n<\/tbody>\n<\/table>\n","protected":false},"excerpt":{"rendered":"<p>Licenciado y Doctor en Historia por la Facultad de Filosof\u00eda y Humanidades (UNC). Actualmente, Profesor Asistente del Curso de Nivelaci\u00f3n de la Escuela de Historia. Miembro investigador del Centro de Investigaciones de la Facultad \u201cMar\u00eda Saleme de Burnich\u00f3n\u201d e Investigador Asesor del proyecto: \u00abEl \u00aborden conservador\u00bb en discusi\u00f3n: nuevas hip\u00f3tesis sobre la pol\u00edtica argentina de&#8230; <\/p>\n<div class=\"link-more\"><a href=\"https:\/\/ffyh.unc.edu.ar\/historia\/nuestrxs-docentes\/enrique-de-goycoechea\/\">Lea m\u00e1s<\/a><\/div>\n","protected":false},"author":34,"featured_media":0,"parent":4089,"menu_order":0,"comment_status":"closed","ping_status":"closed","template":"","meta":{"_acf_changed":false,"_monsterinsights_skip_tracking":false,"_monsterinsights_sitenote_active":false,"_monsterinsights_sitenote_note":"","_monsterinsights_sitenote_category":0,"footnotes":""},"class_list":["post-6796","page","type-page","status-publish","hentry"],"acf":[],"jetpack_sharing_enabled":true,"_links":{"self":[{"href":"https:\/\/ffyh.unc.edu.ar\/historia\/wp-json\/wp\/v2\/pages\/6796","targetHints":{"allow":["GET"]}}],"collection":[{"href":"https:\/\/ffyh.unc.edu.ar\/historia\/wp-json\/wp\/v2\/pages"}],"about":[{"href":"https:\/\/ffyh.unc.edu.ar\/historia\/wp-json\/wp\/v2\/types\/page"}],"author":[{"embeddable":true,"href":"https:\/\/ffyh.unc.edu.ar\/historia\/wp-json\/wp\/v2\/users\/34"}],"replies":[{"embeddable":true,"href":"https:\/\/ffyh.unc.edu.ar\/historia\/wp-json\/wp\/v2\/comments?post=6796"}],"version-history":[{"count":4,"href":"https:\/\/ffyh.unc.edu.ar\/historia\/wp-json\/wp\/v2\/pages\/6796\/revisions"}],"predecessor-version":[{"id":6814,"href":"https:\/\/ffyh.unc.edu.ar\/historia\/wp-json\/wp\/v2\/pages\/6796\/revisions\/6814"}],"up":[{"embeddable":true,"href":"https:\/\/ffyh.unc.edu.ar\/historia\/wp-json\/wp\/v2\/pages\/4089"}],"wp:attachment":[{"href":"https:\/\/ffyh.unc.edu.ar\/historia\/wp-json\/wp\/v2\/media?parent=6796"}],"curies":[{"name":"wp","href":"https:\/\/api.w.org\/{rel}","templated":true}]}}