{"id":58,"date":"2012-03-06T14:31:28","date_gmt":"2012-03-06T14:31:28","guid":{"rendered":"http:\/\/www.ffyh.unc.edu.ar\/ciffyh\/iaspm\/?page_id=58"},"modified":"2012-03-06T14:31:28","modified_gmt":"2012-03-06T14:31:28","slug":"hoteles","status":"publish","type":"page","link":"https:\/\/ffyh.unc.edu.ar\/iaspm\/hoteles\/","title":{"rendered":"Hoteles"},"content":{"rendered":"<p>A continuaci\u00f3n proponemos una lista de hoteles seleccionados por su relativa cercan\u00eda al lugar del Congreso. Encontrar\u00e1n aqu\u00ed hoteles de diferentes categor\u00edas, incluyendo hostels, con sus direcciones electr\u00f3nicas y sitios web para consultar ubicaci\u00f3n, tarifas y realizar reservas.<\/p>\n<p><strong>HOTELES 5 ESTRELLAS<\/strong><\/p>\n<ul>\n<li>Azur Real Hotel Boutique<\/li>\n<\/ul>\n<p>http:\/\/www.azurrealhotel.com\/azur-real-hotel-boutique-cordoba.html<br \/>\nSan Jer\u00f3nimo 243\/257- Tel.: (54 351) 4247133 &#8211; 4215878<\/p>\n<ul>\n<li>Sheraton C\u00f3rdoba Hotel<\/li>\n<\/ul>\n<p>http:\/\/www.starwoodhotels.com\/sheraton\/property\/overview\/index.html?propertyID=108&#038;EM=VTY_SI_cordoba_108_overview<br \/>\nDuarte Quir\u00f3s 1300 \u2013 Tel.: (54 351) 5269000<\/p>\n<ul>\n<li>Interplaza Hotel<\/li>\n<\/ul>\n<p>http:\/\/www.corplaza.com\/<br \/>\nSan Jer\u00f3nimo 137 \u2013 Tel.: (54 351) 4268900<\/p>\n<p><strong>HOTELES 4 ESTRELLAS<\/strong><\/p>\n<ul>\n<li>Amerian Cordoba Park Hotel<\/li>\n<\/ul>\n<p>http:\/\/www.amerian.com\/<br \/>\nBv. San Juan 165 \u2013 Tel.: (54 351) 5266600<\/p>\n<ul>\n<li>De la Ca\u00f1ada<\/li>\n<\/ul>\n<p>http:\/\/www.hoteldelacaniada.com.ar\/home.htm<br \/>\nMarcelo T. de Alvear 580 \u2013 Tel.: (54-351) 4214649\/4231227<\/p>\n<ul>\n<li>Ducal Suite Hotel<\/li>\n<\/ul>\n<p>http:\/\/www.hotelducal.com.ar\/<br \/>\nCorrientes 207 \u2013 Tel.: (54 351) 5708888<\/p>\n<ul>\n<li>Gran Hotel Dor\u00e1<\/li>\n<\/ul>\n<p>http:\/\/www.hoteldora.com\/espanol\/index.php<br \/>\nEntre R\u00edos 70 \u2013 Tel.: (54-351) 4212031\/38<\/p>\n<ul>\n<li>NH Panorama<\/li>\n<\/ul>\n<p>http:\/\/www.nh-hoteles.es\/nh\/es\/hoteles\/argentina\/cordoba,-ar\/nh-panorama.html<br \/>\nMarcelo T. de Alvear 251 \u2013 Tel.: (54 351) 4103950<\/p>\n<ul>\n<li>Windsor Hotel<\/li>\n<\/ul>\n<p>http:\/\/www.windsortower.com\/<br \/>\nBuenos Aires 214 \u2013 Tel.: (54 351) 4224012<\/p>\n<ul>\n<li>Howard Johnson<\/li>\n<\/ul>\n<p>http:\/\/www2.hojoar.com\/hoteles\/hotel.php?idhotel=29<br \/>\nFigueroa Alcorta 20<\/p>\n<p><strong>HOTELES 3 ESTRELLAS<\/strong><\/p>\n<ul>\n<li>NH Urbano<\/li>\n<\/ul>\n<p>http:\/\/www.nh-hoteles.es\/nh\/es\/hoteles\/argentina\/cordoba,-ar\/nh-urbano.html<br \/>\nMarcelo T. de Alvear 363 \u2013 Tel.: (54 351) 4103990<\/p>\n<ul>\n<li>Cristal Hotel<\/li>\n<\/ul>\n<p>http:\/\/www.hotelcarollo.com\/cristal\/hotelcristalesp.html<br \/>\nEntre R\u00edos 58-60 \u2013 Tel.: (54 351) 4245000<\/p>\n<ul>\n<li>El Virrey<\/li>\n<\/ul>\n<p>http:\/\/www.elvirreyhotel.com.ar\/<br \/>\nBv. Mitre 227 \u2013 Tel.: (54 351) 4257777<\/p>\n<ul>\n<li>Felipe II<\/li>\n<\/ul>\n<p>http:\/\/www.hotelfelipe.com.ar\/<br \/>\nSan Jer\u00f3nimo 279 Tel.: (54 351) 4255500<\/p>\n<ul>\n<li>Grand Astoria<\/li>\n<\/ul>\n<p>http:\/\/www.clickhoteles.com.ar\/Cordoba-Argentina\/Hoteles\/Grand-Astoria-Hotel\/<br \/>\nAv. Col\u00f3n 164 \u2013 Tel.: (54 351) 4215091<\/p>\n<ul>\n<li>Heydi<\/li>\n<\/ul>\n<p>http:\/\/www.hotelheydi.com.ar\/<br \/>\nBv. Illia 615 \u2013 Tel.: (54 351) 4233544<\/p>\n<ul>\n<li>Kent Apart Hotel<\/li>\n<\/ul>\n<p>http:\/\/www.kentaparthotel.com\/<br \/>\nRondeau 121, Nueva C\u00f3rdoba \u2013 Tel.: (54 351) 4225932<\/p>\n<ul>\n<li>Nueva C\u00f3rdoba Apart Hotel<\/li>\n<\/ul>\n<p>http:\/\/www.proyectosindustriales.com\/apart\/pelicula.htm<br \/>\nBuenos Aires 468, Nueva C\u00f3rdoba \u2013 Tel.: (54 351) 4240368 \u2013 4215243<\/p>\n<ul>\n<li>King David<\/li>\n<\/ul>\n<p>http:\/\/www.kingdavid.com.ar\/<br \/>\nAv. Gral. Paz 386 \u2013 Tel.: (54 351) 5703528<\/p>\n<ul>\n<li>Ritz Hotel C\u00f3rdoba<\/li>\n<\/ul>\n<p>http:\/\/www.ritzhotelcba.com.ar\/<br \/>\nSan Jer\u00f3nimo 495 \u2013 Tel.: (54 351) 4215031\/32\/33<\/p>\n<ul>\n<li>Vi\u00f1a de Italia<\/li>\n<\/ul>\n<p>http:\/\/www.hotelvinadeitalia.com.ar\/home.html<br \/>\nSan Jer\u00f3nimo 611 \u2013 Tel.: (54 351) 4251678<\/p>\n<ul>\n<li>Hotel Sol de Piedra<\/li>\n<\/ul>\n<blockquote class=\"wp-embedded-content\" data-secret=\"ttDgxYBe7m\"><p><a href=\"http:\/\/www.soldepiedra.com.ar\/\">Hotel en C\u00f3rdoba Sol de Piedra<\/a><\/p><\/blockquote>\n<p><iframe loading=\"lazy\" class=\"wp-embedded-content\" sandbox=\"allow-scripts\" security=\"restricted\" style=\"position: absolute; clip: rect(1px, 1px, 1px, 1px);\" src=\"http:\/\/www.soldepiedra.com.ar\/embed\/#?secret=ttDgxYBe7m\" data-secret=\"ttDgxYBe7m\" width=\"600\" height=\"338\" title=\"&#8220;Hotel en C\u00f3rdoba Sol de Piedra&#8221; &#8212; \" frameborder=\"0\" marginwidth=\"0\" marginheight=\"0\" scrolling=\"no\"><\/iframe><br \/>\nObispo Trejo 628, Nueva C\u00f3rdoba \u2013 Tel.: (54 351) 4283686 &#8211; 4211056<\/p>\n<p><strong>HOTELES 1 y 2 ESTRELLAS<\/strong><\/p>\n<ul>\n<li>Alto Paran\u00e1<\/li>\n<\/ul>\n<p>http:\/\/www.argentinacontact.com\/es_argentina\/HotelAltoParana_185.html<br \/>\nParan\u00e1 230 \u2013 Tel.: (54 351) 4281625<\/p>\n<ul>\n<li>Hotel Argentino<\/li>\n<\/ul>\n<p>Entre R\u00edos 60 \u2013 Tel.: (54 351) 5355000<\/p>\n<ul>\n<li>Hotel del Boulevard<\/li>\n<\/ul>\n<p>http:\/\/www.hoteldelboulevard.com.ar\/<br \/>\nBv. Illia 184 \u2013 Tel.: (54 351) 4243718<\/p>\n<ul>\n<li>Del Sol<\/li>\n<\/ul>\n<p>http:\/\/www.hoteldelsolcba.com.ar\/<br \/>\nBalcarce 144 \u2013 Tel.: (54 351) 4242969 \u2013 4233961<\/p>\n<ul>\n<li>Hotel Royal<\/li>\n<\/ul>\n<p>http:\/\/www.hotelmontecarlo.com.ar\/ &#8211;&gt;\u00a0elegir Hotel Royal<\/p>\n<p>Bv. Per\u00f3n 180 \u2013 Tel.: (54 351) 4215000<\/p>\n<ul>\n<li>C\u00f3rdoba ByB<\/li>\n<\/ul>\n<p>http:\/\/www.cordobabyb.com.ar\/<br \/>\nTucum\u00e1n 440 \u2013 Tel.: (54 351) 4230973<\/p>\n<ul>\n<li>Apart Hotel Magal\u00ed<\/li>\n<\/ul>\n<blockquote class=\"wp-embedded-content\" data-secret=\"E0mIySJlJw\"><p><a href=\"http:\/\/aparthotelmagali.com.ar\/\">Home<\/a><\/p><\/blockquote>\n<p><iframe loading=\"lazy\" class=\"wp-embedded-content\" sandbox=\"allow-scripts\" security=\"restricted\" style=\"position: absolute; clip: rect(1px, 1px, 1px, 1px);\" src=\"http:\/\/aparthotelmagali.com.ar\/embed\/#?secret=E0mIySJlJw\" data-secret=\"E0mIySJlJw\" width=\"600\" height=\"338\" title=\"&#8220;Home&#8221; &#8212; Apart Hotel en Cordoba departamentos temporarios\" frameborder=\"0\" marginwidth=\"0\" marginheight=\"0\" scrolling=\"no\"><\/iframe><br \/>\nAyacucho 498 \u2013 Tel.: (54 351) 4262600<\/p>\n<ul>\n<li>Salta Suites<\/li>\n<\/ul>\n<p>http:\/\/www.saltasuites.net\/<br \/>\nSalta 579 \u2013 Tel.: (54 351) 4258817<\/p>\n<ul>\n<li>Savannah Cordoba Hotel<\/li>\n<\/ul>\n<p>http:\/\/www.savannahcordobahotel.blogspot.com\/<br \/>\nRosario de Santa Fe 480 \u2013 Tel.: (54 351) 4258944<\/p>\n<ul>\n<li>Hotel Del Fundador<\/li>\n<\/ul>\n<p>http:\/\/www.hoteldelfundador.com.ar\/<br \/>\nSan Jer\u00f3nimo 442 . Tel.: 4281752<\/p>\n<ul>\n<li>Hotel Sussex<\/li>\n<\/ul>\n<p>http:\/\/www.hotelsussexcba.com.ar<br \/>\nSan Jer\u00f3nimo 125 \u2013 Tel.: (54 351) 4229070<\/p>\n<ul>\n<li>Gran Rex Hotel<\/li>\n<\/ul>\n<p>http:\/\/www.despegar.com.ar\/hoteles\/h-331115\/gran-rex-hotel-cordoba?cid=185<br \/>\nAv. V\u00e9lez Sarsfiel 601<\/p>\n<ul>\n<li>Hotel Viena<\/li>\n<\/ul>\n<p>http:\/\/www.hotelviena.com.ar\/<br \/>\nLaprida 235 Tel.: (54 351) 4600909<\/p>\n<ul>\n<li>Merit Gran Hotel Victoria<\/li>\n<\/ul>\n<p>http:\/\/www.amerian.com\/hotel-merit-gran-hotel-victoria-cordoba<br \/>\n25 de Mayo 240 \u2013 Tel.: (54 351) 4290898<\/p>\n<p><strong>HOSTELS<\/strong><\/p>\n<ul>\n<li>C\u00f3rdoba Hostel<\/li>\n<\/ul>\n<p>Ituzaing\u00f3 1070. Nueva C\u00f3rdoba<br \/>\nTel: 0054-0351-4687395<br \/>\ninfos@cordobahostel.com.ar<br \/>\nwww.cordobahostel.com.ar<\/p>\n<ul>\n<li>The One Hostel<\/li>\n<\/ul>\n<p>Bv. San Juan 673<br \/>\nTel: 0054-0351-4231415<br \/>\ninfo@theonehostel.com<br \/>\nwww.theonehostel.com<\/p>\n<ul>\n<li>Pewman Che<\/li>\n<\/ul>\n<p>Ayacucho 546<br \/>\nTel: 0054-0351-4253359<br \/>\nsidiga@pewmanche.com.ar<br \/>\nwww.theonehostel.com<\/p>\n<ul>\n<li>Tango Hostel<\/li>\n<\/ul>\n<p>Fructuoso Rivera 70<br \/>\nTel: 0054-0351 425-6023 hosteltango@yahoo.com.ar<br \/>\nwww.latitudsurtrek.com.ar<\/p>\n<ul>\n<li>Palenque Hostel<\/li>\n<\/ul>\n<p>General Paz 371<br \/>\nTel: 0054-0351-4237588 palenquehostel@gmail.com<br \/>\nwww.palenquehostel.com.ar<\/p>\n<ul>\n<li>Turning Point Hostel C\u00f3rdoba<\/li>\n<\/ul>\n<p>Entre R\u00edos 435<br \/>\nTel: 0054-0351-4221264<br \/>\ninfo@turningpointhostel.com<\/p>\n<ul>\n<li>Solar Hostel<\/li>\n<\/ul>\n<p>Independencia 229 Centro<br \/>\nTel: 0054-0351-4228132<br \/>\ninfo@solarhostel.com.ar<br \/>\nwww.solarhostel.com.ar<\/p>\n<ul>\n<li>Alvear Hostel<\/li>\n<\/ul>\n<p>Alvear 158 Centro<br \/>\nTel: 0054-0351-4216502<br \/>\nconsultas@alvearhostel.com.ar<\/p>\n<ul>\n<li>Babilonia Hostel<\/li>\n<\/ul>\n<p>Bolivar 462<br \/>\nwww.babiloliahostel.com<\/p>\n<ul>\n<li>Aldea Hostel C\u00f3rdoba<\/li>\n<\/ul>\n<p>Santa Rosa 447<br \/>\nTel: 0054-0351-4261312<br \/>\nwww.aldeahostel.com<\/p>\n<ul>\n<li>El Refugio<\/li>\n<\/ul>\n<p>Entre R\u00edos 478 Tel: 0054-0351-4231016 elrefugio-478@hotmail.com<\/p>\n<p>www.elrefugiohostel.com.ar<\/p>\n<ul>\n<li>Patagonia Lodge Hostel<\/li>\n<\/ul>\n<p>Obispo Trejo 1069 Tel: 0054-0351-4683546 patagonialodge_cba@yahoo.com.ar<\/p>\n<p>www.patagonialodgehi.com.ar<\/p>\n<ul>\n<li>C\u00f3rdoba 4 Beds<\/li>\n<\/ul>\n<p>Balcarce 485 Tel: 0054-03514240231 info@cordoba4beds.com.ar<\/p>\n<p>www.cordoba4beds.com.ar<\/p>\n<ul>\n<li>Hostel Hostelyn<\/li>\n<\/ul>\n<p>Arturo M. Bas 501 Tel: 0054-0351-4270902- 156815737<\/p>\n<ul>\n<li>Hostel Art<\/li>\n<\/ul>\n<p>Internacional Corro 112 Tel: 0054-0351-4230071 info@hostelart.com<\/p>\n<p>www.hostelart.com.ar<\/p>\n","protected":false},"excerpt":{"rendered":"<p>A continuaci\u00f3n proponemos una lista de hoteles seleccionados por su relativa cercan\u00eda al lugar del Congreso. Encontrar\u00e1n aqu\u00ed hoteles de diferentes categor\u00edas, incluyendo hostels, con sus direcciones electr\u00f3nicas y sitios web para consultar ubicaci\u00f3n, tarifas y realizar reservas. HOTELES 5 ESTRELLAS Azur Real Hotel Boutique http:\/\/www.azurrealhotel.com\/azur-real-hotel-boutique-cordoba.html San Jer\u00f3nimo 243\/257- Tel.: (54 351) 4247133 &#8211; 4215878 &hellip; <a href=\"https:\/\/ffyh.unc.edu.ar\/iaspm\/hoteles\/\" class=\"more-link\">Continuar leyendo<span class=\"screen-reader-text\"> \u00abHoteles\u00bb<\/span><\/a><\/p>\n","protected":false},"author":1,"featured_media":0,"parent":0,"menu_order":7,"comment_status":"open","ping_status":"open","template":"","meta":{"_acf_changed":false,"footnotes":""},"class_list":["post-58","page","type-page","status-publish","hentry"],"acf":[],"_links":{"self":[{"href":"https:\/\/ffyh.unc.edu.ar\/iaspm\/wp-json\/wp\/v2\/pages\/58","targetHints":{"allow":["GET"]}}],"collection":[{"href":"https:\/\/ffyh.unc.edu.ar\/iaspm\/wp-json\/wp\/v2\/pages"}],"about":[{"href":"https:\/\/ffyh.unc.edu.ar\/iaspm\/wp-json\/wp\/v2\/types\/page"}],"author":[{"embeddable":true,"href":"https:\/\/ffyh.unc.edu.ar\/iaspm\/wp-json\/wp\/v2\/users\/1"}],"replies":[{"embeddable":true,"href":"https:\/\/ffyh.unc.edu.ar\/iaspm\/wp-json\/wp\/v2\/comments?post=58"}],"version-history":[{"count":0,"href":"https:\/\/ffyh.unc.edu.ar\/iaspm\/wp-json\/wp\/v2\/pages\/58\/revisions"}],"wp:attachment":[{"href":"https:\/\/ffyh.unc.edu.ar\/iaspm\/wp-json\/wp\/v2\/media?parent=58"}],"curies":[{"name":"wp","href":"https:\/\/api.w.org\/{rel}","templated":true}]}}