{"id":1527,"date":"2020-09-28T22:30:27","date_gmt":"2020-09-28T22:30:27","guid":{"rendered":"https:\/\/ffyh.unc.edu.ar\/jpabrattepedagogo2\/?page_id=1527"},"modified":"2020-10-02T03:47:46","modified_gmt":"2020-10-02T03:47:46","slug":"biografia","status":"publish","type":"page","link":"https:\/\/ffyh.unc.edu.ar\/jpabrattepedagogo\/?page_id=1527","title":{"rendered":"Biograf\u00eda"},"content":{"rendered":"\t\t<div data-elementor-type=\"wp-page\" data-elementor-id=\"1527\" class=\"elementor elementor-1527\">\n\t\t\t\t\t\t<section class=\"elementor-section elementor-top-section elementor-element elementor-element-dfe6703 elementor-section-boxed elementor-section-height-default elementor-section-height-default\" data-id=\"dfe6703\" data-element_type=\"section\">\n\t\t\t\t\t\t<div class=\"elementor-container elementor-column-gap-default\">\n\t\t\t\t\t<div class=\"elementor-column elementor-col-50 elementor-top-column elementor-element elementor-element-2c90354\" data-id=\"2c90354\" data-element_type=\"column\">\n\t\t\t<div class=\"elementor-widget-wrap elementor-element-populated\">\n\t\t\t\t\t\t<div class=\"elementor-element elementor-element-3132f6a elementor-widget elementor-widget-text-editor\" data-id=\"3132f6a\" data-element_type=\"widget\" data-widget_type=\"text-editor.default\">\n\t\t\t\t<div class=\"elementor-widget-container\">\n\t\t\t\t\t\t\t\t\t<p>Juan Pablo Abratte naci\u00f3 en el barrio de San Vicente de la ciudad de C\u00f3rdoba el 28 de Diciembre de 1969. Curs\u00f3 la escuela primaria y secundaria en el Instituto San Antonio de Padua de ese mismo barrio.<\/p><p>Juan Pablo realiz\u00f3 sus estudios universitarios en el profesorado y la licenciatura en Ciencias de la Educaci\u00f3n de la Facultad de Filosof\u00eda y Humanidades de la Universidad Nacional de C\u00f3rdoba, y egres\u00f3 de ambas carreras en 1993 y 2004 respectivamente.<\/p><p>En el a\u00f1o 1993 se cas\u00f3 con la compa\u00f1era de toda su vida, la artista pl\u00e1stica Elia Bisaro, con quien fue padre de sus tres hijos: Nicol\u00e1s, Paula y Lisandro.<\/p><p>Durante los a\u00f1os de 1990 form\u00f3 parte de la DEMES (Direcci\u00f3n de Ense\u00f1anza Media Especial y Superior de la Pcia. de C\u00f3rdoba) donde integr\u00f3 equipos t\u00e9cnicos para la mejora de la ense\u00f1anza t\u00e9cnica durante la gesti\u00f3n y coordinaci\u00f3n de la profesora Alicia Carranza; y tambi\u00e9n para la evaluaci\u00f3n de proyectos institucionales de las escuelas t\u00e9cnicas durante la reforma educativa de la Provincia de C\u00f3rdoba. Las cuestiones vinculadas a la educaci\u00f3n t\u00e9cnica y al contexto de la reforma educativa cordobesa ocup\u00f3 parte importante no solo de su trabajo y gesti\u00f3n, sino del conjunto de sus investigaciones y reflexiones en torno a la reforma educativa nacional y provincial de corte neoliberal de esa d\u00e9cada; de ellas derivan algunas publicaciones que constituyen hoy material de referencia sobre la tem\u00e1tica.<\/p>\t\t\t\t\t\t\t\t<\/div>\n\t\t\t\t<\/div>\n\t\t\t\t\t<\/div>\n\t\t<\/div>\n\t\t\t\t<div class=\"elementor-column elementor-col-50 elementor-top-column elementor-element elementor-element-5b638c6\" data-id=\"5b638c6\" data-element_type=\"column\">\n\t\t\t<div class=\"elementor-widget-wrap elementor-element-populated\">\n\t\t\t\t\t\t<div class=\"elementor-element elementor-element-6c51c98 elementor-widget elementor-widget-image\" data-id=\"6c51c98\" data-element_type=\"widget\" data-widget_type=\"image.default\">\n\t\t\t\t<div class=\"elementor-widget-container\">\n\t\t\t\t\t\t\t\t\t\t\t\t\t\t\t<img fetchpriority=\"high\" decoding=\"async\" width=\"852\" height=\"901\" src=\"https:\/\/ffyh.unc.edu.ar\/jpabrattepedagogo\/wp-content\/uploads\/2020\/10\/bio1d.png\" class=\"attachment-large size-large wp-image-2150\" alt=\"\" srcset=\"https:\/\/ffyh.unc.edu.ar\/jpabrattepedagogo\/wp-content\/uploads\/2020\/10\/bio1d.png 852w, https:\/\/ffyh.unc.edu.ar\/jpabrattepedagogo\/wp-content\/uploads\/2020\/10\/bio1d-284x300.png 284w, https:\/\/ffyh.unc.edu.ar\/jpabrattepedagogo\/wp-content\/uploads\/2020\/10\/bio1d-768x812.png 768w, https:\/\/ffyh.unc.edu.ar\/jpabrattepedagogo\/wp-content\/uploads\/2020\/10\/bio1d-830x878.png 830w, https:\/\/ffyh.unc.edu.ar\/jpabrattepedagogo\/wp-content\/uploads\/2020\/10\/bio1d-230x243.png 230w, https:\/\/ffyh.unc.edu.ar\/jpabrattepedagogo\/wp-content\/uploads\/2020\/10\/bio1d-350x370.png 350w, https:\/\/ffyh.unc.edu.ar\/jpabrattepedagogo\/wp-content\/uploads\/2020\/10\/bio1d-480x508.png 480w\" sizes=\"(max-width: 852px) 100vw, 852px\" \/>\t\t\t\t\t\t\t\t\t\t\t\t\t\t\t<\/div>\n\t\t\t\t<\/div>\n\t\t\t\t\t<\/div>\n\t\t<\/div>\n\t\t\t\t\t<\/div>\n\t\t<\/section>\n\t\t\t\t<section class=\"elementor-section elementor-top-section elementor-element elementor-element-d143621 elementor-section-boxed elementor-section-height-default elementor-section-height-default\" data-id=\"d143621\" data-element_type=\"section\">\n\t\t\t\t\t\t<div class=\"elementor-container elementor-column-gap-default\">\n\t\t\t\t\t<div class=\"elementor-column elementor-col-50 elementor-top-column elementor-element elementor-element-e63b94d\" data-id=\"e63b94d\" data-element_type=\"column\">\n\t\t\t<div class=\"elementor-widget-wrap elementor-element-populated\">\n\t\t\t\t\t\t<div class=\"elementor-element elementor-element-e39016f elementor-widget elementor-widget-text-editor\" data-id=\"e39016f\" data-element_type=\"widget\" data-widget_type=\"text-editor.default\">\n\t\t\t\t<div class=\"elementor-widget-container\">\n\t\t\t\t\t\t\t\t\t<p>Obtuvo varias becas para realizar sus estudios de posgrado y en 2003 egres\u00f3 de la Maestr\u00eda en Ciencias Sociales con menci\u00f3n en Metodolog\u00eda de la Investigaci\u00f3n Social de la antigua Escuela de Trabajo Social, Facultad de Derecho y Ciencias Sociales de la Universidad Nacional de C\u00f3rdoba. En 2008 recibi\u00f3 su t\u00edtulo de Doctor en Ciencias Sociales de la Facultad Latinoamericana de Ciencias Sociales, FLACSO Argentina,.<\/p><p>Juan Pablo ejerci\u00f3 principalmente como docente en la misma Escuela de Ciencias de la Educaci\u00f3n de la que egres\u00f3; como Jefe de Trabajos Pr\u00e1cticos por Concurso en la C\u00e1tedra &#8220;Historia de la Educaci\u00f3n Argentina&#8221; desde 1998 a 2008; tambi\u00e9n como Jefe de Trabajos Pr\u00e1cticos por Concurso en la C\u00e1tedra &#8220;Pol\u00edtica Educacional y Legislaci\u00f3n Escolar&#8221; desde 2006 a 2009. En el a\u00f1o 2008 concurs\u00f3 el cargo de Profesor Adjunto en la C\u00e1tedra &#8220;Historia de la Educaci\u00f3n Argentina&#8221; desempe\u00f1\u00e1ndose como tal durante toda su vida. Tambi\u00e9n fue docente responsable del dictado de las asignaturas \u201cHistoria de los Sistemas Educativos\u201d, \u201cPol\u00edtica y Planeamiento Educativo\u201d y \u201cPol\u00edtica y Legislaci\u00f3n Educativa\u201d de la carrera de Licenciatura en Ciencias de la Educaci\u00f3n de la Universidad Nacional de Villa Mar\u00eda; particip\u00f3 tambi\u00e9n en el dictado del \u201cTaller de Apoyo al Trabajo Final de Grado\u201d de esa Universidad, funciones que desarroll\u00f3 desde 2003 hasta 2010.<\/p>\t\t\t\t\t\t\t\t<\/div>\n\t\t\t\t<\/div>\n\t\t\t\t\t<\/div>\n\t\t<\/div>\n\t\t\t\t<div class=\"elementor-column elementor-col-50 elementor-top-column elementor-element elementor-element-ac690e7\" data-id=\"ac690e7\" data-element_type=\"column\">\n\t\t\t<div class=\"elementor-widget-wrap elementor-element-populated\">\n\t\t\t\t\t\t<div class=\"elementor-element elementor-element-9df56d0 elementor-widget elementor-widget-image\" data-id=\"9df56d0\" data-element_type=\"widget\" data-widget_type=\"image.default\">\n\t\t\t\t<div class=\"elementor-widget-container\">\n\t\t\t\t\t\t\t\t\t\t\t\t\t\t\t<img decoding=\"async\" width=\"852\" height=\"807\" src=\"https:\/\/ffyh.unc.edu.ar\/jpabrattepedagogo\/wp-content\/uploads\/2020\/10\/bio2c.png\" class=\"attachment-large size-large wp-image-2145\" alt=\"\" srcset=\"https:\/\/ffyh.unc.edu.ar\/jpabrattepedagogo\/wp-content\/uploads\/2020\/10\/bio2c.png 852w, https:\/\/ffyh.unc.edu.ar\/jpabrattepedagogo\/wp-content\/uploads\/2020\/10\/bio2c-300x284.png 300w, https:\/\/ffyh.unc.edu.ar\/jpabrattepedagogo\/wp-content\/uploads\/2020\/10\/bio2c-768x727.png 768w, https:\/\/ffyh.unc.edu.ar\/jpabrattepedagogo\/wp-content\/uploads\/2020\/10\/bio2c-830x786.png 830w, https:\/\/ffyh.unc.edu.ar\/jpabrattepedagogo\/wp-content\/uploads\/2020\/10\/bio2c-230x218.png 230w, https:\/\/ffyh.unc.edu.ar\/jpabrattepedagogo\/wp-content\/uploads\/2020\/10\/bio2c-350x332.png 350w, https:\/\/ffyh.unc.edu.ar\/jpabrattepedagogo\/wp-content\/uploads\/2020\/10\/bio2c-480x455.png 480w\" sizes=\"(max-width: 852px) 100vw, 852px\" \/>\t\t\t\t\t\t\t\t\t\t\t\t\t\t\t<\/div>\n\t\t\t\t<\/div>\n\t\t\t\t\t<\/div>\n\t\t<\/div>\n\t\t\t\t\t<\/div>\n\t\t<\/section>\n\t\t\t\t<section class=\"elementor-section elementor-top-section elementor-element elementor-element-b744d75 elementor-section-boxed elementor-section-height-default elementor-section-height-default\" data-id=\"b744d75\" data-element_type=\"section\">\n\t\t\t\t\t\t<div class=\"elementor-container elementor-column-gap-default\">\n\t\t\t\t\t<div class=\"elementor-column elementor-col-50 elementor-top-column elementor-element elementor-element-db429fb\" data-id=\"db429fb\" data-element_type=\"column\">\n\t\t\t<div class=\"elementor-widget-wrap elementor-element-populated\">\n\t\t\t\t\t\t<div class=\"elementor-element elementor-element-31be59b elementor-widget elementor-widget-text-editor\" data-id=\"31be59b\" data-element_type=\"widget\" data-widget_type=\"text-editor.default\">\n\t\t\t\t<div class=\"elementor-widget-container\">\n\t\t\t\t\t\t\t\t\t<p>Sus tesis de grado y posgrado recibieron siempre las m\u00e1s altas calificaciones, reconocimiento y recomendaciones para su publicaci\u00f3n.<\/p><p>Ejerci\u00f3 la docencia de Posgrado en muchas oportunidades desde el a\u00f1o 2007 en la Carrera de Especializaci\u00f3n en Pedagog\u00eda de la Formaci\u00f3n, en la Maestr\u00eda en Gesti\u00f3n para la Integraci\u00f3n Regional y en la Maestr\u00eda en Investigaci\u00f3n Educativa con orientaci\u00f3n socio-antropol\u00f3gica. (CEA-UNC). Dict\u00f3 clases tambi\u00e9n en el Doctorado en Estudios Sociales de Am\u00e9rica Latina (CEA, UNC).<\/p><p>Fue Director de varias tesis de Posgrado tanto en la Universidad Nacional de C\u00f3rdoba como en otras universidades nacionales. Tambi\u00e9n fue Director de becas de iniciaci\u00f3n a la investigaci\u00f3n y de Doctorado en varios proyectos.<\/p><p>Particip\u00f3 tambi\u00e9n en m\u00faltiples proyectos de investigaci\u00f3n desde el inicio de sus estudios y durante toda su vida profesional, ya sea como Investigador Principal o como Director.<\/p><p>Fue autor y coautor de innumerables publicaciones desde el a\u00f1o 2005, muchas de las cuales constituyen bibliograf\u00eda de referencia en cursos de Historia de la Educaci\u00f3n, Pol\u00edtica Educativa, Reformas Educativas, etc.<\/p>\t\t\t\t\t\t\t\t<\/div>\n\t\t\t\t<\/div>\n\t\t\t\t\t<\/div>\n\t\t<\/div>\n\t\t\t\t<div class=\"elementor-column elementor-col-50 elementor-top-column elementor-element elementor-element-6557e83\" data-id=\"6557e83\" data-element_type=\"column\">\n\t\t\t<div class=\"elementor-widget-wrap elementor-element-populated\">\n\t\t\t\t\t\t<div class=\"elementor-element elementor-element-1f8d629 elementor-widget elementor-widget-image\" data-id=\"1f8d629\" data-element_type=\"widget\" data-widget_type=\"image.default\">\n\t\t\t\t<div class=\"elementor-widget-container\">\n\t\t\t\t\t\t\t\t\t\t\t\t\t\t\t<img decoding=\"async\" width=\"852\" height=\"682\" src=\"https:\/\/ffyh.unc.edu.ar\/jpabrattepedagogo\/wp-content\/uploads\/2020\/10\/bio3c.png\" class=\"attachment-large size-large wp-image-2146\" alt=\"\" srcset=\"https:\/\/ffyh.unc.edu.ar\/jpabrattepedagogo\/wp-content\/uploads\/2020\/10\/bio3c.png 852w, https:\/\/ffyh.unc.edu.ar\/jpabrattepedagogo\/wp-content\/uploads\/2020\/10\/bio3c-300x240.png 300w, https:\/\/ffyh.unc.edu.ar\/jpabrattepedagogo\/wp-content\/uploads\/2020\/10\/bio3c-768x615.png 768w, https:\/\/ffyh.unc.edu.ar\/jpabrattepedagogo\/wp-content\/uploads\/2020\/10\/bio3c-830x664.png 830w, https:\/\/ffyh.unc.edu.ar\/jpabrattepedagogo\/wp-content\/uploads\/2020\/10\/bio3c-230x184.png 230w, https:\/\/ffyh.unc.edu.ar\/jpabrattepedagogo\/wp-content\/uploads\/2020\/10\/bio3c-350x280.png 350w, https:\/\/ffyh.unc.edu.ar\/jpabrattepedagogo\/wp-content\/uploads\/2020\/10\/bio3c-480x384.png 480w\" sizes=\"(max-width: 852px) 100vw, 852px\" \/>\t\t\t\t\t\t\t\t\t\t\t\t\t\t\t<\/div>\n\t\t\t\t<\/div>\n\t\t\t\t\t<\/div>\n\t\t<\/div>\n\t\t\t\t\t<\/div>\n\t\t<\/section>\n\t\t\t\t<section class=\"elementor-section elementor-top-section elementor-element elementor-element-def342e elementor-section-boxed elementor-section-height-default elementor-section-height-default\" data-id=\"def342e\" data-element_type=\"section\">\n\t\t\t\t\t\t<div class=\"elementor-container elementor-column-gap-default\">\n\t\t\t\t\t<div class=\"elementor-column elementor-col-100 elementor-top-column elementor-element elementor-element-81bda82\" data-id=\"81bda82\" data-element_type=\"column\">\n\t\t\t<div class=\"elementor-widget-wrap elementor-element-populated\">\n\t\t\t\t\t\t<div class=\"elementor-element elementor-element-e6863c4 elementor-widget elementor-widget-text-editor\" data-id=\"e6863c4\" data-element_type=\"widget\" data-widget_type=\"text-editor.default\">\n\t\t\t\t<div class=\"elementor-widget-container\">\n\t\t\t\t\t\t\t\t\t<p>Tambi\u00e9n, ocup\u00f3 varios cargos de gesti\u00f3n desde el a\u00f1o 2007 en adelante: como Director del Programa de Articulaci\u00f3n del Sistema Educativo (PRODEAR) y del Programa de Planificaci\u00f3n e Innovaci\u00f3n Acad\u00e9mica (PPIA) de la Universidad Nacional de C\u00f3rdoba; como miembro del Comit\u00e9 Acad\u00e9mico de la Maestr\u00eda en Investigaci\u00f3n Educativa con orientaci\u00f3n\u00a0 Socioantropol\u00f3gica (CEA, UNC); como Secretario Acad\u00e9mico de la Carrera de Especializaci\u00f3n en Pedagog\u00eda de la Formaci\u00f3n y\u00a0 como Vicepresidente de la Sociedad Argentina de Historia de la Educaci\u00f3n (SAHE), adem\u00e1s de oficiar como referato de m\u00faltiples publicaciones.<\/p><p>Desde el a\u00f1o 2011 a 2017 se desempe\u00f1\u00f3 como Secretario Acad\u00e9mico de la Facultad de Filosof\u00eda y Humanidades de la Universidad Nacional de C\u00f3rdoba.<\/p><p>En el a\u00f1o 2017 fue designado como Decano de la Facultad de Filosof\u00eda y Humanidades, constituyendo el primer Decano elegido por voto directo de todos los claustros. Ocup\u00f3 ese cargo y se desempe\u00f1\u00f3 como tal hasta su deceso ocurrido el 29 de septiembre de 2019.<\/p>\t\t\t\t\t\t\t\t<\/div>\n\t\t\t\t<\/div>\n\t\t\t\t\t<\/div>\n\t\t<\/div>\n\t\t\t\t\t<\/div>\n\t\t<\/section>\n\t\t\t\t<\/div>\n\t\t","protected":false},"excerpt":{"rendered":"<p>Juan Pablo Abratte naci\u00f3 en el barrio de San Vicente de la ciudad de C\u00f3rdoba el 28 de Diciembre de 1969. Curs\u00f3 [&hellip;]<\/p>\n","protected":false},"author":2,"featured_media":0,"parent":0,"menu_order":0,"comment_status":"closed","ping_status":"closed","template":"page-templates\/page_fullwidth.php","meta":{"_acf_changed":false,"footnotes":""},"class_list":["post-1527","page","type-page","status-publish","hentry"],"acf":[],"_links":{"self":[{"href":"https:\/\/ffyh.unc.edu.ar\/jpabrattepedagogo\/index.php?rest_route=\/wp\/v2\/pages\/1527","targetHints":{"allow":["GET"]}}],"collection":[{"href":"https:\/\/ffyh.unc.edu.ar\/jpabrattepedagogo\/index.php?rest_route=\/wp\/v2\/pages"}],"about":[{"href":"https:\/\/ffyh.unc.edu.ar\/jpabrattepedagogo\/index.php?rest_route=\/wp\/v2\/types\/page"}],"author":[{"embeddable":true,"href":"https:\/\/ffyh.unc.edu.ar\/jpabrattepedagogo\/index.php?rest_route=\/wp\/v2\/users\/2"}],"replies":[{"embeddable":true,"href":"https:\/\/ffyh.unc.edu.ar\/jpabrattepedagogo\/index.php?rest_route=%2Fwp%2Fv2%2Fcomments&post=1527"}],"version-history":[{"count":22,"href":"https:\/\/ffyh.unc.edu.ar\/jpabrattepedagogo\/index.php?rest_route=\/wp\/v2\/pages\/1527\/revisions"}],"predecessor-version":[{"id":2152,"href":"https:\/\/ffyh.unc.edu.ar\/jpabrattepedagogo\/index.php?rest_route=\/wp\/v2\/pages\/1527\/revisions\/2152"}],"wp:attachment":[{"href":"https:\/\/ffyh.unc.edu.ar\/jpabrattepedagogo\/index.php?rest_route=%2Fwp%2Fv2%2Fmedia&parent=1527"}],"curies":[{"name":"wp","href":"https:\/\/api.w.org\/{rel}","templated":true}]}}