{"id":2054,"date":"2020-10-01T22:02:00","date_gmt":"2020-10-01T22:02:00","guid":{"rendered":"https:\/\/ffyh.unc.edu.ar\/jpabrattepedagogo\/?page_id=2054"},"modified":"2020-10-02T01:43:36","modified_gmt":"2020-10-02T01:43:36","slug":"historia-politicas-y-formacion-docente","status":"publish","type":"page","link":"https:\/\/ffyh.unc.edu.ar\/jpabrattepedagogo\/?page_id=2054","title":{"rendered":"Historia, Pol\u00edticas y Formaci\u00f3n Docente"},"content":{"rendered":"\n<h2 class=\"wp-block-heading\">Descargas<\/h2>\n\n\n\n<div class=\"wp-block-file\"><a href=\"https:\/\/ffyh.unc.edu.ar\/jpabrattepedagogo\/wp-content\/uploads\/2020\/10\/1-2002-La-formacion-de-profesores-para-el-nivel-medio-en-la-provincia-de-Cordoba-1986-1999.pdf\">1-2002-La-formacion-de-profesores-para-el-nivel-medio-en-la-provincia-de-Cordoba-1986-1999<\/a><a href=\"https:\/\/ffyh.unc.edu.ar\/jpabrattepedagogo\/wp-content\/uploads\/2020\/10\/1-2002-La-formacion-de-profesores-para-el-nivel-medio-en-la-provincia-de-Cordoba-1986-1999.pdf\" class=\"wp-block-file__button\" download>Descarga<\/a><\/div>\n\n\n\n<div class=\"wp-block-file\"><a href=\"https:\/\/ffyh.unc.edu.ar\/jpabrattepedagogo\/wp-content\/uploads\/2020\/10\/2-2007-Modulo-2_-Modernidad-escolarizacion-y-formacion.pdf\">2-2007-Modulo-2_-Modernidad-escolarizacion-y-formacion<\/a><a href=\"https:\/\/ffyh.unc.edu.ar\/jpabrattepedagogo\/wp-content\/uploads\/2020\/10\/2-2007-Modulo-2_-Modernidad-escolarizacion-y-formacion.pdf\" class=\"wp-block-file__button\" download>Descarga<\/a><\/div>\n\n\n\n<div class=\"wp-block-file\"><a href=\"https:\/\/ffyh.unc.edu.ar\/jpabrattepedagogo\/wp-content\/uploads\/2020\/10\/3-2015-Pedagogia-de-la-formacion.-La-experiencia-de-la-carrera-de-postgrado-en-la-Facultad-de-Filosofia-y-Humanidades-de-la-Universidad-Nacional-de-Cordoba_compressed_reduce.pdf\">3-2015-Pedagogia-de-la-formacion.-La-experiencia-de-la-carrera-de-postgrado-en-la-Facultad-de-Filosofia-y-Humanidades-de-la-Universidad-Nacional-de-Cordoba_compressed_reduce<\/a><a href=\"https:\/\/ffyh.unc.edu.ar\/jpabrattepedagogo\/wp-content\/uploads\/2020\/10\/3-2015-Pedagogia-de-la-formacion.-La-experiencia-de-la-carrera-de-postgrado-en-la-Facultad-de-Filosofia-y-Humanidades-de-la-Universidad-Nacional-de-Cordoba_compressed_reduce.pdf\" class=\"wp-block-file__button\" download>Descarga<\/a><\/div>\n\n\n\n<div class=\"wp-block-file\"><a href=\"https:\/\/ffyh.unc.edu.ar\/jpabrattepedagogo\/wp-content\/uploads\/2020\/10\/4-2017-Adriana-Puiggros_-maestra-de-pedagogos.pdf\">4-2017-Adriana-Puiggros_-maestra-de-pedagogos<\/a><a href=\"https:\/\/ffyh.unc.edu.ar\/jpabrattepedagogo\/wp-content\/uploads\/2020\/10\/4-2017-Adriana-Puiggros_-maestra-de-pedagogos.pdf\" class=\"wp-block-file__button\" download>Descarga<\/a><\/div>\n\n\n\n<div class=\"wp-block-file\"><a href=\"https:\/\/ffyh.unc.edu.ar\/jpabrattepedagogo\/wp-content\/uploads\/2020\/10\/5-2018-Neurociencias-y-educacion.pdf\">5-2018-Neurociencias-y-educacion<\/a><a href=\"https:\/\/ffyh.unc.edu.ar\/jpabrattepedagogo\/wp-content\/uploads\/2020\/10\/5-2018-Neurociencias-y-educacion.pdf\" class=\"wp-block-file__button\" download>Descarga<\/a><\/div>\n\n\n\n<div class=\"wp-block-file\"><a href=\"https:\/\/ffyh.unc.edu.ar\/jpabrattepedagogo\/wp-content\/uploads\/2020\/10\/6-2019-Practicas-discursos-y-problematicas-necesarias-en-una-formacion-docente-emancipadora-Parana.pdf\">6-2019-Practicas-discursos-y-problematicas-necesarias-en-una-formacion-docente-emancipadora-Parana<\/a><a href=\"https:\/\/ffyh.unc.edu.ar\/jpabrattepedagogo\/wp-content\/uploads\/2020\/10\/6-2019-Practicas-discursos-y-problematicas-necesarias-en-una-formacion-docente-emancipadora-Parana.pdf\" class=\"wp-block-file__button\" download>Descarga<\/a><\/div>\n\n\n\n<h2 class=\"wp-block-heading\">Videos<\/h2>\n\n\n\n<p><strong> 2017-28-03 \u201cFormaci\u00f3n docente: Pol\u00edtica, pol\u00edticas y pr\u00e1cticas en contexto\u201d (Panelista). <\/strong><\/p>\n\n\n<p><iframe src=\"https:\/\/player.vimeo.com\/video\/210432328\" width=\"640\" height=\"360\" frameborder=\"0\" allow=\"autoplay; fullscreen\" allowfullscreen=\"\"><\/iframe><\/p>\n<p><a href=\"https:\/\/vimeo.com\/210432328\">Panel: \u201cFormaci\u00f3n docente: Pol\u00edtica, pol\u00edticas y pr\u00e1cticas en contexto\u201d, Abratte, Diker, Feldfeber.<\/a> from <a href=\"https:\/\/vimeo.com\/tecnoedu\">\u00c1rea de Tecnolog\u00eda Educativa<\/a> on <a href=\"https:\/\/vimeo.com\">Vimeo<\/a>.<\/p>\n","protected":false},"excerpt":{"rendered":"<p>Descargas Videos 2017-28-03 \u201cFormaci\u00f3n docente: Pol\u00edtica, pol\u00edticas y pr\u00e1cticas en contexto\u201d (Panelista).<\/p>\n","protected":false},"author":2,"featured_media":0,"parent":0,"menu_order":0,"comment_status":"closed","ping_status":"closed","template":"page-templates\/page_fullwidth.php","meta":{"_acf_changed":false,"footnotes":""},"class_list":["post-2054","page","type-page","status-publish","hentry"],"acf":[],"_links":{"self":[{"href":"https:\/\/ffyh.unc.edu.ar\/jpabrattepedagogo\/index.php?rest_route=\/wp\/v2\/pages\/2054","targetHints":{"allow":["GET"]}}],"collection":[{"href":"https:\/\/ffyh.unc.edu.ar\/jpabrattepedagogo\/index.php?rest_route=\/wp\/v2\/pages"}],"about":[{"href":"https:\/\/ffyh.unc.edu.ar\/jpabrattepedagogo\/index.php?rest_route=\/wp\/v2\/types\/page"}],"author":[{"embeddable":true,"href":"https:\/\/ffyh.unc.edu.ar\/jpabrattepedagogo\/index.php?rest_route=\/wp\/v2\/users\/2"}],"replies":[{"embeddable":true,"href":"https:\/\/ffyh.unc.edu.ar\/jpabrattepedagogo\/index.php?rest_route=%2Fwp%2Fv2%2Fcomments&post=2054"}],"version-history":[{"count":5,"href":"https:\/\/ffyh.unc.edu.ar\/jpabrattepedagogo\/index.php?rest_route=\/wp\/v2\/pages\/2054\/revisions"}],"predecessor-version":[{"id":2105,"href":"https:\/\/ffyh.unc.edu.ar\/jpabrattepedagogo\/index.php?rest_route=\/wp\/v2\/pages\/2054\/revisions\/2105"}],"wp:attachment":[{"href":"https:\/\/ffyh.unc.edu.ar\/jpabrattepedagogo\/index.php?rest_route=%2Fwp%2Fv2%2Fmedia&parent=2054"}],"curies":[{"name":"wp","href":"https:\/\/api.w.org\/{rel}","templated":true}]}}