{"id":2090,"date":"2020-10-01T22:42:48","date_gmt":"2020-10-01T22:42:48","guid":{"rendered":"https:\/\/ffyh.unc.edu.ar\/jpabrattepedagogo\/?page_id=2090"},"modified":"2020-10-02T17:14:09","modified_gmt":"2020-10-02T17:14:09","slug":"juan-en-sonidos","status":"publish","type":"page","link":"https:\/\/ffyh.unc.edu.ar\/jpabrattepedagogo\/?page_id=2090","title":{"rendered":"Juan en Sonidos"},"content":{"rendered":"\n<p><strong>&#8220;La vida sin la m\u00fasica es sencillamente un error, una fatiga, un exilio&#8221;, le escribi\u00f3 Friedrich Nietzsche a su amigo y confesor Peter Gast. No sabemos si Juan Pablo hab\u00eda le\u00eddo esta frase pero sin dudas, como muchos de nosotros, sent\u00eda algo parecido; y no queremos homenajearlo s\u00f3lo a trav\u00e9s de sus propias palabras, las que \u00e9l mismo pronunci\u00f3 o escribi\u00f3, sino tambi\u00e9n a trav\u00e9s de la m\u00fasica y las canciones que escuchaba. Volver a pensar en Juan Pablo junto a los artistas que poblaron su mundo. Ese es el sentido de \u201cJuan Pablo en sonidos\u201d: una selecci\u00f3n de esas melod\u00edas, esas canciones, que a Juan le gustaban mucho, que tarareaba de tanto en tanto, y que gracias a su familia y amigos pudimos reconstruir.<\/strong><\/p>\n\n\n\n<h2 class=\"wp-block-heading\">Playlist Youtube<\/h2>\n\n\n\n<p>54&nbsp;v\u00eddeos<\/p>\n\n\n<p><iframe width=\"560\" height=\"315\" src=\"https:\/\/www.youtube.com\/embed\/videoseries?list=PLwVhvhQ7M45yPDTqkq6K3qHCL0Y4zdTJM\" frameborder=\"0\" allow=\"accelerometer; autoplay; clipboard-write; encrypted-media; gyroscope; picture-in-picture\" allowfullscreen=\"\"><\/iframe><\/p>\n\n\n\n<h2 class=\"wp-block-heading\">Playlist Spotify<\/h2>\n\n\n<p><iframe title=\"Spotify Embed: M\u00fasica Juampablesca\" width=\"300\" height=\"380\" allowtransparency=\"true\" frameborder=\"0\" allow=\"encrypted-media\" src=\"https:\/\/open.spotify.com\/embed\/playlist\/5IhoEO9HUDQiw5lo7Ti66b?si=Ov68x7XsQnugLbbaIr-9nw\"><\/iframe><\/p>\n\n\n\n<p><\/p>\n\n\n\n<p><\/p>\n","protected":false},"excerpt":{"rendered":"<p>&#8220;La vida sin la m\u00fasica es sencillamente un error, una fatiga, un exilio&#8221;, le escribi\u00f3 Friedrich Nietzsche a su amigo y confesor [&hellip;]<\/p>\n","protected":false},"author":2,"featured_media":0,"parent":0,"menu_order":0,"comment_status":"closed","ping_status":"closed","template":"page-templates\/page_fullwidth.php","meta":{"_acf_changed":false,"footnotes":""},"class_list":["post-2090","page","type-page","status-publish","hentry"],"acf":[],"_links":{"self":[{"href":"https:\/\/ffyh.unc.edu.ar\/jpabrattepedagogo\/index.php?rest_route=\/wp\/v2\/pages\/2090","targetHints":{"allow":["GET"]}}],"collection":[{"href":"https:\/\/ffyh.unc.edu.ar\/jpabrattepedagogo\/index.php?rest_route=\/wp\/v2\/pages"}],"about":[{"href":"https:\/\/ffyh.unc.edu.ar\/jpabrattepedagogo\/index.php?rest_route=\/wp\/v2\/types\/page"}],"author":[{"embeddable":true,"href":"https:\/\/ffyh.unc.edu.ar\/jpabrattepedagogo\/index.php?rest_route=\/wp\/v2\/users\/2"}],"replies":[{"embeddable":true,"href":"https:\/\/ffyh.unc.edu.ar\/jpabrattepedagogo\/index.php?rest_route=%2Fwp%2Fv2%2Fcomments&post=2090"}],"version-history":[{"count":5,"href":"https:\/\/ffyh.unc.edu.ar\/jpabrattepedagogo\/index.php?rest_route=\/wp\/v2\/pages\/2090\/revisions"}],"predecessor-version":[{"id":2225,"href":"https:\/\/ffyh.unc.edu.ar\/jpabrattepedagogo\/index.php?rest_route=\/wp\/v2\/pages\/2090\/revisions\/2225"}],"wp:attachment":[{"href":"https:\/\/ffyh.unc.edu.ar\/jpabrattepedagogo\/index.php?rest_route=%2Fwp%2Fv2%2Fmedia&parent=2090"}],"curies":[{"name":"wp","href":"https:\/\/api.w.org\/{rel}","templated":true}]}}