{"id":40,"date":"2014-04-14T16:40:04","date_gmt":"2014-04-14T16:40:04","guid":{"rendered":"http:\/\/www.ffyh.unc.edu.ar\/lasofiacartonera\/?page_id=40"},"modified":"2014-04-14T16:40:04","modified_gmt":"2014-04-14T16:40:04","slug":"oscar-del-barco","status":"publish","type":"page","link":"https:\/\/ffyh.unc.edu.ar\/lasofiacartonera\/autores\/oscar-del-barco\/","title":{"rendered":"Oscar del Barco"},"content":{"rendered":"<p><b>Oscar del Barco <\/b>naci\u00f3 en Bell Ville, C\u00f3rdoba, Argentina, en 1928. Ha publicado los libros <i>Memoria de aventura metaf\u00edsica <\/i>(1969), <i>Variaciones sobre un viejo tema <\/i>(1975), <i>Infierno <\/i>(1977), E<i>leg\u00eda a Alberto Burnichon<\/i>, <i>t\u00fa-<\/i>\u00e9l (1997), <i>Dijo <\/i>(2000), <i>Dijo II<\/i>,(2001), <i>Poco, pobre, nada <\/i>(2005), <i>Diario<\/i>, <i>Espera la piedra <\/i>(2009), <i>Partituras <\/i>(2010) y <i>Sin Nombre <\/i>(2012).<\/p>\n","protected":false},"excerpt":{"rendered":"<p>Oscar del Barco naci\u00f3 en Bell Ville, C\u00f3rdoba, Argentina, en 1928. Ha publicado los libros Memoria de aventura metaf\u00edsica (1969), Variaciones sobre un viejo tema (1975), Infierno (1977), Eleg\u00eda a Alberto Burnichon, t\u00fa-\u00e9l (1997), Dijo (2000), Dijo II,(2001), Poco, pobre, nada (2005), Diario, Espera la piedra (2009), Partituras (2010) y Sin Nombre (2012).<\/p>\n","protected":false},"author":1,"featured_media":0,"parent":10,"menu_order":0,"comment_status":"closed","ping_status":"open","template":"","meta":{"_acf_changed":false,"footnotes":""},"class_list":["post-40","page","type-page","status-publish","hentry","nodate","item-wrap"],"acf":[],"_links":{"self":[{"href":"https:\/\/ffyh.unc.edu.ar\/lasofiacartonera\/wp-json\/wp\/v2\/pages\/40","targetHints":{"allow":["GET"]}}],"collection":[{"href":"https:\/\/ffyh.unc.edu.ar\/lasofiacartonera\/wp-json\/wp\/v2\/pages"}],"about":[{"href":"https:\/\/ffyh.unc.edu.ar\/lasofiacartonera\/wp-json\/wp\/v2\/types\/page"}],"author":[{"embeddable":true,"href":"https:\/\/ffyh.unc.edu.ar\/lasofiacartonera\/wp-json\/wp\/v2\/users\/1"}],"replies":[{"embeddable":true,"href":"https:\/\/ffyh.unc.edu.ar\/lasofiacartonera\/wp-json\/wp\/v2\/comments?post=40"}],"version-history":[{"count":0,"href":"https:\/\/ffyh.unc.edu.ar\/lasofiacartonera\/wp-json\/wp\/v2\/pages\/40\/revisions"}],"up":[{"embeddable":true,"href":"https:\/\/ffyh.unc.edu.ar\/lasofiacartonera\/wp-json\/wp\/v2\/pages\/10"}],"wp:attachment":[{"href":"https:\/\/ffyh.unc.edu.ar\/lasofiacartonera\/wp-json\/wp\/v2\/media?parent=40"}],"curies":[{"name":"wp","href":"https:\/\/api.w.org\/{rel}","templated":true}]}}