{"id":42,"date":"2014-04-14T16:40:53","date_gmt":"2014-04-14T16:40:53","guid":{"rendered":"http:\/\/www.ffyh.unc.edu.ar\/lasofiacartonera\/?page_id=42"},"modified":"2014-04-14T16:40:53","modified_gmt":"2014-04-14T16:40:53","slug":"antonio-oviedo","status":"publish","type":"page","link":"https:\/\/ffyh.unc.edu.ar\/lasofiacartonera\/autores\/antonio-oviedo\/","title":{"rendered":"Antonio Oviedo"},"content":{"rendered":"<p><b>Antonio Oviedo <\/b>naci\u00f3 en Villa Dolores, C\u00f3rdoba, Argentina en 1943. Public\u00f3 <i>\u00daltimo visitante y El se\u00f1or del<\/i> <i>cielo <\/i>(1975), <i>Autor de representaciones <\/i>(1986), <i>Manera Negra\u00a0<\/i>(1987), <i>Sobre una palabra ausente <\/i>(1987), <i>El sue\u00f1o del pantano <\/i>(1992), <i>La sombra de los peces <\/i>(1996), <i>Realidades exiguas <\/i>(2001), <i>Los d\u00edas venideros <\/i>(2001), <i>Intervalos <\/i>(2002), <i>Restos <\/i>(2003), <i>Cuando llega el invierno con sus largas noches <\/i>(2004),<i> Trayectos <\/i>(2005), <i>Un escritor en la penumbra <\/i>(2006), <i>V\u00edsperas <\/i>(2008), <i>El silencio de las emociones. Hacia las im\u00e1genes <\/i>(2009),<i> Hondonada <\/i>(2009), <i>Comienza el eclipse <\/i>(2011). Entre 1980<i> <\/i>y 1988 dirigi\u00f3 la revista <i>Escrita<\/i>. Integra el consejo de<i> <\/i>redacci\u00f3n de la revista <i>La tempestad <\/i>(M\u00e9xico).<\/p>\n","protected":false},"excerpt":{"rendered":"<p>Antonio Oviedo naci\u00f3 en Villa Dolores, C\u00f3rdoba, Argentina en 1943. Public\u00f3 \u00daltimo visitante y El se\u00f1or del cielo (1975), Autor de representaciones (1986), Manera Negra\u00a0(1987), Sobre una palabra ausente (1987), El sue\u00f1o del pantano (1992), La sombra de los peces (1996), Realidades exiguas (2001), Los d\u00edas venideros (2001), Intervalos (2002), Restos (2003), Cuando llega el &hellip; <\/p>\n<p><a class=\"more-link btn\" href=\"https:\/\/ffyh.unc.edu.ar\/lasofiacartonera\/autores\/antonio-oviedo\/\">Seguir leyendo<\/a><\/p>\n","protected":false},"author":1,"featured_media":0,"parent":10,"menu_order":0,"comment_status":"closed","ping_status":"open","template":"","meta":{"_acf_changed":false,"footnotes":""},"class_list":["post-42","page","type-page","status-publish","hentry","nodate","item-wrap"],"acf":[],"_links":{"self":[{"href":"https:\/\/ffyh.unc.edu.ar\/lasofiacartonera\/wp-json\/wp\/v2\/pages\/42","targetHints":{"allow":["GET"]}}],"collection":[{"href":"https:\/\/ffyh.unc.edu.ar\/lasofiacartonera\/wp-json\/wp\/v2\/pages"}],"about":[{"href":"https:\/\/ffyh.unc.edu.ar\/lasofiacartonera\/wp-json\/wp\/v2\/types\/page"}],"author":[{"embeddable":true,"href":"https:\/\/ffyh.unc.edu.ar\/lasofiacartonera\/wp-json\/wp\/v2\/users\/1"}],"replies":[{"embeddable":true,"href":"https:\/\/ffyh.unc.edu.ar\/lasofiacartonera\/wp-json\/wp\/v2\/comments?post=42"}],"version-history":[{"count":0,"href":"https:\/\/ffyh.unc.edu.ar\/lasofiacartonera\/wp-json\/wp\/v2\/pages\/42\/revisions"}],"up":[{"embeddable":true,"href":"https:\/\/ffyh.unc.edu.ar\/lasofiacartonera\/wp-json\/wp\/v2\/pages\/10"}],"wp:attachment":[{"href":"https:\/\/ffyh.unc.edu.ar\/lasofiacartonera\/wp-json\/wp\/v2\/media?parent=42"}],"curies":[{"name":"wp","href":"https:\/\/api.w.org\/{rel}","templated":true}]}}