{"id":44,"date":"2014-04-14T16:41:26","date_gmt":"2014-04-14T16:41:26","guid":{"rendered":"http:\/\/www.ffyh.unc.edu.ar\/lasofiacartonera\/?page_id=44"},"modified":"2014-04-14T16:41:26","modified_gmt":"2014-04-14T16:41:26","slug":"arturo-carrera","status":"publish","type":"page","link":"https:\/\/ffyh.unc.edu.ar\/lasofiacartonera\/autores\/arturo-carrera\/","title":{"rendered":"Arturo Carrera"},"content":{"rendered":"<p><b>Arturo Carrera <\/b>naci\u00f3 en Coronel Pringles, provincia de Buenos Aires, Argentina, el 27 de marzo de 1948. Ha publicado los libros de poes\u00eda: <i>Escrito con un nict\u00f3grafo<\/i> (1972), <i>Momento de simetr\u00eda<\/i> (1973), <i>Oro<\/i> (1975), <i>Ciudad del colibr\u00ed<\/i> (1982), <i>La partera canta<\/i> (1982), <i>Arturo y yo<\/i> (1983), <i>Mi padre<\/i> (1985), <i>Animaciones suspendidas<\/i> (1986), <i>Children\u2019s corner<\/i> (1989), <i>Negritos<\/i> (1993), <i>La banda oscura de Alejandro <\/i>(1994) <i>El vespertillo de las parcas<\/i> (1997), <i>Tratado de las sensaciones<\/i> (2001), <i>El coco<\/i> (2003,) <i>Potlatch<\/i> (2004), <i>Pizarr\u00f3n<\/i> (2004), <i>Carpe diem<\/i> (2004), <i>Noche y d\u00eda<\/i> (2005), <i>La inocencia<\/i> (2006), <i>Las cuatro estaciones<\/i> (2008), <i>Fastos<\/i> (2010). Preside La Estaci\u00f3n Pringles, centro de utop\u00edas realizables en la pampa.<\/p>\n","protected":false},"excerpt":{"rendered":"<p>Arturo Carrera naci\u00f3 en Coronel Pringles, provincia de Buenos Aires, Argentina, el 27 de marzo de 1948. Ha publicado los libros de poes\u00eda: Escrito con un nict\u00f3grafo (1972), Momento de simetr\u00eda (1973), Oro (1975), Ciudad del colibr\u00ed (1982), La partera canta (1982), Arturo y yo (1983), Mi padre (1985), Animaciones suspendidas (1986), Children\u2019s corner (1989), &hellip; <\/p>\n<p><a class=\"more-link btn\" href=\"https:\/\/ffyh.unc.edu.ar\/lasofiacartonera\/autores\/arturo-carrera\/\">Seguir leyendo<\/a><\/p>\n","protected":false},"author":1,"featured_media":0,"parent":10,"menu_order":0,"comment_status":"closed","ping_status":"open","template":"","meta":{"_acf_changed":false,"footnotes":""},"class_list":["post-44","page","type-page","status-publish","hentry","nodate","item-wrap"],"acf":[],"_links":{"self":[{"href":"https:\/\/ffyh.unc.edu.ar\/lasofiacartonera\/wp-json\/wp\/v2\/pages\/44","targetHints":{"allow":["GET"]}}],"collection":[{"href":"https:\/\/ffyh.unc.edu.ar\/lasofiacartonera\/wp-json\/wp\/v2\/pages"}],"about":[{"href":"https:\/\/ffyh.unc.edu.ar\/lasofiacartonera\/wp-json\/wp\/v2\/types\/page"}],"author":[{"embeddable":true,"href":"https:\/\/ffyh.unc.edu.ar\/lasofiacartonera\/wp-json\/wp\/v2\/users\/1"}],"replies":[{"embeddable":true,"href":"https:\/\/ffyh.unc.edu.ar\/lasofiacartonera\/wp-json\/wp\/v2\/comments?post=44"}],"version-history":[{"count":0,"href":"https:\/\/ffyh.unc.edu.ar\/lasofiacartonera\/wp-json\/wp\/v2\/pages\/44\/revisions"}],"up":[{"embeddable":true,"href":"https:\/\/ffyh.unc.edu.ar\/lasofiacartonera\/wp-json\/wp\/v2\/pages\/10"}],"wp:attachment":[{"href":"https:\/\/ffyh.unc.edu.ar\/lasofiacartonera\/wp-json\/wp\/v2\/media?parent=44"}],"curies":[{"name":"wp","href":"https:\/\/api.w.org\/{rel}","templated":true}]}}