{"id":52,"date":"2014-04-14T16:43:56","date_gmt":"2014-04-14T16:43:56","guid":{"rendered":"http:\/\/www.ffyh.unc.edu.ar\/lasofiacartonera\/?page_id=52"},"modified":"2014-04-14T16:43:56","modified_gmt":"2014-04-14T16:43:56","slug":"luciano-lamberti","status":"publish","type":"page","link":"https:\/\/ffyh.unc.edu.ar\/lasofiacartonera\/autores\/luciano-lamberti\/","title":{"rendered":"Luciano Lamberti"},"content":{"rendered":"<p><b>Luciano Lamberti <\/b>naci\u00f3 en 1978. Public\u00f3 el libro de poemas <i>San Francisco-C\u00f3rdoba <\/i>y los libros de relatos <i>Sue\u00f1os de siesta <\/i>y <i>El asesino de chanchos<\/i>. Particip\u00f3 en varias antolog\u00edas.<\/p>\n","protected":false},"excerpt":{"rendered":"<p>Luciano Lamberti naci\u00f3 en 1978. Public\u00f3 el libro de poemas San Francisco-C\u00f3rdoba y los libros de relatos Sue\u00f1os de siesta y El asesino de chanchos. Particip\u00f3 en varias antolog\u00edas.<\/p>\n","protected":false},"author":1,"featured_media":0,"parent":10,"menu_order":0,"comment_status":"closed","ping_status":"open","template":"","meta":{"_acf_changed":false,"footnotes":""},"class_list":["post-52","page","type-page","status-publish","hentry","nodate","item-wrap"],"acf":[],"_links":{"self":[{"href":"https:\/\/ffyh.unc.edu.ar\/lasofiacartonera\/wp-json\/wp\/v2\/pages\/52","targetHints":{"allow":["GET"]}}],"collection":[{"href":"https:\/\/ffyh.unc.edu.ar\/lasofiacartonera\/wp-json\/wp\/v2\/pages"}],"about":[{"href":"https:\/\/ffyh.unc.edu.ar\/lasofiacartonera\/wp-json\/wp\/v2\/types\/page"}],"author":[{"embeddable":true,"href":"https:\/\/ffyh.unc.edu.ar\/lasofiacartonera\/wp-json\/wp\/v2\/users\/1"}],"replies":[{"embeddable":true,"href":"https:\/\/ffyh.unc.edu.ar\/lasofiacartonera\/wp-json\/wp\/v2\/comments?post=52"}],"version-history":[{"count":0,"href":"https:\/\/ffyh.unc.edu.ar\/lasofiacartonera\/wp-json\/wp\/v2\/pages\/52\/revisions"}],"up":[{"embeddable":true,"href":"https:\/\/ffyh.unc.edu.ar\/lasofiacartonera\/wp-json\/wp\/v2\/pages\/10"}],"wp:attachment":[{"href":"https:\/\/ffyh.unc.edu.ar\/lasofiacartonera\/wp-json\/wp\/v2\/media?parent=52"}],"curies":[{"name":"wp","href":"https:\/\/api.w.org\/{rel}","templated":true}]}}