{"id":54,"date":"2014-04-14T16:44:26","date_gmt":"2014-04-14T16:44:26","guid":{"rendered":"http:\/\/www.ffyh.unc.edu.ar\/lasofiacartonera\/?page_id=54"},"modified":"2014-04-14T16:44:26","modified_gmt":"2014-04-14T16:44:26","slug":"anahi-mallol","status":"publish","type":"page","link":"https:\/\/ffyh.unc.edu.ar\/lasofiacartonera\/autores\/anahi-mallol\/","title":{"rendered":"Anah\u00ed Mallol"},"content":{"rendered":"<p><b>Anah\u00ed Mallol <\/b>es poeta y ensayista, public\u00f3 los libros de poemas: <i>Postdata<\/i>, Siesta, 1998; <i>Polaroid<\/i>, Siesta, 2001; <i>\u00d3leo sobre lienzo<\/i>, Editorial de la Universidad Nacional de La Plata, colecci\u00f3n Chicas de Bolsillo, 2004; <i>Zoo<\/i>, Paradiso, 2009, y un libro de ensayos: <i>El poema y su doble<\/i>, Simurg, 2003. Sus poemas han sido traducidos al ingl\u00e9s y al alem\u00e1n. Ha participado de varias antolog\u00edas argentinas y extranjeras. Colabora en revistas de poes\u00eda y de cr\u00edtica literaria.<\/p>\n","protected":false},"excerpt":{"rendered":"<p>Anah\u00ed Mallol es poeta y ensayista, public\u00f3 los libros de poemas: Postdata, Siesta, 1998; Polaroid, Siesta, 2001; \u00d3leo sobre lienzo, Editorial de la Universidad Nacional de La Plata, colecci\u00f3n Chicas de Bolsillo, 2004; Zoo, Paradiso, 2009, y un libro de ensayos: El poema y su doble, Simurg, 2003. Sus poemas han sido traducidos al ingl\u00e9s &hellip; <\/p>\n<p><a class=\"more-link btn\" href=\"https:\/\/ffyh.unc.edu.ar\/lasofiacartonera\/autores\/anahi-mallol\/\">Seguir leyendo<\/a><\/p>\n","protected":false},"author":1,"featured_media":0,"parent":10,"menu_order":0,"comment_status":"closed","ping_status":"open","template":"","meta":{"_acf_changed":false,"footnotes":""},"class_list":["post-54","page","type-page","status-publish","hentry","nodate","item-wrap"],"acf":[],"_links":{"self":[{"href":"https:\/\/ffyh.unc.edu.ar\/lasofiacartonera\/wp-json\/wp\/v2\/pages\/54","targetHints":{"allow":["GET"]}}],"collection":[{"href":"https:\/\/ffyh.unc.edu.ar\/lasofiacartonera\/wp-json\/wp\/v2\/pages"}],"about":[{"href":"https:\/\/ffyh.unc.edu.ar\/lasofiacartonera\/wp-json\/wp\/v2\/types\/page"}],"author":[{"embeddable":true,"href":"https:\/\/ffyh.unc.edu.ar\/lasofiacartonera\/wp-json\/wp\/v2\/users\/1"}],"replies":[{"embeddable":true,"href":"https:\/\/ffyh.unc.edu.ar\/lasofiacartonera\/wp-json\/wp\/v2\/comments?post=54"}],"version-history":[{"count":0,"href":"https:\/\/ffyh.unc.edu.ar\/lasofiacartonera\/wp-json\/wp\/v2\/pages\/54\/revisions"}],"up":[{"embeddable":true,"href":"https:\/\/ffyh.unc.edu.ar\/lasofiacartonera\/wp-json\/wp\/v2\/pages\/10"}],"wp:attachment":[{"href":"https:\/\/ffyh.unc.edu.ar\/lasofiacartonera\/wp-json\/wp\/v2\/media?parent=54"}],"curies":[{"name":"wp","href":"https:\/\/api.w.org\/{rel}","templated":true}]}}