{"id":56,"date":"2014-04-14T16:44:48","date_gmt":"2014-04-14T16:44:48","guid":{"rendered":"http:\/\/www.ffyh.unc.edu.ar\/lasofiacartonera\/?page_id=56"},"modified":"2014-04-14T16:44:48","modified_gmt":"2014-04-14T16:44:48","slug":"rocio-pochettino","status":"publish","type":"page","link":"https:\/\/ffyh.unc.edu.ar\/lasofiacartonera\/autores\/rocio-pochettino\/","title":{"rendered":"Rocio Pochettino"},"content":{"rendered":"<p><b>Rocio Pochettino<\/b> naci\u00f3 en R\u00edo Tercero, C\u00f3rdoba en 1982. Particip\u00f3 en varias antolog\u00edas. <i>Glas\u00e9<\/i>, <i>Agua Florida <\/i>y <i>Club N\u00e1utico <\/i>son sus poemarios. Coordina el archivo Poes\u00eda Peri\u00f3dica que registra voces y escrituras de su ciudad natal.<\/p>\n","protected":false},"excerpt":{"rendered":"<p>Rocio Pochettino naci\u00f3 en R\u00edo Tercero, C\u00f3rdoba en 1982. Particip\u00f3 en varias antolog\u00edas. Glas\u00e9, Agua Florida y Club N\u00e1utico son sus poemarios. Coordina el archivo Poes\u00eda Peri\u00f3dica que registra voces y escrituras de su ciudad natal.<\/p>\n","protected":false},"author":1,"featured_media":0,"parent":10,"menu_order":0,"comment_status":"closed","ping_status":"open","template":"","meta":{"_acf_changed":false,"footnotes":""},"class_list":["post-56","page","type-page","status-publish","hentry","nodate","item-wrap"],"acf":[],"_links":{"self":[{"href":"https:\/\/ffyh.unc.edu.ar\/lasofiacartonera\/wp-json\/wp\/v2\/pages\/56","targetHints":{"allow":["GET"]}}],"collection":[{"href":"https:\/\/ffyh.unc.edu.ar\/lasofiacartonera\/wp-json\/wp\/v2\/pages"}],"about":[{"href":"https:\/\/ffyh.unc.edu.ar\/lasofiacartonera\/wp-json\/wp\/v2\/types\/page"}],"author":[{"embeddable":true,"href":"https:\/\/ffyh.unc.edu.ar\/lasofiacartonera\/wp-json\/wp\/v2\/users\/1"}],"replies":[{"embeddable":true,"href":"https:\/\/ffyh.unc.edu.ar\/lasofiacartonera\/wp-json\/wp\/v2\/comments?post=56"}],"version-history":[{"count":0,"href":"https:\/\/ffyh.unc.edu.ar\/lasofiacartonera\/wp-json\/wp\/v2\/pages\/56\/revisions"}],"up":[{"embeddable":true,"href":"https:\/\/ffyh.unc.edu.ar\/lasofiacartonera\/wp-json\/wp\/v2\/pages\/10"}],"wp:attachment":[{"href":"https:\/\/ffyh.unc.edu.ar\/lasofiacartonera\/wp-json\/wp\/v2\/media?parent=56"}],"curies":[{"name":"wp","href":"https:\/\/api.w.org\/{rel}","templated":true}]}}