{"id":58,"date":"2014-04-14T16:45:24","date_gmt":"2014-04-14T16:45:24","guid":{"rendered":"http:\/\/www.ffyh.unc.edu.ar\/lasofiacartonera\/?page_id=58"},"modified":"2014-04-14T16:45:24","modified_gmt":"2014-04-14T16:45:24","slug":"facundo-r-soto","status":"publish","type":"page","link":"https:\/\/ffyh.unc.edu.ar\/lasofiacartonera\/autores\/facundo-r-soto\/","title":{"rendered":"Facundo R. Soto"},"content":{"rendered":"<p><b>Facundo R. Soto<\/b> naci\u00f3 en la ciudad de Buenos Aires, en 1972. Es narrador, poeta y psic\u00f3logo. \u00a0Colaborador del suplemento \u201cSoy\u201d de P\u00e1gina 12. Public\u00f3 el libro de poemas: <i>Microondas, Neuqu\u00e9n<\/i> (Cartonerita Solar, 2011); <i>Olor a pasto reci\u00e9n cortado<\/i> (Edici\u00f3n de Autor, Buenos Aires, 2011); <i>Juego de chicos<\/i> (Editorial Conejos, 2011; reeditado por Emergencia Narrativa, Chile). <i>Despejado <\/i>(plaqueta de poes\u00eda), (Proveedora de Droga, 2011). <i>Plastilina <\/i>(Textos Intrusos, 2012); <i>El hombre de acero <\/i>(De Parado Editorial, 2012); <i>C\u00f3mo se saludan los surfers <\/i>(De Parado Editorial, 2012); <i>Taller literario <\/i>(Blatt &amp; R\u00edos, 2013). Como ant\u00f3logo seleccion\u00f3 cuentos para <i>Vivan losputos Vol. 1 y 2 <\/i>(Elo\u00edsa Cartonera y Editorial De Parado, 2013). Participa en la antolog\u00eda <i>Nuevos borders<\/i> <i>argentinos <\/i>(Elo\u00edsa Cartonera, 2013). En la antolog\u00eda <i>Brasil: ficciones de argentinos <\/i>(Ediciones Universidad Nacional General Sarmiento y Casa Nova (Brasil), 2013). Administra el blog <a href=\"www.desprendimiento.blogspot.com\" target=\"_blank\">www.desprendimiento.blogspot.com<\/a><\/p>\n","protected":false},"excerpt":{"rendered":"<p>Facundo R. Soto naci\u00f3 en la ciudad de Buenos Aires, en 1972. Es narrador, poeta y psic\u00f3logo. \u00a0Colaborador del suplemento \u201cSoy\u201d de P\u00e1gina 12. Public\u00f3 el libro de poemas: Microondas, Neuqu\u00e9n (Cartonerita Solar, 2011); Olor a pasto reci\u00e9n cortado (Edici\u00f3n de Autor, Buenos Aires, 2011); Juego de chicos (Editorial Conejos, 2011; reeditado por Emergencia Narrativa, &hellip; <\/p>\n<p><a class=\"more-link btn\" href=\"https:\/\/ffyh.unc.edu.ar\/lasofiacartonera\/autores\/facundo-r-soto\/\">Seguir leyendo<\/a><\/p>\n","protected":false},"author":1,"featured_media":0,"parent":10,"menu_order":0,"comment_status":"closed","ping_status":"open","template":"","meta":{"_acf_changed":false,"footnotes":""},"class_list":["post-58","page","type-page","status-publish","hentry","nodate","item-wrap"],"acf":[],"_links":{"self":[{"href":"https:\/\/ffyh.unc.edu.ar\/lasofiacartonera\/wp-json\/wp\/v2\/pages\/58","targetHints":{"allow":["GET"]}}],"collection":[{"href":"https:\/\/ffyh.unc.edu.ar\/lasofiacartonera\/wp-json\/wp\/v2\/pages"}],"about":[{"href":"https:\/\/ffyh.unc.edu.ar\/lasofiacartonera\/wp-json\/wp\/v2\/types\/page"}],"author":[{"embeddable":true,"href":"https:\/\/ffyh.unc.edu.ar\/lasofiacartonera\/wp-json\/wp\/v2\/users\/1"}],"replies":[{"embeddable":true,"href":"https:\/\/ffyh.unc.edu.ar\/lasofiacartonera\/wp-json\/wp\/v2\/comments?post=58"}],"version-history":[{"count":1,"href":"https:\/\/ffyh.unc.edu.ar\/lasofiacartonera\/wp-json\/wp\/v2\/pages\/58\/revisions"}],"predecessor-version":[{"id":103,"href":"https:\/\/ffyh.unc.edu.ar\/lasofiacartonera\/wp-json\/wp\/v2\/pages\/58\/revisions\/103"}],"up":[{"embeddable":true,"href":"https:\/\/ffyh.unc.edu.ar\/lasofiacartonera\/wp-json\/wp\/v2\/pages\/10"}],"wp:attachment":[{"href":"https:\/\/ffyh.unc.edu.ar\/lasofiacartonera\/wp-json\/wp\/v2\/media?parent=58"}],"curies":[{"name":"wp","href":"https:\/\/api.w.org\/{rel}","templated":true}]}}