{"id":60,"date":"2014-04-14T16:47:56","date_gmt":"2014-04-14T16:47:56","guid":{"rendered":"http:\/\/www.ffyh.unc.edu.ar\/lasofiacartonera\/?page_id=60"},"modified":"2014-04-14T16:47:56","modified_gmt":"2014-04-14T16:47:56","slug":"coleccion-poesia","status":"publish","type":"page","link":"https:\/\/ffyh.unc.edu.ar\/lasofiacartonera\/catalogo\/coleccion-poesia\/","title":{"rendered":"Colecci\u00f3n Poes\u00eda"},"content":{"rendered":"<p><b><i>Infierno<\/i><\/b> de Oscar del Barco<b> <\/b><\/p>\n<p><b><i>Ticket<\/i><\/b> de Arturo Carrera<\/p>\n<p><b><i>El pa\u00eds de las larvas<\/i><\/b> de Silvio Mattoni<b> <\/b><\/p>\n<p><b><i>Hombre de Cristina<\/i><\/b> de Washington Cucurto<\/p>\n<p><b><i>De tarde en el puerto<\/i><\/b> de Mar\u00eda Calvi\u00f1o<\/p>\n<p><b><i>Triunfo de Adriano<\/i><\/b> de Alfredo Prior<\/p>\n<p><b><i>Querida Alicia<\/i><\/b> de Anah\u00ed Mallol<\/p>\n<p><b><i>Diario de la china<\/i><\/b> de Roxana P\u00e1ez<\/p>\n<p><b><i>Materia<\/i><\/b> de Carlos Battilana<\/p>\n<p><b><i>Una Escuela de la mente<\/i><\/b> de Francisco Garamona.<\/p>\n<p><b><i>Se me ocurri\u00f3<\/i><\/b><b><i>. Antologia Po\u00e9tica <\/i><\/b><i>de integrantes del Taller Literario de la Fundaci\u00f3n OTIUM<\/i><\/p>\n<p><b><i>Tributo del Mudo<\/i><\/b> de Diana Bellessi<\/p>\n<p><b><i>Hay una m\u00fasica para todas las cosas<\/i><\/b> de Roc\u00edo Paulizzi<\/p>\n<p><b><i>Agua Florida<\/i><\/b> de Roc\u00edo Poquettino<\/p>\n<p><b><i>Reconstrucci\u00f3n del hecho<\/i><\/b> de Edgardo Russo<\/p>\n<p><b><i>La Luz de la Heladera<\/i><\/b> de Facundo Soto<b><i> <\/i><\/b><\/p>\n","protected":false},"excerpt":{"rendered":"<p>Infierno de Oscar del Barco Ticket de Arturo Carrera El pa\u00eds de las larvas de Silvio Mattoni Hombre de Cristina de Washington Cucurto De tarde en el puerto de Mar\u00eda Calvi\u00f1o Triunfo de Adriano de Alfredo Prior Querida Alicia de Anah\u00ed Mallol Diario de la china de Roxana P\u00e1ez Materia de Carlos Battilana Una Escuela &hellip; <\/p>\n<p><a class=\"more-link btn\" href=\"https:\/\/ffyh.unc.edu.ar\/lasofiacartonera\/catalogo\/coleccion-poesia\/\">Seguir leyendo<\/a><\/p>\n","protected":false},"author":1,"featured_media":0,"parent":8,"menu_order":0,"comment_status":"closed","ping_status":"open","template":"","meta":{"_acf_changed":false,"footnotes":""},"class_list":["post-60","page","type-page","status-publish","hentry","nodate","item-wrap"],"acf":[],"_links":{"self":[{"href":"https:\/\/ffyh.unc.edu.ar\/lasofiacartonera\/wp-json\/wp\/v2\/pages\/60","targetHints":{"allow":["GET"]}}],"collection":[{"href":"https:\/\/ffyh.unc.edu.ar\/lasofiacartonera\/wp-json\/wp\/v2\/pages"}],"about":[{"href":"https:\/\/ffyh.unc.edu.ar\/lasofiacartonera\/wp-json\/wp\/v2\/types\/page"}],"author":[{"embeddable":true,"href":"https:\/\/ffyh.unc.edu.ar\/lasofiacartonera\/wp-json\/wp\/v2\/users\/1"}],"replies":[{"embeddable":true,"href":"https:\/\/ffyh.unc.edu.ar\/lasofiacartonera\/wp-json\/wp\/v2\/comments?post=60"}],"version-history":[{"count":0,"href":"https:\/\/ffyh.unc.edu.ar\/lasofiacartonera\/wp-json\/wp\/v2\/pages\/60\/revisions"}],"up":[{"embeddable":true,"href":"https:\/\/ffyh.unc.edu.ar\/lasofiacartonera\/wp-json\/wp\/v2\/pages\/8"}],"wp:attachment":[{"href":"https:\/\/ffyh.unc.edu.ar\/lasofiacartonera\/wp-json\/wp\/v2\/media?parent=60"}],"curies":[{"name":"wp","href":"https:\/\/api.w.org\/{rel}","templated":true}]}}