{"id":63,"date":"2014-04-14T16:49:09","date_gmt":"2014-04-14T16:49:09","guid":{"rendered":"http:\/\/www.ffyh.unc.edu.ar\/lasofiacartonera\/?page_id=63"},"modified":"2014-04-14T16:49:09","modified_gmt":"2014-04-14T16:49:09","slug":"coleccion-narrativa","status":"publish","type":"page","link":"https:\/\/ffyh.unc.edu.ar\/lasofiacartonera\/catalogo\/coleccion-narrativa\/","title":{"rendered":"Colecci\u00f3n Narrativa"},"content":{"rendered":"<p><b><i>El se\u00f1or del cielo<\/i><\/b> de Antonio Oviedo<\/p>\n<p><b><i>Desierto dividido en cent\u00edmetros por piedras<\/i><\/b> de Cuqui<\/p>\n<p><b><i>Los campos magn\u00e9ticos<\/i><\/b> de Luciano Lamberti<\/p>\n<p><b><i>El novio secreto de Susanna Hoffs<\/i><\/b> de Carlos Schilling<\/p>\n<p><b><i>En el Ropero del Sr. Bernard Falta el traje que m\u00e1s detesta<\/i><\/b> de Mario Bellatin<\/p>\n<p><b><i>En la rivera de un r\u00edo <\/i><\/b>Dalia Rosetti<\/p>\n<p><b><i>Encuadres para Tiziana<\/i><\/b> de Germ\u00e1n Carrasco<\/p>\n<p><b><i>Ayni. Antolog\u00eda del Cuento Boliviano Contempor\u00e1neo. <\/i><\/b>Magdalena Gonzales Almada (Comp.) <b><i>Volumen I: <\/i><\/b>Juan Pablo Pi\u00f1eiro, Giovanna Rivero, Rodrigo Hasb\u00fan, Maximiliano Barrientos. <b><i>Volumen II:<\/i><\/b> Liliana Colanzi\u00a0 y Sebasti\u00e1n Antezana.<\/p>\n<p><b><i>Extractos del diario de Ana B. un d\u00eda antes de cumplir treinta a\u00f1os y<\/i><\/b> de Elo\u00edsa Oliva<\/p>\n","protected":false},"excerpt":{"rendered":"<p>El se\u00f1or del cielo de Antonio Oviedo Desierto dividido en cent\u00edmetros por piedras de Cuqui Los campos magn\u00e9ticos de Luciano Lamberti El novio secreto de Susanna Hoffs de Carlos Schilling En el Ropero del Sr. Bernard Falta el traje que m\u00e1s detesta de Mario Bellatin En la rivera de un r\u00edo Dalia Rosetti Encuadres para &hellip; <\/p>\n<p><a class=\"more-link btn\" href=\"https:\/\/ffyh.unc.edu.ar\/lasofiacartonera\/catalogo\/coleccion-narrativa\/\">Seguir leyendo<\/a><\/p>\n","protected":false},"author":1,"featured_media":0,"parent":8,"menu_order":1,"comment_status":"closed","ping_status":"open","template":"","meta":{"_acf_changed":false,"footnotes":""},"class_list":["post-63","page","type-page","status-publish","hentry","nodate","item-wrap"],"acf":[],"_links":{"self":[{"href":"https:\/\/ffyh.unc.edu.ar\/lasofiacartonera\/wp-json\/wp\/v2\/pages\/63","targetHints":{"allow":["GET"]}}],"collection":[{"href":"https:\/\/ffyh.unc.edu.ar\/lasofiacartonera\/wp-json\/wp\/v2\/pages"}],"about":[{"href":"https:\/\/ffyh.unc.edu.ar\/lasofiacartonera\/wp-json\/wp\/v2\/types\/page"}],"author":[{"embeddable":true,"href":"https:\/\/ffyh.unc.edu.ar\/lasofiacartonera\/wp-json\/wp\/v2\/users\/1"}],"replies":[{"embeddable":true,"href":"https:\/\/ffyh.unc.edu.ar\/lasofiacartonera\/wp-json\/wp\/v2\/comments?post=63"}],"version-history":[{"count":0,"href":"https:\/\/ffyh.unc.edu.ar\/lasofiacartonera\/wp-json\/wp\/v2\/pages\/63\/revisions"}],"up":[{"embeddable":true,"href":"https:\/\/ffyh.unc.edu.ar\/lasofiacartonera\/wp-json\/wp\/v2\/pages\/8"}],"wp:attachment":[{"href":"https:\/\/ffyh.unc.edu.ar\/lasofiacartonera\/wp-json\/wp\/v2\/media?parent=63"}],"curies":[{"name":"wp","href":"https:\/\/api.w.org\/{rel}","templated":true}]}}