{"id":67,"date":"2014-04-14T16:50:35","date_gmt":"2014-04-14T16:50:35","guid":{"rendered":"http:\/\/www.ffyh.unc.edu.ar\/lasofiacartonera\/?page_id=67"},"modified":"2014-04-14T16:50:35","modified_gmt":"2014-04-14T16:50:35","slug":"serie-carton-pintado","status":"publish","type":"page","link":"https:\/\/ffyh.unc.edu.ar\/lasofiacartonera\/catalogo\/serie-carton-pintado\/","title":{"rendered":"Serie Cart\u00f3n Pintado"},"content":{"rendered":"<p><b><i>Constelaci\u00f3n escarlata turquesa<\/i><\/b>.<b><i> <\/i><\/b>Texto e ilustraciones de Mariana Robles<b><i><\/i><\/b><\/p>\n<p><b><i>Pap\u00e1 Oso. <\/i><\/b>Texto de Javier Mart\u00ednez Ramacciotti e ilustraciones de Mar\u00eda Fernanda Canseco<\/p>\n","protected":false},"excerpt":{"rendered":"<p>Constelaci\u00f3n escarlata turquesa. Texto e ilustraciones de Mariana Robles Pap\u00e1 Oso. Texto de Javier Mart\u00ednez Ramacciotti e ilustraciones de Mar\u00eda Fernanda Canseco<\/p>\n","protected":false},"author":1,"featured_media":0,"parent":8,"menu_order":4,"comment_status":"closed","ping_status":"open","template":"","meta":{"_acf_changed":false,"footnotes":""},"class_list":["post-67","page","type-page","status-publish","hentry","nodate","item-wrap"],"acf":[],"_links":{"self":[{"href":"https:\/\/ffyh.unc.edu.ar\/lasofiacartonera\/wp-json\/wp\/v2\/pages\/67","targetHints":{"allow":["GET"]}}],"collection":[{"href":"https:\/\/ffyh.unc.edu.ar\/lasofiacartonera\/wp-json\/wp\/v2\/pages"}],"about":[{"href":"https:\/\/ffyh.unc.edu.ar\/lasofiacartonera\/wp-json\/wp\/v2\/types\/page"}],"author":[{"embeddable":true,"href":"https:\/\/ffyh.unc.edu.ar\/lasofiacartonera\/wp-json\/wp\/v2\/users\/1"}],"replies":[{"embeddable":true,"href":"https:\/\/ffyh.unc.edu.ar\/lasofiacartonera\/wp-json\/wp\/v2\/comments?post=67"}],"version-history":[{"count":0,"href":"https:\/\/ffyh.unc.edu.ar\/lasofiacartonera\/wp-json\/wp\/v2\/pages\/67\/revisions"}],"up":[{"embeddable":true,"href":"https:\/\/ffyh.unc.edu.ar\/lasofiacartonera\/wp-json\/wp\/v2\/pages\/8"}],"wp:attachment":[{"href":"https:\/\/ffyh.unc.edu.ar\/lasofiacartonera\/wp-json\/wp\/v2\/media?parent=67"}],"curies":[{"name":"wp","href":"https:\/\/api.w.org\/{rel}","templated":true}]}}