{"id":12,"date":"2012-03-15T18:45:29","date_gmt":"2012-03-15T18:45:29","guid":{"rendered":"http:\/\/www.ffyh.unc.edu.ar\/alfilo\/libros-prohibidos\/?page_id=12"},"modified":"2017-09-08T14:18:31","modified_gmt":"2017-09-08T14:18:31","slug":"censura-cultural","status":"publish","type":"page","link":"https:\/\/ffyh.unc.edu.ar\/libros-prohibidos\/censura-cultural\/","title":{"rendered":"Censura cultural"},"content":{"rendered":"<p><iframe loading=\"lazy\" src=\"https:\/\/www.youtube.com\/embed\/2Z4xZwuy8Ps\" frameborder=\"0\" width=\"480\" height=\"360\"><\/iframe><\/p>\n<p><a href=\"http:\/\/ffyh.unc.edu.ar\/libros-prohibidos\/wp-content\/uploads\/sites\/17\/2012\/03\/Resoluci\u00f3n-de-la-prohibici\u00f3n-de-los-libros-de-Paulo-Freire.jpg\"><img loading=\"lazy\" decoding=\"async\" class=\"alignnone size-medium wp-image-63\" title=\"&lt;SAMSUNG DIGITAL CAMERA&gt;\" src=\"http:\/\/ffyh.unc.edu.ar\/libros-prohibidos\/wp-content\/uploads\/sites\/17\/2012\/03\/Resoluci\u00f3n-de-la-prohibici\u00f3n-de-los-libros-de-Paulo-Freire-225x300.jpg\" alt=\"\" width=\"225\" height=\"300\" srcset=\"https:\/\/ffyh.unc.edu.ar\/libros-prohibidos\/wp-content\/uploads\/sites\/17\/2012\/03\/Resoluci\u00f3n-de-la-prohibici\u00f3n-de-los-libros-de-Paulo-Freire-225x300.jpg 225w, https:\/\/ffyh.unc.edu.ar\/libros-prohibidos\/wp-content\/uploads\/sites\/17\/2012\/03\/Resoluci\u00f3n-de-la-prohibici\u00f3n-de-los-libros-de-Paulo-Freire.jpg 768w\" sizes=\"auto, (max-width: 225px) 100vw, 225px\" \/><\/a><\/p>\n<p>Resoluci\u00f3n del 25 de octubre de 1978 en la que se proh\u00edben todas las obras del pedagogo Paulo Freire.<\/p>\n<p><a href=\"http:\/\/ffyh.unc.edu.ar\/libros-prohibidos\/wp-content\/uploads\/sites\/17\/2012\/03\/MANUAL-Subversi\u00f3n-en-el-\u00c1mbito-Educativo.jpg\"><img loading=\"lazy\" decoding=\"async\" class=\"alignnone size-medium wp-image-65\" title=\"MANUAL Subversi\u00f3n en el \u00c1mbito Educativo\" src=\"http:\/\/ffyh.unc.edu.ar\/libros-prohibidos\/wp-content\/uploads\/sites\/17\/2012\/03\/MANUAL-Subversi\u00f3n-en-el-\u00c1mbito-Educativo-205x300.jpg\" alt=\"\" width=\"205\" height=\"300\" \/><\/a><\/p>\n<p>Manual del Ministerio de Cultura y Educaci\u00f3n \u00abSubversi\u00f3n en el \u00e1mbito educativo\u00bb, editado en 1977.<\/p>\n<ul>\n<li><a href=\"http:\/\/ffyh.unc.edu.ar\/libros-prohibidos\/wp-content\/uploads\/sites\/17\/2012\/03\/texto-maria-de-los-angeles-rondine.pdf\" target=\"_blank\">Descargar art\u00edculo \u00abLibros prohibidos. Nunca m\u00e1s\u00bb, de Mar\u00eda de los \u00c1ngeles Jaimes Rondine<\/a><\/li>\n<\/ul>\n","protected":false},"excerpt":{"rendered":"<p>Resoluci\u00f3n del 25 de octubre de 1978 en la que se proh\u00edben todas las obras del pedagogo Paulo Freire. Manual del Ministerio de Cultura y Educaci\u00f3n \u00abSubversi\u00f3n en el \u00e1mbito educativo\u00bb, editado en 1977. Descargar art\u00edculo \u00abLibros prohibidos. Nunca m\u00e1s\u00bb, de Mar\u00eda de los \u00c1ngeles Jaimes Rondine<\/p>\n","protected":false},"author":1,"featured_media":0,"parent":0,"menu_order":3,"comment_status":"open","ping_status":"open","template":"","meta":{"_acf_changed":false,"footnotes":""},"class_list":["post-12","page","type-page","status-publish","hentry","nodate","item-wrap"],"acf":[],"_links":{"self":[{"href":"https:\/\/ffyh.unc.edu.ar\/libros-prohibidos\/wp-json\/wp\/v2\/pages\/12","targetHints":{"allow":["GET"]}}],"collection":[{"href":"https:\/\/ffyh.unc.edu.ar\/libros-prohibidos\/wp-json\/wp\/v2\/pages"}],"about":[{"href":"https:\/\/ffyh.unc.edu.ar\/libros-prohibidos\/wp-json\/wp\/v2\/types\/page"}],"author":[{"embeddable":true,"href":"https:\/\/ffyh.unc.edu.ar\/libros-prohibidos\/wp-json\/wp\/v2\/users\/1"}],"replies":[{"embeddable":true,"href":"https:\/\/ffyh.unc.edu.ar\/libros-prohibidos\/wp-json\/wp\/v2\/comments?post=12"}],"version-history":[{"count":1,"href":"https:\/\/ffyh.unc.edu.ar\/libros-prohibidos\/wp-json\/wp\/v2\/pages\/12\/revisions"}],"predecessor-version":[{"id":147,"href":"https:\/\/ffyh.unc.edu.ar\/libros-prohibidos\/wp-json\/wp\/v2\/pages\/12\/revisions\/147"}],"wp:attachment":[{"href":"https:\/\/ffyh.unc.edu.ar\/libros-prohibidos\/wp-json\/wp\/v2\/media?parent=12"}],"curies":[{"name":"wp","href":"https:\/\/api.w.org\/{rel}","templated":true}]}}