{"id":14,"date":"2012-03-15T18:46:16","date_gmt":"2012-03-15T18:46:16","guid":{"rendered":"http:\/\/www.ffyh.unc.edu.ar\/alfilo\/libros-prohibidos\/?page_id=14"},"modified":"2012-03-15T18:46:16","modified_gmt":"2012-03-15T18:46:16","slug":"circulares-y-resoluciones","status":"publish","type":"page","link":"https:\/\/ffyh.unc.edu.ar\/libros-prohibidos\/circulares-y-resoluciones\/","title":{"rendered":"Circulares y Resoluciones"},"content":{"rendered":"<p>A continuaci\u00f3n se pueden descargar distintas circulares de la Direcci\u00f3n Nacional de Ense\u00f1anza Media y Superior y resoluciones de la Facultad de Filosof\u00eda y Humanidades y el Colegio Manuel Belgrano de la UNC.<\/p>\n<h2><strong>Resoluciones de la UNC y\u00a0Circulares de\u00a0la Direcci\u00f3n Nacional de Ense\u00f1anza Media y Superior<\/strong><\/h2>\n\n\t\t<style type=\"text\/css\">\n\t\t\t#gallery-1 {\n\t\t\t\tmargin: auto;\n\t\t\t}\n\t\t\t#gallery-1 .gallery-item {\n\t\t\t\tfloat: left;\n\t\t\t\tmargin-top: 10px;\n\t\t\t\ttext-align: center;\n\t\t\t\twidth: 33%;\n\t\t\t}\n\t\t\t#gallery-1 img {\n\t\t\t\tborder: 2px solid #cfcfcf;\n\t\t\t}\n\t\t\t#gallery-1 .gallery-caption {\n\t\t\t\tmargin-left: 0;\n\t\t\t}\n\t\t\t\/* see gallery_shortcode() in wp-includes\/media.php *\/\n\t\t<\/style>\n\t\t<div id='gallery-1' class='gallery galleryid-14 gallery-columns-3 gallery-size-thumbnail'><dl class='gallery-item'>\n\t\t\t<dt class='gallery-icon portrait'>\n\t\t\t\t<a href='https:\/\/ffyh.unc.edu.ar\/libros-prohibidos\/circulares-y-resoluciones\/resol-m-belgrano-6\/'><img loading=\"lazy\" decoding=\"async\" width=\"150\" height=\"150\" src=\"https:\/\/ffyh.unc.edu.ar\/libros-prohibidos\/wp-content\/uploads\/sites\/17\/2012\/03\/Resol.-M.-Belgrano-6-150x150.jpg\" class=\"attachment-thumbnail size-thumbnail\" alt=\"\" \/><\/a>\n\t\t\t<\/dt><\/dl><dl class='gallery-item'>\n\t\t\t<dt class='gallery-icon portrait'>\n\t\t\t\t<a href='https:\/\/ffyh.unc.edu.ar\/libros-prohibidos\/circulares-y-resoluciones\/resol-ffyh-1\/'><img loading=\"lazy\" decoding=\"async\" width=\"150\" height=\"150\" src=\"https:\/\/ffyh.unc.edu.ar\/libros-prohibidos\/wp-content\/uploads\/sites\/17\/2012\/03\/Resol.-FFyH-1-150x150.jpg\" class=\"attachment-thumbnail size-thumbnail\" alt=\"\" \/><\/a>\n\t\t\t<\/dt><\/dl><dl class='gallery-item'>\n\t\t\t<dt class='gallery-icon portrait'>\n\t\t\t\t<a href='https:\/\/ffyh.unc.edu.ar\/libros-prohibidos\/circulares-y-resoluciones\/resol-ffyh-2\/'><img loading=\"lazy\" decoding=\"async\" width=\"150\" height=\"150\" src=\"https:\/\/ffyh.unc.edu.ar\/libros-prohibidos\/wp-content\/uploads\/sites\/17\/2012\/03\/Resol.-FFyH-2-150x150.jpg\" class=\"attachment-thumbnail size-thumbnail\" alt=\"\" \/><\/a>\n\t\t\t<\/dt><\/dl><br style=\"clear: both\" \/><dl class='gallery-item'>\n\t\t\t<dt class='gallery-icon portrait'>\n\t\t\t\t<a href='https:\/\/ffyh.unc.edu.ar\/libros-prohibidos\/circulares-y-resoluciones\/resol-ffyh-3\/'><img loading=\"lazy\" decoding=\"async\" width=\"150\" height=\"150\" src=\"https:\/\/ffyh.unc.edu.ar\/libros-prohibidos\/wp-content\/uploads\/sites\/17\/2012\/03\/Resol.-FFyH-3-150x150.jpg\" class=\"attachment-thumbnail size-thumbnail\" alt=\"\" \/><\/a>\n\t\t\t<\/dt><\/dl><dl class='gallery-item'>\n\t\t\t<dt class='gallery-icon portrait'>\n\t\t\t\t<a href='https:\/\/ffyh.unc.edu.ar\/libros-prohibidos\/circulares-y-resoluciones\/resol-m-belgrano-1\/'><img loading=\"lazy\" decoding=\"async\" width=\"150\" height=\"150\" src=\"https:\/\/ffyh.unc.edu.ar\/libros-prohibidos\/wp-content\/uploads\/sites\/17\/2012\/03\/Resol.-M.-Belgrano-1-150x150.jpg\" class=\"attachment-thumbnail size-thumbnail\" alt=\"\" \/><\/a>\n\t\t\t<\/dt><\/dl><dl class='gallery-item'>\n\t\t\t<dt class='gallery-icon portrait'>\n\t\t\t\t<a href='https:\/\/ffyh.unc.edu.ar\/libros-prohibidos\/circulares-y-resoluciones\/resol-m-belgrano-2\/'><img loading=\"lazy\" decoding=\"async\" width=\"150\" height=\"150\" src=\"https:\/\/ffyh.unc.edu.ar\/libros-prohibidos\/wp-content\/uploads\/sites\/17\/2012\/03\/Resol.-M.-Belgrano-2-150x150.jpg\" class=\"attachment-thumbnail size-thumbnail\" alt=\"\" \/><\/a>\n\t\t\t<\/dt><\/dl><br style=\"clear: both\" \/><dl class='gallery-item'>\n\t\t\t<dt class='gallery-icon portrait'>\n\t\t\t\t<a href='https:\/\/ffyh.unc.edu.ar\/libros-prohibidos\/circulares-y-resoluciones\/resol-m-belgrano-3\/'><img loading=\"lazy\" decoding=\"async\" width=\"150\" height=\"150\" src=\"https:\/\/ffyh.unc.edu.ar\/libros-prohibidos\/wp-content\/uploads\/sites\/17\/2012\/03\/Resol.-M.-Belgrano-3-150x150.jpg\" class=\"attachment-thumbnail size-thumbnail\" alt=\"\" \/><\/a>\n\t\t\t<\/dt><\/dl><dl class='gallery-item'>\n\t\t\t<dt class='gallery-icon portrait'>\n\t\t\t\t<a href='https:\/\/ffyh.unc.edu.ar\/libros-prohibidos\/circulares-y-resoluciones\/resol-m-belgrano-4\/'><img loading=\"lazy\" decoding=\"async\" width=\"150\" height=\"150\" src=\"https:\/\/ffyh.unc.edu.ar\/libros-prohibidos\/wp-content\/uploads\/sites\/17\/2012\/03\/Resol.-M.-Belgrano-4-150x150.jpg\" class=\"attachment-thumbnail size-thumbnail\" alt=\"\" \/><\/a>\n\t\t\t<\/dt><\/dl><dl class='gallery-item'>\n\t\t\t<dt class='gallery-icon portrait'>\n\t\t\t\t<a href='https:\/\/ffyh.unc.edu.ar\/libros-prohibidos\/circulares-y-resoluciones\/resol-m-belgrano-5\/'><img loading=\"lazy\" decoding=\"async\" width=\"150\" height=\"150\" src=\"https:\/\/ffyh.unc.edu.ar\/libros-prohibidos\/wp-content\/uploads\/sites\/17\/2012\/03\/Resol.-M.-Belgrano-5-150x150.jpg\" class=\"attachment-thumbnail size-thumbnail\" alt=\"\" \/><\/a>\n\t\t\t<\/dt><\/dl><br style=\"clear: both\" \/><dl class='gallery-item'>\n\t\t\t<dt class='gallery-icon portrait'>\n\t\t\t\t<a href='https:\/\/ffyh.unc.edu.ar\/libros-prohibidos\/circulares-y-resoluciones\/dir-nac-ens-media-y-superior-1980-circular-11\/'><img loading=\"lazy\" decoding=\"async\" width=\"150\" height=\"150\" src=\"https:\/\/ffyh.unc.edu.ar\/libros-prohibidos\/wp-content\/uploads\/sites\/17\/2012\/03\/Dir.-Nac.-Ens.-Media-y-Superior-1980-Circular-11-150x150.jpg\" class=\"attachment-thumbnail size-thumbnail\" alt=\"\" \/><\/a>\n\t\t\t<\/dt><\/dl><dl class='gallery-item'>\n\t\t\t<dt class='gallery-icon portrait'>\n\t\t\t\t<a href='https:\/\/ffyh.unc.edu.ar\/libros-prohibidos\/circulares-y-resoluciones\/dir-nac-ens-media-y-superior-1977-circular-187\/'><img loading=\"lazy\" decoding=\"async\" width=\"150\" height=\"150\" src=\"https:\/\/ffyh.unc.edu.ar\/libros-prohibidos\/wp-content\/uploads\/sites\/17\/2012\/03\/Dir.-Nac.-Ens.-Media-y-Superior-1977-Circular-187-150x150.jpg\" class=\"attachment-thumbnail size-thumbnail\" alt=\"\" \/><\/a>\n\t\t\t<\/dt><\/dl><dl class='gallery-item'>\n\t\t\t<dt class='gallery-icon portrait'>\n\t\t\t\t<a href='https:\/\/ffyh.unc.edu.ar\/libros-prohibidos\/circulares-y-resoluciones\/dir-nac-ens-media-y-superior-1977-circular-1872\/'><img loading=\"lazy\" decoding=\"async\" width=\"150\" height=\"150\" src=\"https:\/\/ffyh.unc.edu.ar\/libros-prohibidos\/wp-content\/uploads\/sites\/17\/2012\/03\/Dir.-Nac.-Ens.-Media-y-Superior-1977-Circular-1872-150x150.jpg\" class=\"attachment-thumbnail size-thumbnail\" alt=\"\" \/><\/a>\n\t\t\t<\/dt><\/dl><br style=\"clear: both\" \/><dl class='gallery-item'>\n\t\t\t<dt class='gallery-icon portrait'>\n\t\t\t\t<a href='https:\/\/ffyh.unc.edu.ar\/libros-prohibidos\/circulares-y-resoluciones\/dir-nac-ens-media-y-superior-1977-circular-1873\/'><img loading=\"lazy\" decoding=\"async\" width=\"150\" height=\"150\" src=\"https:\/\/ffyh.unc.edu.ar\/libros-prohibidos\/wp-content\/uploads\/sites\/17\/2012\/03\/Dir.-Nac.-Ens.-Media-y-Superior-1977-Circular-1873-150x150.jpg\" class=\"attachment-thumbnail size-thumbnail\" alt=\"\" \/><\/a>\n\t\t\t<\/dt><\/dl><dl class='gallery-item'>\n\t\t\t<dt class='gallery-icon portrait'>\n\t\t\t\t<a href='https:\/\/ffyh.unc.edu.ar\/libros-prohibidos\/circulares-y-resoluciones\/dir-nac-ens-media-y-superior-1977-circular-1874\/'><img loading=\"lazy\" decoding=\"async\" width=\"150\" height=\"150\" src=\"https:\/\/ffyh.unc.edu.ar\/libros-prohibidos\/wp-content\/uploads\/sites\/17\/2012\/03\/Dir.-Nac.-Ens.-Media-y-Superior-1977-Circular-1874-150x150.jpg\" class=\"attachment-thumbnail size-thumbnail\" alt=\"\" \/><\/a>\n\t\t\t<\/dt><\/dl><dl class='gallery-item'>\n\t\t\t<dt class='gallery-icon portrait'>\n\t\t\t\t<a href='https:\/\/ffyh.unc.edu.ar\/libros-prohibidos\/circulares-y-resoluciones\/dir-nac-ens-media-y-superior-1977-circular-1875\/'><img loading=\"lazy\" decoding=\"async\" width=\"150\" height=\"150\" src=\"https:\/\/ffyh.unc.edu.ar\/libros-prohibidos\/wp-content\/uploads\/sites\/17\/2012\/03\/Dir.-Nac.-Ens.-Media-y-Superior-1977-Circular-1875-150x150.jpg\" class=\"attachment-thumbnail size-thumbnail\" alt=\"\" \/><\/a>\n\t\t\t<\/dt><\/dl><br style=\"clear: both\" \/><dl class='gallery-item'>\n\t\t\t<dt class='gallery-icon portrait'>\n\t\t\t\t<a href='https:\/\/ffyh.unc.edu.ar\/libros-prohibidos\/circulares-y-resoluciones\/dir-nac-ens-media-y-superior-1977-circular-212\/'><img loading=\"lazy\" decoding=\"async\" width=\"150\" height=\"150\" src=\"https:\/\/ffyh.unc.edu.ar\/libros-prohibidos\/wp-content\/uploads\/sites\/17\/2012\/03\/Dir.-Nac.-Ens.-Media-y-Superior-1977-Circular-212-150x150.jpg\" class=\"attachment-thumbnail size-thumbnail\" alt=\"\" \/><\/a>\n\t\t\t<\/dt><\/dl><dl class='gallery-item'>\n\t\t\t<dt class='gallery-icon portrait'>\n\t\t\t\t<a href='https:\/\/ffyh.unc.edu.ar\/libros-prohibidos\/circulares-y-resoluciones\/dir-nac-ens-media-y-superior-1977-circular-2122\/'><img loading=\"lazy\" decoding=\"async\" width=\"150\" height=\"150\" src=\"https:\/\/ffyh.unc.edu.ar\/libros-prohibidos\/wp-content\/uploads\/sites\/17\/2012\/03\/Dir.-Nac.-Ens.-Media-y-Superior-1977-Circular-2122-150x150.jpg\" class=\"attachment-thumbnail size-thumbnail\" alt=\"\" \/><\/a>\n\t\t\t<\/dt><\/dl>\n\t\t\t<br style='clear: both' \/>\n\t\t<\/div>\n\n<p>Nota: Haga click sobre la imagen para ampliar el documento.<\/p>\n","protected":false},"excerpt":{"rendered":"<p>A continuaci\u00f3n se pueden descargar distintas circulares de la Direcci\u00f3n Nacional de Ense\u00f1anza Media y Superior y resoluciones de la Facultad de Filosof\u00eda y Humanidades y el Colegio Manuel Belgrano de la UNC. Resoluciones de la UNC y\u00a0Circulares de\u00a0la Direcci\u00f3n Nacional de Ense\u00f1anza Media y Superior Nota: Haga click sobre la imagen para ampliar el &hellip; <\/p>\n<p><a class=\"more-link btn\" href=\"https:\/\/ffyh.unc.edu.ar\/libros-prohibidos\/circulares-y-resoluciones\/\">Seguir leyendo<\/a><\/p>\n","protected":false},"author":1,"featured_media":0,"parent":0,"menu_order":4,"comment_status":"open","ping_status":"open","template":"","meta":{"_acf_changed":false,"footnotes":""},"class_list":["post-14","page","type-page","status-publish","hentry","nodate","item-wrap"],"acf":[],"_links":{"self":[{"href":"https:\/\/ffyh.unc.edu.ar\/libros-prohibidos\/wp-json\/wp\/v2\/pages\/14","targetHints":{"allow":["GET"]}}],"collection":[{"href":"https:\/\/ffyh.unc.edu.ar\/libros-prohibidos\/wp-json\/wp\/v2\/pages"}],"about":[{"href":"https:\/\/ffyh.unc.edu.ar\/libros-prohibidos\/wp-json\/wp\/v2\/types\/page"}],"author":[{"embeddable":true,"href":"https:\/\/ffyh.unc.edu.ar\/libros-prohibidos\/wp-json\/wp\/v2\/users\/1"}],"replies":[{"embeddable":true,"href":"https:\/\/ffyh.unc.edu.ar\/libros-prohibidos\/wp-json\/wp\/v2\/comments?post=14"}],"version-history":[{"count":0,"href":"https:\/\/ffyh.unc.edu.ar\/libros-prohibidos\/wp-json\/wp\/v2\/pages\/14\/revisions"}],"wp:attachment":[{"href":"https:\/\/ffyh.unc.edu.ar\/libros-prohibidos\/wp-json\/wp\/v2\/media?parent=14"}],"curies":[{"name":"wp","href":"https:\/\/api.w.org\/{rel}","templated":true}]}}