{"id":16,"date":"2012-03-15T18:47:18","date_gmt":"2012-03-15T18:47:18","guid":{"rendered":"http:\/\/www.ffyh.unc.edu.ar\/alfilo\/libros-prohibidos\/?page_id=16"},"modified":"2017-09-08T14:18:53","modified_gmt":"2017-09-08T14:18:53","slug":"la-quema-en-el-iii-cuerpo","status":"publish","type":"page","link":"https:\/\/ffyh.unc.edu.ar\/libros-prohibidos\/la-quema-en-el-iii-cuerpo\/","title":{"rendered":"La quema en el III Cuerpo"},"content":{"rendered":"<p style=\"text-align: left\">Citados por la oficina de prensa del III Cuerpo de ej\u00e9rcito, el 29 de abril de 1976 periodistas de distintos medios de C\u00f3rdoba llegaron al Regimiento 14 de Infanter\u00eda, situado justo en frente del despacho que el general Luciano Benjam\u00edn Men\u00e9ndez ten\u00eda en los cuarteles de camino a La Calera. Ante su presencia y la del teniente coronel Gorleri, Jefe del Regimiento, los trabajadores de prensa empezaron a ver c\u00f3mo centenares de libros previamente confiscados de las librer\u00edas de C\u00f3rdoba ard\u00edan en una gran fogata. Fue entonces cuando Gorleri hizo uso de la palabra para justificar una acci\u00f3n propia de la Inquisici\u00f3n, cuando adem\u00e1s de libros la Iglesia Cat\u00f3lica quemaba personas en la plaza p\u00fablica: \u201cIncineramos esta documentaci\u00f3n perniciosa que afecta al intelecto, a nuestra manera de ser cristiana\u2026, y en fin a nuestro m\u00e1s tradicional acervo espiritual sintetizado en Dios, Patria y Hogar\u201d.<\/p>\n<p><iframe loading=\"lazy\" src=\"https:\/\/www.youtube.com\/embed\/Ixclcj1Bk2k\" frameborder=\"0\" width=\"480\" height=\"360\"><\/iframe><\/p>\n<p>Este registro es propiedad de Canal 12 de C\u00f3rdoba y est\u00e1 prohibido\u00a0cualquier uso posterior sin una autorizaci\u00f3n formal por parte del Canal.<\/p>\n<p>Las im\u00e1genes fueron digitalizadas por el Centro de Conservaci\u00f3n y Documentaci\u00f3n Audiovisual de la FFyH. Para solicitar la autorizaci\u00f3n debe dirgirse a <a href=\"mailto:archfilm@ffyh.unc.edu.ar\">archfilm@ffyh.unc.edu.ar<\/a><\/p>\n","protected":false},"excerpt":{"rendered":"<p>Citados por la oficina de prensa del III Cuerpo de ej\u00e9rcito, el 29 de abril de 1976 periodistas de distintos medios de C\u00f3rdoba llegaron al Regimiento 14 de Infanter\u00eda, situado justo en frente del despacho que el general Luciano Benjam\u00edn Men\u00e9ndez ten\u00eda en los cuarteles de camino a La Calera. Ante su presencia y la &hellip; <\/p>\n<p><a class=\"more-link btn\" href=\"https:\/\/ffyh.unc.edu.ar\/libros-prohibidos\/la-quema-en-el-iii-cuerpo\/\">Seguir leyendo<\/a><\/p>\n","protected":false},"author":1,"featured_media":0,"parent":0,"menu_order":5,"comment_status":"open","ping_status":"open","template":"","meta":{"_acf_changed":false,"footnotes":""},"class_list":["post-16","page","type-page","status-publish","hentry","nodate","item-wrap"],"acf":[],"_links":{"self":[{"href":"https:\/\/ffyh.unc.edu.ar\/libros-prohibidos\/wp-json\/wp\/v2\/pages\/16","targetHints":{"allow":["GET"]}}],"collection":[{"href":"https:\/\/ffyh.unc.edu.ar\/libros-prohibidos\/wp-json\/wp\/v2\/pages"}],"about":[{"href":"https:\/\/ffyh.unc.edu.ar\/libros-prohibidos\/wp-json\/wp\/v2\/types\/page"}],"author":[{"embeddable":true,"href":"https:\/\/ffyh.unc.edu.ar\/libros-prohibidos\/wp-json\/wp\/v2\/users\/1"}],"replies":[{"embeddable":true,"href":"https:\/\/ffyh.unc.edu.ar\/libros-prohibidos\/wp-json\/wp\/v2\/comments?post=16"}],"version-history":[{"count":1,"href":"https:\/\/ffyh.unc.edu.ar\/libros-prohibidos\/wp-json\/wp\/v2\/pages\/16\/revisions"}],"predecessor-version":[{"id":148,"href":"https:\/\/ffyh.unc.edu.ar\/libros-prohibidos\/wp-json\/wp\/v2\/pages\/16\/revisions\/148"}],"wp:attachment":[{"href":"https:\/\/ffyh.unc.edu.ar\/libros-prohibidos\/wp-json\/wp\/v2\/media?parent=16"}],"curies":[{"name":"wp","href":"https:\/\/api.w.org\/{rel}","templated":true}]}}