{"id":21,"date":"2012-03-15T18:48:40","date_gmt":"2012-03-15T18:48:40","guid":{"rendered":"http:\/\/www.ffyh.unc.edu.ar\/alfilo\/libros-prohibidos\/?page_id=21"},"modified":"2012-03-15T18:48:40","modified_gmt":"2012-03-15T18:48:40","slug":"creditos","status":"publish","type":"page","link":"https:\/\/ffyh.unc.edu.ar\/libros-prohibidos\/creditos\/","title":{"rendered":"Cr\u00e9ditos"},"content":{"rendered":"<h2><strong>Especial multimedia: \u00abLibros Prohibidos\u00bb<\/strong><\/h2>\n<p><strong>Marzo de 2012<\/strong><\/p>\n<p><strong>Producci\u00f3n<\/strong>:<br \/>\nPablo Giordana<br \/>\nCamilo Ratti<br \/>\n\u00c1rea de Comunicaci\u00f3n Institucional &#8211; FFyH &#8211; UNC<\/p>\n<p><strong>Edici\u00f3n<\/strong>:<br \/>\nPablo Becerra<br \/>\nFlorencia Pereyra<br \/>\n\u00c1rea de Tecnolog\u00eda Educativa &#8211; FFyH &#8211; UNC<\/p>\n<p><strong>Dise\u00f1o gr\u00e1fico<\/strong>:<br \/>\nManuel Coll<\/p>\n<p><strong>Revista Alfilo<br \/>\n<\/strong>\u00c1rea de Comunicaci\u00f3n Institucional &#8211; Facultad de Filosof\u00eda y Humanidades &#8211; Universidad Nacional de C\u00f3rdoba.\u00a0Pabell\u00f3n Residencial, planta baja,\u00a0Ciudad Universitaria. C\u00f3rdoba (C.P. 5000). Argentina.<br \/>\nTel\u00e9fonos: (54 &#8211; 351) 4333060, interno 124.<br \/>\nCorreo electr\u00f3nico:\u00a0<a href=\"mailto:prensa@ffyh.unc.edu.ar\">prensa@ffyh.unc.edu.ar<\/a><\/p>\n<p><strong>Agradecimientos<\/strong>: \u00c1rea de Tecnolog\u00eda Educativa, FFyH, Pablo Becerra, Florencia Pereyra;\u00a0Biblioteca y Escuela de Bibliotecolog\u00eda de la FFyH, Silvia Fois, Federico Zeballos, Mar\u00eda de los \u00c1ngeles Jaimes Rondine, Juan Pablo Gorostiaga, Alejandra Nardi; Centro de Conservaci\u00f3n y Documentaci\u00f3n Audiovisual (FFyH-UNC), Malvina Gonz\u00e1lez Lanfir, Silvia Romano; Canal 12, Gustavo Bernaus.<\/p>\n<p>&#8212;&#8212;&#8212;&#8212;&#8212;&#8212;&#8212;&#8212;&#8212;&#8212;&#8212;&#8212;&#8212;&#8212;&#8212;&#8212;&#8212;&#8212;&#8212;&#8212;&#8212;&#8212;&#8212;&#8212;&#8212;&#8212;&#8212;&#8212;&#8212;&#8212;&#8212;&#8212;&#8212;&#8212;&#8212;&#8212;&#8212;&#8212;&#8212;&#8211;<\/p>\n<ul>\n<li>La fotograf\u00eda y el registro de alumna de Marta Capelli fueron extra\u00eddos del DVD-ROM \u00abDocumentos para una historia. Estudiantes y egresados de la Facultad de Filosof\u00eda y Humanidades, desaparecidos y\/o asesinados en los &#8217;70\u00bb, realizado por el Centro de Conservaci\u00f3n y Documentaci\u00f3n Audiovisual de la FFyH en marzo de 2011.<\/li>\n<li>Las circulares de la Direcci\u00f3n Nacional de Ense\u00f1anza Media y Superior\u00a0fueron digitalizadas por el Archivo Provincial de la Memoria y las notas y resoluciones de la UNC fueron digitalizadas y cedidas para su publicaci\u00f3n por Federico Zeballos.<\/li>\n<li>Las tapas de los libros en la galer\u00eda de im\u00e1genes fueron fueron recopiladas por la c\u00e1tedra\u00a0<strong>Procesos T\u00e9cnicos I<\/strong>\u00a0de la Escuela de Bibliotecolog\u00eda de la FFyH para el Mural \u201c<strong>Libros Prohibidos durante la Dictadura Militar<\/strong>\u201d exhibido en la Biblioteca de la Facultad de Filosof\u00eda y Humanidades para las actividades conmemorativas de los 35 a\u00f1os del golpe militar de 1976 y en la Biblioteca C\u00f3rdoba durante la Feria del Libro C\u00f3rdoba en 2011.<\/li>\n<\/ul>\n<ul>\n<li>Las im\u00e1genes sobre la quema de libros en el III Cuerpo de Ej\u00e9rcito son propiedad de Canal 12 de C\u00f3rdoba y est\u00e1 prohibido\u00a0cualquier uso posterior sin una autorizaci\u00f3n formal por parte del Canal.<br \/>\nFueron digitalizadas por el Centro de Conservaci\u00f3n y Documentaci\u00f3n Audiovisual de la FFyH y para solicitar la autorizaci\u00f3n, debe dirigirse a <a href=\"archfilm@ffyh.unc.edu.ar\">archfilm@ffyh.unc.edu.ar<\/a><\/li>\n<\/ul>\n<p>____________________________________________________________________<\/p>\n","protected":false},"excerpt":{"rendered":"<p>Especial multimedia: \u00abLibros Prohibidos\u00bb Marzo de 2012 Producci\u00f3n: Pablo Giordana Camilo Ratti \u00c1rea de Comunicaci\u00f3n Institucional &#8211; FFyH &#8211; UNC Edici\u00f3n: Pablo Becerra Florencia Pereyra \u00c1rea de Tecnolog\u00eda Educativa &#8211; FFyH &#8211; UNC Dise\u00f1o gr\u00e1fico: Manuel Coll Revista Alfilo \u00c1rea de Comunicaci\u00f3n Institucional &#8211; Facultad de Filosof\u00eda y Humanidades &#8211; Universidad Nacional de C\u00f3rdoba.\u00a0Pabell\u00f3n Residencial, &hellip; <\/p>\n<p><a class=\"more-link btn\" href=\"https:\/\/ffyh.unc.edu.ar\/libros-prohibidos\/creditos\/\">Seguir leyendo<\/a><\/p>\n","protected":false},"author":1,"featured_media":0,"parent":0,"menu_order":7,"comment_status":"open","ping_status":"open","template":"","meta":{"_acf_changed":false,"footnotes":""},"class_list":["post-21","page","type-page","status-publish","hentry","nodate","item-wrap"],"acf":[],"_links":{"self":[{"href":"https:\/\/ffyh.unc.edu.ar\/libros-prohibidos\/wp-json\/wp\/v2\/pages\/21","targetHints":{"allow":["GET"]}}],"collection":[{"href":"https:\/\/ffyh.unc.edu.ar\/libros-prohibidos\/wp-json\/wp\/v2\/pages"}],"about":[{"href":"https:\/\/ffyh.unc.edu.ar\/libros-prohibidos\/wp-json\/wp\/v2\/types\/page"}],"author":[{"embeddable":true,"href":"https:\/\/ffyh.unc.edu.ar\/libros-prohibidos\/wp-json\/wp\/v2\/users\/1"}],"replies":[{"embeddable":true,"href":"https:\/\/ffyh.unc.edu.ar\/libros-prohibidos\/wp-json\/wp\/v2\/comments?post=21"}],"version-history":[{"count":0,"href":"https:\/\/ffyh.unc.edu.ar\/libros-prohibidos\/wp-json\/wp\/v2\/pages\/21\/revisions"}],"wp:attachment":[{"href":"https:\/\/ffyh.unc.edu.ar\/libros-prohibidos\/wp-json\/wp\/v2\/media?parent=21"}],"curies":[{"name":"wp","href":"https:\/\/api.w.org\/{rel}","templated":true}]}}