{"id":66,"date":"2012-03-15T18:41:47","date_gmt":"2012-03-15T18:41:47","guid":{"rendered":"http:\/\/www.ffyh.unc.edu.ar\/alfilo\/libros-prohibidos\/?page_id=6"},"modified":"2017-09-08T14:17:47","modified_gmt":"2017-09-08T14:17:47","slug":"bibliotecarios-y-terrorismo-de-estado","status":"publish","type":"page","link":"https:\/\/ffyh.unc.edu.ar\/libros-prohibidos\/bibliotecarios-y-terrorismo-de-estado\/","title":{"rendered":"Bibliotecarios y Terrorismo de Estado"},"content":{"rendered":"<p><iframe loading=\"lazy\" src=\"https:\/\/www.youtube.com\/embed\/r0LCGaPSoGg\" frameborder=\"0\" width=\"480\" height=\"360\"><\/iframe><\/p>\n<p style=\"text-align: left\" align=\"center\">En 2003 se conforma la\u00a0<strong>Comisi\u00f3n de Homenaje Permanente a los Trabajadores de Bibliotecas Desaparecidos y Asesinados por el Terrorismo de Estado<\/strong>.<\/p>\n<p>Su objetivo es reconstruir y hacer p\u00fablicos los hechos acaecidos durante la \u00faltima dictadura c\u00edvico-militar, a partir de los cuales han sido tambi\u00e9n v\u00edctimas los profesionales y trabajadores de la informaci\u00f3n.<\/p>\n<p>Hasta el momento se localizaron 25\u00a0nombres de bibliotecarios,\u00a0estudiantes de Bibliotecolog\u00eda y trabajadores\u00a0de Bibliotecas que permanecen desaparecidos\u00a0y\u00a0cinco que fueron detenidos-desaparecidos y liberados durante la represi\u00f3n.<\/p>\n<p>Desde el a\u00f1o 2005, el Consejo Directivo de la Facultad de Filosof\u00eda y Humanidades de la UNC apoya las tareas de la Comisi\u00f3n en C\u00f3rdoba a trav\u00e9s de la Resoluci\u00f3n N\u00ba 408\/2005.<\/p>\n<p>En 2011 se hizo un homenaje en la Biblioteca C\u00f3rdoba a los bibliotecarios desaparecidos, en el marco de la Feria de Libro, donde se exhibi\u00f3 la siguiente presentaci\u00f3n.<\/p>\n<p><iframe loading=\"lazy\" src=\"https:\/\/www.youtube.com\/embed\/Sko9mATud-0\" frameborder=\"0\" width=\"480\" height=\"360\"><\/iframe><\/p>\n<ul>\n<li><a href=\"http:\/\/ffyh.unc.edu.ar\/libros-prohibidos\/wp-content\/uploads\/sites\/17\/2012\/03\/articulo-silvia-fois.pdf\" target=\"_blank\">Descargar art\u00edculo \u00abComisi\u00f3n de Homenaje Permanente a los Trabajadores de Bibliotecas Desaparecidos y Asesinados por el Terrorismo de Estado. Una iniciativa para la memoria\u00bb, de Silvia Fois.<\/a><\/li>\n<\/ul>\n","protected":false},"excerpt":{"rendered":"<p>En 2003 se conforma la\u00a0Comisi\u00f3n de Homenaje Permanente a los Trabajadores de Bibliotecas Desaparecidos y Asesinados por el Terrorismo de Estado. Su objetivo es reconstruir y hacer p\u00fablicos los hechos acaecidos durante la \u00faltima dictadura c\u00edvico-militar, a partir de los cuales han sido tambi\u00e9n v\u00edctimas los profesionales y trabajadores de la informaci\u00f3n. Hasta el momento &hellip; <\/p>\n<p><a class=\"more-link btn\" href=\"https:\/\/ffyh.unc.edu.ar\/libros-prohibidos\/bibliotecarios-y-terrorismo-de-estado\/\">Seguir leyendo<\/a><\/p>\n","protected":false},"author":1,"featured_media":0,"parent":0,"menu_order":1,"comment_status":"open","ping_status":"open","template":"","meta":{"_acf_changed":false,"footnotes":""},"class_list":["post-66","page","type-page","status-publish","hentry","nodate","item-wrap"],"acf":[],"_links":{"self":[{"href":"https:\/\/ffyh.unc.edu.ar\/libros-prohibidos\/wp-json\/wp\/v2\/pages\/66","targetHints":{"allow":["GET"]}}],"collection":[{"href":"https:\/\/ffyh.unc.edu.ar\/libros-prohibidos\/wp-json\/wp\/v2\/pages"}],"about":[{"href":"https:\/\/ffyh.unc.edu.ar\/libros-prohibidos\/wp-json\/wp\/v2\/types\/page"}],"author":[{"embeddable":true,"href":"https:\/\/ffyh.unc.edu.ar\/libros-prohibidos\/wp-json\/wp\/v2\/users\/1"}],"replies":[{"embeddable":true,"href":"https:\/\/ffyh.unc.edu.ar\/libros-prohibidos\/wp-json\/wp\/v2\/comments?post=66"}],"version-history":[{"count":2,"href":"https:\/\/ffyh.unc.edu.ar\/libros-prohibidos\/wp-json\/wp\/v2\/pages\/66\/revisions"}],"predecessor-version":[{"id":145,"href":"https:\/\/ffyh.unc.edu.ar\/libros-prohibidos\/wp-json\/wp\/v2\/pages\/66\/revisions\/145"}],"wp:attachment":[{"href":"https:\/\/ffyh.unc.edu.ar\/libros-prohibidos\/wp-json\/wp\/v2\/media?parent=66"}],"curies":[{"name":"wp","href":"https:\/\/api.w.org\/{rel}","templated":true}]}}