{"id":13,"date":"2017-05-26T17:06:38","date_gmt":"2017-05-26T17:06:38","guid":{"rendered":"http:\/\/www.ffyh.unc.edu.ar\/lo-imposible\/?page_id=13"},"modified":"2017-08-24T16:47:19","modified_gmt":"2017-08-24T16:47:19","slug":"creditos","status":"publish","type":"page","link":"https:\/\/ffyh.unc.edu.ar\/lo-imposible\/creditos\/","title":{"rendered":"Cr\u00e9ditos"},"content":{"rendered":"<h4>Miradas<\/h4>\n<p>Juli\u00e1n Athos, Valentina Roc\u00edo Barbero, Ver\u00f3nica Benegas, Jorge Luis Berzero, Manuel Bomheker (Ser\u00e1 Justicia), Nicol\u00e1s Bravo, Carlos C\u00e1ceres, Esteban Cabrera (Radio FM Sur), Colectivo Manifiesto, Rodrigo de la Barrera, Victoria Degenaro, Emanuel Delgado, Gina Fanchin, Fotograf\u00eda de prensa, Alejandro Frola, Elizabeth Kenny, Gabriela Lescano, Paula Lobari\u00f1as, Leonardo Luna, Yanina Luna, Natalia Magr\u00edn, Lucia Maina Waisman, Marcos Mattos, Irma Montiel, Mariana Palmero, Ariel Pasik, Juan Pablo Ravasi, Osvaldo Ruiz, Sebasti\u00e1n Salguero, Julieta Santo, Universidad Abierta, Acervo fotogr\u00e1fico de los Espacios para la Memoria y Acervo fotogr\u00e1fico del Archivo Provincial de la Memoria.<\/p>\n<hr \/>\n<h4>Voces<\/h4>\n<p><strong>Textos de:<\/strong><\/p>\n<p>Ilda Bustos, Virginia Carranza, Emiliano Fessia, Paula M\u00f3naco Felipe, Diego Tati\u00e1n, Sonia Torres, Facundo Trotta y Sol Yornet.<\/p>\n<hr \/>\n<p><strong>Producci\u00f3n y coordinaci\u00f3n de la muestra<\/strong>: Natalia Arriola, Paloma Braverman (FFyH &#8211; UNC), Pablo Becerra, Roberto Mart\u00ednez, Emiliano Pe\u00f1a Chiappero, Mar\u00eda Noel Tabera (Sitios de Memoria de C\u00f3rdoba).<\/p>\n<p><strong>Dise\u00f1o de cat\u00e1logo web:<\/strong> Pablo Giordana (\u00c1rea de Comunicaci\u00f3n FFyH).<\/p>\n<p><strong>Propuesta de montaje:\u00a0<\/strong>Arquitectas Natalia Ferrero y Camila Iglesias (\u00c1rea Sitios &#8211; APM)<\/p>\n<p><strong>Colaboraron en este proyecto:\u00a0<\/strong>Equipos del Espacio para la Memoria La Perla,\u00a0 Espacio para la Memoria Campo de la Ribera, Archivo Provincial de la Memoria, de la Secretar\u00eda de Extensi\u00f3n y del \u00c1rea de Comunicaci\u00f3n Institucional de la Facultad de Filosof\u00eda y Humanidades, UNC.<\/p>\n","protected":false},"excerpt":{"rendered":"<p>Miradas Juli\u00e1n Athos, Valentina Roc\u00edo Barbero, Ver\u00f3nica Benegas, Jorge Luis Berzero, Manuel Bomheker (Ser\u00e1 Justicia), Nicol\u00e1s Bravo, Carlos C\u00e1ceres, Esteban Cabrera (Radio FM Sur), Colectivo Manifiesto, Rodrigo de la Barrera, Victoria Degenaro, Emanuel Delgado, Gina Fanchin, Fotograf\u00eda de prensa, Alejandro Frola, Elizabeth Kenny, Gabriela Lescano, Paula Lobari\u00f1as, Leonardo Luna, Yanina Luna, Natalia Magr\u00edn, Lucia Maina&#8230; <\/p>\n<div class=\"link-more\"><a href=\"https:\/\/ffyh.unc.edu.ar\/lo-imposible\/creditos\/\">Lea m\u00e1s<\/a><\/div>\n","protected":false},"author":1,"featured_media":0,"parent":0,"menu_order":0,"comment_status":"closed","ping_status":"closed","template":"","meta":{"_acf_changed":false,"_monsterinsights_skip_tracking":false,"_monsterinsights_sitenote_active":false,"_monsterinsights_sitenote_note":"","_monsterinsights_sitenote_category":0,"footnotes":""},"class_list":["post-13","page","type-page","status-publish","hentry"],"acf":[],"_links":{"self":[{"href":"https:\/\/ffyh.unc.edu.ar\/lo-imposible\/wp-json\/wp\/v2\/pages\/13","targetHints":{"allow":["GET"]}}],"collection":[{"href":"https:\/\/ffyh.unc.edu.ar\/lo-imposible\/wp-json\/wp\/v2\/pages"}],"about":[{"href":"https:\/\/ffyh.unc.edu.ar\/lo-imposible\/wp-json\/wp\/v2\/types\/page"}],"author":[{"embeddable":true,"href":"https:\/\/ffyh.unc.edu.ar\/lo-imposible\/wp-json\/wp\/v2\/users\/1"}],"replies":[{"embeddable":true,"href":"https:\/\/ffyh.unc.edu.ar\/lo-imposible\/wp-json\/wp\/v2\/comments?post=13"}],"version-history":[{"count":8,"href":"https:\/\/ffyh.unc.edu.ar\/lo-imposible\/wp-json\/wp\/v2\/pages\/13\/revisions"}],"predecessor-version":[{"id":361,"href":"https:\/\/ffyh.unc.edu.ar\/lo-imposible\/wp-json\/wp\/v2\/pages\/13\/revisions\/361"}],"wp:attachment":[{"href":"https:\/\/ffyh.unc.edu.ar\/lo-imposible\/wp-json\/wp\/v2\/media?parent=13"}],"curies":[{"name":"wp","href":"https:\/\/api.w.org\/{rel}","templated":true}]}}