{"id":261,"date":"2017-07-19T15:41:38","date_gmt":"2017-07-19T15:41:38","guid":{"rendered":"http:\/\/www.ffyh.unc.edu.ar\/lo-imposible\/?page_id=261"},"modified":"2017-08-23T22:05:17","modified_gmt":"2017-08-23T22:05:17","slug":"lo-imposible-solo-tarda-un-poco-mas","status":"publish","type":"page","link":"https:\/\/ffyh.unc.edu.ar\/lo-imposible\/voces\/lo-imposible-solo-tarda-un-poco-mas\/","title":{"rendered":"Lo imposible s\u00f3lo tarda un poco m\u00e1s | Emiliano Fessia"},"content":{"rendered":"<p>Fue posible, se hizo Justicia. Ahora estas im\u00e1genes buscan otro imposible: rescatar momentos luminosos que puedan dar cuenta, al menos en parte, de las infinitas vivencias sucedidas durante el trascurso del mayor Juicio Oral de nuestra historia. \u00bfC\u00f3mo retratar luchas, esperas y ausencias de cuarenta a\u00f1os? \u00bfSe pueden contar las noches desveladas por el anhelo de recuperar al menos los restos del ser querido? \u00bfC\u00f3mo transmitir el asco de ver la sorna de los imputados cuando un\/una sobreviviente relataba sus padecimientos en un centro clandestino? \u00bfC\u00f3mo plasmar el compromiso de j\u00f3venes queriendo participar de una audiencia en la que se relatan hechos ocurridos veinticinco a\u00f1os antes de que ellos nacieran? \u00bfC\u00f3mo contar el silencio de diez mil personas en la calle ante la lectura de las sentencias?<\/p>\n<p>El horizonte de Igualdad (al menos formal) ante la Ley, base de cualquier utop\u00eda democr\u00e1tica, es el que durante a\u00f1os moviliz\u00f3 el movimiento de Derechos Humanos en Argentina: Justicia y no venganza, Justicia y \u00a0no \u201cverdad\u201d con impunidad. En momentos en los cuales en el mundo vienen retomando fuerza p\u00fablica los at\u00e1vicos discursos de destrucci\u00f3n de un Otro al que se le endilgan todos los males (inmigrantes, pobres, mujeres, pueblos originarios\u2026), la realizaci\u00f3n de los juicios a los responsables de la \u00faltima dictadura c\u00edvico-militar \u2013 con todos los derechos que ellos les negaron a todas sus v\u00edctimas- es un acto de resistencia y memoria.<\/p>\n<p>Memoria de los estigmatizados durante centurias: indios y negros \u201csin alma\u201d, gauchos b\u00e1rbaros, inmigrantes terroristas, chusma radical, cabecitas negras peronistas, delincuentes subversivos\u2026 Resistencia ante quienes, citando invisibles \u201cleyes de mercados\u201d, imponen por todos los medios (ayer con campos de concentraci\u00f3n, hoy con\u2026\u00bf?) la l\u00f3gica en la que somos pensados\/convertidos en meros algoritmos de una \u201cinteligencia artificial\u201d que jam\u00e1s nos cataloga en funci\u00f3n de c\u00f3mo ejercemos nuestros derechos, si no tan s\u00f3lo de cu\u00e1nto podemos consumir (obvio los que puedan hacerlo, el resto ser\u00e1 des(h)echo).<\/p>\n<p>Por ello los Derechos Humanos, con todas sus limitaciones conceptuales y f\u00e1cticas, desde la provocadora idea de\u00a0<em>quien nada tiene, a\u00fan tiene derechos<\/em>, son el lugar para luchar por esa utop\u00eda que, al igual que sucedi\u00f3 durante a\u00f1os con los Juicios, hoy parece imposible pero que s\u00f3lo tardar\u00e1 un poco m\u00e1s: la de una sociedad con Justicia Social para todos y todas.<\/p>\n<p style=\"text-align: right\"><strong>Por Emiliano Fessia<br \/>\n<\/strong>Director Espacio para la Memoria La Perla<\/p>\n","protected":false},"excerpt":{"rendered":"<p>Fue posible, se hizo Justicia. Ahora estas im\u00e1genes buscan otro imposible: rescatar momentos luminosos que puedan dar cuenta, al menos en parte, de las infinitas vivencias sucedidas durante el trascurso del mayor Juicio Oral de nuestra historia. \u00bfC\u00f3mo retratar luchas, esperas y ausencias de cuarenta a\u00f1os? \u00bfSe pueden contar las noches desveladas por el anhelo&#8230; <\/p>\n<div class=\"link-more\"><a href=\"https:\/\/ffyh.unc.edu.ar\/lo-imposible\/voces\/lo-imposible-solo-tarda-un-poco-mas\/\">Lea m\u00e1s<\/a><\/div>\n","protected":false},"author":1,"featured_media":0,"parent":9,"menu_order":0,"comment_status":"closed","ping_status":"closed","template":"","meta":{"_acf_changed":false,"_monsterinsights_skip_tracking":false,"_monsterinsights_sitenote_active":false,"_monsterinsights_sitenote_note":"","_monsterinsights_sitenote_category":0,"footnotes":""},"class_list":["post-261","page","type-page","status-publish","hentry"],"acf":[],"_links":{"self":[{"href":"https:\/\/ffyh.unc.edu.ar\/lo-imposible\/wp-json\/wp\/v2\/pages\/261","targetHints":{"allow":["GET"]}}],"collection":[{"href":"https:\/\/ffyh.unc.edu.ar\/lo-imposible\/wp-json\/wp\/v2\/pages"}],"about":[{"href":"https:\/\/ffyh.unc.edu.ar\/lo-imposible\/wp-json\/wp\/v2\/types\/page"}],"author":[{"embeddable":true,"href":"https:\/\/ffyh.unc.edu.ar\/lo-imposible\/wp-json\/wp\/v2\/users\/1"}],"replies":[{"embeddable":true,"href":"https:\/\/ffyh.unc.edu.ar\/lo-imposible\/wp-json\/wp\/v2\/comments?post=261"}],"version-history":[{"count":2,"href":"https:\/\/ffyh.unc.edu.ar\/lo-imposible\/wp-json\/wp\/v2\/pages\/261\/revisions"}],"predecessor-version":[{"id":329,"href":"https:\/\/ffyh.unc.edu.ar\/lo-imposible\/wp-json\/wp\/v2\/pages\/261\/revisions\/329"}],"up":[{"embeddable":true,"href":"https:\/\/ffyh.unc.edu.ar\/lo-imposible\/wp-json\/wp\/v2\/pages\/9"}],"wp:attachment":[{"href":"https:\/\/ffyh.unc.edu.ar\/lo-imposible\/wp-json\/wp\/v2\/media?parent=261"}],"curies":[{"name":"wp","href":"https:\/\/api.w.org\/{rel}","templated":true}]}}