{"id":265,"date":"2017-07-19T15:44:21","date_gmt":"2017-07-19T15:44:21","guid":{"rendered":"http:\/\/www.ffyh.unc.edu.ar\/lo-imposible\/?page_id=265"},"modified":"2017-08-23T22:11:17","modified_gmt":"2017-08-23T22:11:17","slug":"el-arbol-de-la-vida-la-trama-de-la-historia","status":"publish","type":"page","link":"https:\/\/ffyh.unc.edu.ar\/lo-imposible\/voces\/el-arbol-de-la-vida-la-trama-de-la-historia\/","title":{"rendered":"El \u00e1rbol de la vida, la trama de la historia | Diego Tati\u00e1n"},"content":{"rendered":"<p>Aunque parezca que el tiempo solo acumula muerte sobre muerte, la vida brota en los resquicios de la historia. La c\u00e1mara que l\u00facida capta la vida en la historia -el \u00e1rbol de la vida argentina-, registra los reto\u00f1os que una promesa interrumpida encomienda a seres ya sin prisa para dejar en las plazas de la ciudad. Registra tambi\u00e9n miles de cuerpos tranquilos y persistentes que una y otra vez convergen en las ceremonias del anhelo de justicia. La potencia de la planta que para nacer rompe la piedra no sabemos de d\u00f3nde viene; tampoco de qu\u00e9 es capaz el deseo de otros cuando irrumpe en una experiencia social de la que ya no es posible prescindir cuando se la ha tenido, o incluso apenas entrevisto. Si esa experiencia sucede, retorna una y otra vez como el tiempo recobrado de la imaginaci\u00f3n emancipatoria por venir. O dicho de otro modo: es la memoria con la que de ahora en m\u00e1s cuenta la obra de la libertad \u2013que, como el \u00e1rbol de la vida, tiene destino incierto. Las im\u00e1genes de seres humanos que construyeron justicia por los que murieron temprano, protegen la memoria de los que no han nacido. Como nosotros, tambi\u00e9n ellos pensar\u00e1n el mundo dialogando con los que vivieron antes.<\/p>\n<p style=\"text-align: right\"><strong>Por Diego Tati\u00e1n<br \/>\n<\/strong>Ex Decano \u00a0de la Facultad de Filosof\u00eda y Humanidades &#8211; UNC<\/p>\n","protected":false},"excerpt":{"rendered":"<p>Aunque parezca que el tiempo solo acumula muerte sobre muerte, la vida brota en los resquicios de la historia. La c\u00e1mara que l\u00facida capta la vida en la historia -el \u00e1rbol de la vida argentina-, registra los reto\u00f1os que una promesa interrumpida encomienda a seres ya sin prisa para dejar en las plazas de la&#8230; <\/p>\n<div class=\"link-more\"><a href=\"https:\/\/ffyh.unc.edu.ar\/lo-imposible\/voces\/el-arbol-de-la-vida-la-trama-de-la-historia\/\">Lea m\u00e1s<\/a><\/div>\n","protected":false},"author":1,"featured_media":0,"parent":9,"menu_order":1,"comment_status":"closed","ping_status":"closed","template":"","meta":{"_acf_changed":false,"_monsterinsights_skip_tracking":false,"_monsterinsights_sitenote_active":false,"_monsterinsights_sitenote_note":"","_monsterinsights_sitenote_category":0,"footnotes":""},"class_list":["post-265","page","type-page","status-publish","hentry"],"acf":[],"_links":{"self":[{"href":"https:\/\/ffyh.unc.edu.ar\/lo-imposible\/wp-json\/wp\/v2\/pages\/265","targetHints":{"allow":["GET"]}}],"collection":[{"href":"https:\/\/ffyh.unc.edu.ar\/lo-imposible\/wp-json\/wp\/v2\/pages"}],"about":[{"href":"https:\/\/ffyh.unc.edu.ar\/lo-imposible\/wp-json\/wp\/v2\/types\/page"}],"author":[{"embeddable":true,"href":"https:\/\/ffyh.unc.edu.ar\/lo-imposible\/wp-json\/wp\/v2\/users\/1"}],"replies":[{"embeddable":true,"href":"https:\/\/ffyh.unc.edu.ar\/lo-imposible\/wp-json\/wp\/v2\/comments?post=265"}],"version-history":[{"count":3,"href":"https:\/\/ffyh.unc.edu.ar\/lo-imposible\/wp-json\/wp\/v2\/pages\/265\/revisions"}],"predecessor-version":[{"id":335,"href":"https:\/\/ffyh.unc.edu.ar\/lo-imposible\/wp-json\/wp\/v2\/pages\/265\/revisions\/335"}],"up":[{"embeddable":true,"href":"https:\/\/ffyh.unc.edu.ar\/lo-imposible\/wp-json\/wp\/v2\/pages\/9"}],"wp:attachment":[{"href":"https:\/\/ffyh.unc.edu.ar\/lo-imposible\/wp-json\/wp\/v2\/media?parent=265"}],"curies":[{"name":"wp","href":"https:\/\/api.w.org\/{rel}","templated":true}]}}