{"id":272,"date":"2017-07-19T15:49:50","date_gmt":"2017-07-19T15:49:50","guid":{"rendered":"http:\/\/www.ffyh.unc.edu.ar\/lo-imposible\/?page_id=272"},"modified":"2017-08-23T22:09:48","modified_gmt":"2017-08-23T22:09:48","slug":"las-fotografias-son-presencia","status":"publish","type":"page","link":"https:\/\/ffyh.unc.edu.ar\/lo-imposible\/voces\/las-fotografias-son-presencia\/","title":{"rendered":"Las fotograf\u00edas son presencia | Ilda Bustos"},"content":{"rendered":"<p>Son presencia, vida, acciones, afectos, palabras, canciones, poes\u00edas, calles, historias cotidianas de hij@s, madres, padres, niet@s, herman@s. Las fotograf\u00edas de los compa\u00f1eros desaparecidos no los ubican en el tiempo pasado, los proyectan al futuro porque son para siempre los hombres y las mujeres nuev@s, los mejores, los que lo dieron todo por nada a cambio, s\u00f3lo la certeza de que un mundo mejor es posible, es necesario y ser\u00e1 realidad porque sus luchas y su sangre est\u00e1n sembr\u00e1ndolo.<\/p>\n<p>No es posible contemplar sus rostros sin que nos alcancen la pena y la tristeza de pensar en los sufrimientos, sacrificios, dolores y muerte que vivieron.<\/p>\n<p>Marzo nos conmueve y los sentimos caminar a nuestro lado, viviendo de nuevo la historia junto a los que conocimos y a los que no, distinci\u00f3n inexistente porque los 30.000 son un solo PRESENTE.<\/p>\n<p>Nos renovamos con la memoria viva, con los juicios que juzgan y condenan a los genocidas y tenemos un mandato inexorable: seguir luchando por la causa que sus miradas, gestos, manos y sonrisas nos indican y nos comprometen para el NUNCA MAS y el mundo que representan sean realidad.<\/p>\n<p style=\"text-align: right\"><strong>Por Ilda Bustos<br \/>\n<\/strong>Secretaria general &#8211; Uni\u00f3n Obrera Gr\u00e1fica Cordobesa<br \/>\nSecretaria de Derechos Humanos &#8211; CGT Regional C\u00f3rdoba<br \/>\nExdetenida en el Centro Clandestino Campo de la Ribera<\/p>\n","protected":false},"excerpt":{"rendered":"<p>Son presencia, vida, acciones, afectos, palabras, canciones, poes\u00edas, calles, historias cotidianas de hij@s, madres, padres, niet@s, herman@s. Las fotograf\u00edas de los compa\u00f1eros desaparecidos no los ubican en el tiempo pasado, los proyectan al futuro porque son para siempre los hombres y las mujeres nuev@s, los mejores, los que lo dieron todo por nada a cambio,&#8230; <\/p>\n<div class=\"link-more\"><a href=\"https:\/\/ffyh.unc.edu.ar\/lo-imposible\/voces\/las-fotografias-son-presencia\/\">Lea m\u00e1s<\/a><\/div>\n","protected":false},"author":1,"featured_media":0,"parent":9,"menu_order":6,"comment_status":"closed","ping_status":"closed","template":"","meta":{"_acf_changed":false,"_monsterinsights_skip_tracking":false,"_monsterinsights_sitenote_active":false,"_monsterinsights_sitenote_note":"","_monsterinsights_sitenote_category":0,"footnotes":""},"class_list":["post-272","page","type-page","status-publish","hentry"],"acf":[],"_links":{"self":[{"href":"https:\/\/ffyh.unc.edu.ar\/lo-imposible\/wp-json\/wp\/v2\/pages\/272","targetHints":{"allow":["GET"]}}],"collection":[{"href":"https:\/\/ffyh.unc.edu.ar\/lo-imposible\/wp-json\/wp\/v2\/pages"}],"about":[{"href":"https:\/\/ffyh.unc.edu.ar\/lo-imposible\/wp-json\/wp\/v2\/types\/page"}],"author":[{"embeddable":true,"href":"https:\/\/ffyh.unc.edu.ar\/lo-imposible\/wp-json\/wp\/v2\/users\/1"}],"replies":[{"embeddable":true,"href":"https:\/\/ffyh.unc.edu.ar\/lo-imposible\/wp-json\/wp\/v2\/comments?post=272"}],"version-history":[{"count":3,"href":"https:\/\/ffyh.unc.edu.ar\/lo-imposible\/wp-json\/wp\/v2\/pages\/272\/revisions"}],"predecessor-version":[{"id":333,"href":"https:\/\/ffyh.unc.edu.ar\/lo-imposible\/wp-json\/wp\/v2\/pages\/272\/revisions\/333"}],"up":[{"embeddable":true,"href":"https:\/\/ffyh.unc.edu.ar\/lo-imposible\/wp-json\/wp\/v2\/pages\/9"}],"wp:attachment":[{"href":"https:\/\/ffyh.unc.edu.ar\/lo-imposible\/wp-json\/wp\/v2\/media?parent=272"}],"curies":[{"name":"wp","href":"https:\/\/api.w.org\/{rel}","templated":true}]}}