{"id":273,"date":"2017-07-19T15:56:39","date_gmt":"2017-07-19T15:56:39","guid":{"rendered":"http:\/\/www.ffyh.unc.edu.ar\/lo-imposible\/?page_id=273"},"modified":"2017-08-23T22:04:53","modified_gmt":"2017-08-23T22:04:53","slug":"cordoba-con-justicia-ya-no-somos-los-mismos","status":"publish","type":"page","link":"https:\/\/ffyh.unc.edu.ar\/lo-imposible\/voces\/cordoba-con-justicia-ya-no-somos-los-mismos\/","title":{"rendered":"C\u00f3rdoba con justicia: ya no somos los mismos | Paula M\u00f3naco Felipe"},"content":{"rendered":"<p>Siento su mirada, me ve con sus ojos azules. Nos separan cinco butacas y \u00e9l sigue mirando, disfruta de perturbar. Muchos han hablado de sus ojos \u2013me dicen-; los sobrevivientes los recuerdan durante las torturas.<\/p>\n<p>Hace unos veinte a\u00f1os estuve a pocos metros de Men\u00e9ndez y me escond\u00ed debajo de una cama para no verlo. Ahora me toca declarar como testigo y me paro enfrente suyo: lo miro, \u00e9l sostiene la mirada.<\/p>\n<p>Sus ojos cuelgan en grandes bolsas de piel. Su boca cerrada niega todo gesto. \u00bfRecordar\u00e1 los rostros o al menos los nombres de mis padres, Ester y Luis? \u00bfCu\u00e1ntas \u00f3rdenes infames habr\u00e1 dado?<\/p>\n<p>Ellos, los genocidas, est\u00e1n en las butacas. Algunos se desparraman con desidia, otros tratan de estar erguidos pero no lo logran, encorvados con manos huesudas que se aferran al bast\u00f3n. Los imaginaba distintos: no importa, enf\u00f3cate, hay que grabar rostros y nombres, saber qui\u00e9n es qui\u00e9n. No lo consigo, se confunden como lo hicieron por d\u00e9cadas: antes parec\u00edan buenos vecinos y ahora parecen viejos normales. Sin embargo el camuflaje termina en sus ojos de torturadores y asesinos, en su mirar g\u00e9lido.<\/p>\n<p>El juicio se hace en un cuarto con paredes cubiertas de madera. No hay ventanas ni escapatoria, s\u00f3lo un viaje a tiempos oscuros y al dolor en presente.<\/p>\n<p>Un vidrio resguarda a los acusados. Enoja: a nosotros deber\u00edan cuidarnos de ellos. Molesta tambi\u00e9n el crucifijo encima del tribunal: el dios impuesto, la fe ant\u00edtesis de raz\u00f3n y justicia.<\/p>\n<p>Bocanada de aire, el tribunal sale del cuarto. Recorre La Perla y los ex CCD; viaja a Villa Mar\u00eda para tomarles declaraci\u00f3n a varias personas, algunos implicados en la desaparici\u00f3n mi pap\u00e1 y mi mam\u00e1.<\/p>\n<p>Vuelve a la sala y son 354 d\u00edas, 1010 horas de juicio. Hay audiencias llenas y otras con poca gente pero nunca falta el \u2018sexteto incansable\u2019 (Emi Villares, Negrita Balustra, Sara Waitman, Cecilio Salguero, Eugenio Talbot Wright y Marcos Mayta). Los genocidas entran y salen, tienen el privilegio de permanecer en un cuarto contiguo, ven el juicio por la tele. \u00bfEscuchar\u00e1n lo que decimos?<\/p>\n<p>Ellos se tapan el rostro cuando los tratan de fotografiar, nosotros exhibimos los de nuestros desaparecidos. Ellos se ponen escarapelas, nosotros flores de papel en rojo sangre, rojo vida.<\/p>\n<p>Las palabras rebotan en las paredes de madera. Retumban y crecen. Salen, llegan a la escuela que est\u00e1 enfrente de los tribunales, llena de ni\u00f1os. Pasan entre los \u00e1rboles del Parque Sarmiento y toman rumbos distintos.<\/p>\n<p>Miles de palabras recuerdan. Monta\u00f1as de palabra nombran. Vientos de palabras deshacen al horror y nos cambian. C\u00f3rdoba con justicia: ya no somos los mismos.<\/p>\n<p style=\"text-align: right\"><strong>Por Paula M\u00f3naco Felipe<br \/>\n<\/strong>Periodista<br \/>\nMiembro fundadora de H.I.J.O.S. C\u00f3rdoba<\/p>\n","protected":false},"excerpt":{"rendered":"<p>Siento su mirada, me ve con sus ojos azules. Nos separan cinco butacas y \u00e9l sigue mirando, disfruta de perturbar. Muchos han hablado de sus ojos \u2013me dicen-; los sobrevivientes los recuerdan durante las torturas. Hace unos veinte a\u00f1os estuve a pocos metros de Men\u00e9ndez y me escond\u00ed debajo de una cama para no verlo&#8230;. <\/p>\n<div class=\"link-more\"><a href=\"https:\/\/ffyh.unc.edu.ar\/lo-imposible\/voces\/cordoba-con-justicia-ya-no-somos-los-mismos\/\">Lea m\u00e1s<\/a><\/div>\n","protected":false},"author":1,"featured_media":0,"parent":9,"menu_order":2,"comment_status":"closed","ping_status":"closed","template":"","meta":{"_acf_changed":false,"_monsterinsights_skip_tracking":false,"_monsterinsights_sitenote_active":false,"_monsterinsights_sitenote_note":"","_monsterinsights_sitenote_category":0,"footnotes":""},"class_list":["post-273","page","type-page","status-publish","hentry"],"acf":[],"_links":{"self":[{"href":"https:\/\/ffyh.unc.edu.ar\/lo-imposible\/wp-json\/wp\/v2\/pages\/273","targetHints":{"allow":["GET"]}}],"collection":[{"href":"https:\/\/ffyh.unc.edu.ar\/lo-imposible\/wp-json\/wp\/v2\/pages"}],"about":[{"href":"https:\/\/ffyh.unc.edu.ar\/lo-imposible\/wp-json\/wp\/v2\/types\/page"}],"author":[{"embeddable":true,"href":"https:\/\/ffyh.unc.edu.ar\/lo-imposible\/wp-json\/wp\/v2\/users\/1"}],"replies":[{"embeddable":true,"href":"https:\/\/ffyh.unc.edu.ar\/lo-imposible\/wp-json\/wp\/v2\/comments?post=273"}],"version-history":[{"count":3,"href":"https:\/\/ffyh.unc.edu.ar\/lo-imposible\/wp-json\/wp\/v2\/pages\/273\/revisions"}],"predecessor-version":[{"id":328,"href":"https:\/\/ffyh.unc.edu.ar\/lo-imposible\/wp-json\/wp\/v2\/pages\/273\/revisions\/328"}],"up":[{"embeddable":true,"href":"https:\/\/ffyh.unc.edu.ar\/lo-imposible\/wp-json\/wp\/v2\/pages\/9"}],"wp:attachment":[{"href":"https:\/\/ffyh.unc.edu.ar\/lo-imposible\/wp-json\/wp\/v2\/media?parent=273"}],"curies":[{"name":"wp","href":"https:\/\/api.w.org\/{rel}","templated":true}]}}