{"id":282,"date":"2017-07-19T15:59:50","date_gmt":"2017-07-19T15:59:50","guid":{"rendered":"http:\/\/www.ffyh.unc.edu.ar\/lo-imposible\/?page_id=282"},"modified":"2017-08-24T15:41:11","modified_gmt":"2017-08-24T15:41:11","slug":"preguntas-del-fiscal","status":"publish","type":"page","link":"https:\/\/ffyh.unc.edu.ar\/lo-imposible\/voces\/preguntas-del-fiscal\/","title":{"rendered":"Preguntas del Fiscal | Facundo Trotta"},"content":{"rendered":"<p>Cuando nac\u00ed, el 27 de abril de 1976, actuaban en las sombras, al margen de la legalidad. Ocultaban sus nombres, para mantenerse en el anonimato. Borraban rastros de los cr\u00edmenes que comet\u00edan, para no ser descubiertos. Amparados en la impunidad, caminaban por las calles como si nada hubieran hecho.<\/p>\n<p>Cuando ya hab\u00eda cumplido 40 a\u00f1os, el 25 de agosto de 2016, escuch\u00e9 la sentencia del juicio La Perla, del que particip\u00e9 como Fiscal. Ahora, todos sabemos qui\u00e9nes son y qu\u00e9 hicieron.<\/p>\n<p><em>\u00bfQu\u00e9 estar\u00e1s pensando?<br \/>\n<\/em><em>\u00bfHabr\u00e1s podido dimensionar la crueldad de tu comportamiento?<br \/>\n<\/em><em>Lo inhumano de tu proceder<br \/>\n<\/em><em>Lo indigno de tu silencio<br \/>\n<\/em><em>Lo inmoral de tu justificaci\u00f3n<br \/>\n<\/em><em>\u00bfQu\u00e9 sentiste cuando ped\u00ed prisi\u00f3n perpetua? \u00bfY cuando el tribunal la dispuso?<br \/>\n<\/em><em>Qu\u00e9 iron\u00eda, la instituci\u00f3n que burlaste cuando ejecutaste el plan de secuestro, tortura y exterminio, es la misma que ahora te condena.<\/em><\/p>\n<hr \/>\n<p>Los que participamos del mega juicio La Perla, cada uno en su rol, contribuimos a consolidar unos de los pilares fundamentales de un Estado Democr\u00e1tico de Derecho: los cr\u00edmenes que se cometen en una sociedad, por m\u00e1s aberrantes que sean, deben ser sometidos a un juicio justo, con las garant\u00edas del debido proceso.<\/p>\n<p><em>El equipo de la Fiscal\u00eda: expectante y con satisfacci\u00f3n<br \/>\n<\/em><em>Expectante, luego de casi cuatro a\u00f1os de juicio, finalmente vamos a escuchar la sentencia del Tribunal.<br \/>\n<\/em><em>\u00bfSe tendr\u00e1n por acreditado todos los hechos?<br \/>\n<\/em><em>\u00bfSe condenar\u00e1 a todos los acusados?<br \/>\n<\/em><em>\u00bfHabr\u00e1 absoluciones?, \u00bfcu\u00e1ntas?<br \/>\n<\/em><em>\u00bfLa sentencia reparar\u00e1 a las v\u00edctimas?<br \/>\n<\/em><em>Con satisfacci\u00f3n. Por la tarea cumplida.<\/em><\/p>\n<hr \/>\n<p>El d\u00eda que me enter\u00e9 que el Equipo Argentino de Antropolog\u00eda Forense hab\u00eda encontrado restos humanos en inmediaciones de la estancia \u201cLa Ochoa\u201d, en los predios del Ej\u00e9rcito, me dirig\u00ed al lugar con Lylan Luque y Claudio Orosz. Como era de dif\u00edcil acceso, sobre la ruta 20 camino a Carlos Paz, nos esperaba Anah\u00ed Ginarte, a cargo de la investigaci\u00f3n del EAAF. En el camino pensaba en la relevancia del hallazgo si se acreditaba que eran v\u00edctimas de la causa: una prueba muy contundente de que fueron asesinadas y sus cuerpos ocultos para no ser encontrados. Una vez que la camioneta 4&#215;4 conducida por Anah\u00ed lleg\u00f3 a los hornos y pude ver los fragmentos de los restos \u00f3seos, aquel pensamiento vinculado con mi tarea de Fiscal cedi\u00f3 paso a otro. No puede evitar pensar que sentir\u00eda un familiar frente al hallazgo. La emoci\u00f3n me invadi\u00f3.<\/p>\n<p><em>\u00bfQui\u00e9nes te trajeron hasta ac\u00e1?<br \/>\n<\/em><em>\u00bfC\u00f3mo lo hicieron?<br \/>\n<\/em><em>\u00bfCu\u00e1nto tiempo hace?<br \/>\n<\/em><em>Quiero contarte tantas cosas<br \/>\n<\/em><em>No te preocupes<br \/>\n<\/em><em>Ya te encontraron, ya te encontr\u00e9<br \/>\n<\/em><em>Ahora tendremos tiempo para hablar.<\/em><\/p>\n<p style=\"text-align: right\"><strong>Por Facundo Trotta<br \/>\n<\/strong>Fiscal Federal en la Mega causa \u00abLa Perla &#8211; Campo de la Ribera &#8211; D2\u00bb<\/p>\n","protected":false},"excerpt":{"rendered":"<p>Cuando nac\u00ed, el 27 de abril de 1976, actuaban en las sombras, al margen de la legalidad. Ocultaban sus nombres, para mantenerse en el anonimato. Borraban rastros de los cr\u00edmenes que comet\u00edan, para no ser descubiertos. Amparados en la impunidad, caminaban por las calles como si nada hubieran hecho. Cuando ya hab\u00eda cumplido 40 a\u00f1os,&#8230; <\/p>\n<div class=\"link-more\"><a href=\"https:\/\/ffyh.unc.edu.ar\/lo-imposible\/voces\/preguntas-del-fiscal\/\">Lea m\u00e1s<\/a><\/div>\n","protected":false},"author":1,"featured_media":0,"parent":9,"menu_order":3,"comment_status":"closed","ping_status":"closed","template":"","meta":{"_acf_changed":false,"_monsterinsights_skip_tracking":false,"_monsterinsights_sitenote_active":false,"_monsterinsights_sitenote_note":"","_monsterinsights_sitenote_category":0,"footnotes":""},"class_list":["post-282","page","type-page","status-publish","hentry"],"acf":[],"_links":{"self":[{"href":"https:\/\/ffyh.unc.edu.ar\/lo-imposible\/wp-json\/wp\/v2\/pages\/282","targetHints":{"allow":["GET"]}}],"collection":[{"href":"https:\/\/ffyh.unc.edu.ar\/lo-imposible\/wp-json\/wp\/v2\/pages"}],"about":[{"href":"https:\/\/ffyh.unc.edu.ar\/lo-imposible\/wp-json\/wp\/v2\/types\/page"}],"author":[{"embeddable":true,"href":"https:\/\/ffyh.unc.edu.ar\/lo-imposible\/wp-json\/wp\/v2\/users\/1"}],"replies":[{"embeddable":true,"href":"https:\/\/ffyh.unc.edu.ar\/lo-imposible\/wp-json\/wp\/v2\/comments?post=282"}],"version-history":[{"count":2,"href":"https:\/\/ffyh.unc.edu.ar\/lo-imposible\/wp-json\/wp\/v2\/pages\/282\/revisions"}],"predecessor-version":[{"id":352,"href":"https:\/\/ffyh.unc.edu.ar\/lo-imposible\/wp-json\/wp\/v2\/pages\/282\/revisions\/352"}],"up":[{"embeddable":true,"href":"https:\/\/ffyh.unc.edu.ar\/lo-imposible\/wp-json\/wp\/v2\/pages\/9"}],"wp:attachment":[{"href":"https:\/\/ffyh.unc.edu.ar\/lo-imposible\/wp-json\/wp\/v2\/media?parent=282"}],"curies":[{"name":"wp","href":"https:\/\/api.w.org\/{rel}","templated":true}]}}