{"id":284,"date":"2017-07-19T16:03:53","date_gmt":"2017-07-19T16:03:53","guid":{"rendered":"http:\/\/www.ffyh.unc.edu.ar\/lo-imposible\/?page_id=284"},"modified":"2017-08-23T22:13:27","modified_gmt":"2017-08-23T22:13:27","slug":"pliegues","status":"publish","type":"page","link":"https:\/\/ffyh.unc.edu.ar\/lo-imposible\/voces\/pliegues\/","title":{"rendered":"Pliegues | Virginia Carranza"},"content":{"rendered":"<p>Pisadas. Pliegues. Contornos. Un abrazo y una consigna. Flores rojas.<\/p>\n<p>Las flores rojas que aparecieron un d\u00eda en La Perla. Y primaveran el mismo lugar. Con otro piso.<\/p>\n<p>Con pisadas infinitas, en las temporalidades y en las geograf\u00edas. Un piso de justicia.<\/p>\n<p>Que aloja esos pliegues de vida, pliegues en forma de pa\u00f1uelo, que se despliegan y hay lugar, para todos.<\/p>\n<p>Un lugar florecido de cuerpos.<\/p>\n<p>Un lugar florecido de lugares. La escuela. La esquina del barrio. La plaza. Los amigos. Los compa\u00f1eros.<\/p>\n<p>Una ronda que se mueve. En patineta. En bici. Cantando. Con las remeras. Las banderas.<\/p>\n<p>Hay lugar. Entramos todos. Abrigados por el pa\u00f1uelo, en un lugar que se sustrae al tiempo.<\/p>\n<p>Un lugar, que por su potencia de fundar comunidad, nos ilusiona con instantes de eternidad.<\/p>\n<p>Pisadas de ojos frescos. Pisadas que siguen la huella del legado. Legado\/Memoria hecho pliegue. Que de despliega. Para florecer. En la justicia.<\/p>\n<p style=\"text-align: right\"><strong>Por Virginia Carranza<br \/>\n<\/strong>Ex Subsecretaria de Asuntos Estudiantiles de la Facultad de Filosof\u00eda &#8211; UNC<\/p>\n","protected":false},"excerpt":{"rendered":"<p>Pisadas. Pliegues. Contornos. Un abrazo y una consigna. Flores rojas. Las flores rojas que aparecieron un d\u00eda en La Perla. Y primaveran el mismo lugar. Con otro piso. Con pisadas infinitas, en las temporalidades y en las geograf\u00edas. Un piso de justicia. Que aloja esos pliegues de vida, pliegues en forma de pa\u00f1uelo, que se&#8230; <\/p>\n<div class=\"link-more\"><a href=\"https:\/\/ffyh.unc.edu.ar\/lo-imposible\/voces\/pliegues\/\">Lea m\u00e1s<\/a><\/div>\n","protected":false},"author":1,"featured_media":0,"parent":9,"menu_order":7,"comment_status":"closed","ping_status":"closed","template":"","meta":{"_acf_changed":false,"_monsterinsights_skip_tracking":false,"_monsterinsights_sitenote_active":false,"_monsterinsights_sitenote_note":"","_monsterinsights_sitenote_category":0,"footnotes":""},"class_list":["post-284","page","type-page","status-publish","hentry"],"acf":[],"_links":{"self":[{"href":"https:\/\/ffyh.unc.edu.ar\/lo-imposible\/wp-json\/wp\/v2\/pages\/284","targetHints":{"allow":["GET"]}}],"collection":[{"href":"https:\/\/ffyh.unc.edu.ar\/lo-imposible\/wp-json\/wp\/v2\/pages"}],"about":[{"href":"https:\/\/ffyh.unc.edu.ar\/lo-imposible\/wp-json\/wp\/v2\/types\/page"}],"author":[{"embeddable":true,"href":"https:\/\/ffyh.unc.edu.ar\/lo-imposible\/wp-json\/wp\/v2\/users\/1"}],"replies":[{"embeddable":true,"href":"https:\/\/ffyh.unc.edu.ar\/lo-imposible\/wp-json\/wp\/v2\/comments?post=284"}],"version-history":[{"count":2,"href":"https:\/\/ffyh.unc.edu.ar\/lo-imposible\/wp-json\/wp\/v2\/pages\/284\/revisions"}],"predecessor-version":[{"id":338,"href":"https:\/\/ffyh.unc.edu.ar\/lo-imposible\/wp-json\/wp\/v2\/pages\/284\/revisions\/338"}],"up":[{"embeddable":true,"href":"https:\/\/ffyh.unc.edu.ar\/lo-imposible\/wp-json\/wp\/v2\/pages\/9"}],"wp:attachment":[{"href":"https:\/\/ffyh.unc.edu.ar\/lo-imposible\/wp-json\/wp\/v2\/media?parent=284"}],"curies":[{"name":"wp","href":"https:\/\/api.w.org\/{rel}","templated":true}]}}