{"id":384,"date":"2018-04-05T14:30:16","date_gmt":"2018-04-05T14:30:16","guid":{"rendered":"http:\/\/ffyh.unc.edu.ar\/lo-imposible\/?page_id=384"},"modified":"2018-04-12T21:39:52","modified_gmt":"2018-04-12T21:39:52","slug":"audiovisual","status":"publish","type":"page","link":"https:\/\/ffyh.unc.edu.ar\/lo-imposible\/audiovisual\/","title":{"rendered":"Audiovisual"},"content":{"rendered":"<p><iframe loading=\"lazy\" width=\"1000\" height=\"563\" src=\"https:\/\/www.youtube.com\/embed\/5K_DKw-FbYQ?feature=oembed\" frameborder=\"0\" allow=\"autoplay; encrypted-media\" allowfullscreen><\/iframe><\/p>\n<p>Este corto audiovisual acompa\u00f1a la muestra fotogr\u00e1fica &#8211; hoy itinerante &#8211; \u00abLo imposible s\u00f3lo tarda un poco m\u00e1s. Voces y Miradas sobre el juicio al terrorismo de Estado en C\u00f3rdoba\u00bb que surge con la intenci\u00f3n de recuperar a trav\u00e9s de diferentes registros tomados tanto por aficionados como profesionales, lo acontecido durante los m\u00e1s de 3 a\u00f1os que dur\u00f3 la Megacausa La Perla, La Ribera y D2. Las im\u00e1genes fueron el disparador para que referentes de organismos de DDHH, abogados, autoridades, militantes, todxs ellxs defensores de los derechos humanos, plasmaran en 9 textos sus percepciones, sentimientos y opiniones ante este hecho hist\u00f3rico.<\/p>\n<p><strong>Entrevistados:<br \/>\n<\/strong>Manuel Bomheker (Ser\u00e1 Justicia) \/\u00a0Fot\u00f3grafo<br \/>\nVirginia Carranza \/ Ex Subsecretaria de Asuntos Estudiantiles de la Facultad de Filosof\u00eda<br \/>\nMar\u00eda Eleonora Cristina \/\u00a0Directora del Archivo Provincial de la Memoria<br \/>\nEmiliano Fessia \/\u00a0Director del Espacio para la Memoria La Perla<br \/>\nMariana Palmero \/\u00a0Fot\u00f3grafa<br \/>\nSebasti\u00e1n Salguero \/\u00a0Fot\u00f3grafo<br \/>\nSonia Torres \/\u00a0Abuelas de Plaza de Mayo &#8211; C\u00f3rdoba<br \/>\nFacundo Trotta \/\u00a0Fiscal Federal<br \/>\nSol Yornet Barberis \/\u00a0Militante estudiantil<br \/>\nLucia Maina Waisman \/\u00a0Fot\u00f3grafa<\/p>\n<p><strong>Realizaci\u00f3n de las entrevistas:<\/strong><br \/>\nEliana Piamonte<br \/>\nSoledad Huespe<br \/>\nMar\u00eda Noel Tabera<br \/>\nNatalia Arriola<br \/>\nJosefina Cordera<\/p>\n<p><strong>C\u00e1mara:<\/strong><br \/>\nGlenda Mackinson<\/p>\n<p><strong>Edici\u00f3n:<\/strong><br \/>\nSebasti\u00e1n C\u00e1ceres<\/p>\n<p><strong>Im\u00e1genes de archivo del d\u00eda de la Sentencia:<\/strong><br \/>\nArchivo Provincial de la Memoria<\/p>\n","protected":false},"excerpt":{"rendered":"<p>Este corto audiovisual acompa\u00f1a la muestra fotogr\u00e1fica &#8211; hoy itinerante &#8211; \u00abLo imposible s\u00f3lo tarda un poco m\u00e1s. Voces y Miradas sobre el juicio al terrorismo de Estado en C\u00f3rdoba\u00bb que surge con la intenci\u00f3n de recuperar a trav\u00e9s de diferentes registros tomados tanto por aficionados como profesionales, lo acontecido durante los m\u00e1s de 3&#8230; <\/p>\n<div class=\"link-more\"><a href=\"https:\/\/ffyh.unc.edu.ar\/lo-imposible\/audiovisual\/\">Lea m\u00e1s<\/a><\/div>\n","protected":false},"author":14,"featured_media":0,"parent":0,"menu_order":0,"comment_status":"closed","ping_status":"closed","template":"","meta":{"_acf_changed":false,"_monsterinsights_skip_tracking":false,"_monsterinsights_sitenote_active":false,"_monsterinsights_sitenote_note":"","_monsterinsights_sitenote_category":0,"footnotes":""},"class_list":["post-384","page","type-page","status-publish","hentry"],"acf":[],"_links":{"self":[{"href":"https:\/\/ffyh.unc.edu.ar\/lo-imposible\/wp-json\/wp\/v2\/pages\/384","targetHints":{"allow":["GET"]}}],"collection":[{"href":"https:\/\/ffyh.unc.edu.ar\/lo-imposible\/wp-json\/wp\/v2\/pages"}],"about":[{"href":"https:\/\/ffyh.unc.edu.ar\/lo-imposible\/wp-json\/wp\/v2\/types\/page"}],"author":[{"embeddable":true,"href":"https:\/\/ffyh.unc.edu.ar\/lo-imposible\/wp-json\/wp\/v2\/users\/14"}],"replies":[{"embeddable":true,"href":"https:\/\/ffyh.unc.edu.ar\/lo-imposible\/wp-json\/wp\/v2\/comments?post=384"}],"version-history":[{"count":8,"href":"https:\/\/ffyh.unc.edu.ar\/lo-imposible\/wp-json\/wp\/v2\/pages\/384\/revisions"}],"predecessor-version":[{"id":401,"href":"https:\/\/ffyh.unc.edu.ar\/lo-imposible\/wp-json\/wp\/v2\/pages\/384\/revisions\/401"}],"wp:attachment":[{"href":"https:\/\/ffyh.unc.edu.ar\/lo-imposible\/wp-json\/wp\/v2\/media?parent=384"}],"curies":[{"name":"wp","href":"https:\/\/api.w.org\/{rel}","templated":true}]}}