{"id":1099,"date":"2015-08-23T21:20:20","date_gmt":"2015-08-23T21:20:20","guid":{"rendered":"http:\/\/www.ffyh.unc.edu.ar\/materiales-educativos-abiertos\/?page_id=1099"},"modified":"2015-08-23T21:20:20","modified_gmt":"2015-08-23T21:20:20","slug":"que-subyace-detras-del-concepto-abierto","status":"publish","type":"page","link":"https:\/\/ffyh.unc.edu.ar\/materiales-educativos-abiertos\/slider\/que-es-un-material-educativo\/pagina-ejemplo-2\/que-subyace-detras-del-concepto-abierto\/","title":{"rendered":"\u00bfQu\u00e9 subyace detr\u00e1s del concepto \u00ababierto\u00bb en un material educativo?"},"content":{"rendered":"<p style=\"text-align: justify\"><span class=\"su-dropcap su-dropcap-style-flat\" style=\"font-size:2.5em\">E<\/span> s importante comprender que para que un material educativo cumpla con la condici\u00f3n de \u00ababierto\u00bb, no\u00a0es suficiente que su autor decida difundirlo gratuitamente o con una licencia abierta. Es necesario considerar tres aspectos seg\u00fan Tuomi (2006).<\/p>\n<p style=\"text-align: justify\"><div class=\"su-tabs su-tabs-style-default su-tabs-mobile-stack\" data-active=\"1\" data-scroll-offset=\"0\" data-anchor-in-url=\"no\"><div class=\"su-tabs-nav\"><span class=\"\" data-url=\"\" data-target=\"blank\" tabindex=\"0\" role=\"button\"><strong>Caracter\u00edsticas t\u00e9cnicas:<\/strong><\/span><span class=\"\" data-url=\"\" data-target=\"blank\" tabindex=\"0\" role=\"button\"><strong>Caracter\u00edsticas sociales:<\/strong><\/span><span class=\"\" data-url=\"\" data-target=\"blank\" tabindex=\"0\" role=\"button\"><strong>La naturaleza del propio recurso:<\/strong><\/span><\/div><div class=\"su-tabs-panes\"><div class=\"su-tabs-pane su-u-clearfix su-u-trim\" data-title=\"&lt;strong&gt;Caracter\u00edsticas t\u00e9cnicas:&lt;\/strong&gt;\"> <div class=\"su-animate\" style=\"opacity:0;-webkit-animation-duration:1s;-webkit-animation-delay:0s;animation-duration:1s;animation-delay:0s;\" data-animation=\"fadeInUp\" data-duration=\"1\" data-delay=\"0\"> Refieren a la interoperabilidad t\u00e9cnica y la funcionalidad. La primera permite que al desarrollar nuevos componentes en un sistema, se asegure el funcionamiento como elementos de un sistema m\u00e1s amplio y tambi\u00e9n poder vincular componentes, aunque sean de sistemas propietarios. \u00a0Y la segunda caracter\u00edstica t\u00e9cnica, se da mediante el uso de\u00a0est\u00e1ndares abiertos que habilitan que las diferentes aplicaciones del software puedan operar juntas.\u00a0<\/div> <\/div>\n<div class=\"su-tabs-pane su-u-clearfix su-u-trim\" data-title=\"&lt;strong&gt;Caracter\u00edsticas sociales:&lt;\/strong&gt;\"> <div class=\"su-animate\" style=\"opacity:0;-webkit-animation-duration:1s;-webkit-animation-delay:0s;animation-duration:1s;animation-delay:0s;\" data-animation=\"fadeInUp\" data-duration=\"1\" data-delay=\"0\"> Vinculadas, por un lado, \u00a0a los beneficios sociales esperados y de respeto a la \u00e9tica relacionada con la libertad para utilizar, contribuir y compartir, es decir, la oportunidad de acceder, explorar, estudiar el recurso sin coste para el usuario. Y por el otro, lo vinculado a la accesibilidad que puede depender de las capacidades individuales; por ejemplo, podemos contar con el contenido de un recurso en un idioma que no sabemos, o tengamos alguna discapacidad para utilizar el contenido. <\/div> <\/div>\n<div class=\"su-tabs-pane su-u-clearfix su-u-trim\" data-title=\"&lt;strong&gt;La naturaleza del propio recurso:&lt;\/strong&gt;\"> <div class=\"su-animate\" style=\"opacity:0;-webkit-animation-duration:1s;-webkit-animation-delay:0s;animation-duration:1s;animation-delay:0s;\" data-animation=\"fadeInUp\" data-duration=\"1\" data-delay=\"0\"> Otro aspecto, es en relaci\u00f3n al derecho y\u00a0la\u00a0posibilidad de modificar o \u00a0adaptar un recurso digital. Se precisa que el recurso este publicado en un formato que permita copiar y pegar partes de texto, gr\u00e1ficos o cualquier otro elemento. Algunos \u00a0formatos no editables, como Flash (.swf) y Adobe Portable Document Format (.pdf), no cuentan con este nivel de apertura. \u00a0Ejemplos de formatos m\u00e1s abiertos son HTML, ODF, RTF, SVG, PNG y otros. Sin embargo, estos formatos son m\u00e1s dif\u00edciles de utilizar \u00a0y requieren de conocimientos m\u00e1s especializados para poder utilizarlos.\u00a0<\/div> <\/div><\/div><\/div>\n<p>Actualmente, \u00a0se podr\u00eda decir que la mayor\u00eda de los REA son gratuitos\u00a0(ODEC, 2008), \u00a0e incluyen:<\/p>\n<div>\n<ul>\n<li style=\"text-align: justify\"><strong> Contenidos formativos:<\/strong> cursos completos, software educativo, m\u00f3dulos de contenido, recopilaciones y publicaciones.<\/li>\n<li style=\"text-align: justify\"><strong>Herramientas:<\/strong>\u00a0el software para desarrollar, utilizar, reutilizar y entregar el contenido formativo. Se incluye adem\u00e1s, la b\u00fasqueda y organizaci\u00f3n del contenido, los sistemas de gesti\u00f3n de contenido y formaci\u00f3n las herramientas de desarrollo de contenidos y las comunidades educativas en l\u00ednea.<\/li>\n<li style=\"text-align: justify\"><strong>Recursos de implementaci\u00f3n:<\/strong>\u00a0las licencias de abiertas para promover la publicaci\u00f3n abierta de materiales, \u00a0el dise\u00f1o de buenas pr\u00e1cticas y de traducci\u00f3n de contenidos.<\/li>\n<\/ul>\n<p>&nbsp;<\/p>\n<p><b>Aspectos de lo que implica lo \u00ababierto\u00bb. <\/b><b>Tuomi<\/b><b>, 2006<\/b><\/p>\n<\/div>\n<div><a href=\"http:\/\/ffyh.unc.edu.ar\/materiales-educativos-abiertos\/wp-content\/uploads\/sites\/27\/2015\/08\/apertura-2.png\"><img loading=\"lazy\" decoding=\"async\" class=\"aligncenter size-full wp-image-2251\" src=\"http:\/\/ffyh.unc.edu.ar\/materiales-educativos-abiertos\/wp-content\/uploads\/sites\/27\/2015\/08\/apertura-2.png\" alt=\"apertura 2\" width=\"1787\" height=\"807\" srcset=\"https:\/\/ffyh.unc.edu.ar\/materiales-educativos-abiertos\/wp-content\/uploads\/sites\/27\/2015\/08\/apertura-2.png 1787w, https:\/\/ffyh.unc.edu.ar\/materiales-educativos-abiertos\/wp-content\/uploads\/sites\/27\/2015\/08\/apertura-2-300x135.png 300w, https:\/\/ffyh.unc.edu.ar\/materiales-educativos-abiertos\/wp-content\/uploads\/sites\/27\/2015\/08\/apertura-2-768x347.png 768w, https:\/\/ffyh.unc.edu.ar\/materiales-educativos-abiertos\/wp-content\/uploads\/sites\/27\/2015\/08\/apertura-2-1024x462.png 1024w, https:\/\/ffyh.unc.edu.ar\/materiales-educativos-abiertos\/wp-content\/uploads\/sites\/27\/2015\/08\/apertura-2-420x190.png 420w, https:\/\/ffyh.unc.edu.ar\/materiales-educativos-abiertos\/wp-content\/uploads\/sites\/27\/2015\/08\/apertura-2-425x192.png 425w\" sizes=\"auto, (max-width: 1787px) 100vw, 1787px\" \/><\/a><\/div>\n","protected":false},"excerpt":{"rendered":"<p>s importante comprender que para que un material educativo cumpla con la condici\u00f3n de \u00ababierto\u00bb, no\u00a0es suficiente que su autor decida difundirlo gratuitamente o con una licencia abierta. Es necesario considerar tres aspectos seg\u00fan Tuomi (2006). Actualmente, \u00a0se podr\u00eda decir que la mayor\u00eda de los REA son gratuitos\u00a0(ODEC, 2008), \u00a0e incluyen: Contenidos formativos: cursos completos, software educativo, m\u00f3dulos de contenido, recopilaciones y publicaciones. Herramientas:\u00a0el software para desarrollar, utilizar, reutilizar y entregar el contenido formativo. Se incluye adem\u00e1s, la b\u00fasqueda y organizaci\u00f3n del contenido, los sistemas de gesti\u00f3n de contenido y formaci\u00f3n las herramientas de desarrollo de contenidos y las comunidades educativas en l\u00ednea. Recursos de<a class=\"more-link\" href=\"https:\/\/ffyh.unc.edu.ar\/materiales-educativos-abiertos\/slider\/que-es-un-material-educativo\/pagina-ejemplo-2\/que-subyace-detras-del-concepto-abierto\/\">Read More &rarr;<\/a><\/p>\n","protected":false},"author":22,"featured_media":0,"parent":3040,"menu_order":0,"comment_status":"closed","ping_status":"closed","template":"","meta":{"_acf_changed":false,"_bbp_topic_count":0,"_bbp_reply_count":0,"_bbp_total_topic_count":0,"_bbp_total_reply_count":0,"_bbp_voice_count":0,"_bbp_anonymous_reply_count":0,"_bbp_topic_count_hidden":0,"_bbp_reply_count_hidden":0,"_bbp_forum_subforum_count":0,"footnotes":""},"class_list":["entry","page","publish","author-florencia","post-1099"],"acf":[],"yoast_head":"<!-- This site is optimized with the Yoast SEO plugin v27.1.1 - https:\/\/yoast.com\/product\/yoast-seo-wordpress\/ -->\n<title>\u00bfQu\u00e9 subyace detr\u00e1s del concepto &quot;abierto&quot; en un material educativo? - Materiales Educativos Abiertos<\/title>\n<meta name=\"robots\" content=\"index, follow, max-snippet:-1, max-image-preview:large, max-video-preview:-1\" \/>\n<link rel=\"canonical\" href=\"https:\/\/ffyh.unc.edu.ar\/materiales-educativos-abiertos\/slider\/que-es-un-material-educativo\/pagina-ejemplo-2\/que-subyace-detras-del-concepto-abierto\/\" \/>\n<meta property=\"og:locale\" content=\"es_ES\" \/>\n<meta property=\"og:type\" content=\"article\" \/>\n<meta property=\"og:title\" content=\"\u00bfQu\u00e9 subyace detr\u00e1s del concepto &quot;abierto&quot; en un material educativo? - Materiales Educativos Abiertos\" \/>\n<meta property=\"og:description\" content=\"s importante comprender que para que un material educativo cumpla con la condici\u00f3n de \u00ababierto\u00bb, no\u00a0es suficiente que su autor decida difundirlo gratuitamente o con una licencia abierta. Es necesario considerar tres aspectos seg\u00fan Tuomi (2006). Actualmente, \u00a0se podr\u00eda decir que la mayor\u00eda de los REA son gratuitos\u00a0(ODEC, 2008), \u00a0e incluyen: Contenidos formativos: cursos completos, software educativo, m\u00f3dulos de contenido, recopilaciones y publicaciones. Herramientas:\u00a0el software para desarrollar, utilizar, reutilizar y entregar el contenido formativo. Se incluye adem\u00e1s, la b\u00fasqueda y organizaci\u00f3n del contenido, los sistemas de gesti\u00f3n de contenido y formaci\u00f3n las herramientas de desarrollo de contenidos y las comunidades educativas en l\u00ednea. Recursos deRead More &rarr;\" \/>\n<meta property=\"og:url\" content=\"https:\/\/ffyh.unc.edu.ar\/materiales-educativos-abiertos\/slider\/que-es-un-material-educativo\/pagina-ejemplo-2\/que-subyace-detras-del-concepto-abierto\/\" \/>\n<meta property=\"og:site_name\" content=\"Materiales Educativos Abiertos\" \/>\n<meta property=\"og:image\" content=\"http:\/\/ffyh.unc.edu.ar\/materiales-educativos-abiertos\/wp-content\/uploads\/sites\/27\/2015\/08\/apertura-2.png\" \/>\n<meta name=\"twitter:card\" content=\"summary_large_image\" \/>\n<meta name=\"twitter:label1\" content=\"Tiempo de lectura\" \/>\n\t<meta name=\"twitter:data1\" content=\"2 minutos\" \/>\n<script type=\"application\/ld+json\" class=\"yoast-schema-graph\">{\"@context\":\"https:\/\/schema.org\",\"@graph\":[{\"@type\":\"WebPage\",\"@id\":\"https:\/\/ffyh.unc.edu.ar\/materiales-educativos-abiertos\/slider\/que-es-un-material-educativo\/pagina-ejemplo-2\/que-subyace-detras-del-concepto-abierto\/\",\"url\":\"https:\/\/ffyh.unc.edu.ar\/materiales-educativos-abiertos\/slider\/que-es-un-material-educativo\/pagina-ejemplo-2\/que-subyace-detras-del-concepto-abierto\/\",\"name\":\"\u00bfQu\u00e9 subyace detr\u00e1s del concepto \\\"abierto\\\" en un material educativo? - Materiales Educativos Abiertos\",\"isPartOf\":{\"@id\":\"https:\/\/ffyh.unc.edu.ar\/materiales-educativos-abiertos\/#website\"},\"primaryImageOfPage\":{\"@id\":\"https:\/\/ffyh.unc.edu.ar\/materiales-educativos-abiertos\/slider\/que-es-un-material-educativo\/pagina-ejemplo-2\/que-subyace-detras-del-concepto-abierto\/#primaryimage\"},\"image\":{\"@id\":\"https:\/\/ffyh.unc.edu.ar\/materiales-educativos-abiertos\/slider\/que-es-un-material-educativo\/pagina-ejemplo-2\/que-subyace-detras-del-concepto-abierto\/#primaryimage\"},\"thumbnailUrl\":\"http:\/\/ffyh.unc.edu.ar\/materiales-educativos-abiertos\/wp-content\/uploads\/sites\/27\/2015\/08\/apertura-2.png\",\"datePublished\":\"2015-08-23T21:20:20+00:00\",\"breadcrumb\":{\"@id\":\"https:\/\/ffyh.unc.edu.ar\/materiales-educativos-abiertos\/slider\/que-es-un-material-educativo\/pagina-ejemplo-2\/que-subyace-detras-del-concepto-abierto\/#breadcrumb\"},\"inLanguage\":\"es\",\"potentialAction\":[{\"@type\":\"ReadAction\",\"target\":[\"https:\/\/ffyh.unc.edu.ar\/materiales-educativos-abiertos\/slider\/que-es-un-material-educativo\/pagina-ejemplo-2\/que-subyace-detras-del-concepto-abierto\/\"]}]},{\"@type\":\"ImageObject\",\"inLanguage\":\"es\",\"@id\":\"https:\/\/ffyh.unc.edu.ar\/materiales-educativos-abiertos\/slider\/que-es-un-material-educativo\/pagina-ejemplo-2\/que-subyace-detras-del-concepto-abierto\/#primaryimage\",\"url\":\"https:\/\/ffyh.unc.edu.ar\/materiales-educativos-abiertos\/wp-content\/uploads\/sites\/27\/2015\/08\/apertura-2.png\",\"contentUrl\":\"https:\/\/ffyh.unc.edu.ar\/materiales-educativos-abiertos\/wp-content\/uploads\/sites\/27\/2015\/08\/apertura-2.png\",\"width\":1787,\"height\":807},{\"@type\":\"BreadcrumbList\",\"@id\":\"https:\/\/ffyh.unc.edu.ar\/materiales-educativos-abiertos\/slider\/que-es-un-material-educativo\/pagina-ejemplo-2\/que-subyace-detras-del-concepto-abierto\/#breadcrumb\",\"itemListElement\":[{\"@type\":\"ListItem\",\"position\":1,\"name\":\"Portada\",\"item\":\"https:\/\/ffyh.unc.edu.ar\/materiales-educativos-abiertos\/\"},{\"@type\":\"ListItem\",\"position\":2,\"name\":\"Inicio\",\"item\":\"https:\/\/ffyh.unc.edu.ar\/materiales-educativos-abiertos\/\"},{\"@type\":\"ListItem\",\"position\":3,\"name\":\"\u00bfQu\u00e9 es un material educativo?\",\"item\":\"https:\/\/ffyh.unc.edu.ar\/materiales-educativos-abiertos\/slider\/que-es-un-material-educativo\/\"},{\"@type\":\"ListItem\",\"position\":4,\"name\":\"\u00bfQu\u00e9 es un material educativo abierto?\",\"item\":\"https:\/\/ffyh.unc.edu.ar\/materiales-educativos-abiertos\/slider\/que-es-un-material-educativo\/pagina-ejemplo-2\/\"},{\"@type\":\"ListItem\",\"position\":5,\"name\":\"\u00bfQu\u00e9 subyace detr\u00e1s del concepto \u00ababierto\u00bb en un material educativo?\"}]},{\"@type\":\"WebSite\",\"@id\":\"https:\/\/ffyh.unc.edu.ar\/materiales-educativos-abiertos\/#website\",\"url\":\"https:\/\/ffyh.unc.edu.ar\/materiales-educativos-abiertos\/\",\"name\":\"Materiales Educativos Abiertos\",\"description\":\"\",\"potentialAction\":[{\"@type\":\"SearchAction\",\"target\":{\"@type\":\"EntryPoint\",\"urlTemplate\":\"https:\/\/ffyh.unc.edu.ar\/materiales-educativos-abiertos\/?s={search_term_string}\"},\"query-input\":{\"@type\":\"PropertyValueSpecification\",\"valueRequired\":true,\"valueName\":\"search_term_string\"}}],\"inLanguage\":\"es\"}]}<\/script>\n<!-- \/ Yoast SEO plugin. -->","yoast_head_json":{"title":"\u00bfQu\u00e9 subyace detr\u00e1s del concepto \"abierto\" en un material educativo? - Materiales Educativos Abiertos","robots":{"index":"index","follow":"follow","max-snippet":"max-snippet:-1","max-image-preview":"max-image-preview:large","max-video-preview":"max-video-preview:-1"},"canonical":"https:\/\/ffyh.unc.edu.ar\/materiales-educativos-abiertos\/slider\/que-es-un-material-educativo\/pagina-ejemplo-2\/que-subyace-detras-del-concepto-abierto\/","og_locale":"es_ES","og_type":"article","og_title":"\u00bfQu\u00e9 subyace detr\u00e1s del concepto \"abierto\" en un material educativo? - Materiales Educativos Abiertos","og_description":"s importante comprender que para que un material educativo cumpla con la condici\u00f3n de \u00ababierto\u00bb, no\u00a0es suficiente que su autor decida difundirlo gratuitamente o con una licencia abierta. Es necesario considerar tres aspectos seg\u00fan Tuomi (2006). Actualmente, \u00a0se podr\u00eda decir que la mayor\u00eda de los REA son gratuitos\u00a0(ODEC, 2008), \u00a0e incluyen: Contenidos formativos: cursos completos, software educativo, m\u00f3dulos de contenido, recopilaciones y publicaciones. Herramientas:\u00a0el software para desarrollar, utilizar, reutilizar y entregar el contenido formativo. Se incluye adem\u00e1s, la b\u00fasqueda y organizaci\u00f3n del contenido, los sistemas de gesti\u00f3n de contenido y formaci\u00f3n las herramientas de desarrollo de contenidos y las comunidades educativas en l\u00ednea. Recursos deRead More &rarr;","og_url":"https:\/\/ffyh.unc.edu.ar\/materiales-educativos-abiertos\/slider\/que-es-un-material-educativo\/pagina-ejemplo-2\/que-subyace-detras-del-concepto-abierto\/","og_site_name":"Materiales Educativos Abiertos","og_image":[{"url":"http:\/\/ffyh.unc.edu.ar\/materiales-educativos-abiertos\/wp-content\/uploads\/sites\/27\/2015\/08\/apertura-2.png","type":"","width":"","height":""}],"twitter_card":"summary_large_image","twitter_misc":{"Tiempo de lectura":"2 minutos"},"schema":{"@context":"https:\/\/schema.org","@graph":[{"@type":"WebPage","@id":"https:\/\/ffyh.unc.edu.ar\/materiales-educativos-abiertos\/slider\/que-es-un-material-educativo\/pagina-ejemplo-2\/que-subyace-detras-del-concepto-abierto\/","url":"https:\/\/ffyh.unc.edu.ar\/materiales-educativos-abiertos\/slider\/que-es-un-material-educativo\/pagina-ejemplo-2\/que-subyace-detras-del-concepto-abierto\/","name":"\u00bfQu\u00e9 subyace detr\u00e1s del concepto \"abierto\" en un material educativo? - Materiales Educativos Abiertos","isPartOf":{"@id":"https:\/\/ffyh.unc.edu.ar\/materiales-educativos-abiertos\/#website"},"primaryImageOfPage":{"@id":"https:\/\/ffyh.unc.edu.ar\/materiales-educativos-abiertos\/slider\/que-es-un-material-educativo\/pagina-ejemplo-2\/que-subyace-detras-del-concepto-abierto\/#primaryimage"},"image":{"@id":"https:\/\/ffyh.unc.edu.ar\/materiales-educativos-abiertos\/slider\/que-es-un-material-educativo\/pagina-ejemplo-2\/que-subyace-detras-del-concepto-abierto\/#primaryimage"},"thumbnailUrl":"http:\/\/ffyh.unc.edu.ar\/materiales-educativos-abiertos\/wp-content\/uploads\/sites\/27\/2015\/08\/apertura-2.png","datePublished":"2015-08-23T21:20:20+00:00","breadcrumb":{"@id":"https:\/\/ffyh.unc.edu.ar\/materiales-educativos-abiertos\/slider\/que-es-un-material-educativo\/pagina-ejemplo-2\/que-subyace-detras-del-concepto-abierto\/#breadcrumb"},"inLanguage":"es","potentialAction":[{"@type":"ReadAction","target":["https:\/\/ffyh.unc.edu.ar\/materiales-educativos-abiertos\/slider\/que-es-un-material-educativo\/pagina-ejemplo-2\/que-subyace-detras-del-concepto-abierto\/"]}]},{"@type":"ImageObject","inLanguage":"es","@id":"https:\/\/ffyh.unc.edu.ar\/materiales-educativos-abiertos\/slider\/que-es-un-material-educativo\/pagina-ejemplo-2\/que-subyace-detras-del-concepto-abierto\/#primaryimage","url":"https:\/\/ffyh.unc.edu.ar\/materiales-educativos-abiertos\/wp-content\/uploads\/sites\/27\/2015\/08\/apertura-2.png","contentUrl":"https:\/\/ffyh.unc.edu.ar\/materiales-educativos-abiertos\/wp-content\/uploads\/sites\/27\/2015\/08\/apertura-2.png","width":1787,"height":807},{"@type":"BreadcrumbList","@id":"https:\/\/ffyh.unc.edu.ar\/materiales-educativos-abiertos\/slider\/que-es-un-material-educativo\/pagina-ejemplo-2\/que-subyace-detras-del-concepto-abierto\/#breadcrumb","itemListElement":[{"@type":"ListItem","position":1,"name":"Portada","item":"https:\/\/ffyh.unc.edu.ar\/materiales-educativos-abiertos\/"},{"@type":"ListItem","position":2,"name":"Inicio","item":"https:\/\/ffyh.unc.edu.ar\/materiales-educativos-abiertos\/"},{"@type":"ListItem","position":3,"name":"\u00bfQu\u00e9 es un material educativo?","item":"https:\/\/ffyh.unc.edu.ar\/materiales-educativos-abiertos\/slider\/que-es-un-material-educativo\/"},{"@type":"ListItem","position":4,"name":"\u00bfQu\u00e9 es un material educativo abierto?","item":"https:\/\/ffyh.unc.edu.ar\/materiales-educativos-abiertos\/slider\/que-es-un-material-educativo\/pagina-ejemplo-2\/"},{"@type":"ListItem","position":5,"name":"\u00bfQu\u00e9 subyace detr\u00e1s del concepto \u00ababierto\u00bb en un material educativo?"}]},{"@type":"WebSite","@id":"https:\/\/ffyh.unc.edu.ar\/materiales-educativos-abiertos\/#website","url":"https:\/\/ffyh.unc.edu.ar\/materiales-educativos-abiertos\/","name":"Materiales Educativos Abiertos","description":"","potentialAction":[{"@type":"SearchAction","target":{"@type":"EntryPoint","urlTemplate":"https:\/\/ffyh.unc.edu.ar\/materiales-educativos-abiertos\/?s={search_term_string}"},"query-input":{"@type":"PropertyValueSpecification","valueRequired":true,"valueName":"search_term_string"}}],"inLanguage":"es"}]}},"_links":{"self":[{"href":"https:\/\/ffyh.unc.edu.ar\/materiales-educativos-abiertos\/wp-json\/wp\/v2\/pages\/1099","targetHints":{"allow":["GET"]}}],"collection":[{"href":"https:\/\/ffyh.unc.edu.ar\/materiales-educativos-abiertos\/wp-json\/wp\/v2\/pages"}],"about":[{"href":"https:\/\/ffyh.unc.edu.ar\/materiales-educativos-abiertos\/wp-json\/wp\/v2\/types\/page"}],"author":[{"embeddable":true,"href":"https:\/\/ffyh.unc.edu.ar\/materiales-educativos-abiertos\/wp-json\/wp\/v2\/users\/22"}],"replies":[{"embeddable":true,"href":"https:\/\/ffyh.unc.edu.ar\/materiales-educativos-abiertos\/wp-json\/wp\/v2\/comments?post=1099"}],"version-history":[{"count":0,"href":"https:\/\/ffyh.unc.edu.ar\/materiales-educativos-abiertos\/wp-json\/wp\/v2\/pages\/1099\/revisions"}],"up":[{"embeddable":true,"href":"https:\/\/ffyh.unc.edu.ar\/materiales-educativos-abiertos\/wp-json\/wp\/v2\/pages\/3040"}],"wp:attachment":[{"href":"https:\/\/ffyh.unc.edu.ar\/materiales-educativos-abiertos\/wp-json\/wp\/v2\/media?parent=1099"}],"curies":[{"name":"wp","href":"https:\/\/api.w.org\/{rel}","templated":true}]}}