{"id":1155,"date":"2015-08-25T19:45:58","date_gmt":"2015-08-25T19:45:58","guid":{"rendered":"http:\/\/www.ffyh.unc.edu.ar\/materiales-educativos-abiertos\/?page_id=1155"},"modified":"2015-08-25T19:45:58","modified_gmt":"2015-08-25T19:45:58","slug":"que-es-una-licencia-creative-commons","status":"publish","type":"page","link":"https:\/\/ffyh.unc.edu.ar\/materiales-educativos-abiertos\/slider\/recursos-para-elaborar-material-educativo-abierto\/las-licencias-creative-commons\/condiciones-de-las-licencias-cc\/que-es-una-licencia-creative-commons\/","title":{"rendered":"\u00bfQu\u00e9 es una licencia Creative Commons?"},"content":{"rendered":"<div id=\"WRchTxt6-d08\" class=\"wysiwyg_viewer_skins_WRichTextNewSkintxtNew\">\n<h1 class=\"font_0\" style=\"text-align: center\"><span style=\"color: #0000ff\">\u00bfQu\u00e9 es una licencia Creative Commons?<\/span><\/h1>\n<p class=\"font_0\" style=\"text-align: justify\"><span class=\"su-dropcap su-dropcap-style-flat\" style=\"font-size:2.5em\">L<\/span>as licencias Creative Commons brindan de manera gratuita \u00a0\u00abinstrumentos jur\u00eddicos\u00bb, que consisten en un conjunto de modelos de contratos de licenciamiento de derechos de autor. \u00c9stos ofrecen a los autores una forma simple y estandarizada de conceder permisos, al p\u00fablico en general, para compartir y usar su trabajo creativo bajo los t\u00e9rminos y condiciones de su elecci\u00f3n. \u00a0Las licencias CC expresan la voluntad del autor en relaci\u00f3n a los l\u00edmites y alcances de uso que pueden hacer otras personas, respecto a la copia, reproducci\u00f3n, modificaci\u00f3n, traducci\u00f3n y adaptaci\u00f3n de sus obras creativas.<\/p>\n<p class=\"font_7\" style=\"text-align: justify\"><span class=\"color_12\">Las licencias Creative Commons no reemplazan al derecho de autor, sino que se apoyan en \u00e9ste y \u00a0lo complementan.<\/span><\/p>\n<h2 style=\"text-align: left\"><span style=\"color: #3366ff\">\u00bfC\u00f3mo funcionan las Licencias Creative commons?<\/span><\/h2>\n<p style=\"text-align: justify\">Las licencias Creative Commons \u00a0se basan en el derecho de autor, con lo cual la obra sigue perteneciendo al \u00a0dominio privativo, pero con excepciones y limitaciones que son elegidas y explicitadas por el autor de la obra. \u00a0Un autor, que desea otorgar algunos permisos sobre su trabajo, para que terceros puedan copiarlo, o modificarlo \u00a0sin problemas de copyright, puede licenciar su obra bajo una licencia CC y de esa forma explicitar su voluntad de que la obra circule sin restricciones legales.<\/p>\n<div align=\"center\"><strong><a id=\"69f9b83b16bb0\" rel=\"wp-video-lightbox\" href=\"https:\/\/www.youtube.com\/watch?v=Kou-AQXZvK0&#038;width=640&#038;height=480\" title=\"\"><div class=\"wpvl_auto_thumb_box_wrapper\"><div class=\"wpvl_auto_thumb_box\"><img decoding=\"async\" src=\"https:\/\/img.youtube.com\/vi\/Kou-AQXZvK0\/0.jpg\" class=\"video_lightbox_auto_anchor_image\" alt=\"\" \/><div class=\"wpvl_auto_thumb_play\"><img decoding=\"async\" src=\"https:\/\/ffyh.unc.edu.ar\/materiales-educativos-abiertos\/wp-content\/plugins\/wp-video-lightbox\/images\/play.png\" class=\"wpvl_playbutton\" \/><\/div><\/div><\/div><\/a>    <script>\r\n    \/* <![CDATA[ *\/\r\n    jQuery(document).ready(function($){\r\n        $(function(){\r\n            var width = $(window).innerWidth();\r\n            var setwidth = parseFloat(640);\r\n            var ratio = parseFloat(0.75);\r\n            var height = parseFloat(480);\r\n            var link = 'https:\/\/www.youtube.com\/watch?v=Kou-AQXZvK0&amp;width=640&amp;height=480';\r\n            if(width < setwidth)\r\n            {\r\n                height = Math.floor(width * 0.75);\r\n                \/\/console.log(\"device width \"+width+\", set width \"+640+\", ratio \"+0.75+\", new height \"+ height);\r\n                var new_url = wpvl_paramReplace('width', link, width);\r\n                var new_url = wpvl_paramReplace('height', new_url, height);\r\n                $(\"a#69f9b83b16bb0\").attr('href', new_url);\r\n                \/\/console.log(new_url);\r\n            }\r\n        });\r\n    });\r\n    \/* ]]> *\/\r\n    <\/script><\/strong><\/div>\n<h3 class=\"font_8\" style=\"text-align: center\"><\/h3>\n<h2 class=\"font_8\" style=\"text-align: left\"><span style=\"color: #0000ff\"><span class=\"color_17\">Los tres niveles \u00a0de expresi\u00f3n de las\u00a0licencias\u00a0<\/span><span class=\"color_17\">Creative Commons<\/span><\/span><\/h2>\n<p>&nbsp;<\/p>\n<\/div>\n<p><a href=\"http:\/\/ffyh.unc.edu.ar\/materiales-educativos-abiertos\/wp-content\/uploads\/sites\/27\/2015\/07\/cefcf0_650a36ea6b9941f1a16482d6bb6fcea5.png\"><img loading=\"lazy\" decoding=\"async\" class=\"aligncenter wp-image-484\" src=\"http:\/\/ffyh.unc.edu.ar\/materiales-educativos-abiertos\/wp-content\/uploads\/sites\/27\/2015\/07\/cefcf0_650a36ea6b9941f1a16482d6bb6fcea5.png\" alt=\"cefcf0_650a36ea6b9941f1a16482d6bb6fcea5\" width=\"231\" height=\"299\" srcset=\"https:\/\/ffyh.unc.edu.ar\/materiales-educativos-abiertos\/wp-content\/uploads\/sites\/27\/2015\/07\/cefcf0_650a36ea6b9941f1a16482d6bb6fcea5.png 296w, https:\/\/ffyh.unc.edu.ar\/materiales-educativos-abiertos\/wp-content\/uploads\/sites\/27\/2015\/07\/cefcf0_650a36ea6b9941f1a16482d6bb6fcea5-232x300.png 232w\" sizes=\"auto, (max-width: 231px) 100vw, 231px\" \/><\/a><\/p>\n<div class=\"su-tabs su-tabs-style-default su-tabs-mobile-stack\" data-active=\"1\" data-scroll-offset=\"0\" data-anchor-in-url=\"no\"><div class=\"su-tabs-nav\"><span class=\"\" data-url=\"\" data-target=\"blank\" tabindex=\"0\" role=\"button\"><strong> C\u00f3digo legal:<\/strong><\/span><span class=\"\" data-url=\"\" data-target=\"blank\" tabindex=\"0\" role=\"button\"><strong> C\u00f3digo humano: <\/strong><\/span><span class=\"\" data-url=\"\" data-target=\"blank\" tabindex=\"0\" role=\"button\">C<strong>\u00f3digo de m\u00e1quina o c\u00f3digo digital:<\/strong><\/span><\/div><div class=\"su-tabs-panes\"><div class=\"su-tabs-pane su-u-clearfix su-u-trim\" data-title=\"&lt;strong&gt; C\u00f3digo legal:&lt;\/strong&gt;\"> <div class=\"su-animate\" style=\"opacity:0;-webkit-animation-duration:1s;-webkit-animation-delay:0s;animation-duration:1s;animation-delay:0s;\" data-animation=\"fadeInUp\" data-duration=\"1\" data-delay=\"0\"> Es el primer nivel y representa el contrato de validez legal, redactado por abogados, en los t\u00e9rminos que requiere la ley. <\/div> <\/div>\n<div class=\"su-tabs-pane su-u-clearfix su-u-trim\" data-title=\"&lt;strong&gt; C\u00f3digo humano: &lt;\/strong&gt;\"> <div class=\"su-animate\" style=\"opacity:0;-webkit-animation-duration:1s;-webkit-animation-delay:0s;animation-duration:1s;animation-delay:0s;\" data-animation=\"fadeInUp\" data-duration=\"1\" data-delay=\"0\"> es la licencia expresada en \u00edconos \u00a0intuitivos y en t\u00e9rminos comprensibles para las personas, que delimita lo\u00a0que cada licencia quiere decir y lo que cada autor conserva y libera con cada licencia en particular.<\/div> <\/div>\n<div class=\"su-tabs-pane su-u-clearfix su-u-trim\" data-title=\"C&lt;strong&gt;\u00f3digo de m\u00e1quina o c\u00f3digo digital:&lt;\/strong&gt;\"> <div class=\"su-animate\" style=\"opacity:0;-webkit-animation-duration:1s;-webkit-animation-delay:0s;animation-duration:1s;animation-delay:0s;\" data-animation=\"fadeInUp\" data-duration=\"1\" data-delay=\"0\"> es la forma de presentaci\u00f3n de la licencia que la m\u00e1quina, los motores de los buscadores, y cualquier otra pieza de software, puede procesar, comprender y mostrar. <\/div> <\/div><\/div><\/div>\n<p>&nbsp;<\/p>\n<h6><span class=\"su-label su-label-type-info\">Ejemplos<\/span><\/h6>\n<div class=\"su-note\"  style=\"border-color:#F8F8F8 ;border-radius:5px;-moz-border-radius:5px;-webkit-border-radius:5px;\"><div class=\"su-note-inner su-u-clearfix su-u-trim\" style=\"background-color:#F8F8F8 ;border-color:#F8F8F8 ;color:#333333;border-radius:5px;-moz-border-radius:5px;-webkit-border-radius:5px;\"> <a href=\"http:\/\/ffyh.unc.edu.ar\/materiales-educativos-abiertos\/wp-content\/uploads\/sites\/27\/2015\/07\/iconito-3.png\"><img loading=\"lazy\" decoding=\"async\" class=\"wp-image-2110 alignleft\" src=\"http:\/\/ffyh.unc.edu.ar\/materiales-educativos-abiertos\/wp-content\/uploads\/sites\/27\/2015\/07\/iconito-3.png\" alt=\"iconito-3\" width=\"118\" height=\"118\" srcset=\"https:\/\/ffyh.unc.edu.ar\/materiales-educativos-abiertos\/wp-content\/uploads\/sites\/27\/2015\/07\/iconito-3.png 300w, https:\/\/ffyh.unc.edu.ar\/materiales-educativos-abiertos\/wp-content\/uploads\/sites\/27\/2015\/07\/iconito-3-150x150.png 150w\" sizes=\"auto, (max-width: 118px) 100vw, 118px\" \/><\/a><\/p>\n<p>Te acercamos ejemplos gr\u00e1ficos de los tres niveles de expresi\u00f3n de la Licencias CC:<\/p>\n<div id=\"WRchTxt6-d08\" class=\"wysiwyg_viewer_skins_WRichTextNewSkintxtNew\">\n<ul>\n<li class=\"font_7\" style=\"text-align: justify\"><span style=\"color: #3366ff\"><a href=\"http:\/\/ffyh.unc.edu.ar\/materiales-educativos-abiertos\/wp-content\/uploads\/sites\/27\/2015\/07\/CPAS1.gif\"><img loading=\"lazy\" decoding=\"async\" class=\" wp-image-478 alignright\" src=\"http:\/\/ffyh.unc.edu.ar\/materiales-educativos-abiertos\/wp-content\/uploads\/sites\/27\/2015\/07\/CPAS1.gif\" alt=\"CPAS1\" width=\"158\" height=\"158\" \/><\/a><\/span><span style=\"line-height: 1.5;color: #3366ff\">C<\/span><a style=\"color: #3366ff\" href=\"http:\/\/creativecommons.org\/licenses\/by-sa\/2.5\/ar\/legalcode\" target=\"_blank\">\u00f3digo legal:<\/a><\/li>\n<li class=\"font_7\" style=\"text-align: justify\"><span style=\"color: #3366ff\">C<a style=\"color: #3366ff\" href=\"http:\/\/creativecommons.org\/licenses\/by\/2.5\/ar\/\" target=\"_blank\">ommons deed o c\u00f3digo humano:<\/a><\/span><\/li>\n<li class=\"font_7\" style=\"text-align: justify\"><span style=\"color: #3366ff\">C<a style=\"color: #3366ff\" href=\"http:\/\/creativecommons.org\/choose\/results-one?license_code=by-nc-sa&amp;jurisdiction=es&amp;version=3.0&amp;lang=es_ES\" target=\"_blank\">\u00f3digo de m\u00e1quina o c\u00f3digo digital<br \/>\n<\/a><\/span><\/li>\n<\/ul>\n<\/div><\/div>\n<\/div>\n","protected":false},"excerpt":{"rendered":"<p>\u00bfQu\u00e9 es una licencia Creative Commons? as licencias Creative Commons brindan de manera gratuita \u00a0\u00abinstrumentos jur\u00eddicos\u00bb, que consisten en un conjunto de modelos de contratos de licenciamiento de derechos de autor. \u00c9stos ofrecen a los autores una forma simple y estandarizada de conceder permisos, al p\u00fablico en general, para compartir y usar su trabajo creativo bajo los t\u00e9rminos y condiciones de su elecci\u00f3n. \u00a0Las licencias CC expresan la voluntad del autor en relaci\u00f3n a los l\u00edmites y alcances de uso que pueden hacer otras personas, respecto a la copia, reproducci\u00f3n, modificaci\u00f3n, traducci\u00f3n y adaptaci\u00f3n de sus obras creativas. Las licencias Creative Commons no reemplazan al<a class=\"more-link\" href=\"https:\/\/ffyh.unc.edu.ar\/materiales-educativos-abiertos\/slider\/recursos-para-elaborar-material-educativo-abierto\/las-licencias-creative-commons\/condiciones-de-las-licencias-cc\/que-es-una-licencia-creative-commons\/\">Read More &rarr;<\/a><\/p>\n","protected":false},"author":22,"featured_media":0,"parent":99,"menu_order":0,"comment_status":"closed","ping_status":"closed","template":"","meta":{"_acf_changed":false,"_bbp_topic_count":0,"_bbp_reply_count":0,"_bbp_total_topic_count":0,"_bbp_total_reply_count":0,"_bbp_voice_count":0,"_bbp_anonymous_reply_count":0,"_bbp_topic_count_hidden":0,"_bbp_reply_count_hidden":0,"_bbp_forum_subforum_count":0,"footnotes":""},"class_list":["entry","page","publish","author-florencia","post-1155"],"acf":[],"yoast_head":"<!-- This site is optimized with the Yoast SEO plugin v27.1.1 - https:\/\/yoast.com\/product\/yoast-seo-wordpress\/ -->\n<title>\u00bfQu\u00e9 es una licencia Creative Commons? - Materiales Educativos Abiertos<\/title>\n<meta name=\"robots\" content=\"index, follow, max-snippet:-1, max-image-preview:large, max-video-preview:-1\" \/>\n<link rel=\"canonical\" href=\"https:\/\/ffyh.unc.edu.ar\/materiales-educativos-abiertos\/slider\/recursos-para-elaborar-material-educativo-abierto\/las-licencias-creative-commons\/condiciones-de-las-licencias-cc\/que-es-una-licencia-creative-commons\/\" \/>\n<meta property=\"og:locale\" content=\"es_ES\" \/>\n<meta property=\"og:type\" content=\"article\" \/>\n<meta property=\"og:title\" content=\"\u00bfQu\u00e9 es una licencia Creative Commons? - Materiales Educativos Abiertos\" \/>\n<meta property=\"og:description\" content=\"\u00bfQu\u00e9 es una licencia Creative Commons? as licencias Creative Commons brindan de manera gratuita \u00a0\u00abinstrumentos jur\u00eddicos\u00bb, que consisten en un conjunto de modelos de contratos de licenciamiento de derechos de autor. \u00c9stos ofrecen a los autores una forma simple y estandarizada de conceder permisos, al p\u00fablico en general, para compartir y usar su trabajo creativo bajo los t\u00e9rminos y condiciones de su elecci\u00f3n. \u00a0Las licencias CC expresan la voluntad del autor en relaci\u00f3n a los l\u00edmites y alcances de uso que pueden hacer otras personas, respecto a la copia, reproducci\u00f3n, modificaci\u00f3n, traducci\u00f3n y adaptaci\u00f3n de sus obras creativas. Las licencias Creative Commons no reemplazan alRead More &rarr;\" \/>\n<meta property=\"og:url\" content=\"https:\/\/ffyh.unc.edu.ar\/materiales-educativos-abiertos\/slider\/recursos-para-elaborar-material-educativo-abierto\/las-licencias-creative-commons\/condiciones-de-las-licencias-cc\/que-es-una-licencia-creative-commons\/\" \/>\n<meta property=\"og:site_name\" content=\"Materiales Educativos Abiertos\" \/>\n<meta property=\"og:image\" content=\"http:\/\/ffyh.unc.edu.ar\/materiales-educativos-abiertos\/wp-content\/uploads\/sites\/27\/2015\/07\/cefcf0_650a36ea6b9941f1a16482d6bb6fcea5.png\" \/>\n<meta name=\"twitter:card\" content=\"summary_large_image\" \/>\n<meta name=\"twitter:label1\" content=\"Tiempo de lectura\" \/>\n\t<meta name=\"twitter:data1\" content=\"2 minutos\" \/>\n<script type=\"application\/ld+json\" class=\"yoast-schema-graph\">{\"@context\":\"https:\/\/schema.org\",\"@graph\":[{\"@type\":\"WebPage\",\"@id\":\"https:\/\/ffyh.unc.edu.ar\/materiales-educativos-abiertos\/slider\/recursos-para-elaborar-material-educativo-abierto\/las-licencias-creative-commons\/condiciones-de-las-licencias-cc\/que-es-una-licencia-creative-commons\/\",\"url\":\"https:\/\/ffyh.unc.edu.ar\/materiales-educativos-abiertos\/slider\/recursos-para-elaborar-material-educativo-abierto\/las-licencias-creative-commons\/condiciones-de-las-licencias-cc\/que-es-una-licencia-creative-commons\/\",\"name\":\"\u00bfQu\u00e9 es una licencia Creative Commons? - Materiales Educativos Abiertos\",\"isPartOf\":{\"@id\":\"https:\/\/ffyh.unc.edu.ar\/materiales-educativos-abiertos\/#website\"},\"primaryImageOfPage\":{\"@id\":\"https:\/\/ffyh.unc.edu.ar\/materiales-educativos-abiertos\/slider\/recursos-para-elaborar-material-educativo-abierto\/las-licencias-creative-commons\/condiciones-de-las-licencias-cc\/que-es-una-licencia-creative-commons\/#primaryimage\"},\"image\":{\"@id\":\"https:\/\/ffyh.unc.edu.ar\/materiales-educativos-abiertos\/slider\/recursos-para-elaborar-material-educativo-abierto\/las-licencias-creative-commons\/condiciones-de-las-licencias-cc\/que-es-una-licencia-creative-commons\/#primaryimage\"},\"thumbnailUrl\":\"http:\/\/ffyh.unc.edu.ar\/materiales-educativos-abiertos\/wp-content\/uploads\/sites\/27\/2015\/07\/cefcf0_650a36ea6b9941f1a16482d6bb6fcea5.png\",\"datePublished\":\"2015-08-25T19:45:58+00:00\",\"breadcrumb\":{\"@id\":\"https:\/\/ffyh.unc.edu.ar\/materiales-educativos-abiertos\/slider\/recursos-para-elaborar-material-educativo-abierto\/las-licencias-creative-commons\/condiciones-de-las-licencias-cc\/que-es-una-licencia-creative-commons\/#breadcrumb\"},\"inLanguage\":\"es\",\"potentialAction\":[{\"@type\":\"ReadAction\",\"target\":[\"https:\/\/ffyh.unc.edu.ar\/materiales-educativos-abiertos\/slider\/recursos-para-elaborar-material-educativo-abierto\/las-licencias-creative-commons\/condiciones-de-las-licencias-cc\/que-es-una-licencia-creative-commons\/\"]}]},{\"@type\":\"ImageObject\",\"inLanguage\":\"es\",\"@id\":\"https:\/\/ffyh.unc.edu.ar\/materiales-educativos-abiertos\/slider\/recursos-para-elaborar-material-educativo-abierto\/las-licencias-creative-commons\/condiciones-de-las-licencias-cc\/que-es-una-licencia-creative-commons\/#primaryimage\",\"url\":\"https:\/\/ffyh.unc.edu.ar\/materiales-educativos-abiertos\/wp-content\/uploads\/sites\/27\/2015\/07\/cefcf0_650a36ea6b9941f1a16482d6bb6fcea5.png\",\"contentUrl\":\"https:\/\/ffyh.unc.edu.ar\/materiales-educativos-abiertos\/wp-content\/uploads\/sites\/27\/2015\/07\/cefcf0_650a36ea6b9941f1a16482d6bb6fcea5.png\",\"width\":296,\"height\":383},{\"@type\":\"BreadcrumbList\",\"@id\":\"https:\/\/ffyh.unc.edu.ar\/materiales-educativos-abiertos\/slider\/recursos-para-elaborar-material-educativo-abierto\/las-licencias-creative-commons\/condiciones-de-las-licencias-cc\/que-es-una-licencia-creative-commons\/#breadcrumb\",\"itemListElement\":[{\"@type\":\"ListItem\",\"position\":1,\"name\":\"Portada\",\"item\":\"https:\/\/ffyh.unc.edu.ar\/materiales-educativos-abiertos\/\"},{\"@type\":\"ListItem\",\"position\":2,\"name\":\"Inicio\",\"item\":\"https:\/\/ffyh.unc.edu.ar\/materiales-educativos-abiertos\/\"},{\"@type\":\"ListItem\",\"position\":3,\"name\":\"\u00bfQu\u00e9 aspectos considerar cuando se dise\u00f1a un material educativo abierto?\",\"item\":\"https:\/\/ffyh.unc.edu.ar\/materiales-educativos-abiertos\/slider\/recursos-para-elaborar-material-educativo-abierto\/\"},{\"@type\":\"ListItem\",\"position\":4,\"name\":\"Las \u00ablicencias libres\u00bb como alternativa\",\"item\":\"https:\/\/ffyh.unc.edu.ar\/materiales-educativos-abiertos\/slider\/recursos-para-elaborar-material-educativo-abierto\/las-licencias-creative-commons\/\"},{\"@type\":\"ListItem\",\"position\":5,\"name\":\"Las licencias de Creative Commons\",\"item\":\"https:\/\/ffyh.unc.edu.ar\/materiales-educativos-abiertos\/slider\/recursos-para-elaborar-material-educativo-abierto\/las-licencias-creative-commons\/condiciones-de-las-licencias-cc\/\"},{\"@type\":\"ListItem\",\"position\":6,\"name\":\"\u00bfQu\u00e9 es una licencia Creative Commons?\"}]},{\"@type\":\"WebSite\",\"@id\":\"https:\/\/ffyh.unc.edu.ar\/materiales-educativos-abiertos\/#website\",\"url\":\"https:\/\/ffyh.unc.edu.ar\/materiales-educativos-abiertos\/\",\"name\":\"Materiales Educativos Abiertos\",\"description\":\"\",\"potentialAction\":[{\"@type\":\"SearchAction\",\"target\":{\"@type\":\"EntryPoint\",\"urlTemplate\":\"https:\/\/ffyh.unc.edu.ar\/materiales-educativos-abiertos\/?s={search_term_string}\"},\"query-input\":{\"@type\":\"PropertyValueSpecification\",\"valueRequired\":true,\"valueName\":\"search_term_string\"}}],\"inLanguage\":\"es\"}]}<\/script>\n<!-- \/ Yoast SEO plugin. -->","yoast_head_json":{"title":"\u00bfQu\u00e9 es una licencia Creative Commons? - Materiales Educativos Abiertos","robots":{"index":"index","follow":"follow","max-snippet":"max-snippet:-1","max-image-preview":"max-image-preview:large","max-video-preview":"max-video-preview:-1"},"canonical":"https:\/\/ffyh.unc.edu.ar\/materiales-educativos-abiertos\/slider\/recursos-para-elaborar-material-educativo-abierto\/las-licencias-creative-commons\/condiciones-de-las-licencias-cc\/que-es-una-licencia-creative-commons\/","og_locale":"es_ES","og_type":"article","og_title":"\u00bfQu\u00e9 es una licencia Creative Commons? - Materiales Educativos Abiertos","og_description":"\u00bfQu\u00e9 es una licencia Creative Commons? as licencias Creative Commons brindan de manera gratuita \u00a0\u00abinstrumentos jur\u00eddicos\u00bb, que consisten en un conjunto de modelos de contratos de licenciamiento de derechos de autor. \u00c9stos ofrecen a los autores una forma simple y estandarizada de conceder permisos, al p\u00fablico en general, para compartir y usar su trabajo creativo bajo los t\u00e9rminos y condiciones de su elecci\u00f3n. \u00a0Las licencias CC expresan la voluntad del autor en relaci\u00f3n a los l\u00edmites y alcances de uso que pueden hacer otras personas, respecto a la copia, reproducci\u00f3n, modificaci\u00f3n, traducci\u00f3n y adaptaci\u00f3n de sus obras creativas. Las licencias Creative Commons no reemplazan alRead More &rarr;","og_url":"https:\/\/ffyh.unc.edu.ar\/materiales-educativos-abiertos\/slider\/recursos-para-elaborar-material-educativo-abierto\/las-licencias-creative-commons\/condiciones-de-las-licencias-cc\/que-es-una-licencia-creative-commons\/","og_site_name":"Materiales Educativos Abiertos","og_image":[{"url":"http:\/\/ffyh.unc.edu.ar\/materiales-educativos-abiertos\/wp-content\/uploads\/sites\/27\/2015\/07\/cefcf0_650a36ea6b9941f1a16482d6bb6fcea5.png","type":"","width":"","height":""}],"twitter_card":"summary_large_image","twitter_misc":{"Tiempo de lectura":"2 minutos"},"schema":{"@context":"https:\/\/schema.org","@graph":[{"@type":"WebPage","@id":"https:\/\/ffyh.unc.edu.ar\/materiales-educativos-abiertos\/slider\/recursos-para-elaborar-material-educativo-abierto\/las-licencias-creative-commons\/condiciones-de-las-licencias-cc\/que-es-una-licencia-creative-commons\/","url":"https:\/\/ffyh.unc.edu.ar\/materiales-educativos-abiertos\/slider\/recursos-para-elaborar-material-educativo-abierto\/las-licencias-creative-commons\/condiciones-de-las-licencias-cc\/que-es-una-licencia-creative-commons\/","name":"\u00bfQu\u00e9 es una licencia Creative Commons? - Materiales Educativos Abiertos","isPartOf":{"@id":"https:\/\/ffyh.unc.edu.ar\/materiales-educativos-abiertos\/#website"},"primaryImageOfPage":{"@id":"https:\/\/ffyh.unc.edu.ar\/materiales-educativos-abiertos\/slider\/recursos-para-elaborar-material-educativo-abierto\/las-licencias-creative-commons\/condiciones-de-las-licencias-cc\/que-es-una-licencia-creative-commons\/#primaryimage"},"image":{"@id":"https:\/\/ffyh.unc.edu.ar\/materiales-educativos-abiertos\/slider\/recursos-para-elaborar-material-educativo-abierto\/las-licencias-creative-commons\/condiciones-de-las-licencias-cc\/que-es-una-licencia-creative-commons\/#primaryimage"},"thumbnailUrl":"http:\/\/ffyh.unc.edu.ar\/materiales-educativos-abiertos\/wp-content\/uploads\/sites\/27\/2015\/07\/cefcf0_650a36ea6b9941f1a16482d6bb6fcea5.png","datePublished":"2015-08-25T19:45:58+00:00","breadcrumb":{"@id":"https:\/\/ffyh.unc.edu.ar\/materiales-educativos-abiertos\/slider\/recursos-para-elaborar-material-educativo-abierto\/las-licencias-creative-commons\/condiciones-de-las-licencias-cc\/que-es-una-licencia-creative-commons\/#breadcrumb"},"inLanguage":"es","potentialAction":[{"@type":"ReadAction","target":["https:\/\/ffyh.unc.edu.ar\/materiales-educativos-abiertos\/slider\/recursos-para-elaborar-material-educativo-abierto\/las-licencias-creative-commons\/condiciones-de-las-licencias-cc\/que-es-una-licencia-creative-commons\/"]}]},{"@type":"ImageObject","inLanguage":"es","@id":"https:\/\/ffyh.unc.edu.ar\/materiales-educativos-abiertos\/slider\/recursos-para-elaborar-material-educativo-abierto\/las-licencias-creative-commons\/condiciones-de-las-licencias-cc\/que-es-una-licencia-creative-commons\/#primaryimage","url":"https:\/\/ffyh.unc.edu.ar\/materiales-educativos-abiertos\/wp-content\/uploads\/sites\/27\/2015\/07\/cefcf0_650a36ea6b9941f1a16482d6bb6fcea5.png","contentUrl":"https:\/\/ffyh.unc.edu.ar\/materiales-educativos-abiertos\/wp-content\/uploads\/sites\/27\/2015\/07\/cefcf0_650a36ea6b9941f1a16482d6bb6fcea5.png","width":296,"height":383},{"@type":"BreadcrumbList","@id":"https:\/\/ffyh.unc.edu.ar\/materiales-educativos-abiertos\/slider\/recursos-para-elaborar-material-educativo-abierto\/las-licencias-creative-commons\/condiciones-de-las-licencias-cc\/que-es-una-licencia-creative-commons\/#breadcrumb","itemListElement":[{"@type":"ListItem","position":1,"name":"Portada","item":"https:\/\/ffyh.unc.edu.ar\/materiales-educativos-abiertos\/"},{"@type":"ListItem","position":2,"name":"Inicio","item":"https:\/\/ffyh.unc.edu.ar\/materiales-educativos-abiertos\/"},{"@type":"ListItem","position":3,"name":"\u00bfQu\u00e9 aspectos considerar cuando se dise\u00f1a un material educativo abierto?","item":"https:\/\/ffyh.unc.edu.ar\/materiales-educativos-abiertos\/slider\/recursos-para-elaborar-material-educativo-abierto\/"},{"@type":"ListItem","position":4,"name":"Las \u00ablicencias libres\u00bb como alternativa","item":"https:\/\/ffyh.unc.edu.ar\/materiales-educativos-abiertos\/slider\/recursos-para-elaborar-material-educativo-abierto\/las-licencias-creative-commons\/"},{"@type":"ListItem","position":5,"name":"Las licencias de Creative Commons","item":"https:\/\/ffyh.unc.edu.ar\/materiales-educativos-abiertos\/slider\/recursos-para-elaborar-material-educativo-abierto\/las-licencias-creative-commons\/condiciones-de-las-licencias-cc\/"},{"@type":"ListItem","position":6,"name":"\u00bfQu\u00e9 es una licencia Creative Commons?"}]},{"@type":"WebSite","@id":"https:\/\/ffyh.unc.edu.ar\/materiales-educativos-abiertos\/#website","url":"https:\/\/ffyh.unc.edu.ar\/materiales-educativos-abiertos\/","name":"Materiales Educativos Abiertos","description":"","potentialAction":[{"@type":"SearchAction","target":{"@type":"EntryPoint","urlTemplate":"https:\/\/ffyh.unc.edu.ar\/materiales-educativos-abiertos\/?s={search_term_string}"},"query-input":{"@type":"PropertyValueSpecification","valueRequired":true,"valueName":"search_term_string"}}],"inLanguage":"es"}]}},"_links":{"self":[{"href":"https:\/\/ffyh.unc.edu.ar\/materiales-educativos-abiertos\/wp-json\/wp\/v2\/pages\/1155","targetHints":{"allow":["GET"]}}],"collection":[{"href":"https:\/\/ffyh.unc.edu.ar\/materiales-educativos-abiertos\/wp-json\/wp\/v2\/pages"}],"about":[{"href":"https:\/\/ffyh.unc.edu.ar\/materiales-educativos-abiertos\/wp-json\/wp\/v2\/types\/page"}],"author":[{"embeddable":true,"href":"https:\/\/ffyh.unc.edu.ar\/materiales-educativos-abiertos\/wp-json\/wp\/v2\/users\/22"}],"replies":[{"embeddable":true,"href":"https:\/\/ffyh.unc.edu.ar\/materiales-educativos-abiertos\/wp-json\/wp\/v2\/comments?post=1155"}],"version-history":[{"count":0,"href":"https:\/\/ffyh.unc.edu.ar\/materiales-educativos-abiertos\/wp-json\/wp\/v2\/pages\/1155\/revisions"}],"up":[{"embeddable":true,"href":"https:\/\/ffyh.unc.edu.ar\/materiales-educativos-abiertos\/wp-json\/wp\/v2\/pages\/99"}],"wp:attachment":[{"href":"https:\/\/ffyh.unc.edu.ar\/materiales-educativos-abiertos\/wp-json\/wp\/v2\/media?parent=1155"}],"curies":[{"name":"wp","href":"https:\/\/api.w.org\/{rel}","templated":true}]}}