{"id":1165,"date":"2015-08-26T16:56:44","date_gmt":"2015-08-26T16:56:44","guid":{"rendered":"http:\/\/www.ffyh.unc.edu.ar\/materiales-educativos-abiertos\/?page_id=1165"},"modified":"2017-12-21T15:09:13","modified_gmt":"2017-12-21T15:09:13","slug":"donde-publico-mi-mi-material-educativo-abierto","status":"publish","type":"page","link":"https:\/\/ffyh.unc.edu.ar\/materiales-educativos-abiertos\/slider\/donde-publico-mi-mi-material-educativo-abierto\/","title":{"rendered":"\u00bfD\u00f3nde publico mi material educativo abierto?"},"content":{"rendered":"<h1 style=\"text-align: center\"><span style=\"color: #3366ff\">\u00bfD\u00f3nde publico mi material educativo abierto?<\/span><\/h1>\n<span class=\"su-dropcap su-dropcap-style-flat\" style=\"font-size:2.5em\">S<\/span>\n<p style=\"text-align: justify\">i bien, el Internet ofrece una gama de herramientas y aplicaciones para publicar nuestro material educativo abierto, existen espacios virtuales llamados \u00abRepositorios Digitales\u00bb, en donde se pueden publicar trabajos que presenten una propuesta concreta de ense\u00f1anza y\/o una investigaci\u00f3n cuyo desarrollo te\u00f3rico se vincule con la ense\u00f1anza.<\/p>\n<p style=\"text-align: justify\"><div class=\"su-spoiler su-spoiler-style-simple su-spoiler-icon-plus su-spoiler-closed\" data-scroll-offset=\"0\" data-anchor-in-url=\"no\"><div class=\"su-spoiler-title\" tabindex=\"0\" role=\"button\"><span class=\"su-spoiler-icon\"><\/span><strong>\u00bfQu\u00e9 es un Repositorio Institucional?<\/strong><\/div><div class=\"su-spoiler-content su-u-clearfix su-u-trim\"> Es \u201cun conjunto de servicios que una o varias Instituciones ofrecen a los miembros de su comunidad para la gesti\u00f3n y la difusi\u00f3n de los materiales digitales creados por la Instituci\u00f3n y su comunidad de miembros. Esencialmente supone un compromiso de organizaci\u00f3n para el control de esos contenidos (pol\u00edticas), incluyendo su preservaci\u00f3n en el tiempo as\u00ed como su organizaci\u00f3n y acceso o distribuci\u00f3n con el fin de maximizar la visibilidad e impacto en l\u00ednea\u201d, Lynch (2003). Adem\u00e1s de la funci\u00f3n de almacenamiento, los repositorios posibilitan la organizaci\u00f3n, preservaci\u00f3n, archivo y difusi\u00f3n de la producci\u00f3n intelectual en diferentes formatos que es elaborada por los agentes de las instituciones.<\/div><\/div>\n<h6 style=\"text-align: justify\"><span class=\"su-label su-label-type-info\">Actividad<\/span><\/h6>\n<p style=\"text-align: justify\"><div class=\"su-note\"  style=\"border-color:#F8F8F8 ;border-radius:5px;-moz-border-radius:5px;-webkit-border-radius:5px;\"><div class=\"su-note-inner su-u-clearfix su-u-trim\" style=\"background-color:#F8F8F8 ;border-color:#F8F8F8 ;color:#333333;border-radius:5px;-moz-border-radius:5px;-webkit-border-radius:5px;\"> <a href=\"http:\/\/ffyh.unc.edu.ar\/materiales-educativos-abiertos\/wp-content\/uploads\/sites\/27\/2015\/07\/iconito-1.png\"><img loading=\"lazy\" decoding=\"async\" class=\"wp-image-2108 alignleft\" src=\"http:\/\/ffyh.unc.edu.ar\/materiales-educativos-abiertos\/wp-content\/uploads\/sites\/27\/2015\/07\/iconito-1.png\" alt=\"iconito-1\" width=\"76\" height=\"76\" srcset=\"https:\/\/ffyh.unc.edu.ar\/materiales-educativos-abiertos\/wp-content\/uploads\/sites\/27\/2015\/07\/iconito-1.png 300w, https:\/\/ffyh.unc.edu.ar\/materiales-educativos-abiertos\/wp-content\/uploads\/sites\/27\/2015\/07\/iconito-1-150x150.png 150w\" sizes=\"auto, (max-width: 76px) 100vw, 76px\" \/><\/a>Los invitamos a mirar el siguiente v\u00eddeo para comprender mejor qu\u00e9 es un repositorio digital, adem\u00e1s de los beneficios que supone este nuevo espacio de publicaci\u00f3n y circulaci\u00f3n de sus producciones.<\/p>\n<div align=\"center\"><strong><a id=\"69e169b0987c0\" rel=\"wp-video-lightbox\" href=\"https:\/\/www.youtube.com\/watch?v=vv9wkBylpUE&#038;width=640&#038;height=480\" title=\"\"><div class=\"wpvl_auto_thumb_box_wrapper\"><div class=\"wpvl_auto_thumb_box\"><img decoding=\"async\" src=\"https:\/\/img.youtube.com\/vi\/vv9wkBylpUE\/0.jpg\" class=\"video_lightbox_auto_anchor_image\" alt=\"\" \/><div class=\"wpvl_auto_thumb_play\"><img decoding=\"async\" src=\"https:\/\/ffyh.unc.edu.ar\/materiales-educativos-abiertos\/wp-content\/plugins\/wp-video-lightbox\/images\/play.png\" class=\"wpvl_playbutton\" \/><\/div><\/div><\/div><\/a>    <script>\r\n    \/* <![CDATA[ *\/\r\n    jQuery(document).ready(function($){\r\n        $(function(){\r\n            var width = $(window).innerWidth();\r\n            var setwidth = parseFloat(640);\r\n            var ratio = parseFloat(0.75);\r\n            var height = parseFloat(480);\r\n            var link = 'https:\/\/www.youtube.com\/watch?v=vv9wkBylpUE&amp;width=640&amp;height=480';\r\n            if(width < setwidth)\r\n            {\r\n                height = Math.floor(width * 0.75);\r\n                \/\/console.log(\"device width \"+width+\", set width \"+640+\", ratio \"+0.75+\", new height \"+ height);\r\n                var new_url = wpvl_paramReplace('width', link, width);\r\n                var new_url = wpvl_paramReplace('height', new_url, height);\r\n                $(\"a#69e169b0987c0\").attr('href', new_url);\r\n                \/\/console.log(new_url);\r\n            }\r\n        });\r\n    });\r\n    \/* ]]> *\/\r\n    <\/script><\/strong><\/div><\/div><\/div>\n<p>&nbsp;<\/p>\n<h6 style=\"text-align: justify\"><span class=\"su-label su-label-type-info\">Investiga en la web<\/span><\/h6>\n<p style=\"text-align: justify\"><div class=\"su-note\"  style=\"border-color:#F8F8F8 ;border-radius:5px;-moz-border-radius:5px;-webkit-border-radius:5px;\"><div class=\"su-note-inner su-u-clearfix su-u-trim\" style=\"background-color:#F8F8F8 ;border-color:#F8F8F8 ;color:#333333;border-radius:5px;-moz-border-radius:5px;-webkit-border-radius:5px;\"> <a href=\"http:\/\/ffyh.unc.edu.ar\/materiales-educativos-abiertos\/wp-content\/uploads\/sites\/27\/2015\/07\/iconito-5.png\"><img loading=\"lazy\" decoding=\"async\" class=\"wp-image-2112 alignleft\" src=\"http:\/\/ffyh.unc.edu.ar\/materiales-educativos-abiertos\/wp-content\/uploads\/sites\/27\/2015\/07\/iconito-5.png\" alt=\"iconito-5\" width=\"99\" height=\"99\" srcset=\"https:\/\/ffyh.unc.edu.ar\/materiales-educativos-abiertos\/wp-content\/uploads\/sites\/27\/2015\/07\/iconito-5.png 300w, https:\/\/ffyh.unc.edu.ar\/materiales-educativos-abiertos\/wp-content\/uploads\/sites\/27\/2015\/07\/iconito-5-150x150.png 150w\" sizes=\"auto, (max-width: 99px) 100vw, 99px\" \/><\/a>Babini nos comenta en este v\u00eddeo, que en nuestro pa\u00eds, existe una ley sobre el acceso abierto. \u00c9sta fue sancionada en noviembre de 2013 y reglamentada en 2016; se trata de la\u00a0<strong>Ley 26899: Creaci\u00f3n de Repositorios Digitales Institucionales de Acceso Abierto, Propios o Compartidos.\u00a0 <\/strong>Por ello, sugerimos hagan una lectura de la misma.\u00a0<\/div><\/div>\n<h6 style=\"text-align: justify\"><span class=\"su-label su-label-type-info\">Lectura sugerida<\/span><\/h6>\n<div class=\"su-note\"  style=\"border-color:#F8F8F8 ;border-radius:5px;-moz-border-radius:5px;-webkit-border-radius:5px;\"><div class=\"su-note-inner su-u-clearfix su-u-trim\" style=\"background-color:#F8F8F8 ;border-color:#F8F8F8 ;color:#333333;border-radius:5px;-moz-border-radius:5px;-webkit-border-radius:5px;\"><a href=\"http:\/\/ffyh.unc.edu.ar\/materiales-educativos-abiertos\/wp-content\/uploads\/sites\/27\/2015\/07\/iconito-6.png\"><img loading=\"lazy\" decoding=\"async\" class=\"wp-image-2121 alignleft\" src=\"http:\/\/ffyh.unc.edu.ar\/materiales-educativos-abiertos\/wp-content\/uploads\/sites\/27\/2015\/07\/iconito-6.png\" alt=\"iconito-6\" width=\"85\" height=\"85\" srcset=\"https:\/\/ffyh.unc.edu.ar\/materiales-educativos-abiertos\/wp-content\/uploads\/sites\/27\/2015\/07\/iconito-6.png 300w, https:\/\/ffyh.unc.edu.ar\/materiales-educativos-abiertos\/wp-content\/uploads\/sites\/27\/2015\/07\/iconito-6-150x150.png 150w\" sizes=\"auto, (max-width: 85px) 100vw, 85px\" \/><\/a><span style=\"font-size: 14px\">\u00a0<\/span><\/p>\n<p><span style=\"font-size: 14px\"><a href=\"http:\/\/www.pillku.org\/article\/cuando-lo-abierto-transforma-aportes-para-pensar-q\/\" target=\"_blank\" rel=\"noopener\">Cuando lo abierto transforma: aportes para pensar que quiz\u00e1s es momento de llegar a lo \u201clibre\u201d, por Ana Almada<\/a>\u00a0 \u00a0<\/div><\/div>\u00a0<\/span><\/p>\n","protected":false},"excerpt":{"rendered":"<p>\u00bfD\u00f3nde publico mi material educativo abierto? i bien, el Internet ofrece una gama de herramientas y aplicaciones para publicar nuestro material educativo abierto, existen espacios virtuales llamados \u00abRepositorios Digitales\u00bb, en donde se pueden publicar trabajos que presenten una propuesta concreta de ense\u00f1anza y\/o una investigaci\u00f3n cuyo desarrollo te\u00f3rico se vincule con la ense\u00f1anza. &nbsp; \u00a0<a class=\"more-link\" href=\"https:\/\/ffyh.unc.edu.ar\/materiales-educativos-abiertos\/slider\/donde-publico-mi-mi-material-educativo-abierto\/\">Read More &rarr;<\/a><\/p>\n","protected":false},"author":22,"featured_media":0,"parent":297,"menu_order":0,"comment_status":"closed","ping_status":"closed","template":"","meta":{"_acf_changed":false,"_bbp_topic_count":0,"_bbp_reply_count":0,"_bbp_total_topic_count":0,"_bbp_total_reply_count":0,"_bbp_voice_count":0,"_bbp_anonymous_reply_count":0,"_bbp_topic_count_hidden":0,"_bbp_reply_count_hidden":0,"_bbp_forum_subforum_count":0,"footnotes":""},"class_list":["entry","page","publish","author-florencia","post-1165"],"acf":[],"yoast_head":"<!-- This site is optimized with the Yoast SEO plugin v27.1.1 - https:\/\/yoast.com\/product\/yoast-seo-wordpress\/ -->\n<title>\u00bfD\u00f3nde publico mi material educativo abierto? - Materiales Educativos Abiertos<\/title>\n<meta name=\"robots\" content=\"index, follow, max-snippet:-1, max-image-preview:large, max-video-preview:-1\" \/>\n<link rel=\"canonical\" href=\"https:\/\/ffyh.unc.edu.ar\/materiales-educativos-abiertos\/slider\/donde-publico-mi-mi-material-educativo-abierto\/\" \/>\n<meta property=\"og:locale\" content=\"es_ES\" \/>\n<meta property=\"og:type\" content=\"article\" \/>\n<meta property=\"og:title\" content=\"\u00bfD\u00f3nde publico mi material educativo abierto? - Materiales Educativos Abiertos\" \/>\n<meta property=\"og:description\" content=\"\u00bfD\u00f3nde publico mi material educativo abierto? i bien, el Internet ofrece una gama de herramientas y aplicaciones para publicar nuestro material educativo abierto, existen espacios virtuales llamados \u00abRepositorios Digitales\u00bb, en donde se pueden publicar trabajos que presenten una propuesta concreta de ense\u00f1anza y\/o una investigaci\u00f3n cuyo desarrollo te\u00f3rico se vincule con la ense\u00f1anza. &nbsp; \u00a0Read More &rarr;\" \/>\n<meta property=\"og:url\" content=\"https:\/\/ffyh.unc.edu.ar\/materiales-educativos-abiertos\/slider\/donde-publico-mi-mi-material-educativo-abierto\/\" \/>\n<meta property=\"og:site_name\" content=\"Materiales Educativos Abiertos\" \/>\n<meta property=\"article:modified_time\" content=\"2017-12-21T15:09:13+00:00\" \/>\n<meta property=\"og:image\" content=\"http:\/\/ffyh.unc.edu.ar\/materiales-educativos-abiertos\/wp-content\/uploads\/sites\/27\/2015\/07\/iconito-1.png\" \/>\n<meta name=\"twitter:card\" content=\"summary_large_image\" \/>\n<meta name=\"twitter:label1\" content=\"Tiempo de lectura\" \/>\n\t<meta name=\"twitter:data1\" content=\"2 minutos\" \/>\n<script type=\"application\/ld+json\" class=\"yoast-schema-graph\">{\"@context\":\"https:\/\/schema.org\",\"@graph\":[{\"@type\":\"WebPage\",\"@id\":\"https:\/\/ffyh.unc.edu.ar\/materiales-educativos-abiertos\/slider\/donde-publico-mi-mi-material-educativo-abierto\/\",\"url\":\"https:\/\/ffyh.unc.edu.ar\/materiales-educativos-abiertos\/slider\/donde-publico-mi-mi-material-educativo-abierto\/\",\"name\":\"\u00bfD\u00f3nde publico mi material educativo abierto? - Materiales Educativos Abiertos\",\"isPartOf\":{\"@id\":\"https:\/\/ffyh.unc.edu.ar\/materiales-educativos-abiertos\/#website\"},\"primaryImageOfPage\":{\"@id\":\"https:\/\/ffyh.unc.edu.ar\/materiales-educativos-abiertos\/slider\/donde-publico-mi-mi-material-educativo-abierto\/#primaryimage\"},\"image\":{\"@id\":\"https:\/\/ffyh.unc.edu.ar\/materiales-educativos-abiertos\/slider\/donde-publico-mi-mi-material-educativo-abierto\/#primaryimage\"},\"thumbnailUrl\":\"http:\/\/ffyh.unc.edu.ar\/materiales-educativos-abiertos\/wp-content\/uploads\/sites\/27\/2015\/07\/iconito-1.png\",\"datePublished\":\"2015-08-26T16:56:44+00:00\",\"dateModified\":\"2017-12-21T15:09:13+00:00\",\"breadcrumb\":{\"@id\":\"https:\/\/ffyh.unc.edu.ar\/materiales-educativos-abiertos\/slider\/donde-publico-mi-mi-material-educativo-abierto\/#breadcrumb\"},\"inLanguage\":\"es\",\"potentialAction\":[{\"@type\":\"ReadAction\",\"target\":[\"https:\/\/ffyh.unc.edu.ar\/materiales-educativos-abiertos\/slider\/donde-publico-mi-mi-material-educativo-abierto\/\"]}]},{\"@type\":\"ImageObject\",\"inLanguage\":\"es\",\"@id\":\"https:\/\/ffyh.unc.edu.ar\/materiales-educativos-abiertos\/slider\/donde-publico-mi-mi-material-educativo-abierto\/#primaryimage\",\"url\":\"http:\/\/ffyh.unc.edu.ar\/materiales-educativos-abiertos\/wp-content\/uploads\/sites\/27\/2015\/07\/iconito-1.png\",\"contentUrl\":\"http:\/\/ffyh.unc.edu.ar\/materiales-educativos-abiertos\/wp-content\/uploads\/sites\/27\/2015\/07\/iconito-1.png\"},{\"@type\":\"BreadcrumbList\",\"@id\":\"https:\/\/ffyh.unc.edu.ar\/materiales-educativos-abiertos\/slider\/donde-publico-mi-mi-material-educativo-abierto\/#breadcrumb\",\"itemListElement\":[{\"@type\":\"ListItem\",\"position\":1,\"name\":\"Portada\",\"item\":\"https:\/\/ffyh.unc.edu.ar\/materiales-educativos-abiertos\/\"},{\"@type\":\"ListItem\",\"position\":2,\"name\":\"Inicio\",\"item\":\"https:\/\/ffyh.unc.edu.ar\/materiales-educativos-abiertos\/\"},{\"@type\":\"ListItem\",\"position\":3,\"name\":\"\u00bfD\u00f3nde publico mi material educativo abierto?\"}]},{\"@type\":\"WebSite\",\"@id\":\"https:\/\/ffyh.unc.edu.ar\/materiales-educativos-abiertos\/#website\",\"url\":\"https:\/\/ffyh.unc.edu.ar\/materiales-educativos-abiertos\/\",\"name\":\"Materiales Educativos Abiertos\",\"description\":\"\",\"potentialAction\":[{\"@type\":\"SearchAction\",\"target\":{\"@type\":\"EntryPoint\",\"urlTemplate\":\"https:\/\/ffyh.unc.edu.ar\/materiales-educativos-abiertos\/?s={search_term_string}\"},\"query-input\":{\"@type\":\"PropertyValueSpecification\",\"valueRequired\":true,\"valueName\":\"search_term_string\"}}],\"inLanguage\":\"es\"}]}<\/script>\n<!-- \/ Yoast SEO plugin. -->","yoast_head_json":{"title":"\u00bfD\u00f3nde publico mi material educativo abierto? - Materiales Educativos Abiertos","robots":{"index":"index","follow":"follow","max-snippet":"max-snippet:-1","max-image-preview":"max-image-preview:large","max-video-preview":"max-video-preview:-1"},"canonical":"https:\/\/ffyh.unc.edu.ar\/materiales-educativos-abiertos\/slider\/donde-publico-mi-mi-material-educativo-abierto\/","og_locale":"es_ES","og_type":"article","og_title":"\u00bfD\u00f3nde publico mi material educativo abierto? - Materiales Educativos Abiertos","og_description":"\u00bfD\u00f3nde publico mi material educativo abierto? i bien, el Internet ofrece una gama de herramientas y aplicaciones para publicar nuestro material educativo abierto, existen espacios virtuales llamados \u00abRepositorios Digitales\u00bb, en donde se pueden publicar trabajos que presenten una propuesta concreta de ense\u00f1anza y\/o una investigaci\u00f3n cuyo desarrollo te\u00f3rico se vincule con la ense\u00f1anza. &nbsp; \u00a0Read More &rarr;","og_url":"https:\/\/ffyh.unc.edu.ar\/materiales-educativos-abiertos\/slider\/donde-publico-mi-mi-material-educativo-abierto\/","og_site_name":"Materiales Educativos Abiertos","article_modified_time":"2017-12-21T15:09:13+00:00","og_image":[{"url":"http:\/\/ffyh.unc.edu.ar\/materiales-educativos-abiertos\/wp-content\/uploads\/sites\/27\/2015\/07\/iconito-1.png","type":"","width":"","height":""}],"twitter_card":"summary_large_image","twitter_misc":{"Tiempo de lectura":"2 minutos"},"schema":{"@context":"https:\/\/schema.org","@graph":[{"@type":"WebPage","@id":"https:\/\/ffyh.unc.edu.ar\/materiales-educativos-abiertos\/slider\/donde-publico-mi-mi-material-educativo-abierto\/","url":"https:\/\/ffyh.unc.edu.ar\/materiales-educativos-abiertos\/slider\/donde-publico-mi-mi-material-educativo-abierto\/","name":"\u00bfD\u00f3nde publico mi material educativo abierto? - Materiales Educativos Abiertos","isPartOf":{"@id":"https:\/\/ffyh.unc.edu.ar\/materiales-educativos-abiertos\/#website"},"primaryImageOfPage":{"@id":"https:\/\/ffyh.unc.edu.ar\/materiales-educativos-abiertos\/slider\/donde-publico-mi-mi-material-educativo-abierto\/#primaryimage"},"image":{"@id":"https:\/\/ffyh.unc.edu.ar\/materiales-educativos-abiertos\/slider\/donde-publico-mi-mi-material-educativo-abierto\/#primaryimage"},"thumbnailUrl":"http:\/\/ffyh.unc.edu.ar\/materiales-educativos-abiertos\/wp-content\/uploads\/sites\/27\/2015\/07\/iconito-1.png","datePublished":"2015-08-26T16:56:44+00:00","dateModified":"2017-12-21T15:09:13+00:00","breadcrumb":{"@id":"https:\/\/ffyh.unc.edu.ar\/materiales-educativos-abiertos\/slider\/donde-publico-mi-mi-material-educativo-abierto\/#breadcrumb"},"inLanguage":"es","potentialAction":[{"@type":"ReadAction","target":["https:\/\/ffyh.unc.edu.ar\/materiales-educativos-abiertos\/slider\/donde-publico-mi-mi-material-educativo-abierto\/"]}]},{"@type":"ImageObject","inLanguage":"es","@id":"https:\/\/ffyh.unc.edu.ar\/materiales-educativos-abiertos\/slider\/donde-publico-mi-mi-material-educativo-abierto\/#primaryimage","url":"http:\/\/ffyh.unc.edu.ar\/materiales-educativos-abiertos\/wp-content\/uploads\/sites\/27\/2015\/07\/iconito-1.png","contentUrl":"http:\/\/ffyh.unc.edu.ar\/materiales-educativos-abiertos\/wp-content\/uploads\/sites\/27\/2015\/07\/iconito-1.png"},{"@type":"BreadcrumbList","@id":"https:\/\/ffyh.unc.edu.ar\/materiales-educativos-abiertos\/slider\/donde-publico-mi-mi-material-educativo-abierto\/#breadcrumb","itemListElement":[{"@type":"ListItem","position":1,"name":"Portada","item":"https:\/\/ffyh.unc.edu.ar\/materiales-educativos-abiertos\/"},{"@type":"ListItem","position":2,"name":"Inicio","item":"https:\/\/ffyh.unc.edu.ar\/materiales-educativos-abiertos\/"},{"@type":"ListItem","position":3,"name":"\u00bfD\u00f3nde publico mi material educativo abierto?"}]},{"@type":"WebSite","@id":"https:\/\/ffyh.unc.edu.ar\/materiales-educativos-abiertos\/#website","url":"https:\/\/ffyh.unc.edu.ar\/materiales-educativos-abiertos\/","name":"Materiales Educativos Abiertos","description":"","potentialAction":[{"@type":"SearchAction","target":{"@type":"EntryPoint","urlTemplate":"https:\/\/ffyh.unc.edu.ar\/materiales-educativos-abiertos\/?s={search_term_string}"},"query-input":{"@type":"PropertyValueSpecification","valueRequired":true,"valueName":"search_term_string"}}],"inLanguage":"es"}]}},"_links":{"self":[{"href":"https:\/\/ffyh.unc.edu.ar\/materiales-educativos-abiertos\/wp-json\/wp\/v2\/pages\/1165","targetHints":{"allow":["GET"]}}],"collection":[{"href":"https:\/\/ffyh.unc.edu.ar\/materiales-educativos-abiertos\/wp-json\/wp\/v2\/pages"}],"about":[{"href":"https:\/\/ffyh.unc.edu.ar\/materiales-educativos-abiertos\/wp-json\/wp\/v2\/types\/page"}],"author":[{"embeddable":true,"href":"https:\/\/ffyh.unc.edu.ar\/materiales-educativos-abiertos\/wp-json\/wp\/v2\/users\/22"}],"replies":[{"embeddable":true,"href":"https:\/\/ffyh.unc.edu.ar\/materiales-educativos-abiertos\/wp-json\/wp\/v2\/comments?post=1165"}],"version-history":[{"count":2,"href":"https:\/\/ffyh.unc.edu.ar\/materiales-educativos-abiertos\/wp-json\/wp\/v2\/pages\/1165\/revisions"}],"predecessor-version":[{"id":3118,"href":"https:\/\/ffyh.unc.edu.ar\/materiales-educativos-abiertos\/wp-json\/wp\/v2\/pages\/1165\/revisions\/3118"}],"up":[{"embeddable":true,"href":"https:\/\/ffyh.unc.edu.ar\/materiales-educativos-abiertos\/wp-json\/wp\/v2\/pages\/297"}],"wp:attachment":[{"href":"https:\/\/ffyh.unc.edu.ar\/materiales-educativos-abiertos\/wp-json\/wp\/v2\/media?parent=1165"}],"curies":[{"name":"wp","href":"https:\/\/api.w.org\/{rel}","templated":true}]}}