{"id":1238,"date":"2015-08-29T21:26:19","date_gmt":"2015-08-29T21:26:19","guid":{"rendered":"http:\/\/www.ffyh.unc.edu.ar\/materiales-educativos-abiertos\/?page_id=1238"},"modified":"2018-11-13T14:23:26","modified_gmt":"2018-11-13T14:23:26","slug":"copyleft","status":"publish","type":"page","link":"https:\/\/ffyh.unc.edu.ar\/materiales-educativos-abiertos\/slider\/recursos-para-elaborar-material-educativo-abierto\/las-licencias-creative-commons\/copyleft\/","title":{"rendered":"Copyleft"},"content":{"rendered":"<h1 style=\"text-align: center\"><span style=\"color: #0000ff;font-size: 28px\">Copyleft<\/span><\/h1>\n<span class=\"su-dropcap su-dropcap-style-flat\" style=\"font-size:2.5em\">C<\/span>\n<p style=\"text-align: justify\">opyleft es el t\u00e9rmino que usa el \u00e1mbito inform\u00e1tico, y que tambi\u00e9n\u00a0se aplica para las obras literarias y art\u00edsticas, para nombrar un tipo de protecci\u00f3n jur\u00eddica que conceden algunas licencias las cu\u00e1les garantizan a cualquier usuario el derecho a utilizar, modificar y redistribuir un programa u obra o sus derivados, siempre y cuando conserven las mismas condiciones de utilizaci\u00f3n y difusi\u00f3n.<\/p>\n<p>En otras palabras <em>Copyleft <\/em>es\u00a0<span style=\"font-size: 16px\"><em><span style=\"font-family: 'book antiqua', palatino, serif\">\u00abun grupo de licencias cuyo objetivo es garantizar que cada persona que recibe una copia de una obra pueda a su vez usar, modificar y redistribuir el propio trabajo y las versiones derivadas del mismo. Unas veces se permite el uso comercial de dichos trabajos y en otras ocasiones no, dependiendo que derechos quiera ceder el autor.\u00bb (Fundaci\u00f3n Copyleft,2015)<\/span><\/em><\/span><\/p>\n<div align=\"center\"><a id=\"69f8ffef8c3aa\" rel=\"wp-video-lightbox\" href=\"https:\/\/vimeo.com\/90112691?width=800&#038;height=450\" title=\"\"><div class=\"wpvl_auto_thumb_box_wrapper\"><div class=\"wpvl_auto_thumb_box\"><img decoding=\"async\" src=\"https:\/\/i.vimeocdn.com\/video\/469164167-8d08db94629d6f87a9c43771d47d3fa168fd49fce24ec922ac0dd5405cef7a4a-d_640?region=us\" class=\"video_lightbox_auto_anchor_image\" alt=\"\" \/><div class=\"wpvl_auto_thumb_play\"><img decoding=\"async\" src=\"https:\/\/ffyh.unc.edu.ar\/materiales-educativos-abiertos\/wp-content\/plugins\/wp-video-lightbox\/images\/play.png\" class=\"wpvl_playbutton\" \/><\/div><\/div><\/div><\/a>    <script>\r\n    \/* <![CDATA[ *\/\r\n    jQuery(document).ready(function($){\r\n        $(function(){\r\n            var width = $(window).innerWidth();\r\n            var setwidth = parseFloat(800);\r\n            var ratio = parseFloat(0.5625);\r\n            var height = parseFloat(450);\r\n            var link = 'https:\/\/vimeo.com\/90112691?width=800&amp;height=450';\r\n            if(width < setwidth)\r\n            {\r\n                height = Math.floor(width * 0.5625);\r\n                \/\/console.log(\"device width \"+width+\", set width \"+800+\", ratio \"+0.5625+\", new height \"+ height);\r\n                var new_url = wpvl_paramReplace('width', link, width);\r\n                var new_url = wpvl_paramReplace('height', new_url, height);\r\n                $(\"a#69f8ffef8c3aa\").attr('href', new_url);\r\n                \/\/console.log(new_url);\r\n            }\r\n        });\r\n    });\r\n    \/* ]]> *\/\r\n    <\/script><\/div>\n<p>&nbsp;<\/p>\n<h2 style=\"text-align: justify\"><span style=\"color: #3366ff\"><strong>Las libertades de Copyleft<\/strong><\/span><\/h2>\n<div align=\"center\">\n<p><img loading=\"lazy\" decoding=\"async\" class=\"alignleft wp-image-1384\" src=\"http:\/\/ffyh.unc.edu.ar\/materiales-educativos-abiertos\/wp-content\/uploads\/sites\/27\/2015\/08\/sobre-el-procomun-colaborabora.jpg\" alt=\"\" width=\"408\" height=\"306\" srcset=\"https:\/\/ffyh.unc.edu.ar\/materiales-educativos-abiertos\/wp-content\/uploads\/sites\/27\/2015\/08\/sobre-el-procomun-colaborabora.jpg 750w, https:\/\/ffyh.unc.edu.ar\/materiales-educativos-abiertos\/wp-content\/uploads\/sites\/27\/2015\/08\/sobre-el-procomun-colaborabora-300x225.jpg 300w, https:\/\/ffyh.unc.edu.ar\/materiales-educativos-abiertos\/wp-content\/uploads\/sites\/27\/2015\/08\/sobre-el-procomun-colaborabora-425x319.jpg 425w\" sizes=\"auto, (max-width: 408px) 100vw, 408px\" \/><\/p>\n<p>&nbsp;<\/p>\n<\/div>\n<div align=\"center\"><\/div>\n<div align=\"center\"><\/div>\n<p>\u00c9sta licencia otorga cuatro libertades, seg\u00fan indica Pagola (2013):<\/p>\n<div align=\"center\">\n<ul>\n<li style=\"text-align: left\">\u00abla libertad de <strong>usar<\/strong> la obra con cualquier finalidad incluso el uso comercial;<\/li>\n<li style=\"text-align: left\">la libertad de <strong>estudiar<\/strong> y <strong>modificar<\/strong> la obra;<\/li>\n<li style=\"text-align: left\">la libertad de <strong>copiar<\/strong> la obra sin restricciones legales;<\/li>\n<li style=\"text-align: left\">la libertad de <strong>redistribuci\u00f3n<\/strong> de nuestras modificaciones, <strong>siempre que sea con las mismas 4 libertades cedidas a los siguientes receptores\u00bb<\/strong><\/li>\n<\/ul>\n<\/div>\n<p>&nbsp;<\/p>\n<p>&nbsp;<\/p>\n<p>Sobre-el-procomun-colaborabora CC-BY-SA<\/p>\n<p>&nbsp;<\/p>\n<p>&nbsp;<\/p>\n<h6><span class=\"su-label su-label-type-info\">Lectura Sugerida<\/span><\/h6>\n<div class=\"su-note\"  style=\"border-color:#F8F8F8 ;border-radius:5px;-moz-border-radius:5px;-webkit-border-radius:5px;\"><div class=\"su-note-inner su-u-clearfix su-u-trim\" style=\"background-color:#F8F8F8 ;border-color:#F8F8F8 ;color:#333333;border-radius:5px;-moz-border-radius:5px;-webkit-border-radius:5px;\">\u00a0<a href=\"http:\/\/ffyh.unc.edu.ar\/materiales-educativos-abiertos\/wp-content\/uploads\/sites\/27\/2015\/07\/iconito-6.png\"><img loading=\"lazy\" decoding=\"async\" class=\"wp-image-2121 alignleft\" src=\"http:\/\/ffyh.unc.edu.ar\/materiales-educativos-abiertos\/wp-content\/uploads\/sites\/27\/2015\/07\/iconito-6.png\" alt=\"iconito-6\" width=\"77\" height=\"77\" srcset=\"https:\/\/ffyh.unc.edu.ar\/materiales-educativos-abiertos\/wp-content\/uploads\/sites\/27\/2015\/07\/iconito-6.png 300w, https:\/\/ffyh.unc.edu.ar\/materiales-educativos-abiertos\/wp-content\/uploads\/sites\/27\/2015\/07\/iconito-6-150x150.png 150w\" sizes=\"auto, (max-width: 77px) 100vw, 77px\" \/><\/a><a href=\"http:\/\/vialibre.org.ar\/arcopy.pdf\" target=\"_blank\" rel=\"noopener\">Argentina Copyleft:\u00a0\u00a0La crisis del modelo de derecho de autor y las pr\u00e1cticas para democratizar la cultura<\/a><\/div><\/div>\n","protected":false},"excerpt":{"rendered":"<p>Copyleft opyleft es el t\u00e9rmino que usa el \u00e1mbito inform\u00e1tico, y que tambi\u00e9n\u00a0se aplica para las obras literarias y art\u00edsticas, para nombrar un tipo de protecci\u00f3n jur\u00eddica que conceden algunas licencias las cu\u00e1les garantizan a cualquier usuario el derecho a utilizar, modificar y redistribuir un programa u obra o sus derivados, siempre y cuando conserven las mismas condiciones de utilizaci\u00f3n y difusi\u00f3n. En otras palabras Copyleft es\u00a0\u00abun grupo de licencias cuyo objetivo es garantizar que cada persona que recibe una copia de una obra pueda a su vez usar, modificar y redistribuir el propio trabajo y las versiones derivadas del mismo. Unas veces se permite<a class=\"more-link\" href=\"https:\/\/ffyh.unc.edu.ar\/materiales-educativos-abiertos\/slider\/recursos-para-elaborar-material-educativo-abierto\/las-licencias-creative-commons\/copyleft\/\">Read More &rarr;<\/a><\/p>\n","protected":false},"author":22,"featured_media":0,"parent":467,"menu_order":0,"comment_status":"closed","ping_status":"closed","template":"","meta":{"_acf_changed":false,"_bbp_topic_count":0,"_bbp_reply_count":0,"_bbp_total_topic_count":0,"_bbp_total_reply_count":0,"_bbp_voice_count":0,"_bbp_anonymous_reply_count":0,"_bbp_topic_count_hidden":0,"_bbp_reply_count_hidden":0,"_bbp_forum_subforum_count":0,"footnotes":""},"class_list":["entry","page","publish","author-florencia","post-1238"],"acf":[],"yoast_head":"<!-- This site is optimized with the Yoast SEO plugin v27.1.1 - https:\/\/yoast.com\/product\/yoast-seo-wordpress\/ -->\n<title>Copyleft - Materiales Educativos Abiertos<\/title>\n<meta name=\"robots\" content=\"index, follow, max-snippet:-1, max-image-preview:large, max-video-preview:-1\" \/>\n<link rel=\"canonical\" href=\"https:\/\/ffyh.unc.edu.ar\/materiales-educativos-abiertos\/slider\/recursos-para-elaborar-material-educativo-abierto\/las-licencias-creative-commons\/copyleft\/\" \/>\n<meta property=\"og:locale\" content=\"es_ES\" \/>\n<meta property=\"og:type\" content=\"article\" \/>\n<meta property=\"og:title\" content=\"Copyleft - Materiales Educativos Abiertos\" \/>\n<meta property=\"og:description\" content=\"Copyleft opyleft es el t\u00e9rmino que usa el \u00e1mbito inform\u00e1tico, y que tambi\u00e9n\u00a0se aplica para las obras literarias y art\u00edsticas, para nombrar un tipo de protecci\u00f3n jur\u00eddica que conceden algunas licencias las cu\u00e1les garantizan a cualquier usuario el derecho a utilizar, modificar y redistribuir un programa u obra o sus derivados, siempre y cuando conserven las mismas condiciones de utilizaci\u00f3n y difusi\u00f3n. En otras palabras Copyleft es\u00a0\u00abun grupo de licencias cuyo objetivo es garantizar que cada persona que recibe una copia de una obra pueda a su vez usar, modificar y redistribuir el propio trabajo y las versiones derivadas del mismo. Unas veces se permiteRead More &rarr;\" \/>\n<meta property=\"og:url\" content=\"https:\/\/ffyh.unc.edu.ar\/materiales-educativos-abiertos\/slider\/recursos-para-elaborar-material-educativo-abierto\/las-licencias-creative-commons\/copyleft\/\" \/>\n<meta property=\"og:site_name\" content=\"Materiales Educativos Abiertos\" \/>\n<meta property=\"article:modified_time\" content=\"2018-11-13T14:23:26+00:00\" \/>\n<meta property=\"og:image\" content=\"http:\/\/ffyh.unc.edu.ar\/materiales-educativos-abiertos\/wp-content\/uploads\/sites\/27\/2015\/08\/sobre-el-procomun-colaborabora.jpg\" \/>\n<meta name=\"twitter:card\" content=\"summary_large_image\" \/>\n<meta name=\"twitter:label1\" content=\"Tiempo de lectura\" \/>\n\t<meta name=\"twitter:data1\" content=\"1 minuto\" \/>\n<script type=\"application\/ld+json\" class=\"yoast-schema-graph\">{\"@context\":\"https:\/\/schema.org\",\"@graph\":[{\"@type\":\"WebPage\",\"@id\":\"https:\/\/ffyh.unc.edu.ar\/materiales-educativos-abiertos\/slider\/recursos-para-elaborar-material-educativo-abierto\/las-licencias-creative-commons\/copyleft\/\",\"url\":\"https:\/\/ffyh.unc.edu.ar\/materiales-educativos-abiertos\/slider\/recursos-para-elaborar-material-educativo-abierto\/las-licencias-creative-commons\/copyleft\/\",\"name\":\"Copyleft - Materiales Educativos Abiertos\",\"isPartOf\":{\"@id\":\"https:\/\/ffyh.unc.edu.ar\/materiales-educativos-abiertos\/#website\"},\"primaryImageOfPage\":{\"@id\":\"https:\/\/ffyh.unc.edu.ar\/materiales-educativos-abiertos\/slider\/recursos-para-elaborar-material-educativo-abierto\/las-licencias-creative-commons\/copyleft\/#primaryimage\"},\"image\":{\"@id\":\"https:\/\/ffyh.unc.edu.ar\/materiales-educativos-abiertos\/slider\/recursos-para-elaborar-material-educativo-abierto\/las-licencias-creative-commons\/copyleft\/#primaryimage\"},\"thumbnailUrl\":\"http:\/\/ffyh.unc.edu.ar\/materiales-educativos-abiertos\/wp-content\/uploads\/sites\/27\/2015\/08\/sobre-el-procomun-colaborabora.jpg\",\"datePublished\":\"2015-08-29T21:26:19+00:00\",\"dateModified\":\"2018-11-13T14:23:26+00:00\",\"breadcrumb\":{\"@id\":\"https:\/\/ffyh.unc.edu.ar\/materiales-educativos-abiertos\/slider\/recursos-para-elaborar-material-educativo-abierto\/las-licencias-creative-commons\/copyleft\/#breadcrumb\"},\"inLanguage\":\"es\",\"potentialAction\":[{\"@type\":\"ReadAction\",\"target\":[\"https:\/\/ffyh.unc.edu.ar\/materiales-educativos-abiertos\/slider\/recursos-para-elaborar-material-educativo-abierto\/las-licencias-creative-commons\/copyleft\/\"]}]},{\"@type\":\"ImageObject\",\"inLanguage\":\"es\",\"@id\":\"https:\/\/ffyh.unc.edu.ar\/materiales-educativos-abiertos\/slider\/recursos-para-elaborar-material-educativo-abierto\/las-licencias-creative-commons\/copyleft\/#primaryimage\",\"url\":\"https:\/\/ffyh.unc.edu.ar\/materiales-educativos-abiertos\/wp-content\/uploads\/sites\/27\/2015\/08\/sobre-el-procomun-colaborabora.jpg\",\"contentUrl\":\"https:\/\/ffyh.unc.edu.ar\/materiales-educativos-abiertos\/wp-content\/uploads\/sites\/27\/2015\/08\/sobre-el-procomun-colaborabora.jpg\",\"width\":750,\"height\":563,\"caption\":\"Sobre-el-procomun-colaborabora CC-BY-SA\"},{\"@type\":\"BreadcrumbList\",\"@id\":\"https:\/\/ffyh.unc.edu.ar\/materiales-educativos-abiertos\/slider\/recursos-para-elaborar-material-educativo-abierto\/las-licencias-creative-commons\/copyleft\/#breadcrumb\",\"itemListElement\":[{\"@type\":\"ListItem\",\"position\":1,\"name\":\"Portada\",\"item\":\"https:\/\/ffyh.unc.edu.ar\/materiales-educativos-abiertos\/\"},{\"@type\":\"ListItem\",\"position\":2,\"name\":\"Inicio\",\"item\":\"https:\/\/ffyh.unc.edu.ar\/materiales-educativos-abiertos\/\"},{\"@type\":\"ListItem\",\"position\":3,\"name\":\"\u00bfQu\u00e9 aspectos considerar cuando se dise\u00f1a un material educativo abierto?\",\"item\":\"https:\/\/ffyh.unc.edu.ar\/materiales-educativos-abiertos\/slider\/recursos-para-elaborar-material-educativo-abierto\/\"},{\"@type\":\"ListItem\",\"position\":4,\"name\":\"Las \u00ablicencias libres\u00bb como alternativa\",\"item\":\"https:\/\/ffyh.unc.edu.ar\/materiales-educativos-abiertos\/slider\/recursos-para-elaborar-material-educativo-abierto\/las-licencias-creative-commons\/\"},{\"@type\":\"ListItem\",\"position\":5,\"name\":\"Copyleft\"}]},{\"@type\":\"WebSite\",\"@id\":\"https:\/\/ffyh.unc.edu.ar\/materiales-educativos-abiertos\/#website\",\"url\":\"https:\/\/ffyh.unc.edu.ar\/materiales-educativos-abiertos\/\",\"name\":\"Materiales Educativos Abiertos\",\"description\":\"\",\"potentialAction\":[{\"@type\":\"SearchAction\",\"target\":{\"@type\":\"EntryPoint\",\"urlTemplate\":\"https:\/\/ffyh.unc.edu.ar\/materiales-educativos-abiertos\/?s={search_term_string}\"},\"query-input\":{\"@type\":\"PropertyValueSpecification\",\"valueRequired\":true,\"valueName\":\"search_term_string\"}}],\"inLanguage\":\"es\"}]}<\/script>\n<!-- \/ Yoast SEO plugin. -->","yoast_head_json":{"title":"Copyleft - Materiales Educativos Abiertos","robots":{"index":"index","follow":"follow","max-snippet":"max-snippet:-1","max-image-preview":"max-image-preview:large","max-video-preview":"max-video-preview:-1"},"canonical":"https:\/\/ffyh.unc.edu.ar\/materiales-educativos-abiertos\/slider\/recursos-para-elaborar-material-educativo-abierto\/las-licencias-creative-commons\/copyleft\/","og_locale":"es_ES","og_type":"article","og_title":"Copyleft - Materiales Educativos Abiertos","og_description":"Copyleft opyleft es el t\u00e9rmino que usa el \u00e1mbito inform\u00e1tico, y que tambi\u00e9n\u00a0se aplica para las obras literarias y art\u00edsticas, para nombrar un tipo de protecci\u00f3n jur\u00eddica que conceden algunas licencias las cu\u00e1les garantizan a cualquier usuario el derecho a utilizar, modificar y redistribuir un programa u obra o sus derivados, siempre y cuando conserven las mismas condiciones de utilizaci\u00f3n y difusi\u00f3n. En otras palabras Copyleft es\u00a0\u00abun grupo de licencias cuyo objetivo es garantizar que cada persona que recibe una copia de una obra pueda a su vez usar, modificar y redistribuir el propio trabajo y las versiones derivadas del mismo. Unas veces se permiteRead More &rarr;","og_url":"https:\/\/ffyh.unc.edu.ar\/materiales-educativos-abiertos\/slider\/recursos-para-elaborar-material-educativo-abierto\/las-licencias-creative-commons\/copyleft\/","og_site_name":"Materiales Educativos Abiertos","article_modified_time":"2018-11-13T14:23:26+00:00","og_image":[{"url":"http:\/\/ffyh.unc.edu.ar\/materiales-educativos-abiertos\/wp-content\/uploads\/sites\/27\/2015\/08\/sobre-el-procomun-colaborabora.jpg","type":"","width":"","height":""}],"twitter_card":"summary_large_image","twitter_misc":{"Tiempo de lectura":"1 minuto"},"schema":{"@context":"https:\/\/schema.org","@graph":[{"@type":"WebPage","@id":"https:\/\/ffyh.unc.edu.ar\/materiales-educativos-abiertos\/slider\/recursos-para-elaborar-material-educativo-abierto\/las-licencias-creative-commons\/copyleft\/","url":"https:\/\/ffyh.unc.edu.ar\/materiales-educativos-abiertos\/slider\/recursos-para-elaborar-material-educativo-abierto\/las-licencias-creative-commons\/copyleft\/","name":"Copyleft - Materiales Educativos Abiertos","isPartOf":{"@id":"https:\/\/ffyh.unc.edu.ar\/materiales-educativos-abiertos\/#website"},"primaryImageOfPage":{"@id":"https:\/\/ffyh.unc.edu.ar\/materiales-educativos-abiertos\/slider\/recursos-para-elaborar-material-educativo-abierto\/las-licencias-creative-commons\/copyleft\/#primaryimage"},"image":{"@id":"https:\/\/ffyh.unc.edu.ar\/materiales-educativos-abiertos\/slider\/recursos-para-elaborar-material-educativo-abierto\/las-licencias-creative-commons\/copyleft\/#primaryimage"},"thumbnailUrl":"http:\/\/ffyh.unc.edu.ar\/materiales-educativos-abiertos\/wp-content\/uploads\/sites\/27\/2015\/08\/sobre-el-procomun-colaborabora.jpg","datePublished":"2015-08-29T21:26:19+00:00","dateModified":"2018-11-13T14:23:26+00:00","breadcrumb":{"@id":"https:\/\/ffyh.unc.edu.ar\/materiales-educativos-abiertos\/slider\/recursos-para-elaborar-material-educativo-abierto\/las-licencias-creative-commons\/copyleft\/#breadcrumb"},"inLanguage":"es","potentialAction":[{"@type":"ReadAction","target":["https:\/\/ffyh.unc.edu.ar\/materiales-educativos-abiertos\/slider\/recursos-para-elaborar-material-educativo-abierto\/las-licencias-creative-commons\/copyleft\/"]}]},{"@type":"ImageObject","inLanguage":"es","@id":"https:\/\/ffyh.unc.edu.ar\/materiales-educativos-abiertos\/slider\/recursos-para-elaborar-material-educativo-abierto\/las-licencias-creative-commons\/copyleft\/#primaryimage","url":"https:\/\/ffyh.unc.edu.ar\/materiales-educativos-abiertos\/wp-content\/uploads\/sites\/27\/2015\/08\/sobre-el-procomun-colaborabora.jpg","contentUrl":"https:\/\/ffyh.unc.edu.ar\/materiales-educativos-abiertos\/wp-content\/uploads\/sites\/27\/2015\/08\/sobre-el-procomun-colaborabora.jpg","width":750,"height":563,"caption":"Sobre-el-procomun-colaborabora CC-BY-SA"},{"@type":"BreadcrumbList","@id":"https:\/\/ffyh.unc.edu.ar\/materiales-educativos-abiertos\/slider\/recursos-para-elaborar-material-educativo-abierto\/las-licencias-creative-commons\/copyleft\/#breadcrumb","itemListElement":[{"@type":"ListItem","position":1,"name":"Portada","item":"https:\/\/ffyh.unc.edu.ar\/materiales-educativos-abiertos\/"},{"@type":"ListItem","position":2,"name":"Inicio","item":"https:\/\/ffyh.unc.edu.ar\/materiales-educativos-abiertos\/"},{"@type":"ListItem","position":3,"name":"\u00bfQu\u00e9 aspectos considerar cuando se dise\u00f1a un material educativo abierto?","item":"https:\/\/ffyh.unc.edu.ar\/materiales-educativos-abiertos\/slider\/recursos-para-elaborar-material-educativo-abierto\/"},{"@type":"ListItem","position":4,"name":"Las \u00ablicencias libres\u00bb como alternativa","item":"https:\/\/ffyh.unc.edu.ar\/materiales-educativos-abiertos\/slider\/recursos-para-elaborar-material-educativo-abierto\/las-licencias-creative-commons\/"},{"@type":"ListItem","position":5,"name":"Copyleft"}]},{"@type":"WebSite","@id":"https:\/\/ffyh.unc.edu.ar\/materiales-educativos-abiertos\/#website","url":"https:\/\/ffyh.unc.edu.ar\/materiales-educativos-abiertos\/","name":"Materiales Educativos Abiertos","description":"","potentialAction":[{"@type":"SearchAction","target":{"@type":"EntryPoint","urlTemplate":"https:\/\/ffyh.unc.edu.ar\/materiales-educativos-abiertos\/?s={search_term_string}"},"query-input":{"@type":"PropertyValueSpecification","valueRequired":true,"valueName":"search_term_string"}}],"inLanguage":"es"}]}},"_links":{"self":[{"href":"https:\/\/ffyh.unc.edu.ar\/materiales-educativos-abiertos\/wp-json\/wp\/v2\/pages\/1238","targetHints":{"allow":["GET"]}}],"collection":[{"href":"https:\/\/ffyh.unc.edu.ar\/materiales-educativos-abiertos\/wp-json\/wp\/v2\/pages"}],"about":[{"href":"https:\/\/ffyh.unc.edu.ar\/materiales-educativos-abiertos\/wp-json\/wp\/v2\/types\/page"}],"author":[{"embeddable":true,"href":"https:\/\/ffyh.unc.edu.ar\/materiales-educativos-abiertos\/wp-json\/wp\/v2\/users\/22"}],"replies":[{"embeddable":true,"href":"https:\/\/ffyh.unc.edu.ar\/materiales-educativos-abiertos\/wp-json\/wp\/v2\/comments?post=1238"}],"version-history":[{"count":8,"href":"https:\/\/ffyh.unc.edu.ar\/materiales-educativos-abiertos\/wp-json\/wp\/v2\/pages\/1238\/revisions"}],"predecessor-version":[{"id":3174,"href":"https:\/\/ffyh.unc.edu.ar\/materiales-educativos-abiertos\/wp-json\/wp\/v2\/pages\/1238\/revisions\/3174"}],"up":[{"embeddable":true,"href":"https:\/\/ffyh.unc.edu.ar\/materiales-educativos-abiertos\/wp-json\/wp\/v2\/pages\/467"}],"wp:attachment":[{"href":"https:\/\/ffyh.unc.edu.ar\/materiales-educativos-abiertos\/wp-json\/wp\/v2\/media?parent=1238"}],"curies":[{"name":"wp","href":"https:\/\/api.w.org\/{rel}","templated":true}]}}