{"id":1367,"date":"2015-08-30T19:30:56","date_gmt":"2015-08-30T19:30:56","guid":{"rendered":"http:\/\/www.ffyh.unc.edu.ar\/materiales-educativos-abiertos\/?page_id=1367"},"modified":"2018-11-13T13:39:36","modified_gmt":"2018-11-13T13:39:36","slug":"repositorio-de-materiales-educativos-para-la-formacion-y-desempeno-docente-ansenuza","status":"publish","type":"page","link":"https:\/\/ffyh.unc.edu.ar\/materiales-educativos-abiertos\/slider\/donde-publico-mi-mi-material-educativo-abierto\/repositorio-de-materiales-educativos-para-la-formacion-y-desempeno-docente-ansenuza\/","title":{"rendered":"UNC Abierta: propuestas para compartir tus materiales educativos"},"content":{"rendered":"<h1 style=\"text-align: center\"><span style=\"color: #0000ff\">UNC Abierta: propuestas para compartir tus materiales educativos<\/span><\/h1>\n<p style=\"text-align: justify\"><span class=\"su-dropcap su-dropcap-style-flat\" style=\"font-size:2.5em\">E<\/span>\u00a0n relaci\u00f3n al tema, desde hace unos a\u00f1os, en la Universidad Nacional de C\u00f3rdoba existen iniciativas que buscan establecer la discusi\u00f3n del movimiento educativo abierto al interior de la instituci\u00f3n. \u00a0Te presentamos las propuestas de estos:<\/p>\n<p>&nbsp;<\/p>\n<p><a href=\"https:\/\/ansenuza.unc.edu.ar\/\"><img loading=\"lazy\" decoding=\"async\" class=\"aligncenter wp-image-2190\" src=\"http:\/\/ffyh.unc.edu.ar\/materiales-educativos-abiertos\/wp-content\/uploads\/sites\/27\/2015\/08\/ansenuza-e1444440286499.jpg\" alt=\"\" width=\"621\" height=\"152\" srcset=\"https:\/\/ffyh.unc.edu.ar\/materiales-educativos-abiertos\/wp-content\/uploads\/sites\/27\/2015\/08\/ansenuza-e1444440286499.jpg 891w, https:\/\/ffyh.unc.edu.ar\/materiales-educativos-abiertos\/wp-content\/uploads\/sites\/27\/2015\/08\/ansenuza-e1444440286499-300x73.jpg 300w, https:\/\/ffyh.unc.edu.ar\/materiales-educativos-abiertos\/wp-content\/uploads\/sites\/27\/2015\/08\/ansenuza-e1444440286499-768x188.jpg 768w, https:\/\/ffyh.unc.edu.ar\/materiales-educativos-abiertos\/wp-content\/uploads\/sites\/27\/2015\/08\/ansenuza-e1444440286499-425x104.jpg 425w\" sizes=\"auto, (max-width: 621px) 100vw, 621px\" \/><\/a><\/p>\n<p><span style=\"font-family: georgia, palatino, serif\"><span style=\"font-weight: 400;font-size: 12pt\"><strong>\u00a0<\/strong><\/span><\/span><\/p>\n<p>Ansenuza, es un Repositorio Digital de libre acceso de la Universidad Nacional de C\u00f3rdoba y de la Direcci\u00f3n General de Educaci\u00f3n Superior &#8211;Ministerio de Educaci\u00f3n de la Provincia de C\u00f3rdoba-.\u00a0Aqu\u00ed se pueden encontrar materiales educativos para la ense\u00f1anza en diversas \u00e1reas disciplinares, producidos por docentes, estudiantes y egresados de la UNC y de la DGES. Estos materiales pueden ser consultados por otros docentes de los diferentes niveles educativos, y reutilizados \u00a0de acuerdo a sus contextos y necesidades diversas. Esta modalidad de funcionamiento se sustenta en la convicci\u00f3n de que la gran de producci\u00f3n de materiales educativos, generados por nuestra comunidad \u00a0de educadores y publicados en este tipo de repositorios, favorece la democratizaci\u00f3n de informaci\u00f3n y el acceso al conocimiento abierto.<\/p>\n<p>&nbsp;<\/p>\n<p>&nbsp;<\/p>\n<p><strong><a href=\"http:\/\/www.ocw.unc.edu.ar\/\"><img loading=\"lazy\" decoding=\"async\" class=\"aligncenter wp-image-2201\" src=\"http:\/\/ffyh.unc.edu.ar\/materiales-educativos-abiertos\/wp-content\/uploads\/sites\/27\/2015\/08\/UNC-Abierta.png\" alt=\"\" width=\"627\" height=\"145\" srcset=\"https:\/\/ffyh.unc.edu.ar\/materiales-educativos-abiertos\/wp-content\/uploads\/sites\/27\/2015\/08\/UNC-Abierta.png 891w, https:\/\/ffyh.unc.edu.ar\/materiales-educativos-abiertos\/wp-content\/uploads\/sites\/27\/2015\/08\/UNC-Abierta-300x69.png 300w, https:\/\/ffyh.unc.edu.ar\/materiales-educativos-abiertos\/wp-content\/uploads\/sites\/27\/2015\/08\/UNC-Abierta-768x178.png 768w, https:\/\/ffyh.unc.edu.ar\/materiales-educativos-abiertos\/wp-content\/uploads\/sites\/27\/2015\/08\/UNC-Abierta-425x98.png 425w\" sizes=\"auto, (max-width: 627px) 100vw, 627px\" \/><\/a><\/strong><\/p>\n<p>&nbsp;<\/p>\n<p align=\"justify\">UNC Abierta, es un nuevo espacio surgido para el desarrollo de la iniciativa\u00a0OpenCourseWare (OCW).\u00a0 OCW es un proyecto editorial electr\u00f3nico basado en Internet y fundado conjuntamente por el Instituto Tecnol\u00f3gico de Massachusetts (MIT) en colaboraci\u00f3n con la Fundaci\u00f3n William and Flora Hewlett y la Fundaci\u00f3n Andrew W. Mellon. Su objetivo es el de proporcionar un acceso libre, sencillo y coherente a los materiales docentes, y est\u00e1 dirigido a educadores del sector no lucrativo, estudiantes y autodidactas de todo el mundo. En este sentido, la intenci\u00f3n de la\u00a0Oficina OCW &#8211; UNC, es generar una fuente de recursos did\u00e1cticos valiosa para sus potenciales destinatarios, as\u00ed como una ventana abierta al mundo cuya din\u00e1mica muestre la calidad educativa de los materiales que se desarrollan en esta casa de estudios.<\/p>\n<p>&nbsp;<\/p>\n<h6><span class=\"su-label su-label-type-info\">ACTIVIDAD<\/span><\/h6>\n<div class=\"su-note\"  style=\"border-color:#F8F8F8 ;border-radius:5px;-moz-border-radius:5px;-webkit-border-radius:5px;\"><div class=\"su-note-inner su-u-clearfix su-u-trim\" style=\"background-color:#F8F8F8 ;border-color:#F8F8F8 ;color:#333333;border-radius:5px;-moz-border-radius:5px;-webkit-border-radius:5px;\"><a href=\"http:\/\/ffyh.unc.edu.ar\/materiales-educativos-abiertos\/wp-content\/uploads\/sites\/27\/2015\/07\/iconito-1.png\"><img loading=\"lazy\" decoding=\"async\" class=\"wp-image-2108 alignleft\" src=\"http:\/\/ffyh.unc.edu.ar\/materiales-educativos-abiertos\/wp-content\/uploads\/sites\/27\/2015\/07\/iconito-1.png\" alt=\"iconito-1\" width=\"105\" height=\"105\" srcset=\"https:\/\/ffyh.unc.edu.ar\/materiales-educativos-abiertos\/wp-content\/uploads\/sites\/27\/2015\/07\/iconito-1.png 300w, https:\/\/ffyh.unc.edu.ar\/materiales-educativos-abiertos\/wp-content\/uploads\/sites\/27\/2015\/07\/iconito-1-150x150.png 150w\" sizes=\"auto, (max-width: 105px) 100vw, 105px\" \/><\/a><\/p>\n<p>La idea es que ingresen a los sitios (clickeando la imagen) e indaguen cu\u00e1l su objetivo de trabajo, qu\u00e9 requisitos solicitan para compartir material en ellos, y las opciones de licencias libres que utilizan.<\/div><\/div>\n","protected":false},"excerpt":{"rendered":"<p>UNC Abierta: propuestas para compartir tus materiales educativos \u00a0n relaci\u00f3n al tema, desde hace unos a\u00f1os, en la Universidad Nacional de C\u00f3rdoba existen iniciativas que buscan establecer la discusi\u00f3n del movimiento educativo abierto al interior de la instituci\u00f3n. \u00a0Te presentamos las propuestas de estos: &nbsp; \u00a0 Ansenuza, es un Repositorio Digital de libre acceso de la Universidad Nacional de C\u00f3rdoba y de la Direcci\u00f3n General de Educaci\u00f3n Superior &#8211;Ministerio de Educaci\u00f3n de la Provincia de C\u00f3rdoba-.\u00a0Aqu\u00ed se pueden encontrar materiales educativos para la ense\u00f1anza en diversas \u00e1reas disciplinares, producidos por docentes, estudiantes y egresados de la UNC y de la DGES. Estos materiales pueden ser<a class=\"more-link\" href=\"https:\/\/ffyh.unc.edu.ar\/materiales-educativos-abiertos\/slider\/donde-publico-mi-mi-material-educativo-abierto\/repositorio-de-materiales-educativos-para-la-formacion-y-desempeno-docente-ansenuza\/\">Read More &rarr;<\/a><\/p>\n","protected":false},"author":22,"featured_media":0,"parent":1165,"menu_order":0,"comment_status":"closed","ping_status":"closed","template":"","meta":{"_acf_changed":false,"_bbp_topic_count":0,"_bbp_reply_count":0,"_bbp_total_topic_count":0,"_bbp_total_reply_count":0,"_bbp_voice_count":0,"_bbp_anonymous_reply_count":0,"_bbp_topic_count_hidden":0,"_bbp_reply_count_hidden":0,"_bbp_forum_subforum_count":0,"footnotes":""},"class_list":["entry","page","publish","author-florencia","post-1367"],"acf":[],"yoast_head":"<!-- This site is optimized with the Yoast SEO plugin v27.1.1 - https:\/\/yoast.com\/product\/yoast-seo-wordpress\/ -->\n<title>UNC Abierta: propuestas para compartir tus materiales educativos - Materiales Educativos Abiertos<\/title>\n<meta name=\"robots\" content=\"index, follow, max-snippet:-1, max-image-preview:large, max-video-preview:-1\" \/>\n<link rel=\"canonical\" href=\"https:\/\/ffyh.unc.edu.ar\/materiales-educativos-abiertos\/slider\/donde-publico-mi-mi-material-educativo-abierto\/repositorio-de-materiales-educativos-para-la-formacion-y-desempeno-docente-ansenuza\/\" \/>\n<meta property=\"og:locale\" content=\"es_ES\" \/>\n<meta property=\"og:type\" content=\"article\" \/>\n<meta property=\"og:title\" content=\"UNC Abierta: propuestas para compartir tus materiales educativos - Materiales Educativos Abiertos\" \/>\n<meta property=\"og:description\" content=\"UNC Abierta: propuestas para compartir tus materiales educativos \u00a0n relaci\u00f3n al tema, desde hace unos a\u00f1os, en la Universidad Nacional de C\u00f3rdoba existen iniciativas que buscan establecer la discusi\u00f3n del movimiento educativo abierto al interior de la instituci\u00f3n. \u00a0Te presentamos las propuestas de estos: &nbsp; \u00a0 Ansenuza, es un Repositorio Digital de libre acceso de la Universidad Nacional de C\u00f3rdoba y de la Direcci\u00f3n General de Educaci\u00f3n Superior &#8211;Ministerio de Educaci\u00f3n de la Provincia de C\u00f3rdoba-.\u00a0Aqu\u00ed se pueden encontrar materiales educativos para la ense\u00f1anza en diversas \u00e1reas disciplinares, producidos por docentes, estudiantes y egresados de la UNC y de la DGES. Estos materiales pueden serRead More &rarr;\" \/>\n<meta property=\"og:url\" content=\"https:\/\/ffyh.unc.edu.ar\/materiales-educativos-abiertos\/slider\/donde-publico-mi-mi-material-educativo-abierto\/repositorio-de-materiales-educativos-para-la-formacion-y-desempeno-docente-ansenuza\/\" \/>\n<meta property=\"og:site_name\" content=\"Materiales Educativos Abiertos\" \/>\n<meta property=\"article:modified_time\" content=\"2018-11-13T13:39:36+00:00\" \/>\n<meta property=\"og:image\" content=\"http:\/\/ffyh.unc.edu.ar\/materiales-educativos-abiertos\/wp-content\/uploads\/sites\/27\/2015\/08\/ansenuza-e1444440286499.jpg\" \/>\n<meta name=\"twitter:card\" content=\"summary_large_image\" \/>\n<meta name=\"twitter:label1\" content=\"Tiempo de lectura\" \/>\n\t<meta name=\"twitter:data1\" content=\"2 minutos\" \/>\n<script type=\"application\/ld+json\" class=\"yoast-schema-graph\">{\"@context\":\"https:\/\/schema.org\",\"@graph\":[{\"@type\":\"WebPage\",\"@id\":\"https:\/\/ffyh.unc.edu.ar\/materiales-educativos-abiertos\/slider\/donde-publico-mi-mi-material-educativo-abierto\/repositorio-de-materiales-educativos-para-la-formacion-y-desempeno-docente-ansenuza\/\",\"url\":\"https:\/\/ffyh.unc.edu.ar\/materiales-educativos-abiertos\/slider\/donde-publico-mi-mi-material-educativo-abierto\/repositorio-de-materiales-educativos-para-la-formacion-y-desempeno-docente-ansenuza\/\",\"name\":\"UNC Abierta: propuestas para compartir tus materiales educativos - Materiales Educativos Abiertos\",\"isPartOf\":{\"@id\":\"https:\/\/ffyh.unc.edu.ar\/materiales-educativos-abiertos\/#website\"},\"primaryImageOfPage\":{\"@id\":\"https:\/\/ffyh.unc.edu.ar\/materiales-educativos-abiertos\/slider\/donde-publico-mi-mi-material-educativo-abierto\/repositorio-de-materiales-educativos-para-la-formacion-y-desempeno-docente-ansenuza\/#primaryimage\"},\"image\":{\"@id\":\"https:\/\/ffyh.unc.edu.ar\/materiales-educativos-abiertos\/slider\/donde-publico-mi-mi-material-educativo-abierto\/repositorio-de-materiales-educativos-para-la-formacion-y-desempeno-docente-ansenuza\/#primaryimage\"},\"thumbnailUrl\":\"http:\/\/ffyh.unc.edu.ar\/materiales-educativos-abiertos\/wp-content\/uploads\/sites\/27\/2015\/08\/ansenuza-e1444440286499.jpg\",\"datePublished\":\"2015-08-30T19:30:56+00:00\",\"dateModified\":\"2018-11-13T13:39:36+00:00\",\"breadcrumb\":{\"@id\":\"https:\/\/ffyh.unc.edu.ar\/materiales-educativos-abiertos\/slider\/donde-publico-mi-mi-material-educativo-abierto\/repositorio-de-materiales-educativos-para-la-formacion-y-desempeno-docente-ansenuza\/#breadcrumb\"},\"inLanguage\":\"es\",\"potentialAction\":[{\"@type\":\"ReadAction\",\"target\":[\"https:\/\/ffyh.unc.edu.ar\/materiales-educativos-abiertos\/slider\/donde-publico-mi-mi-material-educativo-abierto\/repositorio-de-materiales-educativos-para-la-formacion-y-desempeno-docente-ansenuza\/\"]}]},{\"@type\":\"ImageObject\",\"inLanguage\":\"es\",\"@id\":\"https:\/\/ffyh.unc.edu.ar\/materiales-educativos-abiertos\/slider\/donde-publico-mi-mi-material-educativo-abierto\/repositorio-de-materiales-educativos-para-la-formacion-y-desempeno-docente-ansenuza\/#primaryimage\",\"url\":\"https:\/\/ffyh.unc.edu.ar\/materiales-educativos-abiertos\/wp-content\/uploads\/sites\/27\/2015\/08\/ansenuza-e1444440286499.jpg\",\"contentUrl\":\"https:\/\/ffyh.unc.edu.ar\/materiales-educativos-abiertos\/wp-content\/uploads\/sites\/27\/2015\/08\/ansenuza-e1444440286499.jpg\",\"width\":891,\"height\":218},{\"@type\":\"BreadcrumbList\",\"@id\":\"https:\/\/ffyh.unc.edu.ar\/materiales-educativos-abiertos\/slider\/donde-publico-mi-mi-material-educativo-abierto\/repositorio-de-materiales-educativos-para-la-formacion-y-desempeno-docente-ansenuza\/#breadcrumb\",\"itemListElement\":[{\"@type\":\"ListItem\",\"position\":1,\"name\":\"Portada\",\"item\":\"https:\/\/ffyh.unc.edu.ar\/materiales-educativos-abiertos\/\"},{\"@type\":\"ListItem\",\"position\":2,\"name\":\"Inicio\",\"item\":\"https:\/\/ffyh.unc.edu.ar\/materiales-educativos-abiertos\/\"},{\"@type\":\"ListItem\",\"position\":3,\"name\":\"\u00bfD\u00f3nde publico mi material educativo abierto?\",\"item\":\"https:\/\/ffyh.unc.edu.ar\/materiales-educativos-abiertos\/slider\/donde-publico-mi-mi-material-educativo-abierto\/\"},{\"@type\":\"ListItem\",\"position\":4,\"name\":\"UNC Abierta: propuestas para compartir tus materiales educativos\"}]},{\"@type\":\"WebSite\",\"@id\":\"https:\/\/ffyh.unc.edu.ar\/materiales-educativos-abiertos\/#website\",\"url\":\"https:\/\/ffyh.unc.edu.ar\/materiales-educativos-abiertos\/\",\"name\":\"Materiales Educativos Abiertos\",\"description\":\"\",\"potentialAction\":[{\"@type\":\"SearchAction\",\"target\":{\"@type\":\"EntryPoint\",\"urlTemplate\":\"https:\/\/ffyh.unc.edu.ar\/materiales-educativos-abiertos\/?s={search_term_string}\"},\"query-input\":{\"@type\":\"PropertyValueSpecification\",\"valueRequired\":true,\"valueName\":\"search_term_string\"}}],\"inLanguage\":\"es\"}]}<\/script>\n<!-- \/ Yoast SEO plugin. -->","yoast_head_json":{"title":"UNC Abierta: propuestas para compartir tus materiales educativos - Materiales Educativos Abiertos","robots":{"index":"index","follow":"follow","max-snippet":"max-snippet:-1","max-image-preview":"max-image-preview:large","max-video-preview":"max-video-preview:-1"},"canonical":"https:\/\/ffyh.unc.edu.ar\/materiales-educativos-abiertos\/slider\/donde-publico-mi-mi-material-educativo-abierto\/repositorio-de-materiales-educativos-para-la-formacion-y-desempeno-docente-ansenuza\/","og_locale":"es_ES","og_type":"article","og_title":"UNC Abierta: propuestas para compartir tus materiales educativos - Materiales Educativos Abiertos","og_description":"UNC Abierta: propuestas para compartir tus materiales educativos \u00a0n relaci\u00f3n al tema, desde hace unos a\u00f1os, en la Universidad Nacional de C\u00f3rdoba existen iniciativas que buscan establecer la discusi\u00f3n del movimiento educativo abierto al interior de la instituci\u00f3n. \u00a0Te presentamos las propuestas de estos: &nbsp; \u00a0 Ansenuza, es un Repositorio Digital de libre acceso de la Universidad Nacional de C\u00f3rdoba y de la Direcci\u00f3n General de Educaci\u00f3n Superior &#8211;Ministerio de Educaci\u00f3n de la Provincia de C\u00f3rdoba-.\u00a0Aqu\u00ed se pueden encontrar materiales educativos para la ense\u00f1anza en diversas \u00e1reas disciplinares, producidos por docentes, estudiantes y egresados de la UNC y de la DGES. Estos materiales pueden serRead More &rarr;","og_url":"https:\/\/ffyh.unc.edu.ar\/materiales-educativos-abiertos\/slider\/donde-publico-mi-mi-material-educativo-abierto\/repositorio-de-materiales-educativos-para-la-formacion-y-desempeno-docente-ansenuza\/","og_site_name":"Materiales Educativos Abiertos","article_modified_time":"2018-11-13T13:39:36+00:00","og_image":[{"url":"http:\/\/ffyh.unc.edu.ar\/materiales-educativos-abiertos\/wp-content\/uploads\/sites\/27\/2015\/08\/ansenuza-e1444440286499.jpg","type":"","width":"","height":""}],"twitter_card":"summary_large_image","twitter_misc":{"Tiempo de lectura":"2 minutos"},"schema":{"@context":"https:\/\/schema.org","@graph":[{"@type":"WebPage","@id":"https:\/\/ffyh.unc.edu.ar\/materiales-educativos-abiertos\/slider\/donde-publico-mi-mi-material-educativo-abierto\/repositorio-de-materiales-educativos-para-la-formacion-y-desempeno-docente-ansenuza\/","url":"https:\/\/ffyh.unc.edu.ar\/materiales-educativos-abiertos\/slider\/donde-publico-mi-mi-material-educativo-abierto\/repositorio-de-materiales-educativos-para-la-formacion-y-desempeno-docente-ansenuza\/","name":"UNC Abierta: propuestas para compartir tus materiales educativos - Materiales Educativos Abiertos","isPartOf":{"@id":"https:\/\/ffyh.unc.edu.ar\/materiales-educativos-abiertos\/#website"},"primaryImageOfPage":{"@id":"https:\/\/ffyh.unc.edu.ar\/materiales-educativos-abiertos\/slider\/donde-publico-mi-mi-material-educativo-abierto\/repositorio-de-materiales-educativos-para-la-formacion-y-desempeno-docente-ansenuza\/#primaryimage"},"image":{"@id":"https:\/\/ffyh.unc.edu.ar\/materiales-educativos-abiertos\/slider\/donde-publico-mi-mi-material-educativo-abierto\/repositorio-de-materiales-educativos-para-la-formacion-y-desempeno-docente-ansenuza\/#primaryimage"},"thumbnailUrl":"http:\/\/ffyh.unc.edu.ar\/materiales-educativos-abiertos\/wp-content\/uploads\/sites\/27\/2015\/08\/ansenuza-e1444440286499.jpg","datePublished":"2015-08-30T19:30:56+00:00","dateModified":"2018-11-13T13:39:36+00:00","breadcrumb":{"@id":"https:\/\/ffyh.unc.edu.ar\/materiales-educativos-abiertos\/slider\/donde-publico-mi-mi-material-educativo-abierto\/repositorio-de-materiales-educativos-para-la-formacion-y-desempeno-docente-ansenuza\/#breadcrumb"},"inLanguage":"es","potentialAction":[{"@type":"ReadAction","target":["https:\/\/ffyh.unc.edu.ar\/materiales-educativos-abiertos\/slider\/donde-publico-mi-mi-material-educativo-abierto\/repositorio-de-materiales-educativos-para-la-formacion-y-desempeno-docente-ansenuza\/"]}]},{"@type":"ImageObject","inLanguage":"es","@id":"https:\/\/ffyh.unc.edu.ar\/materiales-educativos-abiertos\/slider\/donde-publico-mi-mi-material-educativo-abierto\/repositorio-de-materiales-educativos-para-la-formacion-y-desempeno-docente-ansenuza\/#primaryimage","url":"https:\/\/ffyh.unc.edu.ar\/materiales-educativos-abiertos\/wp-content\/uploads\/sites\/27\/2015\/08\/ansenuza-e1444440286499.jpg","contentUrl":"https:\/\/ffyh.unc.edu.ar\/materiales-educativos-abiertos\/wp-content\/uploads\/sites\/27\/2015\/08\/ansenuza-e1444440286499.jpg","width":891,"height":218},{"@type":"BreadcrumbList","@id":"https:\/\/ffyh.unc.edu.ar\/materiales-educativos-abiertos\/slider\/donde-publico-mi-mi-material-educativo-abierto\/repositorio-de-materiales-educativos-para-la-formacion-y-desempeno-docente-ansenuza\/#breadcrumb","itemListElement":[{"@type":"ListItem","position":1,"name":"Portada","item":"https:\/\/ffyh.unc.edu.ar\/materiales-educativos-abiertos\/"},{"@type":"ListItem","position":2,"name":"Inicio","item":"https:\/\/ffyh.unc.edu.ar\/materiales-educativos-abiertos\/"},{"@type":"ListItem","position":3,"name":"\u00bfD\u00f3nde publico mi material educativo abierto?","item":"https:\/\/ffyh.unc.edu.ar\/materiales-educativos-abiertos\/slider\/donde-publico-mi-mi-material-educativo-abierto\/"},{"@type":"ListItem","position":4,"name":"UNC Abierta: propuestas para compartir tus materiales educativos"}]},{"@type":"WebSite","@id":"https:\/\/ffyh.unc.edu.ar\/materiales-educativos-abiertos\/#website","url":"https:\/\/ffyh.unc.edu.ar\/materiales-educativos-abiertos\/","name":"Materiales Educativos Abiertos","description":"","potentialAction":[{"@type":"SearchAction","target":{"@type":"EntryPoint","urlTemplate":"https:\/\/ffyh.unc.edu.ar\/materiales-educativos-abiertos\/?s={search_term_string}"},"query-input":{"@type":"PropertyValueSpecification","valueRequired":true,"valueName":"search_term_string"}}],"inLanguage":"es"}]}},"_links":{"self":[{"href":"https:\/\/ffyh.unc.edu.ar\/materiales-educativos-abiertos\/wp-json\/wp\/v2\/pages\/1367","targetHints":{"allow":["GET"]}}],"collection":[{"href":"https:\/\/ffyh.unc.edu.ar\/materiales-educativos-abiertos\/wp-json\/wp\/v2\/pages"}],"about":[{"href":"https:\/\/ffyh.unc.edu.ar\/materiales-educativos-abiertos\/wp-json\/wp\/v2\/types\/page"}],"author":[{"embeddable":true,"href":"https:\/\/ffyh.unc.edu.ar\/materiales-educativos-abiertos\/wp-json\/wp\/v2\/users\/22"}],"replies":[{"embeddable":true,"href":"https:\/\/ffyh.unc.edu.ar\/materiales-educativos-abiertos\/wp-json\/wp\/v2\/comments?post=1367"}],"version-history":[{"count":8,"href":"https:\/\/ffyh.unc.edu.ar\/materiales-educativos-abiertos\/wp-json\/wp\/v2\/pages\/1367\/revisions"}],"predecessor-version":[{"id":3168,"href":"https:\/\/ffyh.unc.edu.ar\/materiales-educativos-abiertos\/wp-json\/wp\/v2\/pages\/1367\/revisions\/3168"}],"up":[{"embeddable":true,"href":"https:\/\/ffyh.unc.edu.ar\/materiales-educativos-abiertos\/wp-json\/wp\/v2\/pages\/1165"}],"wp:attachment":[{"href":"https:\/\/ffyh.unc.edu.ar\/materiales-educativos-abiertos\/wp-json\/wp\/v2\/media?parent=1367"}],"curies":[{"name":"wp","href":"https:\/\/api.w.org\/{rel}","templated":true}]}}